{"id":9141,"date":"2023-03-09T18:36:17","date_gmt":"2023-03-09T17:36:17","guid":{"rendered":"http:\/\/www.gcaudron.com\/?page_id=9141"},"modified":"2024-02-06T19:24:22","modified_gmt":"2024-02-06T18:24:22","slug":"villeneuve-dascq-janvier-2006-le-temps-de-la-reflexion-avant-le-choix","status":"publish","type":"page","link":"http:\/\/www.gcaudron.com\/?page_id=9141","title":{"rendered":"\u00ab\u00a0Villeneuve d&rsquo;Ascq, Janvier 2006\u00a0: Le temps de la r\u00e9flexion avant le choix\u2026\u00a0\u00bb"},"content":{"rendered":"\n<p>Villeneuve d&rsquo;Ascq, le 4 janvier 2006<\/p>\n\n\n\n<p>Nous sommes en 2006, une ann\u00e9e, sans \u00e9lection\u2026 mais&nbsp; l&rsquo;ann\u00e9e&nbsp; o\u00f9 vont se pr\u00e9parer&nbsp;<strong>toutes les \u00e9lections<\/strong>&nbsp;:<\/p>\n\n\n\n<p>\u00d8&nbsp;&nbsp;Pr\u00e9sidentielles et l\u00e9gislatives de 2007<\/p>\n\n\n\n<p>\u00d8&nbsp;&nbsp;Municipales et cantonales de 2008<\/p>\n\n\n\n<p>\u00d8&nbsp;&nbsp;Europ\u00e9ennes de 2009.<\/p>\n\n\n\n<p><strong>Mes choix personnels sont faits<\/strong>&nbsp;! mais je n&rsquo;en dirai rien avant quelques semaines car pour moi&nbsp;<strong>l&rsquo;important, ce sont les id\u00e9es<\/strong>&nbsp;<strong>et les projets&#8230; pas les carri\u00e8res individuelles<\/strong>&nbsp;qui ne doivent \u00eatre que des outils au service des id\u00e9es et jamais des objectifs en soi !<\/p>\n\n\n\n<p>&nbsp;(<strong>En attendant<\/strong>&nbsp;je termine mon petit ouvrage qui fourmillera de souvenirs et de portraits mais aussi d&rsquo;id\u00e9es pour demain \u00ab&nbsp;Comme des p&rsquo;tits coquelicots&nbsp;\u00bb \u2026)<\/p>\n\n\n\n<p><strong>En France, on vit dans l&rsquo;illusion<\/strong>&nbsp;:<\/p>\n\n\n\n<p>&nbsp; &nbsp;&nbsp;L&rsquo;illusion d&rsquo;une puissance r\u00e9volue.<\/p>\n\n\n\n<p>&nbsp; &nbsp; L&rsquo;illusion d&rsquo;une croissance balbutiante.<\/p>\n\n\n\n<p>&nbsp; &nbsp; L&rsquo;illusion d&rsquo;un ch\u00f4mage en baisse.&nbsp;<\/p>\n\n\n\n<p>&nbsp; &nbsp; L&rsquo;illusion d&rsquo;une paix civile.<\/p>\n\n\n\n<p><strong>Derri\u00e8re tout cela, comme un peu \u00e0 tous les niveaux aujourd&rsquo;hui ,&nbsp;<\/strong>Il y a de la mis\u00e8re, des gens qui meurent de froid, des voitures qui br\u00fblent, des voyageurs d\u00e9pouill\u00e9s, une croissance faible et artificielle, un ch\u00f4mage qui baisse non pas \u00e0 cause d&#8217;emplois cr\u00e9\u00e9s mais de ch\u00f4meurs ray\u00e9s\u2026<\/p>\n\n\n\n<p><strong>L&rsquo;Europe aussi fait semblant d&rsquo;exister<\/strong><strong>&nbsp;apr\u00e8s un accord financier d\u00e9risoire<\/strong>&nbsp;et hors de proportion vis-\u00e0-vis des enjeux du monde.<\/p>\n\n\n\n<p>&nbsp;Ce n&rsquo;est pas ainsi qu&rsquo;elle existera aux c\u00f4t\u00e9s d&rsquo;\u00c9tats-Unis dirig\u00e9s par un incapable, d&rsquo;une Russie aux tentations autoritaires et d&rsquo;un monde islamiste s\u00e9duit par le terrorisme.<\/p>\n\n\n\n<p><strong>Quarante-huit heures avant le 10\u00e8me anniversaire de sa mort, on reparle de Fran\u00e7ois Mitterrand.<\/strong><\/p>\n\n\n\n<p><strong>&nbsp; &nbsp; &nbsp; &nbsp; &nbsp;<\/strong>Il y a de la nostalgie dans l&rsquo;air\u2026 y compris chez ceux qui ne l&rsquo;aimaient pas.<\/p>\n\n\n\n<p>&nbsp;<strong>C&rsquo;est son c\u00f4t\u00e9 \u00a0\u00bb Charles de Gaulle \u00ab\u00a0&#8230;<\/strong><\/p>\n\n\n\n<p>Personnellement, j&rsquo;assume mon amiti\u00e9 et mon appartenance \u00e0 la \u00ab G\u00e9n\u00e9ration Mitterrand \u00bb sans ignorer quelques \u00a0\u00bb zones d&rsquo;ombres\u00a0\u00bb de sa vie.<\/p>\n\n\n\n<p>Fran\u00e7ois Mitterrand restera dans l&rsquo;Histoire et je suis fier d&rsquo;avoir \u00e9t\u00e9 \u00e0 ses c\u00f4t\u00e9s de mani\u00e8res anonyme.<\/p>\n\n\n\n<p>&nbsp; &nbsp; &nbsp; &nbsp; &nbsp; &nbsp; &nbsp; &nbsp;____________________________________________________________________________________<\/p>\n\n\n\n<p><strong>&nbsp; &nbsp; &nbsp; &nbsp; &nbsp; &nbsp; &nbsp; &nbsp; &nbsp; &nbsp; &nbsp; &nbsp; &nbsp; &nbsp; &nbsp; &nbsp; &nbsp; &nbsp; &nbsp; &nbsp; &nbsp; &nbsp; &nbsp;&nbsp;<\/strong>&nbsp; &nbsp; &nbsp; Villeneuve d&rsquo;Ascq, 5 janvier 2006<\/p>\n\n\n\n<p><strong>C&rsquo;est dimanche prochain, le 8 janvier \u00e0 8h30<\/strong>&nbsp;que sonnera l&rsquo;heure du 10\u00e8me anniversaire de la mort de Fran\u00e7ois MITTERRAND.<\/p>\n\n\n\n<p><strong>Dix ans d\u00e9j\u00e0,<\/strong>&nbsp;alors que pour celles et ceux qui , comme moi, l&rsquo;ont admir\u00e9 et soutenu, c&rsquo;est un peu comme si c&rsquo;\u00e9tait hier.<\/p>\n\n\n\n<p>Hier soir, jusqu&rsquo;\u00e0 pr\u00e8s de 2 heures du matin, j&rsquo;ai regard\u00e9 la deuxi\u00e8me partie d&rsquo;un film documentaire qui lui \u00e9tait consacr\u00e9, un film sans concession, un film \u00ab juste \u00bb qui campe un personnage hors du commun, le deuxi\u00e8me apr\u00e8s le G\u00e9n\u00e9ral de GAULLE, son ennemi intime, qui marquera avec lui l&rsquo;Histoire fran\u00e7aise du 20\u00e8me si\u00e8cle.<\/p>\n\n\n\n<p>&nbsp;Les t\u00e9moignages de ses amis \u00e9taient poignant, celui de sa fille Mazarine touchant\u2026<\/p>\n\n\n\n<p>&nbsp;<strong>Je me suis souvenu de ce 10 novembre 1995<\/strong>, o\u00f9 il m&rsquo;avait convi\u00e9 \u00e0 le rencontrer rue Fr\u00e9d\u00e9ric le Play.<\/p>\n\n\n\n<p>&nbsp;Je l&rsquo;ai attendu dans le corridor. Il \u00e9tait parti faire quelques pas sur le Champ de Mars.<\/p>\n\n\n\n<p>&nbsp;\u00c0 son retour sa femme Dani\u00e8le l&rsquo;attendait. Il semblait \u00e9puis\u00e9. Ils se sont assis sur la banquette \u00e0 2 pas de moi, presque sans me voir\u2026 il a parl\u00e9 de sa douleur. Elle lui a pris la main. Le m\u00e9decin devait passer. J&rsquo;\u00e9tais pr\u00eat \u00e0 m&rsquo;\u00e9clipser. Il m&rsquo;a retenu en me disant : \u00ab si vous saviez, G\u00e9rard Caudron ce que l&rsquo;on peut ressentir quand on a \u00e9t\u00e9 ce que j&rsquo;ai \u00e9t\u00e9 et qu&rsquo;on se retrouve r\u00e9duit \u00e0 compter le nombre de pas qu&rsquo;on est encore capable de faire \u00bb.<\/p>\n\n\n\n<p>&nbsp;Je n&rsquo;ai pas eu \u00e0 r\u00e9pondre car il a tr\u00e8s vite encha\u00een\u00e9 en me demandant mon avis sur Lionel JOSPIN d&rsquo;un air plut\u00f4t critique puis en m&rsquo;interrogeant sur mes relations avec Pierre MAUROY dont il avait toujours un peu regrett\u00e9 leurs difficult\u00e9s.<\/p>\n\n\n\n<p>&nbsp;Il m&rsquo;a dit beaucoup de bien de Bernard ROMAN avant de s&rsquo;interroger, tout haut, sur les rapports de Martine AUBRY avec le suffrage universel, le tout en me disant bien qu&rsquo;il avait pris du recul avec la \u00ab politique \u00bb et en m&rsquo;assurant, comme pour consoler (mais en avait je besoin) que depuis 1981 il esp\u00e9rait toujours me faire acc\u00e9der \u00e0 un certain niveau de responsabilit\u00e9.<\/p>\n\n\n\n<p>&nbsp;On a aussi parl\u00e9 de l&rsquo;Europe et de son triomphe au Parlement EUROPEEN janvier dernier. Je n&rsquo;ai eu que le temps de lui dire que je n&rsquo;avais jamais attendu rien d&rsquo;autre de ma relation avec lui que de pouvoir lui dire simplement ce que je ressentais chez mes concitoyens vis-\u00e0-vis de lui et de sa conduite des affaires de la France.<\/p>\n\n\n\n<p>&nbsp;Il en a sembl\u00e9 heureux.<\/p>\n\n\n\n<p>&nbsp;L&rsquo;heure s&rsquo;\u00e9tait \u00e9coul\u00e9 et il m&rsquo;a raccompagn\u00e9 jusqu&rsquo;au bout du couloir.<\/p>\n\n\n\n<p><strong>Au moment de lui dire \u00ab\u00a0au revoir\u00a0\u00bb&nbsp;<\/strong>, j&rsquo;ai sorti de mon portefeuille une photo de mon \u00e9pouse avec notre fille Myl\u00e8ne qui avait alors 2 mois.<\/p>\n\n\n\n<p>&nbsp;Il l&rsquo;a regard\u00e9 puis , avec un sourire p\u00e9tillant , il m&rsquo;a gliss\u00e9 : \u00ab Ah G\u00e9rard Caudron\u2026 vous \u00eates comme moi\u2026 vous avez toujours aim\u00e9 les femmes\u2026 \u00bb ajoutant aussit\u00f4t : \u00ab\u00a0la prochaine fois demandez-leur de vous accompagner \u00ab\u00a0&#8230; \u00bb<\/p>\n\n\n\n<p>&nbsp;<strong>J&rsquo;ai acquiesc\u00e9, avec mon meilleur sourire et un grand froid au fond du c\u0153ur_ car je savais alors que je ne le reverrai pas<\/strong><strong>\u2026<\/strong><\/p>\n\n\n\n<p><strong>&nbsp;<\/strong>En bas de l&rsquo;immeuble, son chauffeur qui m&rsquo;attendait m&rsquo;a propos\u00e9 de me d\u00e9poser \u00e0 la gare du Nord apr\u00e8s avoir sollicit\u00e9 un signe d&rsquo;espoir dans mon jugement sur l&rsquo;\u00e9tat de sant\u00e9 du Pr\u00e9sident.<\/p>\n\n\n\n<p>&nbsp;J&rsquo;ai fait de mon mieux pour r\u00e9pondre et j&rsquo;ai d\u00e9clin\u00e9 l&rsquo;offre de la voiture pr\u00e9sidentielle.<\/p>\n\n\n\n<p>&nbsp;Je suis all\u00e9 \u00e0 la gare \u00e0 pied les yeux brouill\u00e9s et la gorge douloureuse&#8230;<\/p>\n\n\n\n<p>&nbsp; &nbsp; &nbsp; &nbsp; &nbsp; &nbsp; &nbsp; &nbsp; &nbsp; &nbsp; &nbsp;La G\u00e9n\u00e9ration Mitterrand dont je faisais partie depuis 1965 allait perdre son p\u00e8re.<\/p>\n\n\n\n<p>Aujourd&rsquo;hui 5 janvier 2006, ses vrais amis essaient de survivre en politique\u2026 pour ceux qui le souhaitent encore.<\/p>\n\n\n\n<p>&nbsp; &nbsp;&nbsp;Ses h\u00e9ritiers, pour la plupart, ont pris leurs distances, une distance inversement proportionnelle \u00e0 ce qu&rsquo;ils lui doivent.<\/p>\n\n\n\n<p>&nbsp;Lionel JOSPIN a pay\u00e9 le prix de son ingratitude .&nbsp; Seul Laurent FABIUS assume pleinement sa filiation avec son style et surtout son courage.<\/p>\n\n\n\n<p>&nbsp;Les Fran\u00e7ais, dans leur ensemble, portent un jugement tr\u00e8s positif assorti du regret d&rsquo;une certaine France qu&rsquo;il incarnait si bien et que le monde \u00e9coutait encore.<\/p>\n\n\n\n<p>_____________________________________________________________________________<\/p>\n\n\n\n<p><strong>&nbsp; &nbsp; &nbsp; &nbsp; &nbsp; &nbsp; &nbsp; &nbsp; &nbsp; &nbsp; &nbsp; &nbsp; &nbsp; &nbsp; &nbsp; &nbsp; &nbsp; &nbsp; &nbsp; &nbsp; &nbsp; &nbsp; &nbsp; &nbsp;<\/strong>&nbsp;&nbsp;\u00ab\u00a08 janvier 2006\u00a0\u00bb<\/p>\n\n\n\n<p><strong>&nbsp; &nbsp; &nbsp; &nbsp; &nbsp; &nbsp; &nbsp; &nbsp; &nbsp; &nbsp; &nbsp; &nbsp; &nbsp; &nbsp; &nbsp; &nbsp; &nbsp;__________________________________&nbsp;&nbsp;<\/strong><\/p>\n\n\n\n<p><strong>Le 8 janvier 1996,&nbsp;<\/strong><strong>Fran\u00e7ois MITTERRAND nous quittait.<\/strong><\/p>\n\n\n\n<p>Dix ans apr\u00e8s, les fran\u00e7ais, tr\u00e8s majoritairement, expriment leur profonde estime et les m\u00e9dias lui ont rendu un hommage appuy\u00e9 et de qualit\u00e9.<\/p>\n\n\n\n<p>On l&rsquo;a revu en activit\u00e9s un peu partout. On nous a rappel\u00e9 le m\u00e9lange de simplicit\u00e9 et de complexit\u00e9 de son parcours politique.<\/p>\n\n\n\n<p>On a surtout r\u00e9\u00e9cout\u00e9 et revu les interviews de fond o\u00f9 \u00ab l&rsquo;homme MITTERRAND \u00bb nous a fait une nouvelle fois regretter l&rsquo;appauvrissement actuel de la pens\u00e9e et du discours politique\u2026.<\/p>\n\n\n\n<p>J&rsquo;ai d\u00e9gust\u00e9 ces heures de lecture et de t\u00e9l\u00e9vision avec l&rsquo;\u00e9motion d&rsquo;un membre de la&nbsp; \u00ab\u00a0G\u00e9n\u00e9ration Mitterrand \u00a0\u00bb qui n&rsquo;a jamais reni\u00e9 ses 30 ans de vie publique dans l&rsquo;ombre port\u00e9e de ce grand personnage qui , avec Charles de&nbsp;Gaulle , domine l&rsquo;Histoire politique de la France du 20<sup>\u00e8me<\/sup>&nbsp;si\u00e8cle.<\/p>\n\n\n\n<p>La photo de \u00a0\u00bb sa famille \u00a0\u00bb devant sa tombe \u00e0 Jarnac est significative :<\/p>\n\n\n\n<p>Laurent FABIUS aux cot\u00e9s de Mazarine est le plus naturellement pr\u00e9sent, \u00e9mu et souriant \u00e0 la fois.<\/p>\n\n\n\n<p>Lionel JOSPIN a l&rsquo;air d&rsquo;un chien mouill\u00e9 tandis que Fran\u00e7ois HOLLANDE, r\u00e9pondant \u00e0 des journalistes essaiera de \u00a0\u00bb relativiser&nbsp; l&rsquo;\u00e9v\u00e9nement \u00a0\u00bb \u2026<\/p>\n\n\n\n<p>Quant aux autres, ils joueront des coudes pour \u00eatre sur la photo tandis que de nombreux militants et citoyens anonymes repr\u00e9senteront ce Peuple de Gauche si cher au Pr\u00e9sident.<\/p>\n","protected":false},"excerpt":{"rendered":"<p>Villeneuve d&rsquo;Ascq, le 4 janvier 2006 Nous sommes en 2006, une ann\u00e9e, sans \u00e9lection\u2026 mais&nbsp; l&rsquo;ann\u00e9e&nbsp; o\u00f9 vont se pr\u00e9parer&nbsp;toutes les \u00e9lections&nbsp;: \u00d8&nbsp;&nbsp;Pr\u00e9sidentielles et l\u00e9gislatives de 2007 \u00d8&nbsp;&nbsp;Municipales et cantonales de 2008 \u00d8&nbsp;&nbsp;Europ\u00e9ennes de 2009. Mes choix personnels sont faits&nbsp;! mais je n&rsquo;en dirai rien avant quelques semaines car pour moi&nbsp;l&rsquo;important, ce sont les id\u00e9es&nbsp;et &hellip; <\/p>\n<p><a class=\"more-link btn\" href=\"http:\/\/www.gcaudron.com\/?page_id=9141\">Continue reading<\/a><\/p>\n","protected":false},"author":3,"featured_media":0,"parent":8926,"menu_order":-99,"comment_status":"closed","ping_status":"closed","template":"template-onecolumn.php","meta":{"footnotes":""},"class_list":["post-9141","page","type-page","status-publish","hentry","nodate","item-wrap"],"_links":{"self":[{"href":"http:\/\/www.gcaudron.com\/index.php?rest_route=\/wp\/v2\/pages\/9141","targetHints":{"allow":["GET"]}}],"collection":[{"href":"http:\/\/www.gcaudron.com\/index.php?rest_route=\/wp\/v2\/pages"}],"about":[{"href":"http:\/\/www.gcaudron.com\/index.php?rest_route=\/wp\/v2\/types\/page"}],"author":[{"embeddable":true,"href":"http:\/\/www.gcaudron.com\/index.php?rest_route=\/wp\/v2\/users\/3"}],"replies":[{"embeddable":true,"href":"http:\/\/www.gcaudron.com\/index.php?rest_route=%2Fwp%2Fv2%2Fcomments&post=9141"}],"version-history":[{"count":1,"href":"http:\/\/www.gcaudron.com\/index.php?rest_route=\/wp\/v2\/pages\/9141\/revisions"}],"predecessor-version":[{"id":9142,"href":"http:\/\/www.gcaudron.com\/index.php?rest_route=\/wp\/v2\/pages\/9141\/revisions\/9142"}],"up":[{"embeddable":true,"href":"http:\/\/www.gcaudron.com\/index.php?rest_route=\/wp\/v2\/pages\/8926"}],"wp:attachment":[{"href":"http:\/\/www.gcaudron.com\/index.php?rest_route=%2Fwp%2Fv2%2Fmedia&parent=9141"}],"curies":[{"name":"wp","href":"https:\/\/api.w.org\/{rel}","templated":true}]}}