{"id":9139,"date":"2023-03-08T19:22:34","date_gmt":"2023-03-08T18:22:34","guid":{"rendered":"http:\/\/www.gcaudron.com\/?page_id=9139"},"modified":"2024-02-06T20:05:13","modified_gmt":"2024-02-06T19:05:13","slug":"juillet-1989-mes-premiers-carnets-de-depute-europeen","status":"publish","type":"page","link":"http:\/\/www.gcaudron.com\/?page_id=9139","title":{"rendered":"Juillet 1989 \u2013 Mes premiers carnets de d\u00e9put\u00e9 Europ\u00e9en"},"content":{"rendered":"\n<p><strong>Mardi 11&nbsp;Juillet 1989 Paris-Bruxelles&nbsp; &nbsp; &nbsp; &nbsp; &nbsp; &nbsp; &nbsp; &nbsp; &nbsp;<\/strong><\/p>\n\n\n\n<p>Apr\u00e8s plusieurs r\u00e9unions \u00e0 Paris d&rsquo;installation de la d\u00e9l\u00e9gation socialiste fran\u00e7aise , pr\u00e9sid\u00e9e par Claude CHEYSSON, ancien Ministre ainsi que des rencontres et des&nbsp;prises&nbsp;de contacts&nbsp;avec les plus hautes auto\u00adrit\u00e9s&nbsp;Fran\u00e7aises et Europ\u00e9ennes,&nbsp;<\/p>\n\n\n\n<p><strong>c&rsquo;est le tour , ce mardi 11 juillet , des premi\u00e8res r\u00e9unions officielles sur Bruxelles<\/strong>:&nbsp;<\/p>\n\n\n\n<p>avec la remise de dossiers et la d\u00e9couverte des rouages de la \u00ab\u00a0maison\u00a0\u00bb , des inscriptions multiples , des contacts nombreux entre les anciens et les nouveaux D\u00e9put\u00e9s ,<\/p>\n\n\n\n<p>\u00b7&nbsp; Informations de toutes natures sur le fonctionnement du Parlement et de ses commissions.<\/p>\n\n\n\n<p>Et bien s\u00fbr, en ce qui me concerne, l&rsquo;installation du Groupe Socialiste qui, fort de ses 182 membres, est le plus gros groupe politique du Parlement Europ\u00e9en (162 \u00e9lus avant le 18 Juin).&nbsp;<\/p>\n\n\n\n<p>Premi\u00e8re d\u00e9cision, l&rsquo;\u00e9lection de son bureau du groupe PSE , et c&rsquo;est un Fran\u00e7ais qui le pr\u00e9sidera: JEAN-PIERRE COT.<\/p>\n\n\n\n<p class=\"has-text-align-center\"><strong>__________________________________________<\/strong><\/p>\n\n\n\n<p><strong>Mercredi 12 Juillet1989 Bruxelles<\/strong><\/p>\n\n\n\n<p>La pr\u00e9paration&nbsp;de la s\u00e9ance pl\u00e9ni\u00e8re du 24 Juillet \u00e0 Strasbourg se&nbsp; poursui\u00adt .<\/p>\n\n\n\n<p>Le groupe Socialiste a d\u00e9sign\u00e9 son candidat \u00e0 la Pr\u00e9sidence du Parlement en la personne du D\u00e9put\u00e9 Espagnol ENRIQUE BARON.<\/p>\n\n\n\n<p>Il a r\u00e9parti, entre les d\u00e9l\u00e9gations nationales, les vice-pr\u00e9sidences du Parlement et les pr\u00e9sidences des com\u00admissions.<\/p>\n\n\n\n<p class=\"has-text-align-center\"><strong>__________________________________________<\/strong><\/p>\n\n\n\n<p><strong>Mercredi 19 Juillet 1989&nbsp;Bruxelle<\/strong>s<\/p>\n\n\n\n<p>R\u00e9union du Groupe Socialiste du Parle\u00adment. Jean-Pierre Cot, Pr\u00e9sident du groupe, introduit le d\u00e9bat qui tournera&nbsp;autour de quelques grands axes:<\/p>\n\n\n\n<p>1- Comment donner une dimension sociale \u00e0&nbsp;l&rsquo;Europe?<\/p>\n\n\n\n<p>Chacun s&rsquo;accorde sur le fait que sans l&rsquo;Europe sociale, au mieux l&rsquo;Europe ne se fera pas, au pire, elle pourrait \u00eatre catastrophique. Cette construction sera la priorit\u00e9 du groupe.<\/p>\n\n\n\n<p>2- Comment donner une r\u00e9alit\u00e9 politique \u00e0&nbsp;l&rsquo;Europe?<\/p>\n\n\n\n<p>3&nbsp;Comment r\u00e9ussir l&rsquo;enjeu \u00e9cologique sans se faire d\u00e9pouiller des fruits de notre travail? Rappelons que depuis 1981 80% des positions sur l&rsquo;environnement sont venues des socialistes.<\/p>\n\n\n\n<p>4&nbsp;&nbsp;&nbsp;&nbsp;&nbsp;&nbsp;&nbsp;&nbsp;&#8211; comment la CEE peut-elle s&rsquo;\u00e9largir et \u00e0 qui sans se diluer?<\/p>\n\n\n\n<p>Comment construire la \u00ab\u00a0Maison de l&rsquo;Europe\u00a0\u00bb sans perdre nos valeurs?<\/p>\n\n\n\n<p class=\"has-text-align-center\"><strong>__________________________________________<\/strong><\/p>\n\n\n\n<p><strong>Jeudi 20 et vendredi 21 Juillet 89 Bruxelles<\/strong><\/p>\n\n\n\n<p>Une journ\u00e9e et demi de formation<\/p>\n\n\n\n<p>Une masse d&rsquo;informations de toutes tailles, bien int\u00e9ressantes pour com\u00admencer \u00e0 exercer au mieux son mandat de D\u00e9put\u00e9 Europ\u00e9en<\/p>\n\n\n\n<p>Une bonne illustration aussi de la diversit\u00e9 et de la lourdeur de la t\u00e2che.<\/p>\n\n\n\n<p class=\"has-text-align-center\"><strong>__________________________________________<\/strong><\/p>\n\n\n\n<p><strong>Lundi&nbsp; &nbsp; 24 Juillet 1989 \u2013 Strasbourg<\/strong><\/p>\n\n\n\n<p>Premi\u00e8re journ\u00e9e officielle \u00e0 Stras\u00adbourg des nouveaux d\u00e9put\u00e9s Europ\u00e9ens et derni\u00e8re journ\u00e9e des anciens d\u00e9put\u00e9s.<\/p>\n\n\n\n<p>Au programme, de multiples d\u00e9marches mat\u00e9rielles et administratives, des kilom\u00e8tres de couloirs parcourus, des r\u00e9unions de d\u00e9l\u00e9gations et de groupes pour mettre au point les derni\u00e8res modalit\u00e9s de la s\u00e9ance publique d&rsquo;ouverture&nbsp;<\/p>\n\n\n\n<p>l&rsquo;apprentissage continue, cela ressemble \u00e0 une rentr\u00e9e scolaire mais les gros dossiers se profilent d\u00e9j\u00e0.<\/p>\n\n\n\n<p class=\"has-text-align-center\"><strong><strong>__________________________________________<\/strong> &nbsp; &nbsp; &nbsp; &nbsp; &nbsp; &nbsp; &nbsp; &nbsp; &nbsp; &nbsp; &nbsp; <\/strong><\/p>\n\n\n\n<p><strong>Mardi 25 Juillet 1989 Strasbourg<\/strong><\/p>\n\n\n\n<p>Le Parlement Europ\u00e9en s&rsquo;installe offi\u00adciellement de mani\u00e8re sereine mais d\u00e9termin\u00e9e.<\/p>\n\n\n\n<p>C&rsquo;est ce qui va conduire d\u00e9s le d\u00e9but de la s\u00e9ance, la grande majorit\u00e9 des D\u00e9put\u00e9s \u00e0 quitter l&rsquo;h\u00e9micycle \u00e0 l&rsquo;ini\u00adtiative des Socialistes pour protester contre le discours d&rsquo;extr\u00eame-droite du doyen d&rsquo;\u00e2ge, membre du Front National.<\/p>\n\n\n\n<p>Mais c&rsquo;est aussi ce qui va ensuite ame\u00adner l&rsquo;\u00e9lection d\u00e9s le premier tour avec 301 voix, du socialiste ENRIQUE BARON \u00e0 l&rsquo;Assembl\u00e9e<\/p>\n\n\n\n<p class=\"has-text-align-center\"><strong>__________________________________________&nbsp; &nbsp; &nbsp; &nbsp; &nbsp; &nbsp; &nbsp; &nbsp; &nbsp; &nbsp; &nbsp; &nbsp; &nbsp; &nbsp; &nbsp; &nbsp; &nbsp; &nbsp; &nbsp; &nbsp; &nbsp; &nbsp; &nbsp; &nbsp;<\/strong><\/p>\n\n\n\n<p><strong>Mercredi 26 Juillet<\/strong>&nbsp;<strong>1989 &#8211; Strasbourg<\/strong><\/p>\n\n\n\n<p>Le Parlement Europ\u00e9en de Strasbourg, c&rsquo;est d&rsquo;abord une grande cit\u00e9 interna\u00adtionale, dot\u00e9e de tous les services, parcourue par toutes les nationalit\u00e9s, faite d&rsquo;un m\u00e9lange de d\u00e9put\u00e9s, de col\u00adlaborateurs, de fonctionnaires, de journalistes, de repr\u00e9sentants de lobbies nationaux, de visiteurs de toutes sortes.<\/p>\n\n\n\n<p>C&rsquo;est une ambiance curieuse et prenante o\u00f9 l&rsquo;on croise des visages connus, o\u00f9 tout grouille d&rsquo;activit\u00e9s souvent\u2026 de d\u00e9s\u0153uvrement parfois.<\/p>\n\n\n\n<p>C&rsquo;est enfin la complexit\u00e9 des s\u00e9ances, les d\u00e9bats publiques, les votes, les interruptions de s\u00e9ances, les r\u00e9unions pl\u00e9ni\u00e8res de groupes ou de d\u00e9l\u00e9gations.<\/p>\n\n\n\n<p>Quelques traits bross\u00e9s rapidement: Monsieur Valery Giscard d&rsquo;Estaing toujours conforme \u00e0 son image, sinon \u00e0 la caricature, Madame Barzac, charmante&nbsp; , Monsieur Claude Autant Lara qui semble \u00e0 la recherche d&rsquo;un \u00e9tablissement d&rsquo; accueil pour 4\u00e8me \u00e2ge, Monsieur Le Pen aussi d\u00e9sagr\u00e9able et inqui\u00e9tant en vrai que dans les m\u00e9dias, Monsieur Jean-Pierre Cot, pr\u00e9cis, direct, efficace, Monsieur Fabius \u00ab\u00a0d\u00e9s\u0153uvr\u00e9 \u00ab\u00a0, Monsieur&nbsp;<img loading=\"lazy\" decoding=\"async\" src=\"blob:http:\/\/www.gcaudron.com\/19cd4319-b19b-4b3b-9a31-fe8665a7aab5\" width=\"773\" height=\"4\">Maurice Duverger (ou comment passer d&rsquo;une r\u00e9f\u00e9rence constitutionnelle \u00e0 un r\u00f4le d&rsquo;union de la gauche Europ\u00e9enne ), Monsieur Alain Bombard, s\u00e9duisant et aimable. Les verts, ou comment d\u00e9cou\u00advrir (ou s&rsquo;y complaire) , en quelques&nbsp;semaines l, es travers les plus d\u00e9testables des partis politiques tradition\u00adnels\u2026<\/p>\n\n\n\n<p><strong>Deux grandes parties durant cette journ\u00e9e de mercredi :&nbsp;<\/strong><\/p>\n\n\n\n<p><strong>1-&nbsp;&nbsp;<\/strong>Deux expos\u00e9s de fond, l&rsquo;un d&rsquo;un Ministre Espagnol, l&rsquo;autre de Jacques Delors.<\/p>\n\n\n\n<p>Leurs th\u00e8mes: le bilan de la Pr\u00e9sidence Espagnole du 1<sup>er<\/sup>semestre.<\/p>\n\n\n\n<p>Un bilan plut\u00f4t positif, teint\u00e9 de quelques in\u00adsatisfactions.<\/p>\n\n\n\n<p>Un discours ferme de Jacques Delors, le constat de nombreux d\u00e9saccords avec la Grande-Bretagne. Une certitude confir\u00adm\u00e9e: les prochaines ann\u00e9es seront d\u00e9ci\u00adsives pour une v\u00e9ritable Europe unie,&nbsp;d\u00e9mocratique, en particulier sur le plan social.<\/p>\n\n\n\n<p>Un d\u00e9bat riche, dense, un peu d\u00e9cousu devant une assistance plus ou moins clairsem\u00e9e selon l&rsquo;orateur.<\/p>\n\n\n\n<p><strong>2-&nbsp;&nbsp;<\/strong>Des votes&nbsp; avec toute une s\u00e9rie d&rsquo;amendements, mon apprentissage des techniques parlemen\u00adtaires. Je dois le dire, il faut voter vite\u2026 sans toujours savoir pourquoi ou contre quoi on vote, c&rsquo;est un probl\u00e8me de travail d&rsquo;\u00e9quipe et donc de con\u00adfiance vis \u00e0 vis de ceux qui ont plus pr\u00e9cis\u00e9ment travaill\u00e9 les dossiers. Une journ\u00e9e qui doit \u00eatre \u00e0 l&rsquo;image de ce que doivent \u00eatre les s\u00e9ances pl\u00e9\u00adni\u00e8res.<\/p>\n\n\n\n<p class=\"has-text-align-center\"><strong>__________________________________________&nbsp; &nbsp; &nbsp; &nbsp; &nbsp; &nbsp; &nbsp; &nbsp; &nbsp; &nbsp; &nbsp; &nbsp; &nbsp; &nbsp; &nbsp; &nbsp; &nbsp; &nbsp; &nbsp; &nbsp; &nbsp; &nbsp; &nbsp; &nbsp; &nbsp;<\/strong><\/p>\n\n\n\n<p><strong>Jeudi 27&nbsp;Juillet 1989 Strasbourg&nbsp;<\/strong><\/p>\n\n\n\n<p>C&rsquo;est Roland Dumas qui introduit le d\u00e9bat sur le programme de la Pr\u00e9sidence Fran\u00e7aise du 2\u00e8me semestre 1989 , ses perspectives et surtout ses volont\u00e9s et sa d\u00e9termination.<\/p>\n\n\n\n<p>Le discours est ample, fort, lyrique mais aussi concret. On sent l&#8217;empreinte de Fran\u00e7ois Mitterrand: l&rsquo;Europe sociale , l&rsquo;Europe des citoyens, l&rsquo;Europe de l&rsquo; environnement.<\/p>\n\n\n\n<p>Le d\u00e9bat qui va suivre va l&rsquo;enrichir avec, au demeurant, des discours bien typ\u00e9s d&rsquo;orateurs qui posent des questions pour souvent ne plus \u00eatre l\u00e0 au moment des r\u00e9ponses.<\/p>\n\n\n\n<p>Pas de surprise majeure, sinon au moment des votes\u2026 toujours aussi rapides, une pr\u00e9sence massive des socialistes .<\/p>\n\n\n\n<p>(Un des amendements sign\u00e9 V.Giscard d&rsquo;Estaing ne recueillera m\u00eame aucune voix son auteur lui-m\u00eame \u00e9tant absent).&nbsp;<\/p>\n\n\n\n<p class=\"has-text-align-center\"><strong>__________________________________________&nbsp; &nbsp; &nbsp; &nbsp; &nbsp; &nbsp; &nbsp; &nbsp; &nbsp; &nbsp; &nbsp; &nbsp; &nbsp; &nbsp; &nbsp; &nbsp; &nbsp; &nbsp; &nbsp; &nbsp; &nbsp; &nbsp; &nbsp; <\/strong><\/p>\n\n\n\n<p><strong>Vendredi 28 juillet 1989 Strasbour<\/strong>g<\/p>\n\n\n\n<p>La session se termine en douceur, c&rsquo;est l&rsquo;heure du retour \u00e0 Villeneuve d&rsquo;Ascq<\/p>\n","protected":false},"excerpt":{"rendered":"<p>Mardi 11&nbsp;Juillet 1989 Paris-Bruxelles&nbsp; &nbsp; &nbsp; &nbsp; &nbsp; &nbsp; &nbsp; &nbsp; &nbsp; Apr\u00e8s plusieurs r\u00e9unions \u00e0 Paris d&rsquo;installation de la d\u00e9l\u00e9gation socialiste fran\u00e7aise , pr\u00e9sid\u00e9e par Claude CHEYSSON, ancien Ministre ainsi que des rencontres et des&nbsp;prises&nbsp;de contacts&nbsp;avec les plus hautes auto\u00adrit\u00e9s&nbsp;Fran\u00e7aises et Europ\u00e9ennes,&nbsp; c&rsquo;est le tour , ce mardi 11 juillet , des premi\u00e8res r\u00e9unions &hellip; <\/p>\n<p><a class=\"more-link btn\" href=\"http:\/\/www.gcaudron.com\/?page_id=9139\">Continue reading<\/a><\/p>\n","protected":false},"author":3,"featured_media":0,"parent":8926,"menu_order":-63,"comment_status":"closed","ping_status":"closed","template":"template-onecolumn.php","meta":{"footnotes":""},"class_list":["post-9139","page","type-page","status-publish","hentry","nodate","item-wrap"],"_links":{"self":[{"href":"http:\/\/www.gcaudron.com\/index.php?rest_route=\/wp\/v2\/pages\/9139","targetHints":{"allow":["GET"]}}],"collection":[{"href":"http:\/\/www.gcaudron.com\/index.php?rest_route=\/wp\/v2\/pages"}],"about":[{"href":"http:\/\/www.gcaudron.com\/index.php?rest_route=\/wp\/v2\/types\/page"}],"author":[{"embeddable":true,"href":"http:\/\/www.gcaudron.com\/index.php?rest_route=\/wp\/v2\/users\/3"}],"replies":[{"embeddable":true,"href":"http:\/\/www.gcaudron.com\/index.php?rest_route=%2Fwp%2Fv2%2Fcomments&post=9139"}],"version-history":[{"count":2,"href":"http:\/\/www.gcaudron.com\/index.php?rest_route=\/wp\/v2\/pages\/9139\/revisions"}],"predecessor-version":[{"id":9619,"href":"http:\/\/www.gcaudron.com\/index.php?rest_route=\/wp\/v2\/pages\/9139\/revisions\/9619"}],"up":[{"embeddable":true,"href":"http:\/\/www.gcaudron.com\/index.php?rest_route=\/wp\/v2\/pages\/8926"}],"wp:attachment":[{"href":"http:\/\/www.gcaudron.com\/index.php?rest_route=%2Fwp%2Fv2%2Fmedia&parent=9139"}],"curies":[{"name":"wp","href":"https:\/\/api.w.org\/{rel}","templated":true}]}}