{"id":9134,"date":"2023-03-07T17:30:12","date_gmt":"2023-03-07T16:30:12","guid":{"rendered":"http:\/\/www.gcaudron.com\/?page_id=9134"},"modified":"2024-02-06T19:26:29","modified_gmt":"2024-02-06T18:26:29","slug":"paris-21-novembre-2006-signature-de-laccord-iter-au-palais-de-lelysee","status":"publish","type":"page","link":"http:\/\/www.gcaudron.com\/?page_id=9134","title":{"rendered":"Paris, 21 novembre 2006 \u2013 Signature de l\u2019accord ITER au Palais de l&rsquo;Elys\u00e9e"},"content":{"rendered":"\n<p><strong>Cela faisait 12 ans que je n&rsquo;avais pas franchi (avec l&rsquo;\u00e9motion qu&rsquo;on peut imaginer) , \u00ab\u00a0la Grande Entr\u00e9e de l&rsquo;\u00c9lys\u00e9e\u00a0\u00bb rue du Faubourg Saint Honor\u00e9, travers\u00e9 ensuite sa cour d&rsquo;honneur avant de<\/strong>&nbsp;<strong>monter son perron<\/strong>, depuis la fois, en 1994, o\u00f9 j&rsquo;avais rencontr\u00e9 le Pr\u00e9sident Fran\u00e7ois Mitterrand pour la derni\u00e8re fois dans l&rsquo;exercice de ses fonctions.<\/p>\n\n\n\n<p><strong>Je m&rsquo;y retrouve aujourd&rsquo;hui, 21 novembre 2006,&nbsp;<\/strong>\u00e0 l&rsquo;invitation de Pr\u00e9sident Chirac pour y assister \u00e0 la signature de \u00ab\u00a0l&rsquo;Accord ITER\u00a0\u00bb (International Thermonuclear Exp\u00e9rimental R\u00e9actor) par les repr\u00e9sentants et les Ministres de l&rsquo;Union Europ\u00e9enne, de la Chine, de l&rsquo;Inde, du Japon, de la Cor\u00e9e du Sud, de la Russie et des \u00c9tats-Unis d&rsquo;Am\u00e9rique, <\/p>\n\n\n\n<p><strong>un accord sign\u00e9 aujourd&rsquo;hui dans le processus duquel j&rsquo;avais beaucoup travaill\u00e9 en tant que D\u00e9put\u00e9 Europ\u00e9en&nbsp;<\/strong>lors de la pr\u00e9paration du 6<sup>\u00e8me<\/sup>&nbsp;PCRD (Programme-cadre de recherche et d\u00e9veloppement) dont je fus le rapporteur, la recherche \u00e9tant la troisi\u00e8me politique europ\u00e9enne apr\u00e8s la politique agricole commune&nbsp; &nbsp;et les politiques r\u00e9gionales&nbsp; , une recherche europ\u00e9enne dot\u00e9e d&rsquo;un budget de 17,5 millions d&rsquo;Euro,<\/p>\n\n\n\n<p>et donc, pour la&nbsp;mettre&nbsp;en&nbsp;\u0153uvre, un 6<sup>\u00e8me<\/sup>&nbsp;PCRD que j&rsquo;avais contribu\u00e9 \u00e0 faire adopter conjointement par le Conseil Europ\u00e9en et le Parlement Europ\u00e9en en juin 2002 dans lequel j&rsquo;avais r\u00e9ussi \u00e0 faire accepter par le Parlement Europ\u00e9en un contribution budg\u00e9taire au projet ITER et ce, dans&nbsp;\u00ab\u00a0une ambiance parlementaire europ\u00e9enne\u00a0\u00bb&nbsp;pas tr\u00e8s favorable&nbsp; au nucl\u00e9aire\u2026&nbsp;<\/p>\n\n\n\n<p><strong>J&rsquo;avais ensuite milit\u00e9 et&nbsp;<\/strong><strong>travaill\u00e9 pour que ce \u00ab\u00a0tokamak exp\u00e9rimental<\/strong><strong>\u00ab\u00a0<\/strong><strong>&nbsp;qu&rsquo;est ITER soit construit en Europe puis plus pr\u00e9cis\u00e9ment en France \u00e0 Cadarache, une d\u00e9marche&nbsp;<\/strong>en lien avec Bernard Bigot Haut-Commissaire du CEA (Commissariat \u00e0 l&rsquo;Europe Atomique) dont j&rsquo;ai m\u00eame failli, apr\u00e8s 2004, int\u00e9grer le cabinet.<\/p>\n\n\n\n<p>Des raisons surement de mon invitation\u2026<\/p>\n\n\n\n<p>&nbsp; &nbsp; &nbsp; &nbsp; &nbsp; &nbsp; &nbsp;________________________________________________________________________________________<\/p>\n\n\n\n<p><strong>&nbsp; &nbsp; &nbsp; &nbsp; &nbsp; &nbsp; &nbsp; &nbsp; &nbsp; &nbsp; &nbsp; &nbsp; &nbsp; &nbsp; &nbsp; &nbsp; &nbsp; &nbsp; &nbsp; &nbsp; &nbsp; &nbsp; &nbsp; &nbsp; &nbsp; &nbsp; &nbsp; &nbsp; &nbsp; &nbsp; &nbsp;ITER en quelques mots&nbsp;:<\/strong><\/p>\n\n\n\n<p>C&rsquo;est un premier&nbsp;\u00ab\u00a0r\u00e9acteur exp\u00e9rimental\u00a0\u00bb&nbsp;qui devrait \u00eatre suivi par 2 autres dans une \u00e0 deux d\u00e9cennies avant de passer \u00e0 la production industrielle, avec pour objectif de produire de l&rsquo;\u00e9nergie \u00e0 partir de \u00ab\u00a0deut\u00e9rium\u00a0\u00bb , pr\u00e9sent en l&rsquo;\u00e9tat naturel en grande quantit\u00e9 dans les oc\u00e9ans ainsi que&nbsp; de tritium, une \u00e9nergie donc tr\u00e8s peu co\u00fbteuse et quasiment illimit\u00e9e\u2026<\/p>\n\n\n\n<p>&nbsp;<strong>Un r\u00eave en quelque sorte&nbsp;<\/strong><strong>\u2026<\/strong><\/p>\n\n\n\n<p>Mais si aujourd&rsquo;hui, en th\u00e9orie, sur le principe,&nbsp;\u00ab\u00a0\u00e7a marche\u00a0\u00bb&nbsp;en Grande-Bretagne o\u00f9 fonctionne d\u00e9j\u00e0 un petit tokamak\u2026 , il faut en prouver&nbsp;\u00ab\u00a0la rentabilit\u00e9\u00a0\u00bb&nbsp;entre l&rsquo;\u00e9nergie produite et celle n\u00e9cessaire pour cr\u00e9er un champ magn\u00e9tique seul susceptible d&rsquo;\u00eatre le r\u00e9cipient d&rsquo;un plasma chauff\u00e9 \u00e0 150 millions de degr\u00e9s\u2026<\/p>\n\n\n\n<p>On imagine les obstacles \u00e0 franchir et les difficult\u00e9s \u00e0 surmonter\u2026<\/p>\n\n\n\n<p>&nbsp;Impossible pour moi d&rsquo;en comprendre et donc d&rsquo;en dire davantage aujourd&rsquo;hui\u2026<\/p>\n\n\n\n<p>\u00c0 suivre donc\u2026<\/p>\n\n\n\n<p>Et \u2026 au revoir, sinon&nbsp;adieu \u00e0 l&rsquo;\u00c9lys\u00e9e\u00a0\u00bb&nbsp;\u2026<\/p>\n","protected":false},"excerpt":{"rendered":"<p>Cela faisait 12 ans que je n&rsquo;avais pas franchi (avec l&rsquo;\u00e9motion qu&rsquo;on peut imaginer) , \u00ab\u00a0la Grande Entr\u00e9e de l&rsquo;\u00c9lys\u00e9e\u00a0\u00bb rue du Faubourg Saint Honor\u00e9, travers\u00e9 ensuite sa cour d&rsquo;honneur avant de&nbsp;monter son perron, depuis la fois, en 1994, o\u00f9 j&rsquo;avais rencontr\u00e9 le Pr\u00e9sident Fran\u00e7ois Mitterrand pour la derni\u00e8re fois dans l&rsquo;exercice de ses fonctions. &hellip; <\/p>\n<p><a class=\"more-link btn\" href=\"http:\/\/www.gcaudron.com\/?page_id=9134\">Continue reading<\/a><\/p>\n","protected":false},"author":3,"featured_media":0,"parent":8926,"menu_order":-100,"comment_status":"closed","ping_status":"closed","template":"template-onecolumn.php","meta":{"footnotes":""},"class_list":["post-9134","page","type-page","status-publish","hentry","nodate","item-wrap"],"_links":{"self":[{"href":"http:\/\/www.gcaudron.com\/index.php?rest_route=\/wp\/v2\/pages\/9134","targetHints":{"allow":["GET"]}}],"collection":[{"href":"http:\/\/www.gcaudron.com\/index.php?rest_route=\/wp\/v2\/pages"}],"about":[{"href":"http:\/\/www.gcaudron.com\/index.php?rest_route=\/wp\/v2\/types\/page"}],"author":[{"embeddable":true,"href":"http:\/\/www.gcaudron.com\/index.php?rest_route=\/wp\/v2\/users\/3"}],"replies":[{"embeddable":true,"href":"http:\/\/www.gcaudron.com\/index.php?rest_route=%2Fwp%2Fv2%2Fcomments&post=9134"}],"version-history":[{"count":2,"href":"http:\/\/www.gcaudron.com\/index.php?rest_route=\/wp\/v2\/pages\/9134\/revisions"}],"predecessor-version":[{"id":9136,"href":"http:\/\/www.gcaudron.com\/index.php?rest_route=\/wp\/v2\/pages\/9134\/revisions\/9136"}],"up":[{"embeddable":true,"href":"http:\/\/www.gcaudron.com\/index.php?rest_route=\/wp\/v2\/pages\/8926"}],"wp:attachment":[{"href":"http:\/\/www.gcaudron.com\/index.php?rest_route=%2Fwp%2Fv2%2Fmedia&parent=9134"}],"curies":[{"name":"wp","href":"https:\/\/api.w.org\/{rel}","templated":true}]}}