{"id":9126,"date":"2023-03-04T12:40:06","date_gmt":"2023-03-04T11:40:06","guid":{"rendered":"http:\/\/www.gcaudron.com\/?page_id=9126"},"modified":"2024-02-06T20:06:03","modified_gmt":"2024-02-06T19:06:03","slug":"11-septembre-1982-inauguration-de-la-place-salvador-allende","status":"publish","type":"page","link":"http:\/\/www.gcaudron.com\/?page_id=9126","title":{"rendered":"<strong>11 septembre 1982 \u2013 Inauguration de la place Salvador Allende<\/strong>"},"content":{"rendered":"\n<p><strong>Si en cette ann\u00e9e 1982 \u00ab\u00a0la Ville Nouvelle de Lille-est \u00a0\u00bb touche bient\u00f4t \u00e0 sa fin (c&rsquo;est pr\u00e9vu pour 1983) avec un peu plus de 60&nbsp;000 habitants&nbsp;<\/strong>contrairement aux objectifs initiaux fix\u00e9s par l&rsquo;\u00c9tat \u00e0 plus de 100&nbsp;000 habitants, un chiffre de population r\u00e9sultant de mon choix de conserver \u00e0 notre ville de Villeneuve d&rsquo;Ascq&nbsp; une taille raisonnable et humaine et surtout d&rsquo;y laisser des centaines d&rsquo;hectares de nature, de bois, de lacs, de parcs, d&rsquo;espaces verts, de jardins et d&rsquo;espaces agricoles,<\/p>\n\n\n\n<p><strong>le centre-ville a pris forme pour \u00eatre demain \u00ab\u00a0notre Centre-Ville\u00a0\u00bb aux c\u00f4t\u00e9s des Centres secondaires de Flers Breucq, Flers Bourg, Cousinerie, Annappes et Ascq<\/strong>.<\/p>\n\n\n\n<p>C&rsquo;est pourquoi, aujourd&rsquo;hui, le temps est venu de&nbsp; \u00ab\u00a0le mettre en valeur et \u00e0 l&rsquo;honneur\u00a0\u00bb en ce 11 septembre 1982 en donnant \u00e0 sa place centrale devant l&rsquo;H\u00f4tel de Ville un nom, celui de Salvador Allende qui r\u00e9sonne dans le c\u0153ur de beaucoup de socialistes, d&rsquo;hommes et de femmes de gauche et tout simplement de citoyens attach\u00e9s \u00e0 la D\u00e9mocratie contre toutes les dictatures\u2026 9 ans tout juste apr\u00e8s son \u00ab\u00a0assassinat\u00a0\u00bb \u00e0 Santiago du Chili dans le Palais de la Moneda o\u00f9 il a prononc\u00e9 un c\u00e9l\u00e8bre dernier discours . Il a alors 65 ans \u2026<\/p>\n\n\n\n<p><strong>C&rsquo;est donc pour moi un \u00e9v\u00e8nement urbanistique majeur conjugu\u00e9 \u00e0 un signal politique qui l&rsquo;est tout autant,&nbsp;<\/strong>(il suffit d&rsquo;entendre les r\u00e9actions de nos opposants de droite qui cachent mal leur choix en la mati\u00e8re entre Allende et Pinochet ).<\/p>\n\n\n\n<p>J&rsquo;aurais bien s\u00fbr aim\u00e9 avoir la pr\u00e9sence du Pr\u00e9sident Fran\u00e7ois Mitterrand mais cela lui aujourd&rsquo;hui r\u00e9ellement impossible tandis que le Premier Ministre, Pierre Mauroy, ne l&rsquo;a sans doute pas \u00ab\u00a0souhait\u00e9\u00a0\u00bb. De ce fait, Madame Allende n&rsquo;a pas su se rendre disponible et je le comprends.<\/p>\n\n\n\n<p>Qu&rsquo;importe&nbsp;!&#8230; et on a l&rsquo;habitude\u2026<\/p>\n\n\n\n<p><strong>Et puis&nbsp;<\/strong><strong>\u2026&nbsp;,<\/strong><strong> R\u00e9gis Debray est l\u00e0, ce qui nous remplit d&rsquo;aise.<\/strong><\/p>\n\n\n\n<p>De plus, en dehors de la manifestation protocolaire, en ce jour de 11 septembre 1982, du bapt\u00eame d&rsquo;une st\u00e8le destin\u00e9e \u00e0 s&rsquo;inscrire dans notre futur et notre histoire, les villeneuvois sont appel\u00e9s \u00e0 faire la f\u00eate \u00e0 leur Ville, la f\u00eate en son nouveau Centre-Ville ( m\u00eame si encore en construction).<\/p>\n\n\n\n<p><strong>Oui, c&rsquo;est un \u00e9v\u00e8nement majeur et rare qui restera dans les m\u00e9moires de tous ses participants avec le c\u00e9l\u00e8bre groupe des Quilapay\u00fan.<\/strong><\/p>\n\n\n\n<p>J&rsquo;ajoute, aujourd&rsquo;hui, que&nbsp;<strong>je m&rsquo;engage \u00e0 y rappeler tous les ans, chaque 11 septembre, le souvenir d&rsquo;Allende&nbsp;<\/strong>et toutes les le\u00e7ons qu&rsquo;on doit en tirer\u2026 o\u00f9 que l&rsquo;on soit dans le monde&nbsp;!<\/p>\n","protected":false},"excerpt":{"rendered":"<p>Si en cette ann\u00e9e 1982 \u00ab\u00a0la Ville Nouvelle de Lille-est \u00a0\u00bb touche bient\u00f4t \u00e0 sa fin (c&rsquo;est pr\u00e9vu pour 1983) avec un peu plus de 60&nbsp;000 habitants&nbsp;contrairement aux objectifs initiaux fix\u00e9s par l&rsquo;\u00c9tat \u00e0 plus de 100&nbsp;000 habitants, un chiffre de population r\u00e9sultant de mon choix de conserver \u00e0 notre ville de Villeneuve d&rsquo;Ascq&nbsp; une &hellip; <\/p>\n<p><a class=\"more-link btn\" href=\"http:\/\/www.gcaudron.com\/?page_id=9126\">Continue reading<\/a><\/p>\n","protected":false},"author":3,"featured_media":0,"parent":8926,"menu_order":-61,"comment_status":"closed","ping_status":"closed","template":"template-onecolumn.php","meta":{"footnotes":""},"class_list":["post-9126","page","type-page","status-publish","hentry","nodate","item-wrap"],"_links":{"self":[{"href":"http:\/\/www.gcaudron.com\/index.php?rest_route=\/wp\/v2\/pages\/9126","targetHints":{"allow":["GET"]}}],"collection":[{"href":"http:\/\/www.gcaudron.com\/index.php?rest_route=\/wp\/v2\/pages"}],"about":[{"href":"http:\/\/www.gcaudron.com\/index.php?rest_route=\/wp\/v2\/types\/page"}],"author":[{"embeddable":true,"href":"http:\/\/www.gcaudron.com\/index.php?rest_route=\/wp\/v2\/users\/3"}],"replies":[{"embeddable":true,"href":"http:\/\/www.gcaudron.com\/index.php?rest_route=%2Fwp%2Fv2%2Fcomments&post=9126"}],"version-history":[{"count":2,"href":"http:\/\/www.gcaudron.com\/index.php?rest_route=\/wp\/v2\/pages\/9126\/revisions"}],"predecessor-version":[{"id":9620,"href":"http:\/\/www.gcaudron.com\/index.php?rest_route=\/wp\/v2\/pages\/9126\/revisions\/9620"}],"up":[{"embeddable":true,"href":"http:\/\/www.gcaudron.com\/index.php?rest_route=\/wp\/v2\/pages\/8926"}],"wp:attachment":[{"href":"http:\/\/www.gcaudron.com\/index.php?rest_route=%2Fwp%2Fv2%2Fmedia&parent=9126"}],"curies":[{"name":"wp","href":"https:\/\/api.w.org\/{rel}","templated":true}]}}