{"id":9124,"date":"2023-03-03T13:30:25","date_gmt":"2023-03-03T12:30:25","guid":{"rendered":"http:\/\/www.gcaudron.com\/?page_id=9124"},"modified":"2024-02-06T19:28:53","modified_gmt":"2024-02-06T18:28:53","slug":"carnets-europeens-de-gerard-caudron-a-douai-le-24-sept-1990","status":"publish","type":"page","link":"http:\/\/www.gcaudron.com\/?page_id=9124","title":{"rendered":"Carnets Europ\u00e9ens de G\u00e9rard CAUDRON \u00e0 Douai le 24 sept 1990"},"content":{"rendered":"\n<blockquote class=\"wp-block-quote is-layout-flow wp-block-quote-is-layout-flow\">\n<p><strong>Lundi 24 septembre 1990 &#8211; Douai &#8211; Commission environnement<\/strong><\/p>\n\n\n\n<p>Le NORD n\u2019a pas de chance car c\u2019est sous la pluie que commence notre r\u00e9union europ\u00e9enne dans le NORD \/ PAS de CALAIS \u00e0 Douai.&nbsp;<\/p>\n\n\n\n<p>Apr\u00e8s l\u2019accueil de Monsieur VERNIER, Maire de DOUAI, on passe au projet de budget europ\u00e9en de l&rsquo;environnement et le vote des amendements.<\/p>\n\n\n\n<p>&nbsp;L\u2019ambiance est toujours la m\u00eame, faite de d\u00e9contraction et d\u2019un peu de pagaille, avec quelques duels entre le rapporteur et les \u00e9colos qui nous font perdre bien du temps.<\/p>\n\n\n\n<p>&nbsp;Une ligne politique n\u00e9anmoins pour tous ces votes&nbsp;: la volont\u00e9 de traduire budg\u00e9tairement les d\u00e9cisions politiques prises ant\u00e9rieurement et d\u2019accro\u00eetre les cr\u00e9dits europ\u00e9ens pour l\u2019environnement.<\/p>\n\n\n\n<p>&nbsp;Et l\u2019on passe \u00e0 un rapport sur l\u2019\u00e9volution de la couche d\u2019ozone, sa d\u00e9t\u00e9rioration et ses cons\u00e9quences sur la sant\u00e9 des \u00eatres vivants dont l\u2019homme.<\/p>\n\n\n\n<p>Honn\u00eatement cette r\u00e9union ne me laissera pas un souvenir \u00a0\u00bb imp\u00e9rissable \u00ab\u00a0<\/p>\n\n\n\n<p>Beaucoup plus int\u00e9ressante ma discussion lors de l\u2019inauguration du salon APPLICA avec Michel DELEBARRE qui souhaite associer son p\u00f4le technologique de DUNKERQUE et VILLENEUVE D\u2019ASCQ TECHNOPOLE et qui est pr\u00eat \u00e0 soutenir la cit\u00e9 de l\u2019\u00c9lectronique ECE sur la Haute-Borne.<\/p>\n\n\n\n<p>Passionnante aussi ma rencontre avec une vingtaine d\u2019industriels de TAIWAN venus prospecter \u00e0 VILLENEUVE une \u00e9ventuelle grosse implantation en EUROPE.<\/p>\n\n\n\n<p class=\"has-text-align-center\"><strong>___________________________________________________________<\/strong><\/p>\n\n\n\n<p><strong>Mardi 25 f\u00e9vrier 1990<\/strong><\/p>\n\n\n\n<p><strong>\u00ab&nbsp;Sur les traces du Nord \/ Pas-de-Calais&nbsp;\u00bb<\/strong><\/p>\n\n\n\n<p>La journ\u00e9e est consacr\u00e9e \u00e0 un circuit r\u00e9gional qui commence par une visite comment\u00e9e et discut\u00e9e du chantier du tunnel \u00e0 SANGATTE.<\/p>\n\n\n\n<p>D\u00e9bat int\u00e9ressant, en particulier entre les responsables d\u2019Eurotunnel et les d\u00e9put\u00e9s anglais qui manifestement sont moins optimistes que les fran\u00e7ais sur les cons\u00e9quences \u00e9conomiques du lien fixe.<\/p>\n\n\n\n<p>&nbsp;Apr\u00e8s un repas entre les deux caps, dans un restaurant au bord de l\u2019eau, un temps magnifique qui confirme ce site comme un des plus beaux que je connaisse, les plus courageux prendront comme moi l\u2019OVERCRAFT pour aller \u00e0 DUNKERQUE.<\/p>\n\n\n\n<p>&nbsp;(On m\u2019a dit que le nombre de malades avait d\u00e9pass\u00e9 les deux tiers et que beaucoup n\u2019ont vu du voyage que les toilettes de l\u2019OVERCRAF.)<\/p>\n\n\n\n<p>L\u2019apr\u00e8s-midi est consacr\u00e9e \u00e0 DUNKERQUE \u00e0 la visite de son port, \u00e0 une discussion sur le tri des ordures m\u00e9nag\u00e8res.<\/p>\n\n\n\n<p>La journ\u00e9e se termine \u00e0 l\u2019H\u00f4tel de Communaut\u00e9 et au Mus\u00e9e d\u2019Art Moderne avec un accueil chaleureux d\u2019Albert DENVERS et de Michel DELEBARRE, revenu sp\u00e9cialement pour accueillir les d\u00e9put\u00e9s europ\u00e9ens et les personnels du Parlement.<\/p>\n\n\n\n<p>Nul doute que nos parlementaires europ\u00e9ens conserveront un agr\u00e9able et riche souvenir de cette journ\u00e9e.<\/p>\n\n\n\n<p class=\"has-text-align-center\"><strong>__________________________________________________________<\/strong><\/p>\n\n\n\n<p><strong>Mercredi 26 septembre &#8211; 9 heures &#8211; Douai<\/strong><\/p>\n\n\n\n<p>Le travail reprend ce matin avec en premier point un tr\u00e8s important dossier, celui de la gestion europ\u00e9enne des d\u00e9chets de toutes natures dans la CEE.<\/p>\n\n\n\n<p>&nbsp;Trois axes&nbsp;:<\/p>\n\n\n\n<p>&nbsp;1\u00b0) la pr\u00e9vention de la production de d\u00e9chets,<\/p>\n\n\n\n<p>&nbsp;2\u00b0) le recyclage et la r\u00e9utilisation des d\u00e9chets,<\/p>\n\n\n\n<p>&nbsp;3\u00b0) l\u2019\u00e9limination sans danger des r\u00e9sidus non r\u00e9cup\u00e9rables, avec des mesures particuli\u00e8res pour le transport de ces d\u00e9chets.<\/p>\n\n\n\n<p>Reste le probl\u00e8me de l\u2019exportation des d\u00e9chets dangereux vers les pays pauvres.<\/p>\n\n\n\n<p><strong>&nbsp;<\/strong>Il nous faudrait \u00eatre clairs et fermes sur ce point et nous interdire ce type de comportement, forme particuli\u00e8rement indigne de n\u00e9o-colonialisme.<\/p>\n\n\n\n<p>J\u2019interviens dans le d\u00e9bat pour y parler de mon exp\u00e9rience concr\u00e8te d\u2019\u00e9lu communautaire sur ce probl\u00e8me pour en appeler eu r\u00e9alisme, \u00e0 la hi\u00e9rarchisation des probl\u00e8mes et \u00e0 l\u2019imagination.<\/p>\n\n\n\n<p>&nbsp;Il n\u2019y a pas de solution unique, mais il faut diversifier.<\/p>\n\n\n\n<p>&nbsp;Il faut refuser l\u2019id\u00e9e de solution unique&nbsp;: c\u2019est la solution de facilit\u00e9 que de croire qu\u2019apr\u00e8s la d\u00e9charge, apr\u00e8s le brulage, il y aurait le recyclage.<\/p>\n\n\n\n<p>&nbsp;Il faut refuser aussi la solution qui consiste \u00e0 renvoyer son probl\u00e8me chez ses voisins\u2026<\/p>\n\n\n\n<p>J\u2019ai termin\u00e9 en posant une question bien pr\u00e9cise sur la nature des contr\u00f4les des transporteurs de produites dangereux sur l\u2019autoroute LILLE &#8211; VILLENEUVE d\u2019ASCQ &#8211; GAND.<\/p>\n\n\n\n<p class=\"has-text-align-center\"><strong>___________________________________________________________<\/strong><\/p>\n\n\n\n<p><strong>Mercredi 26 septembre 1990 &#8211; 12 heures &#8211; Villeneuve d\u2019Ascq<\/strong><\/p>\n\n\n\n<p>Le s\u00e9jour de la commission ENVIRONNEMENT, SANT\u00c9, PROTECTION, du CONSOMMATEUR s\u2019ach\u00e8ve \u00e0 VILLENEUVE d\u2019ASCQ par une conf\u00e9rence de presse en pr\u00e9sence du Pr\u00e9sident de la R\u00e9gion, de celui du Conseil G\u00e9n\u00e9ral du PAS &#8211; de &#8211; CALAIS, et d\u2019un repr\u00e9sentant du Conseil G\u00e9n\u00e9ral du NORD.<\/p>\n\n\n\n<p>&nbsp;L\u2019ambiance est chaleureuse et le degr\u00e9 de satisfaction des parlementaires europ\u00e9ens \u00e9lev\u00e9.<\/p>\n\n\n\n<p>&nbsp;Chacun s\u2019accorde dans une reconnaissance de la vocation europ\u00e9enne de notre R\u00e9gion et de ses immenses efforts en mati\u00e8re d\u2019environnement.<\/p>\n\n\n\n<p>&nbsp;Nous sommes devenus un exemple pour de nombreuses r\u00e9gions de vieilles industries confront\u00e9es \u00e0 de gros probl\u00e8mes de reconversion.<\/p>\n\n\n\n<p><strong>La qualit\u00e9 du public rassembl\u00e9 dans notre H\u00f4tel de Ville me donne l\u2019occasion de r\u00e9affirmer ma foi europ\u00e9enne et de redire que si l\u2019Europe \u00e9conomique peut aller \u00e0 son rythme dans le cadre de trait\u00e9s actuels, l\u2019Europe de l\u2019environnement, l\u2019Europe Sociale, l\u2019Europe des Citoyens suppose une Europe politique avec un ex\u00e9cutif issu des peuples et un parlement europ\u00e9en de plein exercice.<\/strong><\/p>\n<\/blockquote>\n","protected":false},"excerpt":{"rendered":"<p>Lundi 24 septembre 1990 &#8211; Douai &#8211; Commission environnement Le NORD n\u2019a pas de chance car c\u2019est sous la pluie que commence notre r\u00e9union europ\u00e9enne dans le NORD \/ PAS de CALAIS \u00e0 Douai.&nbsp; Apr\u00e8s l\u2019accueil de Monsieur VERNIER, Maire de DOUAI, on passe au projet de budget europ\u00e9en de l&rsquo;environnement et le vote des &hellip; <\/p>\n<p><a class=\"more-link btn\" href=\"http:\/\/www.gcaudron.com\/?page_id=9124\">Continue reading<\/a><\/p>\n","protected":false},"author":3,"featured_media":0,"parent":8926,"menu_order":-68,"comment_status":"closed","ping_status":"closed","template":"template-onecolumn.php","meta":{"footnotes":""},"class_list":["post-9124","page","type-page","status-publish","hentry","nodate","item-wrap"],"_links":{"self":[{"href":"http:\/\/www.gcaudron.com\/index.php?rest_route=\/wp\/v2\/pages\/9124","targetHints":{"allow":["GET"]}}],"collection":[{"href":"http:\/\/www.gcaudron.com\/index.php?rest_route=\/wp\/v2\/pages"}],"about":[{"href":"http:\/\/www.gcaudron.com\/index.php?rest_route=\/wp\/v2\/types\/page"}],"author":[{"embeddable":true,"href":"http:\/\/www.gcaudron.com\/index.php?rest_route=\/wp\/v2\/users\/3"}],"replies":[{"embeddable":true,"href":"http:\/\/www.gcaudron.com\/index.php?rest_route=%2Fwp%2Fv2%2Fcomments&post=9124"}],"version-history":[{"count":2,"href":"http:\/\/www.gcaudron.com\/index.php?rest_route=\/wp\/v2\/pages\/9124\/revisions"}],"predecessor-version":[{"id":9621,"href":"http:\/\/www.gcaudron.com\/index.php?rest_route=\/wp\/v2\/pages\/9124\/revisions\/9621"}],"up":[{"embeddable":true,"href":"http:\/\/www.gcaudron.com\/index.php?rest_route=\/wp\/v2\/pages\/8926"}],"wp:attachment":[{"href":"http:\/\/www.gcaudron.com\/index.php?rest_route=%2Fwp%2Fv2%2Fmedia&parent=9124"}],"curies":[{"name":"wp","href":"https:\/\/api.w.org\/{rel}","templated":true}]}}