{"id":9122,"date":"2023-03-03T08:42:39","date_gmt":"2023-03-03T07:42:39","guid":{"rendered":"http:\/\/www.gcaudron.com\/?page_id=9122"},"modified":"2024-02-06T20:08:16","modified_gmt":"2024-02-06T19:08:16","slug":"villeneuve-dascq-24-fevrier-1976-deuxieme-tour-des-elections-municipales-partielles","status":"publish","type":"page","link":"http:\/\/www.gcaudron.com\/?page_id=9122","title":{"rendered":"Villeneuve d&rsquo;Ascq 24 f\u00e9vrier 1976, deuxi\u00e8me tour des \u00e9lections municipales partielles"},"content":{"rendered":"\n<p>Il est plus de 21 heures, ce dimanche soir 24 f\u00e9vrier 1976 dans la grande salle de l&rsquo;\u00e9cole communale de la rue de Lille, quand le maire Jean Desmarets vient conclure la journ\u00e9e d&rsquo;\u00e9lection en donnant lecture des r\u00e9sultats du second tour de ces \u00e9lections partielles, une journ\u00e9e qui m&rsquo;a vu visiter les 14 bureaux de vote de la Ville avant une longue attente des r\u00e9sultats (sans vraiment beaucoup de f\u00e9brilit\u00e9 de ma part).<\/p>\n\n\n\n<p>\u00c0 voir la t\u00eate de Monsieur le Maire, apr\u00e8s avoir crois\u00e9 certains de ses amis, avant m\u00eame qu&rsquo;il ne prenne la parole, il n&rsquo;y a plus pour moi de doute sur le r\u00e9sultat.<\/p>\n\n\n\n<p><strong>E<\/strong>n effet, avec beaucoup de dignit\u00e9, il annonce la victoire de la liste d&rsquo;Union de la Gauche que je menais avec 51,18 % des voix et l&rsquo;entr\u00e9e dans le Conseil Municipal de 12 soit 6 PS, 5 PC et 1 Radical<\/p>\n\n\n\n<p>On pouvait certes s&rsquo;y attendre apr\u00e8s le 1<sup>er<\/sup>&nbsp;tour du 17 f\u00e9vrier qui avait vu ma liste PS devancer les 4 autres, celle du PC d&rsquo;Yvan Renar (de plus de 400 voix), celle des amis du Maire (de plus de 100 voix) celle des amis de Pierre Defives (de plus de 1100 voix) et celle des radicaux de Jean Lempereur (de plus de 2400 voix).<\/p>\n\n\n\n<p><strong>Les jeux sont faits&nbsp;! Vendredi prochain, le 27 f\u00e9vrier jour de mon 31<sup>\u00e8me<\/sup>&nbsp;anniversaire<\/strong>&nbsp;<strong>j&rsquo;entrerai difficilement dans le Conseil Municipal<\/strong>.<\/p>\n\n\n\n<p>Honn\u00eatement, il y a 6 mois,&nbsp;je n&rsquo;imaginais pas cela possible, non seulement d&rsquo;\u00eatre \u00e9lu, mais m\u00eame d&rsquo;\u00eatre candidat et encore moins d&rsquo;\u00eatre celui qui allait de ce fait mener la liste d&rsquo;Union de la Gauche aux \u00e9lections Municipales de mars 1977 et peut-\u00eatre de devenir ainsi Maire de Villeneuve d&rsquo;Ascq\u2026<\/p>\n\n\n\n<p>Inspecteur stagiaire du Tr\u00e9sor puis professeur de Sciences et Techniques \u00c9conomiques \u00e0 Roubaix, mari\u00e9 avec un fils de 6 ans, j&rsquo;avoue que ce n&rsquo;\u00e9tait pas comme cela que je voyais ma vie d&rsquo;autant plus&nbsp; qu&rsquo;aux municipales de 1971 le PS avec 14 % \u00e9tait loin des 3 autres listes dont celle d&rsquo;Ivan Renar qui r\u00e9ussit m\u00eame en 1973 aux l\u00e9gislatives \u00e0 arriver en t\u00eate sur la Ville y compris devant le Maire.<\/p>\n\n\n\n<p>J&rsquo;esp\u00e8re que je ne le regretterai pas mais j&rsquo;avoue avoir un peu d&rsquo;angoisse quand je vois l&rsquo;\u00e9tat de la Ville de Villeneuve d&rsquo;Ascq en cette ann\u00e9e 1976.<\/p>\n\n\n\n<p class=\"has-text-align-center\">_______________________________________________________________________<\/p>\n\n\n\n<p><strong>Ci-apr\u00e8s en ce soir du 24 f\u00e9vrier 1976,&nbsp;ma premi\u00e8re intervention en tant qu&rsquo;\u00e9lu municipal&nbsp;:<\/strong><\/p>\n\n\n\n<p>\u00ab\u00a0La population de Villeneuve d&rsquo;Ascq a confirm\u00e9 aujourd&rsquo;hui sa volont\u00e9 d&rsquo;un profond changement dans la vie municipale. C&rsquo;est une victoire pour la Gauche qui, par une campagne d&rsquo;id\u00e9es, a r\u00e9ussi \u00e0 convaincre les \u00e9lecteurs que la solution \u00e0 la crise municipale r\u00e9sidait dans ses solutions. C&rsquo;est une victoire aussi pour notre Ville car d\u00e9sormais, chacun va pouvoir \u00eatre inform\u00e9 et discuter avec ses \u00e9lus de tous les probl\u00e8mes et de son avenir. C&rsquo;est une victoire enfin et surtout de la d\u00e9mocratie&nbsp; car malgr\u00e9 la campagne virulente de nos adversaires la population n&rsquo;a pas laiss\u00e9 son attention se d\u00e9tourner des v\u00e9ritables enjeux de cette \u00e9lection&nbsp;:<\/p>\n\n\n\n<p>&#8211;&nbsp;&nbsp;&nbsp;&nbsp;&nbsp;&nbsp;&nbsp;&nbsp;&nbsp;&nbsp;Informer les habitants,<\/p>\n\n\n\n<p>&#8211;&nbsp; &nbsp; &nbsp; &nbsp; &nbsp;&nbsp;Organiser la discussion, la concertation et la participation aux d\u00e9cisions,<\/p>\n\n\n\n<p>&#8211;&nbsp;&nbsp;&nbsp;&nbsp;&nbsp;&nbsp;&nbsp;&nbsp;&nbsp;&nbsp;Engager l&rsquo;action pour a r\u00e9solution rapide des probl\u00e8mes urgents,<\/p>\n\n\n\n<p>La Gauche fait aujourd&rsquo;hui son entr\u00e9e au Conseil Municipal. Ses \u00e9lus sont maintenant les \u00e9lus de tous. Ils ont pris un engagement, celui d&rsquo;agir avec et pour la population.&nbsp;<\/p>\n\n\n\n<p>Ensemble, nous le tiendrons.&nbsp;<\/p>\n\n\n\n<p>Ensemble, nous travaillerons pour une Ville plus humaine, plus unie et plus harmonieuse.<\/p>\n\n\n\n<p>Ensemble, nous agirons avec tous ceux qui pensent que l&rsquo;on ne peut continuer dans la voie suivie jusqu&rsquo;ici.\u00a0\u00bb<\/p>\n\n\n\n<p>Une page de l&rsquo;histoire de Villeneuve d&rsquo;Ascq se tourne.<\/p>\n","protected":false},"excerpt":{"rendered":"<p>Il est plus de 21 heures, ce dimanche soir 24 f\u00e9vrier 1976 dans la grande salle de l&rsquo;\u00e9cole communale de la rue de Lille, quand le maire Jean Desmarets vient conclure la journ\u00e9e d&rsquo;\u00e9lection en donnant lecture des r\u00e9sultats du second tour de ces \u00e9lections partielles, une journ\u00e9e qui m&rsquo;a vu visiter les 14 bureaux &hellip; <\/p>\n<p><a class=\"more-link btn\" href=\"http:\/\/www.gcaudron.com\/?page_id=9122\">Continue reading<\/a><\/p>\n","protected":false},"author":3,"featured_media":0,"parent":8926,"menu_order":-55,"comment_status":"closed","ping_status":"closed","template":"template-onecolumn.php","meta":{"footnotes":""},"class_list":["post-9122","page","type-page","status-publish","hentry","nodate","item-wrap"],"_links":{"self":[{"href":"http:\/\/www.gcaudron.com\/index.php?rest_route=\/wp\/v2\/pages\/9122","targetHints":{"allow":["GET"]}}],"collection":[{"href":"http:\/\/www.gcaudron.com\/index.php?rest_route=\/wp\/v2\/pages"}],"about":[{"href":"http:\/\/www.gcaudron.com\/index.php?rest_route=\/wp\/v2\/types\/page"}],"author":[{"embeddable":true,"href":"http:\/\/www.gcaudron.com\/index.php?rest_route=\/wp\/v2\/users\/3"}],"replies":[{"embeddable":true,"href":"http:\/\/www.gcaudron.com\/index.php?rest_route=%2Fwp%2Fv2%2Fcomments&post=9122"}],"version-history":[{"count":2,"href":"http:\/\/www.gcaudron.com\/index.php?rest_route=\/wp\/v2\/pages\/9122\/revisions"}],"predecessor-version":[{"id":9622,"href":"http:\/\/www.gcaudron.com\/index.php?rest_route=\/wp\/v2\/pages\/9122\/revisions\/9622"}],"up":[{"embeddable":true,"href":"http:\/\/www.gcaudron.com\/index.php?rest_route=\/wp\/v2\/pages\/8926"}],"wp:attachment":[{"href":"http:\/\/www.gcaudron.com\/index.php?rest_route=%2Fwp%2Fv2%2Fmedia&parent=9122"}],"curies":[{"name":"wp","href":"https:\/\/api.w.org\/{rel}","templated":true}]}}