{"id":9105,"date":"2023-02-22T18:28:47","date_gmt":"2023-02-22T17:28:47","guid":{"rendered":"http:\/\/www.gcaudron.com\/?page_id=9105"},"modified":"2024-02-06T19:30:29","modified_gmt":"2024-02-06T18:30:29","slug":"carnet-du-11-juin-2004-clap-de-fin-a-propos-de-leurope","status":"publish","type":"page","link":"http:\/\/www.gcaudron.com\/?page_id=9105","title":{"rendered":"Carnet du 11 juin 2004 \u00ab\u00a0clap de fin\u00a0\u00bb&#8230; \u00e0 propos de l&rsquo;Europe"},"content":{"rendered":"\n<blockquote class=\"wp-block-quote is-layout-flow wp-block-quote-is-layout-flow\">\n<p class=\"has-text-align-center\"><strong>Carnet du 11 juin 2004 \u00ab\u00a0clap de fin\u00a0\u00bb pour moi&nbsp;\u2026&nbsp;\u00e0 propos de l&rsquo;Europe dont je ne serai plus l&rsquo;\u00e9lu<\/strong><\/p>\n\n\n\n<p><strong>Aujourd\u2019hui, 11 juin 2004, je pense pouvoir dire que j\u2019ai eu \u00abla chance\u00bb de faire ma meilleure&nbsp;intervention t\u00e9l\u00e9vis\u00e9e \u00e0 propos de l\u2019Europe sur France 3 Nord-Pas de Calais \u2013 Picardie.<\/strong><\/p>\n\n\n\n<p>Pr\u00e8s de 9 minutes d\u2019\u00e9mission&nbsp;! (cela ne m\u2019\u00e9tais jamais arriv\u00e9 en 15 ans\u2026de mandat de d\u00e9put\u00e9 europ\u00e9en )<\/p>\n\n\n\n<p>Apr\u00e8s un article dans \u00abLe Monde\u00bb et un autre dans \u00abLib\u00e9ration\u00bb, je finis donc \u00aben beaut\u00e9\u00bb\u2026 \u00ab\u00a0no comment \u00ab\u00a0<\/p>\n\n\n\n<p>Il y a et il y aurait tant de choses \u00e0 dire pour expliquer la relation \u00abcomplexe\u00bb des citoyens europ\u00e9ens avec une Europe qu\u2019ils veulent et qu\u2019ils craignent \u00e0 la fois\u2026 sans jamais vraiment la conna\u00eetre. Il faut rappeler qu\u2019en g\u00e9n\u00e9ral, (en dehors des campagnes \u00e9lectorales europ\u00e9ennes) leurs gouvernements nationaux et leurs partis politiques font tout pour cela\u2026Comment alors s\u2019\u00e9tonner de motivations de vote d\u2019abord nationaux et d\u2019une abstention qui s\u2019annonce \u00e9lev\u00e9e quand \u00able\u00bb d\u00e9put\u00e9 europ\u00e9en est syst\u00e9matiquement ignor\u00e9 tandis que l\u2019Europe elle-m\u00eame est d\u00e9sign\u00e9e par les \u00abnationaux\u00bb comme \u00ab\u00a0le bouc \u00e9missaire\u00a0\u00bb de tout ce qui ne va pas chez eux&nbsp;?<\/p>\n\n\n\n<p>&nbsp;Dans beaucoup de nouveaux \u00c9tats membres il semble d\u2019ailleurs que cette \u00abattitude\u00bb s\u2019est encore acc\u00e9l\u00e9r\u00e9e par rapport \u00e0 ce qui s\u2019est pass\u00e9 dans les anciens \u00c9tats.<\/p>\n\n\n\n<p>Il y a quelques semaines, leurs citoyens approuvaient massivement leur entr\u00e9e dans l\u2019Union Europ\u00e9enne. Aujourd\u2019hui, beaucoup se pr\u00e9parent \u00e0 manifester un euroscepticisme tout aussi impressionnant\u2026<\/p>\n\n\n\n<p><strong>En marge\u2026<\/strong><\/p>\n\n\n\n<p>Continuant \u00e0 tirer et \u00e0 jeter des milliers de feuilles, courriers, \u00e9crits et discours accumul\u00e9s depuis 15 \u00e0 25 ans, j\u2019ai relu, aujourd\u2019hui, ma d\u00e9claration du 13 juin 1999\u2026<\/p>\n\n\n\n<p>&nbsp;Tout en disant ma \u00abnostalgie\u00bb par rapport \u00e0 un avenir que je pressentais \u00abincertain\u00bb, j\u2019annon\u00e7ais d\u00e9j\u00e0 alors les cons\u00e9quences graves d\u2019une absence d\u2019Europe politique, sociale et citoyenne\u2026 en 2004.<\/p>\n\n\n\n<p>\u00c0 Villeneuve d\u2019Ascq toujours, mes collaboratrices ont d\u00e9finitivement ferm\u00e9 \u00abla Maison du Citoyen d\u2019Europe\u00bb. Elle manquera s\u00fbrement \u00e0 un certain nombre de citoyens de notre R\u00e9gion qui l\u2019auront fr\u00e9quent\u00e9e par dizaines de milliers<\/p>\n\n\n\n<p>&nbsp;J\u2019ai la faiblesse de croire que ce n\u2019est pas une \u00abbonne nouvelle\u00bb pour Villeneuve d\u2019Ascq m\u00eame si je sais \u00ab\u00a0qu\u2019\u00e0 l\u2019H\u00f4tel de Ville\u00a0\u00bb beaucoup s\u2019en r\u00e9jouissent. Ils ont tellement envie d\u2019oublier un pass\u00e9 o\u00f9 beaucoup me devaient ce qu\u2019ils \u00e9taient et o\u00f9 ils poussaient la porte de mon bureau \u00abavec respect\u00bb sinon avec obs\u00e9quiosit\u00e9\u2026(j\u2019ai toute la collection de leurs courriers et notes de l\u2019\u00e9poque\u2026)<\/p>\n\n\n\n<p>Ce vendredi 11 juin toujours, l\u2019Am\u00e9rique enterre solennellement Ronald REAGAN et les ivoiriens \u00abinsultent\u00bb Jacques CHIRAC.<\/p>\n\n\n\n<p class=\"has-text-align-center\">__________________________________________________________<\/p>\n\n\n\n<p>Au Moyen-Orient, l\u2019heure est toujours \u00e0 la violence\u2026 tandis qu\u2019en France \u00ab\u00a0on croise les doigts\u00a0\u00bb face aux risques d\u2019une nouvelle canicule cet \u00e9t\u00e9.<\/p>\n\n\n\n<p>Ce weekend sera festif\u2026 dans les \u00e9coles surtout. Samedi 12 juin, je rentrerai dans le Conseil d\u2019Administration de l\u2019ADEFI pour apporter ma contribution \u00e0 la lutte contre les sectes\u2026<\/p>\n\n\n\n<p>Dimanche 13 juin, l\u2019Euro de football commencera\u2026 et surtout, il ne faudra pas oublier de voter\u2026 aux Europ\u00e9ennes&nbsp;!<\/p>\n\n\n\n<p>Un choix sans doute pas si simple\u2026 mais tout \u00e0 fait n\u00e9cessaire\u2026 le choix de candidats qui, une fois \u00e9lus, travaillent effectivement pour l\u2019Europe. C\u2019est la condition n\u00e9cessaire si on veut une Europe politique, d\u00e9mocratique, sociale et citoyenne\u2026<\/p>\n\n\n\n<p>On peut r\u00eaver non ?<\/p>\n<\/blockquote>\n","protected":false},"excerpt":{"rendered":"<p>Carnet du 11 juin 2004 \u00ab\u00a0clap de fin\u00a0\u00bb pour moi&nbsp;\u2026&nbsp;\u00e0 propos de l&rsquo;Europe dont je ne serai plus l&rsquo;\u00e9lu Aujourd\u2019hui, 11 juin 2004, je pense pouvoir dire que j\u2019ai eu \u00abla chance\u00bb de faire ma meilleure&nbsp;intervention t\u00e9l\u00e9vis\u00e9e \u00e0 propos de l\u2019Europe sur France 3 Nord-Pas de Calais \u2013 Picardie. Pr\u00e8s de 9 minutes d\u2019\u00e9mission&nbsp;! (cela &hellip; <\/p>\n<p><a class=\"more-link btn\" href=\"http:\/\/www.gcaudron.com\/?page_id=9105\">Continue reading<\/a><\/p>\n","protected":false},"author":3,"featured_media":0,"parent":8926,"menu_order":-97,"comment_status":"closed","ping_status":"closed","template":"template-onecolumn.php","meta":{"footnotes":""},"class_list":["post-9105","page","type-page","status-publish","hentry","nodate","item-wrap"],"_links":{"self":[{"href":"http:\/\/www.gcaudron.com\/index.php?rest_route=\/wp\/v2\/pages\/9105","targetHints":{"allow":["GET"]}}],"collection":[{"href":"http:\/\/www.gcaudron.com\/index.php?rest_route=\/wp\/v2\/pages"}],"about":[{"href":"http:\/\/www.gcaudron.com\/index.php?rest_route=\/wp\/v2\/types\/page"}],"author":[{"embeddable":true,"href":"http:\/\/www.gcaudron.com\/index.php?rest_route=\/wp\/v2\/users\/3"}],"replies":[{"embeddable":true,"href":"http:\/\/www.gcaudron.com\/index.php?rest_route=%2Fwp%2Fv2%2Fcomments&post=9105"}],"version-history":[{"count":2,"href":"http:\/\/www.gcaudron.com\/index.php?rest_route=\/wp\/v2\/pages\/9105\/revisions"}],"predecessor-version":[{"id":9623,"href":"http:\/\/www.gcaudron.com\/index.php?rest_route=\/wp\/v2\/pages\/9105\/revisions\/9623"}],"up":[{"embeddable":true,"href":"http:\/\/www.gcaudron.com\/index.php?rest_route=\/wp\/v2\/pages\/8926"}],"wp:attachment":[{"href":"http:\/\/www.gcaudron.com\/index.php?rest_route=%2Fwp%2Fv2%2Fmedia&parent=9105"}],"curies":[{"name":"wp","href":"https:\/\/api.w.org\/{rel}","templated":true}]}}