{"id":9101,"date":"2023-02-22T18:20:56","date_gmt":"2023-02-22T17:20:56","guid":{"rendered":"http:\/\/www.gcaudron.com\/?page_id=9101"},"modified":"2024-02-06T19:31:37","modified_gmt":"2024-02-06T18:31:37","slug":"carnet-du-25-novembre-2004-je-suis-toujours-la","status":"publish","type":"page","link":"http:\/\/www.gcaudron.com\/?page_id=9101","title":{"rendered":"Carnet du 25 novembre 2004 : \u00ab je suis toujours l\u00e0 \u00bb"},"content":{"rendered":"\n<blockquote class=\"wp-block-quote is-layout-flow wp-block-quote-is-layout-flow\">\n<p class=\"has-text-align-center\"><strong>Carnet du 25 novembre 2004&nbsp;: \u00ab&nbsp;je suis toujours l\u00e0&nbsp;\u00bb&nbsp;m\u00eame&nbsp;si je ne suis plus d\u00e9put\u00e9 europ\u00e9en<\/strong>:<\/p>\n\n\n\n<p class=\"has-text-align-left\">Depuis plusieurs jours dans le monde la \u00ab&nbsp;une&nbsp;\u00bb des m\u00e9dias s\u2019ouvre sur la situation en Ukraine o\u00f9 on assiste sans doute aux derniers soubresauts d\u2018un communisme moribond.<\/p>\n\n\n\n<p>Dans ce pays europ\u00e9en de 47 millions d\u2019habitants, le peuple s\u2019est soulev\u00e9 pacifiquement aux c\u00f4t\u00e9s de Viktor Louchtenko.<\/p>\n\n\n\n<p>Au Moyen-Orient, c\u2019est le moment ou jamais pour le gouvernement isra\u00e9lien de relancer les n\u00e9gociations de Paix, en laissant les palestiniens \u00e9lire leur Pr\u00e9sident et acceptant la main tendue des syriens.<\/p>\n\n\n\n<p>Plan\u00e8te toujours, on attend pour demain une d\u00e9cision d\u00e9finitive pour la construction d\u2019ITER (le r\u00e9acteur exp\u00e9rimental de fusion) \u00e0 Cadarache<\/p>\n\n\n\n<p>La question qui se pose est simple&nbsp;: Le projet sera-t-il mondial avec l\u2019Union Europ\u00e9enne, la Russie, la Chine, le Japon, la Cor\u00e9e et les \u00c9tats-Unis d\u2019Am\u00e9rique&nbsp;? Ou bien sera-t-il pilot\u00e9 par les 3 premiers ( Europe \u2013 Russie et Chine )<\/p>\n\n\n\n<p>La premi\u00e8re solution serait de loin la meilleure, mais l\u2019important aujourd\u2019hui est de d\u00e9cider et de commencer la construction de ce r\u00e9acteur.<\/p>\n\n\n\n<p>Tout nouveau retard risquerait d\u2019\u00eatre mortel pour cette grande ambition plan\u00e9taire qui conditionne l\u2019avenir \u00e9nergique de la terre d\u2019ici moins de 50 ans, une ambition et un projet auxquels j\u2019ai largement particip\u00e9 en tant que D\u00e9put\u00e9 Europ\u00e9en.<\/p>\n\n\n\n<p>En France, Nicolas Sarkozy est pr\u00eat pour son \u00ab&nbsp;grand show&nbsp;\u00bb et le PS pour son grand schisme.<\/p>\n\n\n\n<p>Laurent Fabius est dans la ligne de mire\u2026 et m\u00eame si ce n\u2019est plus vraiment mon probl\u00e8me&nbsp;<strong>je suis s\u00fbr que si les militants peuvent voter&nbsp;<\/strong>sans contrainte ni pression et parfaitement librement (sic),&nbsp;<strong>le NON au projet de Constitution Europ\u00e9enne l\u2019emportera&nbsp;!<\/strong><\/p>\n\n\n\n<p>Somme toute, \u00e0 tous les niveaux (comme vient de le rappeler Nicolas Sarkozy en personne\u2026)<\/p>\n\n\n\n<p><strong>&nbsp; &nbsp; &nbsp; \u00ab&nbsp;le destin, c\u2019est la rencontre d\u2019un caract\u00e8re et d\u2019une ambition&nbsp;\u00bb.<\/strong><\/p>\n\n\n\n<p>Charles DE GAULLE et Fran\u00e7ois MITTERAND nous l\u2019ont montr\u00e9&nbsp;:<\/p>\n\n\n\n<p>&nbsp; &nbsp; &nbsp;\u00ab&nbsp;<strong>Le destin peut frapper plusieurs fois \u00e0 la m\u00eame porte<\/strong>\u2026&nbsp;\u00bb\u2026<\/p>\n<\/blockquote>\n","protected":false},"excerpt":{"rendered":"<p>Carnet du 25 novembre 2004&nbsp;: \u00ab&nbsp;je suis toujours l\u00e0&nbsp;\u00bb&nbsp;m\u00eame&nbsp;si je ne suis plus d\u00e9put\u00e9 europ\u00e9en: Depuis plusieurs jours dans le monde la \u00ab&nbsp;une&nbsp;\u00bb des m\u00e9dias s\u2019ouvre sur la situation en Ukraine o\u00f9 on assiste sans doute aux derniers soubresauts d\u2018un communisme moribond. Dans ce pays europ\u00e9en de 47 millions d\u2019habitants, le peuple s\u2019est soulev\u00e9 pacifiquement &hellip; <\/p>\n<p><a class=\"more-link btn\" href=\"http:\/\/www.gcaudron.com\/?page_id=9101\">Continue reading<\/a><\/p>\n","protected":false},"author":3,"featured_media":0,"parent":8926,"menu_order":-98,"comment_status":"closed","ping_status":"closed","template":"template-onecolumn.php","meta":{"footnotes":""},"class_list":["post-9101","page","type-page","status-publish","hentry","nodate","item-wrap"],"_links":{"self":[{"href":"http:\/\/www.gcaudron.com\/index.php?rest_route=\/wp\/v2\/pages\/9101","targetHints":{"allow":["GET"]}}],"collection":[{"href":"http:\/\/www.gcaudron.com\/index.php?rest_route=\/wp\/v2\/pages"}],"about":[{"href":"http:\/\/www.gcaudron.com\/index.php?rest_route=\/wp\/v2\/types\/page"}],"author":[{"embeddable":true,"href":"http:\/\/www.gcaudron.com\/index.php?rest_route=\/wp\/v2\/users\/3"}],"replies":[{"embeddable":true,"href":"http:\/\/www.gcaudron.com\/index.php?rest_route=%2Fwp%2Fv2%2Fcomments&post=9101"}],"version-history":[{"count":2,"href":"http:\/\/www.gcaudron.com\/index.php?rest_route=\/wp\/v2\/pages\/9101\/revisions"}],"predecessor-version":[{"id":9625,"href":"http:\/\/www.gcaudron.com\/index.php?rest_route=\/wp\/v2\/pages\/9101\/revisions\/9625"}],"up":[{"embeddable":true,"href":"http:\/\/www.gcaudron.com\/index.php?rest_route=\/wp\/v2\/pages\/8926"}],"wp:attachment":[{"href":"http:\/\/www.gcaudron.com\/index.php?rest_route=%2Fwp%2Fv2%2Fmedia&parent=9101"}],"curies":[{"name":"wp","href":"https:\/\/api.w.org\/{rel}","templated":true}]}}