{"id":9097,"date":"2023-02-21T08:46:03","date_gmt":"2023-02-21T07:46:03","guid":{"rendered":"http:\/\/www.gcaudron.com\/?page_id=9097"},"modified":"2024-02-06T19:33:25","modified_gmt":"2024-02-06T18:33:25","slug":"apres-bruxelles-seminaire-europeen-a-dublin","status":"publish","type":"page","link":"http:\/\/www.gcaudron.com\/?page_id=9097","title":{"rendered":"Apr\u00e8s Bruxelles &#8211; S\u00e9minaire Europ\u00e9en \u00e0 Dublin"},"content":{"rendered":"\n<p class=\"has-text-align-center\"><strong>Bruxelles &#8211; Dublin, les 22 et 23 mars 2004<\/strong> &#8211; <strong>S\u00e9minaire Europ\u00e9en<\/strong><\/p>\n\n\n\n<p>Ce lundi, \u00e0 Bruxelles, d\u00e8s le matin, c&rsquo;est l&rsquo;heure o\u00f9, en France, on analyse le d\u00e9tail des chiffres des \u00e9lections de la veille et o\u00f9 le monde \u00ab\u00a0retient son souffle\u00a0\u00bb apr\u00e8s l&rsquo;ex\u00e9cution du cheikh Yassin, le chef du Hamas, un mouvement qui voulait un \u00c9tat islamique sur l&rsquo;ensemble de la Palestine\u2026 et donc, il faut le rappeler, qui \u00e9tait hostile \u00e0 toute paix isra\u00e9lo-palestinienne.<\/p>\n\n\n\n<p><br>Au demeurant si on est \u00ab\u00a0contre\u00a0\u00bb la politique d&rsquo;Ariel Sharon, si on est \u00ab\u00a0pour\u00a0\u00bb un \u00c9tat palestinien viable bas\u00e9 sur les fronti\u00e8re de 1967, on est \u00e0 J\u00e9rusalem aussi contre toutes les actions terroriste\u2026 et les chefs qui les ordonnent.<\/p>\n\n\n\n<p>&nbsp; &nbsp; &nbsp; &nbsp; &nbsp; &nbsp; &nbsp; &nbsp; &nbsp; &nbsp; &nbsp; ______________________________________________________________<\/p>\n\n\n\n<p><br>A Bruxelles, disais-je, entre deux rendez-vous et plusieurs courriers importants \u00e0 traiter, je passe une heure devant un groupe de jeunes polonais venus d\u00e9couvrir une Europe dont ils seront officiellement des citoyens le 1er mai prochain. Ils sont passionn\u00e9s et passionnants.<\/p>\n\n\n\n<p>Je termine, aujourd&rsquo;hui, la r\u00e9daction d&rsquo;un \u00ab\u00a0Journal Citoyen &#8211; bilan\u00a0\u00bb qui sera bient\u00f4t&nbsp; largement diffus\u00e9.<\/p>\n\n\n\n<p><br>J&rsquo;esp\u00e8re qu&rsquo;il permettra une r\u00e9flexion collective nouvelle et qu&rsquo;il ne sera pas lu comme un \u00ab\u00a0testament\u00a0\u00bb&#8230; car ce n&rsquo;est pas un\u2026<\/p>\n\n\n\n<p><br>En soir\u00e9e, j&rsquo;ai pass\u00e9 un moment \u00e0 l&rsquo;H\u00f4tel de Ville dans une salle situ\u00e9e pas tr\u00e8s loin de mon \u00ab\u00a0ancien-futur\u00a0\u00bb bureau (que le Maire m&rsquo;a promis de me rendre d\u00e9but mai), en commission internationale\u2026 o\u00f9 on examinait des demandes de subvention.<\/p>\n\n\n\n<p>_______________________________________________________<\/p>\n\n\n\n<p>Ce mardi matin, j&rsquo;ai pris l&rsquo;avion de Bruxelles pour Dublin, en Irlande, o\u00f9 la GUE\/NGL tient un s\u00e9minaire . On y fait nos bilans du mandat avant de rencontrer nos \u00ab\u00a0amis\u00a0\u00bb du Sinn Fein au Parlement national et d&rsquo;aller, demain en Irlande du Nord et \u00e0 Belfast. Ce sera sans doute un de mes dernier voyages (sinon le dernier) en tant que D\u00e9put\u00e9 europ\u00e9en. Dans le d\u00e9bat, je redirai le plaisir intense que j&rsquo;aurai eu de si\u00e9ger durant deux ans dans ce groupe de gauche qualit\u00e9, un groupe o\u00f9 l&rsquo;ambiance est amicale, un groupe qui organise des auditions publiques de grandes qualit\u00e9s , un groupe pr\u00e9sid\u00e9 par un Pr\u00e9sident que beaucoup nous envient, Francis Wurtz.<\/p>\n\n\n\n<p><br>Je dirai aussi que \u00ab\u00a0mon destin parlementaire\u00a0\u00bb s&rsquo;ach\u00e8ve \u00ab\u00a0pris en tenaille\u00a0\u00bb entre un PS que j&rsquo;ai quitt\u00e9 et ses alli\u00e9s de gauche qui ne veulent surtout pas d\u00e9plaire au \u00ab\u00a0grand fr\u00e8re\u00a0\u00bb. (La messe est dite\u2026)&nbsp;<\/p>\n\n\n\n<p>Le r\u00e9sultat en sera in\u00e9vitablement une bipolarisation accrue avec disparition des diversit\u00e9s et une forte r\u00e9duction du poids de celles et ceux qui se battent pour &lsquo;une Autre Europe\u00a0\u00bb et cela est beaucoup plus grave que mon sort personnel :&nbsp;<\/p>\n\n\n\n<p><br>L&rsquo;important pour moi serait que l&rsquo;Europe de demain additionne r\u00e9ellement les diversit\u00e9s des \u00c9tats, des R\u00e9gions et des soci\u00e9t\u00e9s au lieu de les faire dispara\u00eetre\u2026<\/p>\n","protected":false},"excerpt":{"rendered":"<p>Bruxelles &#8211; Dublin, les 22 et 23 mars 2004 &#8211; S\u00e9minaire Europ\u00e9en Ce lundi, \u00e0 Bruxelles, d\u00e8s le matin, c&rsquo;est l&rsquo;heure o\u00f9, en France, on analyse le d\u00e9tail des chiffres des \u00e9lections de la veille et o\u00f9 le monde \u00ab\u00a0retient son souffle\u00a0\u00bb apr\u00e8s l&rsquo;ex\u00e9cution du cheikh Yassin, le chef du Hamas, un mouvement qui voulait &hellip; <\/p>\n<p><a class=\"more-link btn\" href=\"http:\/\/www.gcaudron.com\/?page_id=9097\">Continue reading<\/a><\/p>\n","protected":false},"author":3,"featured_media":0,"parent":8926,"menu_order":-96,"comment_status":"closed","ping_status":"closed","template":"template-onecolumn.php","meta":{"footnotes":""},"class_list":["post-9097","page","type-page","status-publish","hentry","nodate","item-wrap"],"_links":{"self":[{"href":"http:\/\/www.gcaudron.com\/index.php?rest_route=\/wp\/v2\/pages\/9097","targetHints":{"allow":["GET"]}}],"collection":[{"href":"http:\/\/www.gcaudron.com\/index.php?rest_route=\/wp\/v2\/pages"}],"about":[{"href":"http:\/\/www.gcaudron.com\/index.php?rest_route=\/wp\/v2\/types\/page"}],"author":[{"embeddable":true,"href":"http:\/\/www.gcaudron.com\/index.php?rest_route=\/wp\/v2\/users\/3"}],"replies":[{"embeddable":true,"href":"http:\/\/www.gcaudron.com\/index.php?rest_route=%2Fwp%2Fv2%2Fcomments&post=9097"}],"version-history":[{"count":1,"href":"http:\/\/www.gcaudron.com\/index.php?rest_route=\/wp\/v2\/pages\/9097\/revisions"}],"predecessor-version":[{"id":9098,"href":"http:\/\/www.gcaudron.com\/index.php?rest_route=\/wp\/v2\/pages\/9097\/revisions\/9098"}],"up":[{"embeddable":true,"href":"http:\/\/www.gcaudron.com\/index.php?rest_route=\/wp\/v2\/pages\/8926"}],"wp:attachment":[{"href":"http:\/\/www.gcaudron.com\/index.php?rest_route=%2Fwp%2Fv2%2Fmedia&parent=9097"}],"curies":[{"name":"wp","href":"https:\/\/api.w.org\/{rel}","templated":true}]}}