{"id":9089,"date":"2023-02-20T12:26:29","date_gmt":"2023-02-20T11:26:29","guid":{"rendered":"http:\/\/www.gcaudron.com\/?page_id=9089"},"modified":"2024-02-06T19:33:57","modified_gmt":"2024-02-06T18:33:57","slug":"strasbourg-le-10-mars-2004-session-pleniere-du-parlement-europeen-pour-ma-derniere-intervention-publique","status":"publish","type":"page","link":"http:\/\/www.gcaudron.com\/?page_id=9089","title":{"rendered":"Strasbourg le 10 mars 2004, session pl\u00e9ni\u00e8re du Parlement Europ\u00e9en\u00a0pour ma derni\u00e8re intervention\u00a0publique"},"content":{"rendered":"\n<p>Ce matin a lieu un grand d\u00e9bat sur la situation et les perspectives de l&rsquo;Union Europ\u00e9enne.<\/p>\n\n\n\n<p>J&rsquo;ai obtenu 2 minutes (les derni\u00e8res sans doute&nbsp; de ma carri\u00e8re parlementaire europ\u00e9enne) pour exprimer, en tant qu&rsquo;europ\u00e9en de toujours, mes doutes et mes angoisses quant \u00e0 l&rsquo;Europe en construction , essentiellement \u00e9conomique et financi\u00e8re , qui donc sacrifie trop souvent l&#8217;emploi, le social et la vie quotidienne des citoyens :<\/p>\n\n\n\n<p>&nbsp;Texte int\u00e9gral.<\/p>\n\n\n\n<p>&nbsp; &nbsp; &nbsp; &nbsp; &nbsp; &nbsp; &nbsp; &nbsp; &nbsp; &nbsp; &nbsp; &nbsp; &nbsp; &nbsp; &nbsp; &nbsp; &nbsp; &nbsp; &nbsp; &nbsp; &nbsp; &nbsp; &nbsp; &nbsp; &nbsp; ___________________<\/p>\n\n\n\n<p>Messieurs les Pr\u00e9sidents,&nbsp;&nbsp;Monsieur le Commissaire,<br>Chers Coll\u00e8gues,<\/p>\n\n\n\n<p>Notre d\u00e9bat pr\u00e9paratoire au prochain Sommet de Bruxelles m&rsquo;offre sans doute l&rsquo;occasion d&rsquo;une derni\u00e8re intervention sur l&rsquo;orientation politique europ\u00e9enne actuelle et future.<\/p>\n\n\n\n<p>Il me donne, \u00e0 moi, europ\u00e9en de toujours, l&rsquo;occasion de dire avec force que les Europ\u00e9ens en ont aujourd&rsquo;hui assez d&rsquo;une Europe essentiellement \u00e9conomique et financi\u00e8re qui, au nom du grand march\u00e9 et de la concurrence, sacrifie trop souvent l&#8217;emploi et ignore les probl\u00e8mes quotidiens des citoyens.<\/p>\n\n\n\n<p>Avec eux, je veux donc, ce matin , rappeler le r\u00eave des P\u00e8re fondateur de l&rsquo;Europe, le r\u00eave d&rsquo;une Europe \u00e0 construire pour la Paix, pour la culture, pour la diff\u00e9rence, pour le bien \u00eatre social et pour une citoyennet\u00e9 dans la libert\u00e9 et la d\u00e9mocratie.<\/p>\n\n\n\n<p>50 ans apr\u00e8s, nous vivons une Europe certes \u00e9conomiquement relativement puissante mais sans c\u0153ur, ni souffle et avec beaucoup trop d&rsquo;injustices.<\/p>\n\n\n\n<p>A l&rsquo;heure du \u00ab\u00a0Sommet dit de printemps\u00a0\u00bb, \u00e0 la veille de l&rsquo;\u00e9largissement et d&rsquo;une nouvelle conf\u00e9rence inter-gouvernemental, et ce sans un contexte budg\u00e9taire tr\u00e8s aride, je veux pourtant croire qu&rsquo;il est encore temps de changer de cap.<\/p>\n\n\n\n<p>Apr\u00e8s 15 ans pass\u00e9s au Parlement europ\u00e9en qui m&rsquo;ont vu d&rsquo;Europ\u00e9en un peu euphorique au d\u00e9but, devenir, avec le temps, un Europ\u00e9en plus r\u00e9aliste, plus critique et m\u00eame inquiet, je voulais utiliser mes deux minutes pour pousser ce cri : attention, il y a danger !!<\/p>\n\n\n\n<p>S&rsquo;il a fallu 50 ans pour construire notre Union europ\u00e9enne, le risque n&rsquo;est pas nul de voir, un jour, l&rsquo;\u00e9difice imploser faute de soutien citoyen suffisant, faute d&rsquo;ambition sociale, faute de priorit\u00e9 donn\u00e9e \u00e0 l&#8217;emploi, faute de respect des diff\u00e9rences nationales et r\u00e9gionales, faute d&rsquo;une r\u00e9elle solidarit\u00e9. Ce sont les plus riches et ce ne sont pas les moins pauvres qui devraient payer pour les plus pauvres , ce qui n&rsquo;est pas le cas aujourd&rsquo;hui\u2026<\/p>\n\n\n\n<p>Une Constitution Europ\u00e9enne n&rsquo;est pas un objectif en soi. Elle n&rsquo;a de sens que si elle r\u00e9pond aux attentes des citoyens donc j&rsquo;ai rappel\u00e9 les \u00e9l\u00e9ments essentiels.<\/p>\n\n\n\n<p>G\u00e9rard Caudron<\/p>\n","protected":false},"excerpt":{"rendered":"<p>Ce matin a lieu un grand d\u00e9bat sur la situation et les perspectives de l&rsquo;Union Europ\u00e9enne. J&rsquo;ai obtenu 2 minutes (les derni\u00e8res sans doute&nbsp; de ma carri\u00e8re parlementaire europ\u00e9enne) pour exprimer, en tant qu&rsquo;europ\u00e9en de toujours, mes doutes et mes angoisses quant \u00e0 l&rsquo;Europe en construction , essentiellement \u00e9conomique et financi\u00e8re , qui donc sacrifie &hellip; <\/p>\n<p><a class=\"more-link btn\" href=\"http:\/\/www.gcaudron.com\/?page_id=9089\">Continue reading<\/a><\/p>\n","protected":false},"author":3,"featured_media":0,"parent":8926,"menu_order":-95,"comment_status":"closed","ping_status":"closed","template":"template-onecolumn.php","meta":{"footnotes":""},"class_list":["post-9089","page","type-page","status-publish","hentry","nodate","item-wrap"],"_links":{"self":[{"href":"http:\/\/www.gcaudron.com\/index.php?rest_route=\/wp\/v2\/pages\/9089","targetHints":{"allow":["GET"]}}],"collection":[{"href":"http:\/\/www.gcaudron.com\/index.php?rest_route=\/wp\/v2\/pages"}],"about":[{"href":"http:\/\/www.gcaudron.com\/index.php?rest_route=\/wp\/v2\/types\/page"}],"author":[{"embeddable":true,"href":"http:\/\/www.gcaudron.com\/index.php?rest_route=\/wp\/v2\/users\/3"}],"replies":[{"embeddable":true,"href":"http:\/\/www.gcaudron.com\/index.php?rest_route=%2Fwp%2Fv2%2Fcomments&post=9089"}],"version-history":[{"count":2,"href":"http:\/\/www.gcaudron.com\/index.php?rest_route=\/wp\/v2\/pages\/9089\/revisions"}],"predecessor-version":[{"id":9626,"href":"http:\/\/www.gcaudron.com\/index.php?rest_route=\/wp\/v2\/pages\/9089\/revisions\/9626"}],"up":[{"embeddable":true,"href":"http:\/\/www.gcaudron.com\/index.php?rest_route=\/wp\/v2\/pages\/8926"}],"wp:attachment":[{"href":"http:\/\/www.gcaudron.com\/index.php?rest_route=%2Fwp%2Fv2%2Fmedia&parent=9089"}],"curies":[{"name":"wp","href":"https:\/\/api.w.org\/{rel}","templated":true}]}}