{"id":9085,"date":"2023-02-20T12:16:24","date_gmt":"2023-02-20T11:16:24","guid":{"rendered":"http:\/\/www.gcaudron.com\/?page_id=9085"},"modified":"2024-02-06T19:34:47","modified_gmt":"2024-02-06T18:34:47","slug":"florence-le14-octobre-2003-seminaire-parlement-europeen","status":"publish","type":"page","link":"http:\/\/www.gcaudron.com\/?page_id=9085","title":{"rendered":"Florence, le14 octobre 2003 : S\u00e9minaire parlement europ\u00e9en"},"content":{"rendered":"\n<p>Apr\u00e8s un week-end marqu\u00e9, comme les pr\u00e9c\u00e9dents, sous le double sceau de la violence un peu partout dans le monde, surtout en Irak et au Moyen-Orient, et de petites phrases dans le&nbsp;\u00ab\u00a0microcosme politique\u00a0\u00bb fran\u00e7ais\u2026, je suis rest\u00e9 ce lundi \u00e0 Bruxelles pour traiter quelques dossiers, rendez vous et amendements, avant de me rendre&nbsp;ce mardi \u00e0 Florence en Italie pour un s\u00e9minaire du groupe de la GUE\/NGL au Parlement Europ\u00e9en.<\/p>\n\n\n\n<p><br>J&rsquo;ai malheureusement rat\u00e9 le d\u00e9bat d&rsquo;hier sur la Conf\u00e9rence Intergouvernementale, celui de ce matin sur l&rsquo;Europe et la M\u00e9diterran\u00e9e, pour \u00ab\u00a0tomber plein pied\u00a0\u00bb sur le Moyen-Orient . \u00ab\u00a0On y fait pas dans la nuance\u00a0\u00bb&#8230; et les analyses sont unilat\u00e9rales\u2026, les jeunes terroristes palestiniens qui se font exploser dans les restaurants, des bars ou des night-clubs sont requalifi\u00e9es de \u00ab\u00a0combattants et de r\u00e9sistants\u00a0\u00bb !&nbsp; , \u00ab\u00a0Milosevich a des excuses\u00a0\u00bb et \u00ab\u00a0Sadam Hussein a d&rsquo;abord \u00e9t\u00e9 un agent des am\u00e9ricains\u00a0\u00bb\u2026&nbsp;tandis que la Syrie est presque \u00ab\u00a0un mod\u00e8le\u00a0\u00bb&#8230;<\/p>\n\n\n\n<p>Le \u00ab\u00a0pluralisme conf\u00e9d\u00e9ral\u00a0\u00bb de la GUE\/NGL est aujourd&rsquo;hui s\u00e9rieusement&nbsp; \u00e9corn\u00e9. ( Question de contexte sans doute\u00a0\u00bb&#8230;)<\/p>\n\n\n\n<p>&nbsp; &nbsp; En fin d&rsquo;apr\u00e8s-midi, la pr\u00e9sence dans le d\u00e9bat avec un palestinien de Gaza, M. Jamal Zahkhout, et \u00ab\u00a0ma vielle amie\u00a0\u00bb du Meeretz,&nbsp;Naomi Chazan, engag\u00e9s tous les deux dans un processus de recherche d&rsquo;un plan de paix, redonnera un peu de raison et beaucoup d&rsquo;\u00e9motion \u00e0 notre discussion pour \u00ab\u00a0deux \u00c9tats pour deux peuples, avec J\u00e9rusalem capitale des deux \u00c9tats\u00a0\u00bb (initiative de Gen\u00e8ve).&nbsp;<\/p>\n\n\n\n<p>Cette initiative, d\u00e9j\u00e0 paraph\u00e9e en Jordanie sur la Mer Morte, devrait \u00eatre sign\u00e9e en novembre prochain \u00e0 Gen\u00e8ve.&nbsp;Elle recoupe ce que nous avions d\u00e9j\u00e0 entendu \u00e0 Bruxelles sur l&rsquo;initiative de Fran\u00e7ois Zimeray et elle n&rsquo;est pas contradictoire avec les propositions de Daniel Cohn Bendit de jeudi dernier \u00e0 propos d&rsquo;un vote n\u00e9cessaire de l&rsquo;ONU.<\/p>\n\n\n\n<p>Naomi Chazan dira clairement, en tant que militante isra\u00e9lienne de la Paix, que toute violence est condamnable\u2026 d&rsquo;o\u00f9 qu&rsquo;elle vienne et quelles qu&rsquo;en soient les raisons .<\/p>\n\n\n\n<p>Elle fut, en son temps, ma co-pr\u00e9sidente, du temps du processus d&rsquo;Oslo, lorsque je pr\u00e9sidais la D\u00e9l\u00e9gation Europe &#8211; Isra\u00ebl.<\/p>\n\n\n\n<p>Ce sera d&rsquo;ailleurs le point de d\u00e9part de mon intervention pour la Paix, dans le d\u00e9bat, que de rendre hommage et de rappeler la permanence de son combat.<\/p>\n\n\n\n<p><br>(A l&rsquo;ext\u00e9rieur de l&rsquo;H\u00f4tel Albani, o\u00f9 se tient notre r\u00e9union, il pleut \u2026 et pour la petite histoire, je dois dire que chaque fois que je viens en Italie\u2026 il pleut ! )<\/p>\n\n\n\n<p><br>&nbsp; &nbsp; La soir\u00e9e se termina bien tard, \u00e0 l&rsquo;ext\u00e9rieur de Florence, autour d&rsquo;un menu de sp\u00e9cialit\u00e9 italiennes\u2026 et dans une excellente ambiance conviviale et amicale.<\/p>\n\n\n\n<p><br>&nbsp; &nbsp;C&rsquo;est aussi cela \u00ab\u00a0une Autre Europe\u00a0\u00bb.<strong>&nbsp; &nbsp; &nbsp; &nbsp; &nbsp; &nbsp; &nbsp; &nbsp; &nbsp; &nbsp; &nbsp; &nbsp; &nbsp; &nbsp;________________________________________________________<\/strong><\/p>\n\n\n\n<p><strong>Florence toujours, 15 octobre 2003<\/strong><\/p>\n\n\n\n<p>La journ\u00e9e est consacr\u00e9e \u00e0 l&rsquo;Europe Sociale avec, en matin\u00e9e, un d\u00e9bat sur un th\u00e8me fort : \u00ab\u00a0Pour une alternative \u00e0 une Europe n\u00e9o &#8211; lib\u00e9rale\u00a0\u00bb et durant l&rsquo;apr\u00e8s-midi, des discussions plus cibl\u00e9es sur les \u00ab\u00a0services d&rsquo;int\u00e9r\u00eat g\u00e9n\u00e9ral\u00a0\u00bb et sur la pauvret\u00e9 et l&rsquo;exclusion en Europe.<\/p>\n\n\n\n<p>Existe-t-il un Espace politique europ\u00e9en en dehors de la \u00ab\u00a0pens\u00e9e unique\u00a0\u00bb sociale-lib\u00e9rale, parfaitement incarn\u00e9e de puis longtemps par Tony Blair et maintenant par le Chancelier Schroeder\u2026 (pour ne citer que des sociaux-d\u00e9mocrates au pouvoir) ?<\/p>\n\n\n\n<p>La r\u00e9ponse est sans aucun doute OUI.<\/p>\n\n\n\n<p>Mais, derri\u00e8re cette r\u00e9ponse, une autre question se profile : Cet espace, peut-il \u00eatre occup\u00e9 par une force de Rassemblement \u00e0 la fois diverse et suffisamment coh\u00e9rente, capable de vivre en dehors des machines \u00e0 pouvoirs que sont devenus les \u00ab\u00a0grands\u00a0\u00bb partis politiques et susceptible de bousculer le syst\u00e8me \u00e9tabli ? Et l\u00e0&nbsp; \u00ab\u00a0j&rsquo;ai plus que des doutes quant \u00e0 la r\u00e9ponse\u00a0\u00bb \u2026<\/p>\n\n\n\n<p>Nous entendrons, en particulier dans ce d\u00e9bat, un syndicaliste, le secr\u00e9taire g\u00e9n\u00e9ral de la FIOM-CGIL, et un \u00e9conomiste italien de gauche\u2026 ( la FIOM est le syndicat majoritaire de la sid\u00e9rurgie en Italie)&nbsp;<\/p>\n\n\n\n<p>&nbsp; &nbsp; Autre mani\u00e8re de reposer les enjeux \u00e0 gauche : \u00ab\u00a0Y&rsquo;a-t-il une autre voie en dehors d&rsquo;un keynesisme progressiste et une forme \u00ab\u00a0nouvelle\u00a0\u00bb de marxisme ?<\/p>\n\n\n\n<p>Cette autre voie passe t-elle par la pens\u00e9e altermondialiste ? Par les mouvements citoyens ?<\/p>\n\n\n\n<p>La r\u00e9ponse n&rsquo;est pas \u00e9vidente !<\/p>\n\n\n\n<p>Une chose est s\u00fbre : en l&rsquo;\u00e9tat, le projet de Constitution Europ\u00e9en est un point de blocage ultime de toute \u00e9volution sociale de l&rsquo;Europe (m\u00eame certains sociaux-d\u00e9mocrates au sein du PS fran\u00e7ais s&rsquo;en inqui\u00e8tent).<\/p>\n\n\n\n<p>J&rsquo;interviendrais donc sur ces th\u00e8mes dans le d\u00e9bat sur ces questions.<\/p>\n\n\n\n<p>Apr\u00e8s la \u00ab\u00a0rencontre\u00a0\u00bb isra\u00e9lo-palestinienne d&rsquo;hier, les t\u00e9moignage et le d\u00e9bat de ce matin me font juger extr\u00eamement positive ma d\u00e9cision de passer quelques heures \u00e0 Florence \u00e0 ce s\u00e9minaire de la GUE\/NGL.<\/p>\n\n\n\n<p><br>Moi qui ait&nbsp;horreur de perdre mon temps, je suis heureux de ne l&rsquo;avoir pas perdu cette semaine.<\/p>\n\n\n\n<p><\/p>\n","protected":false},"excerpt":{"rendered":"<p>Apr\u00e8s un week-end marqu\u00e9, comme les pr\u00e9c\u00e9dents, sous le double sceau de la violence un peu partout dans le monde, surtout en Irak et au Moyen-Orient, et de petites phrases dans le&nbsp;\u00ab\u00a0microcosme politique\u00a0\u00bb fran\u00e7ais\u2026, je suis rest\u00e9 ce lundi \u00e0 Bruxelles pour traiter quelques dossiers, rendez vous et amendements, avant de me rendre&nbsp;ce mardi \u00e0 &hellip; <\/p>\n<p><a class=\"more-link btn\" href=\"http:\/\/www.gcaudron.com\/?page_id=9085\">Continue reading<\/a><\/p>\n","protected":false},"author":3,"featured_media":0,"parent":8926,"menu_order":-93,"comment_status":"closed","ping_status":"closed","template":"template-onecolumn.php","meta":{"footnotes":""},"class_list":["post-9085","page","type-page","status-publish","hentry","nodate","item-wrap"],"_links":{"self":[{"href":"http:\/\/www.gcaudron.com\/index.php?rest_route=\/wp\/v2\/pages\/9085","targetHints":{"allow":["GET"]}}],"collection":[{"href":"http:\/\/www.gcaudron.com\/index.php?rest_route=\/wp\/v2\/pages"}],"about":[{"href":"http:\/\/www.gcaudron.com\/index.php?rest_route=\/wp\/v2\/types\/page"}],"author":[{"embeddable":true,"href":"http:\/\/www.gcaudron.com\/index.php?rest_route=\/wp\/v2\/users\/3"}],"replies":[{"embeddable":true,"href":"http:\/\/www.gcaudron.com\/index.php?rest_route=%2Fwp%2Fv2%2Fcomments&post=9085"}],"version-history":[{"count":3,"href":"http:\/\/www.gcaudron.com\/index.php?rest_route=\/wp\/v2\/pages\/9085\/revisions"}],"predecessor-version":[{"id":9628,"href":"http:\/\/www.gcaudron.com\/index.php?rest_route=\/wp\/v2\/pages\/9085\/revisions\/9628"}],"up":[{"embeddable":true,"href":"http:\/\/www.gcaudron.com\/index.php?rest_route=\/wp\/v2\/pages\/8926"}],"wp:attachment":[{"href":"http:\/\/www.gcaudron.com\/index.php?rest_route=%2Fwp%2Fv2%2Fmedia&parent=9085"}],"curies":[{"name":"wp","href":"https:\/\/api.w.org\/{rel}","templated":true}]}}