{"id":9077,"date":"2023-02-17T13:40:50","date_gmt":"2023-02-17T12:40:50","guid":{"rendered":"http:\/\/www.gcaudron.com\/?page_id=9077"},"modified":"2024-02-06T19:38:37","modified_gmt":"2024-02-06T18:38:37","slug":"carnet-du-29-juin-2000-avant-la-presidence-francaise","status":"publish","type":"page","link":"http:\/\/www.gcaudron.com\/?page_id=9077","title":{"rendered":"Carnet du 29 juin 2000 \u00ab\u00a0Avant la Pr\u00e9sidence Fran\u00e7aise\u00a0\u00bb"},"content":{"rendered":"\n<p>Hier soir, \u00e0 PARIS, \u00ab\u00a0dans la chaleur de l&rsquo;\u00e9t\u00e9\u00a0\u00bb, je red\u00e9couvre le charme d\u00e9suet des jardins de Matignon.<\/p>\n\n\n\n<p>L&rsquo;int\u00e9r\u00eat de ce type de soir\u00e9e consiste dans les rencontres multiples avec des Ministres, des D\u00e9put\u00e9s et des S\u00e9nateurs, des rencontres aussi avec un Premier Ministre, Lionel Jospin, tr\u00e8s en forme apr\u00e8s le vote \u00e0 l&rsquo;arrach\u00e9 de la loi sur la chasse.<\/p>\n\n\n\n<p>Autre rencontre avec le Ministre de la Recherche, Roger-G\u00e9rard Schwartzenberg, la d\u00e9cision sur \u00ab\u00a0SOLEIL\u00a0\u00bb (synchrotron)&nbsp;va, me dit-il, prendre \u00ab\u00a0un peu de retard\u00a0\u00bb. Raison de plus&nbsp;pour nous d&rsquo;accentuer&nbsp;la pression&nbsp;pour \u00ab\u00a0SOLEIL \u00e0 la Haute Borne\u00a0\u00bb&#8230; J&rsquo;en appelle \u00e0 nouveau aux Citoyens du Nord ! Apr\u00e8s la R\u00e9gion, la CUDL, le Conseil G\u00e9n\u00e9ral du Nord, la Ville de Villeneuve d&rsquo;Ascq, le Conseil G\u00e9n\u00e9ral du Pas-de-Calais a d&rsquo;ailleurs adopt\u00e9, avant hier, \u00e0 son tour, une motion de soutien \u00e0 \u00ab\u00a0SOLEIL\u00a0\u00bb.<\/p>\n\n\n\n<p>Plus tard, en soir\u00e9e, un repas de travail \u00e9tait pr\u00e9vu avec Martine Aubry qui sera largement bouscul\u00e9 par la demi-finale de l&rsquo;EURO et la victoire&nbsp;de la France sur&nbsp;le Portugal\u2026 et, de ce fait, se terminera tr\u00e8s tr\u00e8s tard.&nbsp;<\/p>\n\n\n\n<figure class=\"wp-block-image size-large\"><img loading=\"lazy\" decoding=\"async\" width=\"1024\" height=\"6\" src=\"http:\/\/www.gcaudron.com\/wp-content\/uploads\/2023\/02\/image-1-1024x6.png\" alt=\"\" class=\"wp-image-9079\" srcset=\"http:\/\/www.gcaudron.com\/wp-content\/uploads\/2023\/02\/image-1-1024x6.png 1024w, http:\/\/www.gcaudron.com\/wp-content\/uploads\/2023\/02\/image-1-300x2.png 300w, http:\/\/www.gcaudron.com\/wp-content\/uploads\/2023\/02\/image-1-768x4.png 768w, http:\/\/www.gcaudron.com\/wp-content\/uploads\/2023\/02\/image-1-1170x7.png 1170w, http:\/\/www.gcaudron.com\/wp-content\/uploads\/2023\/02\/image-1.png 1245w\" sizes=\"auto, (max-width: 1024px) 100vw, 1024px\" \/><\/figure>\n\n\n\n<p>Ce jeudi 29, \u00e0 10 H 30, nous nous retrouvons, entre parlementaires socialistes europ\u00e9ens et nationaux, en pr\u00e9sence de F. Hollande et H. Nallet pour un d\u00e9bat crois\u00e9 sur la pr\u00e9sidence fran\u00e7aise.<\/p>\n\n\n\n<p>Les d\u00e9put\u00e9s europ\u00e9ens sont venus en nombre (14). Apr\u00e8s le discours d&rsquo;accueil de J.M. Ayrault, c&rsquo;est Henri Nallet qui va \u00ab\u00a0cadrer\u00a0\u00bb les objectifs du PS dans cette pr\u00e9sidence qui, pour le Parti, doit marquer une \u00e9tape importante.<\/p>\n\n\n\n<p><strong><u>4 priorit\u00e9s<\/u><\/strong>&nbsp;sous un m\u00eame slogan&nbsp;<strong>: \u00ab\u00a0<\/strong><strong>Consolidation et Clarification\u00a0\u00bb<\/strong><\/p>\n\n\n\n<p><strong>1\/&nbsp;&nbsp;&nbsp;&nbsp;&nbsp;&nbsp;&nbsp;&nbsp; r\u00e9ussir&nbsp;<\/strong>la conf\u00e9rence intergouvernementale pour pr\u00e9parer l&rsquo;Europe F\u00e9d\u00e9rale&nbsp;du 21<sup>i\u00e8me<\/sup>&nbsp;si\u00e8cle en n&rsquo;opposant pas le court terme et le moyen terme.<\/p>\n\n\n\n<p>2\/&nbsp;&nbsp;&nbsp;&nbsp;&nbsp;&nbsp;&nbsp;&nbsp;&nbsp;<strong>se battre&nbsp;<\/strong>pour une Charte des Droits Fondamentaux qui soit \u00e0 la fois ambitieuse et contraignante<\/p>\n\n\n\n<p>3 \/&nbsp;&nbsp;&nbsp;&nbsp;&nbsp;&nbsp;&nbsp;&nbsp;<strong>pr\u00e9parer et engager l&rsquo;EUROPE SOCIALE<\/strong><\/p>\n\n\n\n<p>C&rsquo;est tr\u00e8s important et la Pr\u00e9sidence fran\u00e7aise ne doit pas se laisser enfermer&nbsp;dans le d\u00e9bat institutionnel<\/p>\n\n\n\n<p>4\/&nbsp;&nbsp;&nbsp;&nbsp;&nbsp;&nbsp;&nbsp;&nbsp; lancer une initiative sur les<strong>&nbsp;services publics&nbsp;<\/strong>avec \u00ab\u00a0une directive cadre\u00a0\u00bb<\/p>\n\n\n\n<p>et Henri NALLET de souhaiter un travail plus suivi sur ces th\u00e8mes au sein de la Commission Europe, au sein du groupe du PSE et au sein du PSE.<\/p>\n\n\n\n<p>Interviennent ensuite Alain Barrau, pour l&rsquo;Assembl\u00e9e Nationale, et Pervenche Ber\u00e8s qui va dire \u00ab\u00a0haut et clair\u00a0\u00bb les pouvoirs du Parlement europ\u00e9en qui, en cod\u00e9cision, a, de fait, davantage de pouvoirs que les Parlements nationaux, un Parlement europ\u00e9en o\u00f9 les droites sont largement majoritaires.<\/p>\n\n\n\n<p>Fran\u00e7ois Loncle , intervenant suivant, \u00ab\u00a0met les pieds dans le plat\u00a0\u00bb en regrettant que le d\u00e9bat sur l&rsquo;Avenir de l&rsquo;Europe ait \u00e9t\u00e9 engag\u00e9 par un vert allemand et relay\u00e9 par le Pr\u00e9sident RPR fran\u00e7ais\u2026<\/p>\n\n\n\n<p>Nous sommes nombreux maintenant \u00e0 penser qu&rsquo;il aurait mieux valu que ce soient les socialistes fran\u00e7ais qui soient \u00e0 l&rsquo;origine de ce d\u00e9bat\u2026 Que ne nous a-t-on pas \u00e9cout\u00e9 plus t\u00f4t !<\/p>\n\n\n\n<p>Mais, \u00ab\u00a0mieux vaut tard que jamais\u00a0\u00bb, la prise de conscience est maintenant l\u00e0 et on sait la volont\u00e9 des fran\u00e7ais et des socialistes fran\u00e7ais de prendre des initiatives et d&rsquo;avoir un discours europ\u00e9en fort et central\u2026 y compris au prochain Congr\u00e8s socialiste de Grenoble.<\/p>\n\n\n\n<p>Dans le d\u00e9bat, j&rsquo;interviens \u00e0 mon tour sur 5 points :<\/p>\n\n\n\n<p>1 &#8211;&nbsp;&nbsp;&nbsp;&nbsp; sur l&rsquo;Autriche&nbsp;pas de compromis ,et surtout ne pas c\u00e9der&nbsp;!<\/p>\n\n\n\n<p>2 &#8211;&nbsp;&nbsp;&nbsp;&nbsp;&nbsp;sur les Services Publics, soyons clairs et volontaristes pour&nbsp;mettre en \u0153uvre des Services publics europ\u00e9ens<\/p>\n\n\n\n<p>3 &#8211;&nbsp; &nbsp; sur l&rsquo;\u00e9conomie, je r\u00e9affirme que je suis pour une relance des politiques industrielles europ\u00e9ennes\u2026 la Pr\u00e9sidence fran\u00e7aise pourrait le faire.<\/p>\n\n\n\n<p>4&nbsp;&nbsp;&nbsp;&nbsp;&nbsp;&nbsp;&nbsp;l&rsquo;\u00e9largissement n\u00e9cessaire \u00e0 l&rsquo;Est ne doit pas nous faire oublier le Sud. Il me faut le rappeler sans cesse !<\/p>\n\n\n\n<p>5 &#8211;&nbsp; &nbsp; Enfin, sans \u00eatre un \u00ab\u00a0fantassin du nucl\u00e9aire\u00a0\u00bb, le progr\u00e8s c&rsquo;est, pour moi, de mieux g\u00e9rer le nucl\u00e9aire, ses co\u00fbts et ses d\u00e9chets et pas de \u00ab\u00a0le jeter aux orties\u00a0\u00bb m\u00eame pour faire plaisir aux verts\u2026<\/p>\n\n\n\n<figure class=\"wp-block-image size-large\"><img loading=\"lazy\" decoding=\"async\" width=\"1024\" height=\"5\" src=\"http:\/\/www.gcaudron.com\/wp-content\/uploads\/2023\/02\/image-1024x5.png\" alt=\"\" class=\"wp-image-9078\" srcset=\"http:\/\/www.gcaudron.com\/wp-content\/uploads\/2023\/02\/image-1024x5.png 1024w, http:\/\/www.gcaudron.com\/wp-content\/uploads\/2023\/02\/image-300x1.png 300w, http:\/\/www.gcaudron.com\/wp-content\/uploads\/2023\/02\/image-768x4.png 768w, http:\/\/www.gcaudron.com\/wp-content\/uploads\/2023\/02\/image-1170x6.png 1170w, http:\/\/www.gcaudron.com\/wp-content\/uploads\/2023\/02\/image.png 1240w\" sizes=\"auto, (max-width: 1024px) 100vw, 1024px\" \/><\/figure>\n\n\n\n<p>C&rsquo;est \u00e0 Fran\u00e7ois HOLLANDE qu&rsquo;il revient, \u00e0 12 H 15, de conclure notre s\u00e9ance de travail. Apr\u00e8s avoir ironis\u00e9 sur Jacques CHIRAC qui, \u00e0 Berlin, a \u00e9t\u00e9 jusqu&rsquo;\u00e0 reprendre le titre m\u00eame de notre liste socialiste aux europ\u00e9ennes \u00ab\u00a0Notre Europe\u00a0\u00bb, F. Hollande explique qu&rsquo;il ne suffit pas d&rsquo;\u00eatre pour une Constitution Europ\u00e9enne mais il faut dire pour quelle Constitution ?<\/p>\n\n\n\n<p><strong><u>PARIS le 29 JUIN 2000 (suite)<\/u><\/strong><\/p>\n\n\n\n<p>Apr\u00e8s un buffet dans les jardins ensoleill\u00e9s de l&rsquo;H\u00f4tel de LASSAY, si\u00e8ge de la pr\u00e9sidence de l&rsquo;Assembl\u00e9e Nationale, la r\u00e9union du Bureau du PSE proprement dite commence \u00e0 15 H 30 avec un Lionel JOSPIN toujours en pleine forme\u2026 et qui nous consacrera 1 heure et demi de son temps\u2026<\/p>\n\n\n\n<p>Il nous expliquera avec beaucoup de p\u00e9dagogie le programme d&rsquo;une pr\u00e9sidence (qui a cess\u00e9 d&rsquo;\u00eatre \u00ab\u00a0modeste\u00a0\u00bb &#8230;<\/p>\n\n\n\n<p>Dans le d\u00e9bat, je l&rsquo;interrogerai :<\/p>\n\n\n\n<p>&#8211;&nbsp;&nbsp;&nbsp;&nbsp;&nbsp;&nbsp;&nbsp;&nbsp;sur l&rsquo;Autriche: la France s&rsquo;inscrira dans la d\u00e9marche portugaise\u2026 ni plus\u2026 ni moins\u2026 ?<\/p>\n\n\n\n<p>&#8211;&nbsp;&nbsp;&nbsp;&nbsp;&nbsp;&nbsp;&nbsp;&nbsp;sur l&rsquo;\u00e9largissement: le calendrier sera-t-il pr\u00e9cis\u00e9, voire acc\u00e9l\u00e9r\u00e9 sous Pr\u00e9sidence fran\u00e7aise ?<\/p>\n\n\n\n<p>&#8211;&nbsp;&nbsp;&nbsp;&nbsp;&nbsp;&nbsp;&nbsp;&nbsp;sur les services publics : comment concilier les positions fran\u00e7aises et les autres ?<\/p>\n\n\n\n<p>Lionel JOSPIN semble optimiste\u2026&nbsp;<br>Je le suis moins\u2026<\/p>\n","protected":false},"excerpt":{"rendered":"<p>Hier soir, \u00e0 PARIS, \u00ab\u00a0dans la chaleur de l&rsquo;\u00e9t\u00e9\u00a0\u00bb, je red\u00e9couvre le charme d\u00e9suet des jardins de Matignon. L&rsquo;int\u00e9r\u00eat de ce type de soir\u00e9e consiste dans les rencontres multiples avec des Ministres, des D\u00e9put\u00e9s et des S\u00e9nateurs, des rencontres aussi avec un Premier Ministre, Lionel Jospin, tr\u00e8s en forme apr\u00e8s le vote \u00e0 l&rsquo;arrach\u00e9 de &hellip; <\/p>\n<p><a class=\"more-link btn\" href=\"http:\/\/www.gcaudron.com\/?page_id=9077\">Continue reading<\/a><\/p>\n","protected":false},"author":3,"featured_media":0,"parent":8926,"menu_order":-88,"comment_status":"closed","ping_status":"closed","template":"template-onecolumn.php","meta":{"footnotes":""},"class_list":["post-9077","page","type-page","status-publish","hentry","nodate","item-wrap"],"_links":{"self":[{"href":"http:\/\/www.gcaudron.com\/index.php?rest_route=\/wp\/v2\/pages\/9077","targetHints":{"allow":["GET"]}}],"collection":[{"href":"http:\/\/www.gcaudron.com\/index.php?rest_route=\/wp\/v2\/pages"}],"about":[{"href":"http:\/\/www.gcaudron.com\/index.php?rest_route=\/wp\/v2\/types\/page"}],"author":[{"embeddable":true,"href":"http:\/\/www.gcaudron.com\/index.php?rest_route=\/wp\/v2\/users\/3"}],"replies":[{"embeddable":true,"href":"http:\/\/www.gcaudron.com\/index.php?rest_route=%2Fwp%2Fv2%2Fcomments&post=9077"}],"version-history":[{"count":2,"href":"http:\/\/www.gcaudron.com\/index.php?rest_route=\/wp\/v2\/pages\/9077\/revisions"}],"predecessor-version":[{"id":9631,"href":"http:\/\/www.gcaudron.com\/index.php?rest_route=\/wp\/v2\/pages\/9077\/revisions\/9631"}],"up":[{"embeddable":true,"href":"http:\/\/www.gcaudron.com\/index.php?rest_route=\/wp\/v2\/pages\/8926"}],"wp:attachment":[{"href":"http:\/\/www.gcaudron.com\/index.php?rest_route=%2Fwp%2Fv2%2Fmedia&parent=9077"}],"curies":[{"name":"wp","href":"https:\/\/api.w.org\/{rel}","templated":true}]}}