{"id":9075,"date":"2023-02-17T13:21:42","date_gmt":"2023-02-17T12:21:42","guid":{"rendered":"http:\/\/www.gcaudron.com\/?page_id=9075"},"modified":"2024-02-06T19:34:26","modified_gmt":"2024-02-06T18:34:26","slug":"carnet-des-28-et-29-octobre-2003-a-rome-et-au-vatican","status":"publish","type":"page","link":"http:\/\/www.gcaudron.com\/?page_id=9075","title":{"rendered":"Carnet des 28 et 29 octobre 2003\u2026 \u00c0 Rome et au Vatican"},"content":{"rendered":"\n<p>Aujourd&rsquo;hui, \u00e0 Rome, avec une d\u00e9l\u00e9gation de la commission des Affaires \u00e9trang\u00e8res du Parlement europ\u00e9en, nous rencontrons le Pr\u00e9sident de la R\u00e9publique Italienne, M. Ciampi, au Palais du Quirinal.<\/p>\n\n\n\n<p>L&rsquo;homme a 84 ans mais il n&rsquo;a pas perdu son \u00e9nergie et il a une vraie foi europ\u00e9enne.<\/p>\n\n\n\n<p>Nous avons ensuite un \u00e9change de vue avec le Secr\u00e9taire d&rsquo;Etat aux Affaires \u00e9trang\u00e8res que j&rsquo;interrogerai sur une relance de la politique euro-m\u00e9diterran\u00e9enne et le soutien \u00e0 \u00ab\u00a0l&rsquo;initiative de Gen\u00e8ve\u00a0\u00bb au Moyen-Orient.<\/p>\n\n\n\n<p>Tout cela est un peu formel et tient davantage des relations publiques que d&rsquo;un v\u00e9ritable travail international.<\/p>\n\n\n\n<p>Il est vrai que ce domaine reste \u00ab\u00a0la chasse gard\u00e9e\u00a0\u00bb des gouvernements, voire de certains minist\u00e8res. Il suffit de voir le \u00ab\u00a0poids\u00a0\u00bb du Quai d&rsquo;Orsay en France qui, avec Bercy, domine le gouvernement et fait l&rsquo;essentiel de \u00ab\u00a0sa politique\u00a0\u00bb.<\/p>\n\n\n\n<p><strong>___________________________________________________________________<\/strong><\/p>\n\n\n\n<p>Entre deux rendez-vous, on aper\u00e7oit et je peux apercevoir des sites romains c\u00e9l\u00e8bres (le Forum, le Colis\u00e9e, les temples, \u2026). La derni\u00e8re fois que je les avais vus, j&rsquo;avais 17 ans, c&rsquo;\u00e9tait mon premier voyage \u00e0 l&rsquo;\u00e9tranger \u2026 il y a donc 41 ans\u2026<\/p>\n\n\n\n<p>Demain mercredi, nous poursuivrons nos rencontres avec des Ministres, des d\u00e9put\u00e9s et des s\u00e9nateurs avant de terminer au Vatican par une rencontre avec Monsignor Pietro Parolin, sous-secr\u00e9taire d&rsquo;\u00c9tat du Vatican aux relations avec les \u00c9tats\u2026, occasion, sans doute, de nous voir rappeler le souhait d&rsquo;une r\u00e9f\u00e9rence chr\u00e9tienne dans la&nbsp; constitution&nbsp; &nbsp;europ\u00e9enne en cours d&rsquo;\u00e9labora<\/p>\n\n\n\n<p>Ma deuxi\u00e8me journ\u00e9e romaine sera particuli\u00e8rement dense et int\u00e9ressante avec la rencontre de deux Ministres, celui de la D\u00e9fense et celui des Affaires Europ\u00e9ennes et une grande rencontre parlementaire avec la participation du Pr\u00e9sident Andreotti , toujours \u00ab\u00a0bon pied bon \u0153il\u00a0\u00bb qui rappellera l&rsquo;ann\u00e9e 1953 \u00ab\u00a0quand il \u00e9tait Ministre des finances\u00a0\u00bb ! \u2026<\/p>\n\n\n\n<p>Ce fut, pour moi, l&rsquo;occasion de \u00abmarquer ma diff\u00e9rence\u00bb sur le projet de Constitution et de plaider \u00e0 nouveau une vraie politique euro-m\u00e9diterran\u00e9enne\u2026<\/p>\n\n\n\n<p>L&rsquo;ambiance est bonne et les discours sont \u00e9quilibr\u00e9s m\u00eame si je sens et je le dis que \u00a0\u00bb les politiques \u00a0\u00bb sont vraiment \u00e0 100 lieues des pr\u00e9occupations des citoyens\u2026&nbsp;<\/p>\n\n\n\n<p>Pour les partis et leurs gouvernements, seuls trop comptent, pour eux, les postes et les rapports de pouvoirs alors que les citoyens voudraient une Europe sociale de croissance o\u00f9 les citoyens p\u00e8sent directement sur les d\u00e9cisions.<\/p>\n\n\n\n<p>Si un compromis pouvait \u00eatre pass\u00e9 (\u00e0 minima) sur un projet entre les chefs d&rsquo;\u00e9tats, le d\u00e9bat sur la ratification de cet accord serait loin d&rsquo;\u00eatre r\u00e9gl\u00e9\u2026 (et je suis mod\u00e9r\u00e9 dans mon propos) \u2026<\/p>\n\n\n\n<p>\u00c0 c\u00f4t\u00e9 d&rsquo;une \u00ab&nbsp;pens\u00e9e unique&nbsp;\u00bb sans saveur, il y a un vrai espace \u00ab\u00a0pour une autre Europe\u00a0\u00bb et je sais que nombreux sont les militants de \u00abCitoyen d&rsquo;Europe\u00bb qui y croient encore et qui veulent s&rsquo;y investir\u2026<\/p>\n\n\n\n<p>\u00c0 17 heures, ce mercredi 29 octobre 2003, nous entrons \u00ab\u00a0au c\u0153ur du Vatican\u00a0\u00bb (en bus) par des tunnels et des couloirs \u00e9troits\u2026<\/p>\n\n\n\n<p>C&rsquo;est tr\u00e8s impressionnant&nbsp;!<\/p>\n\n\n\n<p>Une porte s&rsquo;ouvre sur un contraste entre des gardes suisses \u00e0 l&rsquo;uniforme chamarr\u00e9 et quelque peu d\u00e9suets et deux dignitaires de l&rsquo;Eglise en costumes noirs impeccables dont Monsignor Pietro Parolin&#8230;<\/p>\n\n\n\n<p>Les diplomates du \u00abSaint-Si\u00e8ge\u00bb, (dans un genre et un style de \u00ab\u00a0chevaliers teutoniques des temps modernes\u00a0\u00bb ) qui ont pour mission papale de mettre l&#8217;empreinte du Saint-Si\u00e8ge sur la Constitution Europ\u00e9enne via la mention de ses r\u00e9f\u00e9rences chr\u00e9tiennes, sont d&rsquo;une d\u00e9termination \u00ab\u00a0sans faille ni ride\u00a0\u00bb .<\/p>\n\n\n\n<p>La majorit\u00e9 de la d\u00e9l\u00e9gation europ\u00e9enne semble d&rsquo;ailleurs rendre la man\u0153uvre d&rsquo;aujourd&rsquo;hui tr\u00e8s facile\u2026&nbsp;; mais la riposte respectueuse et d\u00e9termin\u00e9e de V\u00e9ronique DE KEYSER et de moi-m\u00eame la fera \u00e9chouer\u2026<\/p>\n\n\n\n<p>Et j&rsquo;expliquerai \u00e0 Monsignor concernant cette r\u00e9f\u00e9rence que, soit il ne s&rsquo;agit que d&rsquo;un rappel historique et cela ne vaut pas une crise,\u2026 soit il s&rsquo;agit d&rsquo;une r\u00e9f\u00e9rence chr\u00e9tienne pour l&rsquo;avenir et cela vaudra une crise.<\/p>\n\n\n\n<p>J&rsquo;ajouterai qu&rsquo;en France ce serai \u00ab\u00a0la goutte d&rsquo;eau\u00a0\u00bb qui am\u00e8nerait la victoire du NON compte-tenu de notre attachement \u00e0 la la\u00efcit\u00e9.<\/p>\n\n\n\n<p>Certains de mes coll\u00e8gues seront visiblement troubl\u00e9s et, en apart\u00e9, Monsignor Pietro PAROLIN m&rsquo;avouera que \u00ablaisser la religion \u00e0 la simple sph\u00e8re du priv\u00e9\u00bb&nbsp;le d\u00e9range un peu (sic) (et fin de citation).<\/p>\n","protected":false},"excerpt":{"rendered":"<p>Aujourd&rsquo;hui, \u00e0 Rome, avec une d\u00e9l\u00e9gation de la commission des Affaires \u00e9trang\u00e8res du Parlement europ\u00e9en, nous rencontrons le Pr\u00e9sident de la R\u00e9publique Italienne, M. Ciampi, au Palais du Quirinal. L&rsquo;homme a 84 ans mais il n&rsquo;a pas perdu son \u00e9nergie et il a une vraie foi europ\u00e9enne. Nous avons ensuite un \u00e9change de vue avec &hellip; <\/p>\n<p><a class=\"more-link btn\" href=\"http:\/\/www.gcaudron.com\/?page_id=9075\">Continue reading<\/a><\/p>\n","protected":false},"author":3,"featured_media":0,"parent":8926,"menu_order":-94,"comment_status":"closed","ping_status":"closed","template":"template-onecolumn.php","meta":{"footnotes":""},"class_list":["post-9075","page","type-page","status-publish","hentry","nodate","item-wrap"],"_links":{"self":[{"href":"http:\/\/www.gcaudron.com\/index.php?rest_route=\/wp\/v2\/pages\/9075","targetHints":{"allow":["GET"]}}],"collection":[{"href":"http:\/\/www.gcaudron.com\/index.php?rest_route=\/wp\/v2\/pages"}],"about":[{"href":"http:\/\/www.gcaudron.com\/index.php?rest_route=\/wp\/v2\/types\/page"}],"author":[{"embeddable":true,"href":"http:\/\/www.gcaudron.com\/index.php?rest_route=\/wp\/v2\/users\/3"}],"replies":[{"embeddable":true,"href":"http:\/\/www.gcaudron.com\/index.php?rest_route=%2Fwp%2Fv2%2Fcomments&post=9075"}],"version-history":[{"count":2,"href":"http:\/\/www.gcaudron.com\/index.php?rest_route=\/wp\/v2\/pages\/9075\/revisions"}],"predecessor-version":[{"id":9627,"href":"http:\/\/www.gcaudron.com\/index.php?rest_route=\/wp\/v2\/pages\/9075\/revisions\/9627"}],"up":[{"embeddable":true,"href":"http:\/\/www.gcaudron.com\/index.php?rest_route=\/wp\/v2\/pages\/8926"}],"wp:attachment":[{"href":"http:\/\/www.gcaudron.com\/index.php?rest_route=%2Fwp%2Fv2%2Fmedia&parent=9075"}],"curies":[{"name":"wp","href":"https:\/\/api.w.org\/{rel}","templated":true}]}}