{"id":9071,"date":"2023-02-16T19:42:40","date_gmt":"2023-02-16T18:42:40","guid":{"rendered":"http:\/\/www.gcaudron.com\/?page_id=9071"},"modified":"2024-02-06T20:07:06","modified_gmt":"2024-02-06T19:07:06","slug":"inauguration-place-leon-blum-le-16-mars-1979-par-francois-mitterrand","status":"publish","type":"page","link":"http:\/\/www.gcaudron.com\/?page_id=9071","title":{"rendered":"Inauguration Place L\u00e9on Blum le 16 mars 1979 par Fran\u00e7ois Mitterrand"},"content":{"rendered":"\n<p class=\"has-text-align-center\">carnet du 16 mars 1979<\/p>\n\n\n\n<p class=\"has-text-align-center\">&nbsp; &nbsp; &nbsp; &nbsp; &nbsp; &nbsp; &nbsp; &nbsp; &nbsp; &nbsp; &nbsp; &nbsp; &nbsp; &nbsp; &nbsp; &nbsp; <strong>INAUGURATION DE LA PLACE LEON BLUM PAR FRANCOIS MITTERRAND<\/strong><\/p>\n\n\n\n<p>&nbsp;\u00ab\u00a0Manifestation fraternelle\u00a0\u00bb ce vendredi 16 mars&nbsp;sur la place du Pont de Bois, en pr\u00e9sence de&nbsp; Fran\u00e7ois Mitterrand, Premier secr\u00e9taire du Parti Socialiste venu inaugurer avec moi en tant que maire depuis deux ans et \u00e0 mon invitation, la&nbsp; place \u00ab\u00a0L\u00e9on Blum\u00a0\u00bb, en pr\u00e9sence de nombreuses personnalit\u00e9s et d&rsquo;\u00e9lus, parmi lesquels&nbsp; Augustin Laurent, Maire Honoraire de Lille, Arthur Notebart, d\u00e9put\u00e9 maire de Lomme et Pr\u00e9sident de la Communaut\u00e9 Urbaine de Lille&nbsp;(mais sans Pierre Mauroy ), dans une ambiance riante, familiale presque, avec des enfants qui courent ici et l\u00e0 et se pressent contre les personnalit\u00e9s pour mieux voir et mieux entendre.<\/p>\n\n\n\n<p>&nbsp;Les quelques gouttes de pluie se sont enfin espac\u00e9es pour permettre au Premier des Socialistes de d\u00e9voiler&nbsp; avec moi une plaque de marbre&nbsp; au pied d&rsquo;un arbre , alors aussi plant\u00e9 , sur laquelle est inscrite une citation de L\u00e9on Blum&nbsp;&nbsp;<strong>\u00abQuand l&rsquo;homme se trouble ou se&nbsp;<\/strong><strong>d\u00e9courage<\/strong><strong>&nbsp;, il n&rsquo;a qu&rsquo;a penser \u00e0 l&rsquo;humanit\u00e9<\/strong><strong>\u2026<\/strong><strong>\u00bb<\/strong><\/p>\n\n\n\n<p><strong>\u00ab<\/strong>Une phrase toujours d&rsquo;actualit\u00e9<strong>\u00bb<\/strong>.<\/p>\n\n\n\n<p>Une atmosph\u00e8re empreinte d&rsquo;\u00e9motion \u00e9galement \u00e0 l&rsquo;heure des allocutions dans le hall du lyc\u00e9e Queneau.&nbsp;&nbsp;<\/p>\n\n\n\n<p>Que cette place Leon Blum soit celle du Pont de Bois est pour moi, devais je dire, un symbole d&rsquo;autant que cette plaque marquera la vie quotidienne du quartier et qu&rsquo;elle sera lue par de tr\u00e8s nombreux jeunes qui fr\u00e9quentent les \u00e9tablissements scolaires qui&nbsp; la bordent .<\/p>\n\n\n\n<p>Je souhaite en effet que la d\u00e9nomination de cette place \u00ab\u00a0L\u00e9on Blum\u00a0\u00bb favorise la r\u00e9flexion sur la pens\u00e9e de celui qui incarne \u00ab\u00a0<strong>le socialisme dans sa pleine signification&nbsp;<\/strong>,&nbsp;<strong>le porteur des esp\u00e9rances ouvri\u00e8res de 1936<\/strong>,&nbsp;<strong>&nbsp;le grand penseur du socialisme, l&rsquo; humaniste continuateur de l&rsquo;\u0153uvre de Jean Jaur\u00e8s\u00a0\u00bb.<\/strong><\/p>\n\n\n\n<p>Je ne pouvais pas&nbsp; non plus, ne pas \u00e9voquer les tourments que L\u00e9on Blum a v\u00e9cu et , parmi ceux-ci , \u00a0\u00bb&nbsp;la fragilit\u00e9 de ceux qui refusent toujours au dernier moment de prendre leurs responsabilit\u00e9s<strong>&nbsp;\u00ab\u00a0.<\/strong><\/p>\n\n\n\n<p>L\u00e9on Blum fut, en effet, un esprit lucide dans un moment tr\u00e8s tourment\u00e9 de notre Histoire, lucide et dot\u00e9 d&rsquo;une force de conviction in\u00e9branlable.&nbsp;<\/p>\n\n\n\n<p>Je ne pouvais pas enfin ne pas saluer en Fran\u00e7ois Mitterrand le continuateur de L\u00e9on Blum, le rassembleur, le militant, l&rsquo;\u00e9crivain, l&rsquo;homme d&rsquo;\u00c9tat \u00ab\u00a0<strong>&nbsp;\u00e0 qui nous devons&nbsp; d\u00e9j\u00e0 beaucoup et dont nous attendons encore beaucoup&nbsp; plus dans un proche avenir\u00a0\u00bb<\/strong><\/p>\n\n\n\n<p>Fran\u00e7ois Mitterrand ne cachera pas sa joie d&rsquo;\u00eatre \u00e0 Villeneuve d&rsquo;Ascq pour plusieurs heures , pr\u00e9cisant qu&rsquo;il s&rsquo;\u00e9tait engag\u00e9 \u00e0 y venir depuis d\u00e9j\u00e0 plusieurs mois et qu&rsquo;il \u00e9tait bien d\u00e9cid\u00e9 \u00e0 \u00eatre l\u00e0 quoi qu&rsquo;il advienne.&nbsp;\u00ab\u00a0Et j&rsquo;y suis&nbsp;!\u00a0\u00bb dit-il avec un large sourire, d\u00e9couvrant avec joie une ville en construction qui, pour lui, est \u00e0 la mesure des initiatives de ceux qui la g\u00e8rent aujourd&rsquo;hui.<\/p>\n\n\n\n<p>Le premier secr\u00e9taire du P.S. racontera ce que fut la vie de L\u00e9on Blum, sa sensibilit\u00e9, cet \u00ab\u00a0esth\u00e8te\u00a0\u00bb qu&rsquo;il fut avant d&rsquo;\u00eatre ce \u00ab\u00a0lutteur\u00a0\u00bb qu&rsquo;il devint au Congr\u00e8s de Tours en 1920, militant qu&rsquo;il \u00e9tait d&rsquo;un socialisme totalement ind\u00e9pendant.<\/p>\n\n\n\n<p>Il \u00e9voquera L\u00e9on Blum confront\u00e9 au probl\u00e8me dramatique de la guerre d&rsquo;Espagne et \u00e0 la d\u00e9claration de la seconde guerre mondiale .<\/p>\n\n\n\n<p>L\u00e9on Blum&nbsp; devant les juges du r\u00e9gime de P\u00e9tain , quand<strong>&nbsp;\u00ab\u00a0on lui demanda d&rsquo;\u00eatre comptable de la d\u00e9faite<\/strong><strong>\u00ab\u00a0<\/strong>&nbsp; fit une plaidoirie qui restera parmi les plus belles pages jamais \u00e9crites du discours politique dans la litt\u00e9rature fran\u00e7aise.<\/p>\n\n\n\n<p>&nbsp;Enfin, Fran\u00e7ois Mitterrand \u00e9voquera le \u00ab\u00a0Leon Blum\u00a0\u00bb qu&rsquo;il a connu, quelques ann\u00e9es apr\u00e8s Buchenwald et Dachau, au sein du gouvernement auquel ils particip\u00e8rent tous deux. Il dit l&rsquo;amiti\u00e9 que l&rsquo;ancien Pr\u00e9sident du Conseil du Front Populaire lui t\u00e9moigna et \u00e0 quel point\u00a0\u00bb<strong>&nbsp;il \u00e9tait alors un sage et un t\u00e9moin \u00ab\u00a0<\/strong>.&nbsp;<\/p>\n\n\n\n<p>La derni\u00e8re image qu&rsquo;il garde de lui, c&rsquo;est celle sur son lit de mort&nbsp;:&nbsp;<\/p>\n\n\n\n<p>&nbsp; &nbsp; &nbsp; &nbsp;\u00ab\u00a0<strong>un visage imposant, rare, inspirant la paix du futur \u00ab\u00a0.<\/strong><\/p>\n\n\n\n<p>A Villeneuve d&rsquo;Ascq aujourd&rsquo;hui,&nbsp;Fran\u00e7ois Mitterrand a, bien s\u00fbr rencontr\u00e9 de nombreux journalistes apr\u00e8s&nbsp;l&rsquo;inauguration de la place et avant, en soir\u00e9e,&nbsp;un beau meeting \u00e0 la Rose des Vents.<\/p>\n\n\n\n<figure class=\"wp-block-image size-large\"><img loading=\"lazy\" decoding=\"async\" width=\"1024\" height=\"768\" src=\"http:\/\/www.gcaudron.com\/wp-content\/uploads\/2023\/02\/IMG_6343-copie-1024x768.jpg\" alt=\"\" class=\"wp-image-9072\" srcset=\"http:\/\/www.gcaudron.com\/wp-content\/uploads\/2023\/02\/IMG_6343-copie-1024x768.jpg 1024w, http:\/\/www.gcaudron.com\/wp-content\/uploads\/2023\/02\/IMG_6343-copie-300x225.jpg 300w, http:\/\/www.gcaudron.com\/wp-content\/uploads\/2023\/02\/IMG_6343-copie-768x576.jpg 768w, http:\/\/www.gcaudron.com\/wp-content\/uploads\/2023\/02\/IMG_6343-copie-1536x1152.jpg 1536w, http:\/\/www.gcaudron.com\/wp-content\/uploads\/2023\/02\/IMG_6343-copie-2048x1536.jpg 2048w\" sizes=\"auto, (max-width: 1024px) 100vw, 1024px\" \/><\/figure>\n","protected":false},"excerpt":{"rendered":"<p>carnet du 16 mars 1979 &nbsp; &nbsp; &nbsp; &nbsp; &nbsp; &nbsp; &nbsp; &nbsp; &nbsp; &nbsp; &nbsp; &nbsp; &nbsp; &nbsp; &nbsp; &nbsp; INAUGURATION DE LA PLACE LEON BLUM PAR FRANCOIS MITTERRAND &nbsp;\u00ab\u00a0Manifestation fraternelle\u00a0\u00bb ce vendredi 16 mars&nbsp;sur la place du Pont de Bois, en pr\u00e9sence de&nbsp; Fran\u00e7ois Mitterrand, Premier secr\u00e9taire du Parti Socialiste venu inaugurer avec &hellip; <\/p>\n<p><a class=\"more-link btn\" href=\"http:\/\/www.gcaudron.com\/?page_id=9071\">Continue reading<\/a><\/p>\n","protected":false},"author":3,"featured_media":0,"parent":8926,"menu_order":-58,"comment_status":"closed","ping_status":"closed","template":"template-onecolumn.php","meta":{"footnotes":""},"class_list":["post-9071","page","type-page","status-publish","hentry","nodate","item-wrap"],"_links":{"self":[{"href":"http:\/\/www.gcaudron.com\/index.php?rest_route=\/wp\/v2\/pages\/9071","targetHints":{"allow":["GET"]}}],"collection":[{"href":"http:\/\/www.gcaudron.com\/index.php?rest_route=\/wp\/v2\/pages"}],"about":[{"href":"http:\/\/www.gcaudron.com\/index.php?rest_route=\/wp\/v2\/types\/page"}],"author":[{"embeddable":true,"href":"http:\/\/www.gcaudron.com\/index.php?rest_route=\/wp\/v2\/users\/3"}],"replies":[{"embeddable":true,"href":"http:\/\/www.gcaudron.com\/index.php?rest_route=%2Fwp%2Fv2%2Fcomments&post=9071"}],"version-history":[{"count":2,"href":"http:\/\/www.gcaudron.com\/index.php?rest_route=\/wp\/v2\/pages\/9071\/revisions"}],"predecessor-version":[{"id":9074,"href":"http:\/\/www.gcaudron.com\/index.php?rest_route=\/wp\/v2\/pages\/9071\/revisions\/9074"}],"up":[{"embeddable":true,"href":"http:\/\/www.gcaudron.com\/index.php?rest_route=\/wp\/v2\/pages\/8926"}],"wp:attachment":[{"href":"http:\/\/www.gcaudron.com\/index.php?rest_route=%2Fwp%2Fv2%2Fmedia&parent=9071"}],"curies":[{"name":"wp","href":"https:\/\/api.w.org\/{rel}","templated":true}]}}