{"id":9069,"date":"2023-02-16T15:01:42","date_gmt":"2023-02-16T14:01:42","guid":{"rendered":"http:\/\/www.gcaudron.com\/?page_id=9069"},"modified":"2024-02-06T19:45:15","modified_gmt":"2024-02-06T18:45:15","slug":"11-janvier-1996-hommage-a-francois-mitterrand","status":"publish","type":"page","link":"http:\/\/www.gcaudron.com\/?page_id=9069","title":{"rendered":"11 Janvier 1996 &#8211; Hommage \u00e0 Fran\u00e7ois Mitterrand"},"content":{"rendered":"\n<p class=\"has-text-align-center\">Carnet du 11 Janvier 1996<\/p>\n\n\n\n<p class=\"has-text-align-center\"><strong>\u00ab\u00a0Fran\u00e7ois Mitterrand a rejoint les siens\u00a0\u00bb<\/strong><\/p>\n\n\n\n<p class=\"has-text-align-center\"><strong>_______________________________________________________<\/strong><\/p>\n\n\n\n<blockquote class=\"wp-block-quote is-layout-flow wp-block-quote-is-layout-flow\">\n<p>Il est 12h15 en ce jeudi 11 Janvier 1996 quand Fran\u00e7ois Mitterrand vient de rejoindre les siens dans le caveau familial du cimeti\u00e8re de Jarnac\u2026<\/p>\n<\/blockquote>\n\n\n\n<blockquote class=\"wp-block-quote is-layout-flow wp-block-quote-is-layout-flow\">\n<p>Depuis lundi matin \u00e0 l&rsquo;heure de son d\u00e9c\u00e8s, tout a \u00e9t\u00e9&nbsp;dit\u2026 ou presque\u2026 sur tous les tons et par \u00ab\u00a0tous ceux qui font l&rsquo;opinion\u00a0\u00bb&#8230;<\/p>\n<\/blockquote>\n\n\n\n<blockquote class=\"wp-block-quote is-layout-flow wp-block-quote-is-layout-flow\">\n<p>Avec la mort de Fran\u00e7ois Mitterrand, le monde a perdu un de ses derniers grands hommes contemporains,&nbsp;<\/p>\n\n\n\n<p>l&rsquo;Europe un de ses b\u00e2tisseurs,<\/p>\n\n\n\n<p>la France un Pr\u00e9sident \u00e0 sa taille,<\/p>\n\n\n\n<p>les Socialistes&nbsp;\u00ab\u00a0un p\u00e8re attentif et exigeant\u00a0\u00bb,<\/p>\n\n\n\n<p>les Fran\u00e7ais \u00ab\u00a0un \u00eatre qui colle \u00e0 leur c\u0153ur\u00a0\u00bb.<\/p>\n\n\n\n<p>Beaucoup de citoyens ont de la&nbsp; peine, certains, comme moi, ont m\u00eame du chagrin, et tous ont des souvenirs en leurs m\u00e9moires faits de joies, d&rsquo;esp\u00e9rances et de regrets \u00e0 l&rsquo;image et \u00e0 la dimension de cette large et pleine tranche de vie v\u00e9cue avec Fran\u00e7ois Mitterrand.<\/p>\n\n\n\n<p><strong>Un grand Homme nous a quitt\u00e9s,<\/strong>&nbsp;<\/p>\n<\/blockquote>\n\n\n\n<blockquote class=\"wp-block-quote is-layout-flow wp-block-quote-is-layout-flow\">\n<p>un Homme immense depuis longtemps d\u00e9j\u00e0 entr\u00e9 dans notre Histoire mais \u00e0 qui, demain, l&rsquo;Histoire donnera toute sa place.<\/p>\n<\/blockquote>\n\n\n\n<blockquote class=\"wp-block-quote is-layout-flow wp-block-quote-is-layout-flow\">\n<p>Le Monde lui rend hommage.<\/p>\n\n\n\n<p>L&rsquo;Europe le regrette.<\/p>\n\n\n\n<p>La France le reconna\u00eet.<\/p>\n\n\n\n<p>Les Fran\u00e7ais le red\u00e9couvrent.<\/p>\n\n\n\n<p>Le Peuple de Gauche le pleure.<\/p>\n<\/blockquote>\n\n\n\n<blockquote class=\"wp-block-quote is-layout-flow wp-block-quote-is-layout-flow\">\n<p><strong>Un grand Homme nous a quitt\u00e9s,&nbsp;<\/strong><\/p>\n<\/blockquote>\n\n\n\n<blockquote class=\"wp-block-quote is-layout-flow wp-block-quote-is-layout-flow\">\n<p>mais je veux , ce midi, \u00e9voquer d&rsquo;abord et avant tout l&rsquo;homme dans sa pl\u00e9nitude, l&rsquo;homme qui aimait la vie, l&rsquo;homme qui la croquait \u00e0 pleines dents, l&rsquo;homme qui la p\u00e9trissait pour lui donner la forme de l&rsquo;Espoir, l&rsquo;homme qui savait \u00e9couter, l&rsquo;homme qui savait regarder, l&rsquo;homme qui savait aimer.<\/p>\n<\/blockquote>\n\n\n\n<blockquote class=\"wp-block-quote is-layout-flow wp-block-quote-is-layout-flow\">\n<p>Ceux qui ont eu un jour la chance de l&rsquo;approcher ne l&rsquo;oublieront jamais et je sais que jusqu&rsquo;\u00e0 la fin de mon propre temps, je ne l&rsquo;oublierai jamais\u2026 pas plus que je n&rsquo;oublierai les dernier mots qu&rsquo;il m&rsquo;adressa le 10 Novembre \u00e0 propos justement de la vie, en son domicile de la rue Fr\u00e9d\u00e9ric Le Play.<\/p>\n<\/blockquote>\n\n\n\n<blockquote class=\"wp-block-quote is-layout-flow wp-block-quote-is-layout-flow\">\n<p><strong>Ce lundi 8 Janvier 1996, avec la mort de Fran\u00e7ois Mitterrand, un grand Homme a quitt\u00e9 ce monde.<\/strong><\/p>\n<\/blockquote>\n\n\n\n<blockquote class=\"wp-block-quote is-layout-flow wp-block-quote-is-layout-flow\">\n<p>Mais, \u00e0 c\u00f4t\u00e9 de nous, au fond de nous, parce que nous sommes beaucoup comme lui \u00e0 croire \u00e0 \u00ab\u00a0la force\u00a0\u00bb, sinon \u00e0 \u00ab\u00a0l&rsquo;\u00e9ternit\u00e9\u00a0\u00bb de l&rsquo;esprit\u2026,&nbsp;<\/p>\n<\/blockquote>\n\n\n\n<blockquote class=\"wp-block-quote is-layout-flow wp-block-quote-is-layout-flow\">\n<p>nous savons qu&rsquo;il ne nous quittera jamais compl\u00e9tement et qu&rsquo;il fait maintenant partie de chacun d&rsquo;entre- nous.<\/p>\n<\/blockquote>\n\n\n\n<blockquote class=\"wp-block-quote is-layout-flow wp-block-quote-is-layout-flow\">\n<p><strong>C&rsquo;est cela ce qu&rsquo;on appelle \u00ab\u00a0un homme pour l&rsquo;\u00e9ternit\u00e9\u00a0\u00bb&#8230;&nbsp;<\/strong><\/p>\n<\/blockquote>\n","protected":false},"excerpt":{"rendered":"<p>Carnet du 11 Janvier 1996 \u00ab\u00a0Fran\u00e7ois Mitterrand a rejoint les siens\u00a0\u00bb _______________________________________________________ Il est 12h15 en ce jeudi 11 Janvier 1996 quand Fran\u00e7ois Mitterrand vient de rejoindre les siens dans le caveau familial du cimeti\u00e8re de Jarnac\u2026 Depuis lundi matin \u00e0 l&rsquo;heure de son d\u00e9c\u00e8s, tout a \u00e9t\u00e9&nbsp;dit\u2026 ou presque\u2026 sur tous les tons et &hellip; <\/p>\n<p><a class=\"more-link btn\" href=\"http:\/\/www.gcaudron.com\/?page_id=9069\">Continue reading<\/a><\/p>\n","protected":false},"author":3,"featured_media":0,"parent":8926,"menu_order":-79,"comment_status":"closed","ping_status":"closed","template":"template-onecolumn.php","meta":{"footnotes":""},"class_list":["post-9069","page","type-page","status-publish","hentry","nodate","item-wrap"],"_links":{"self":[{"href":"http:\/\/www.gcaudron.com\/index.php?rest_route=\/wp\/v2\/pages\/9069","targetHints":{"allow":["GET"]}}],"collection":[{"href":"http:\/\/www.gcaudron.com\/index.php?rest_route=\/wp\/v2\/pages"}],"about":[{"href":"http:\/\/www.gcaudron.com\/index.php?rest_route=\/wp\/v2\/types\/page"}],"author":[{"embeddable":true,"href":"http:\/\/www.gcaudron.com\/index.php?rest_route=\/wp\/v2\/users\/3"}],"replies":[{"embeddable":true,"href":"http:\/\/www.gcaudron.com\/index.php?rest_route=%2Fwp%2Fv2%2Fcomments&post=9069"}],"version-history":[{"count":2,"href":"http:\/\/www.gcaudron.com\/index.php?rest_route=\/wp\/v2\/pages\/9069\/revisions"}],"predecessor-version":[{"id":9634,"href":"http:\/\/www.gcaudron.com\/index.php?rest_route=\/wp\/v2\/pages\/9069\/revisions\/9634"}],"up":[{"embeddable":true,"href":"http:\/\/www.gcaudron.com\/index.php?rest_route=\/wp\/v2\/pages\/8926"}],"wp:attachment":[{"href":"http:\/\/www.gcaudron.com\/index.php?rest_route=%2Fwp%2Fv2%2Fmedia&parent=9069"}],"curies":[{"name":"wp","href":"https:\/\/api.w.org\/{rel}","templated":true}]}}