{"id":9065,"date":"2023-02-15T19:07:44","date_gmt":"2023-02-15T18:07:44","guid":{"rendered":"http:\/\/www.gcaudron.com\/?page_id=9065"},"modified":"2024-02-06T19:53:32","modified_gmt":"2024-02-06T18:53:32","slug":"villeneuve-dascq-le-2-juillet-1990-seminaire-des-deputes-europeens-socialistes-francais","status":"publish","type":"page","link":"http:\/\/www.gcaudron.com\/?page_id=9065","title":{"rendered":"Villeneuve d\u2019Ascq &#8211; Le 2 Juillet 1990 S\u00e9minaire des d\u00e9put\u00e9s\u00a0europ\u00e9ens\u00a0socialistes fran\u00e7ais\u00a0"},"content":{"rendered":"\n<p>Ils sont arriv\u00e9s \u00e0 16 sous le soleil villeneuvois.&nbsp;<\/p>\n\n\n\n<p>L\u2019atmosph\u00e8re est studieuse et la discussion \u00ab\u00a0\u00e0 b\u00e2tons rompus\u00a0\u00bb profonde.<\/p>\n\n\n\n<p>On aborde \u00ab\u00a0au fond\u00a0\u00bb l\u2019unification allemande, la d\u00e9fense europ\u00e9enne, l\u2019unification politique, la dimension sociale.<\/p>\n\n\n\n<p>Pas de divergence entre nous contrairement \u00e0 ce qu\u2019annon\u00e7ait le journal Lib\u00e9ration du matin mais une approche commune r\u00e9elle.<\/p>\n\n\n\n<p>Du tr\u00e8s bon travail conclu le soir \u00e0 l\u2019H\u00f4tel de Ville par une conf\u00e9rence de presse qui devait recevoir la visite de Pierre Mauroy, de No\u00ebl Joseph et de nombreux \u00e9lus locaux.<\/p>\n\n\n\n<p>L\u2019esprit d\u2019\u00e9quipe a progress\u00e9 et c\u2019est important quand on sait l\u2019importance des enjeux.<\/p>\n\n\n\n<p><strong>Mardi 3 Juillet 1990 \u2013 9h&nbsp;<\/strong><\/p>\n\n\n\n<p>Apr\u00e8s une soir\u00e9e&nbsp; dans un cadre rustique, il m\u2019appartient vers 8h30 d\u2019aller chercher Laurent Fabius et Jacques Delors vers 9h30 \u00e0 Lesquin.<\/p>\n\n\n\n<p>A L\u2019ordre du jour de la matin\u00e9e, le fonctionnement de la d\u00e9l\u00e9gation fran\u00e7aise pour la rendre plus efficace et surtout nos rapports avec la commission et Jacques Delors.&nbsp;<\/p>\n\n\n\n<p>Le d\u00e9bat est riche, instructif et fructueux sur les r\u00e9formes institutionnelles \u00e0 venir, l\u2019unification allemande, l\u2019Europe mon\u00e9taire mais aussi les propositions sociales de la Pr\u00e9sidence italienne qui vient de commercer.<\/p>\n\n\n\n<p>&nbsp;Toujours passionnant et passionn\u00e9 Jacques Delors qui alterne des visions futuristes, de l\u2019informations concr\u00e8tes et des notes d\u2019ambiances.<\/p>\n\n\n\n<p>Le s\u00e9minaire se terminera au Mus\u00e9e d\u2019Art Moderne de Villeneuve d\u2019Ascq , un s\u00e9minaire qui aura sans doute apport\u00e9 beaucoup \u00e0 l\u2019\u00e9quipe socialiste fran\u00e7aise.<\/p>\n\n\n\n<p>&nbsp;Ce s\u00e9minaire \u00e9tait une premi\u00e8re et on peut dire que c\u2019est \u00ab\u00a0une premi\u00e8re&nbsp; r\u00e9ussie\u00a0\u00bb.<\/p>\n","protected":false},"excerpt":{"rendered":"<p>Ils sont arriv\u00e9s \u00e0 16 sous le soleil villeneuvois.&nbsp; L\u2019atmosph\u00e8re est studieuse et la discussion \u00ab\u00a0\u00e0 b\u00e2tons rompus\u00a0\u00bb profonde. On aborde \u00ab\u00a0au fond\u00a0\u00bb l\u2019unification allemande, la d\u00e9fense europ\u00e9enne, l\u2019unification politique, la dimension sociale. Pas de divergence entre nous contrairement \u00e0 ce qu\u2019annon\u00e7ait le journal Lib\u00e9ration du matin mais une approche commune r\u00e9elle. Du tr\u00e8s bon &hellip; <\/p>\n<p><a class=\"more-link btn\" href=\"http:\/\/www.gcaudron.com\/?page_id=9065\">Continue reading<\/a><\/p>\n","protected":false},"author":3,"featured_media":0,"parent":8926,"menu_order":-67,"comment_status":"closed","ping_status":"closed","template":"template-onecolumn.php","meta":{"footnotes":""},"class_list":["post-9065","page","type-page","status-publish","hentry","nodate","item-wrap"],"_links":{"self":[{"href":"http:\/\/www.gcaudron.com\/index.php?rest_route=\/wp\/v2\/pages\/9065","targetHints":{"allow":["GET"]}}],"collection":[{"href":"http:\/\/www.gcaudron.com\/index.php?rest_route=\/wp\/v2\/pages"}],"about":[{"href":"http:\/\/www.gcaudron.com\/index.php?rest_route=\/wp\/v2\/types\/page"}],"author":[{"embeddable":true,"href":"http:\/\/www.gcaudron.com\/index.php?rest_route=\/wp\/v2\/users\/3"}],"replies":[{"embeddable":true,"href":"http:\/\/www.gcaudron.com\/index.php?rest_route=%2Fwp%2Fv2%2Fcomments&post=9065"}],"version-history":[{"count":1,"href":"http:\/\/www.gcaudron.com\/index.php?rest_route=\/wp\/v2\/pages\/9065\/revisions"}],"predecessor-version":[{"id":9066,"href":"http:\/\/www.gcaudron.com\/index.php?rest_route=\/wp\/v2\/pages\/9065\/revisions\/9066"}],"up":[{"embeddable":true,"href":"http:\/\/www.gcaudron.com\/index.php?rest_route=\/wp\/v2\/pages\/8926"}],"wp:attachment":[{"href":"http:\/\/www.gcaudron.com\/index.php?rest_route=%2Fwp%2Fv2%2Fmedia&parent=9065"}],"curies":[{"name":"wp","href":"https:\/\/api.w.org\/{rel}","templated":true}]}}