{"id":9058,"date":"2023-02-15T14:08:29","date_gmt":"2023-02-15T13:08:29","guid":{"rendered":"http:\/\/www.gcaudron.com\/?page_id=9058"},"modified":"2024-02-06T19:37:03","modified_gmt":"2024-02-06T18:37:03","slug":"strasbourg-le-14-mai-2002","status":"publish","type":"page","link":"http:\/\/www.gcaudron.com\/?page_id=9058","title":{"rendered":"Strasbourg \u2013 Le 14 Mai 2002"},"content":{"rendered":"\n<blockquote class=\"wp-block-quote is-layout-flow wp-block-quote-is-layout-flow\">\n<p class=\"has-text-align-center\"><strong>Strasbourg, le 14 Mai 2002&nbsp; &nbsp;\u00ab\u00a06<sup>\u00e8me<\/sup>&nbsp;programme cadre&nbsp;de recherche&nbsp;PCRD<\/strong>\u00ab\u00a0<\/p>\n\n\n\n<p>C&rsquo;est pour moi, ce matin, en quelque sorte, \u00ab\u00a0la derni\u00e8re s\u00e9ance\u00a0\u00bb \u2026 et, dans tous les cas, et quoiqu&rsquo;il arrive\u2026 c&rsquo;est mon dernier grand rapport europ\u00e9en.<\/p>\n\n\n\n<p><strong>Je suis fier du travail accompli, de ma pr\u00e9sence \u00e0 100 %, de mes rapports pass\u00e9s<\/strong>&nbsp;sur la T\u00e9l\u00e9vision Haute D\u00e9finition, sur la normalisation industrielle, sur la TV num\u00e9rique, sur la Sid\u00e9rurgie, sur la Construction navale, sur le Service Universel T\u00e9l\u00e9com et sur la Recherche (pour n&rsquo;en citer que les principaux).<\/p>\n\n\n\n<p>C&rsquo;est ma r\u00e9ponse sereine \u00e0 la mise en cause publique de ma l\u00e9gitimit\u00e9 de D\u00e9put\u00e9 Europ\u00e9en par Pierre Mauroy\u2026<\/p>\n\n\n\n<p><strong><u>&nbsp; &nbsp; &nbsp; &nbsp; &nbsp; &nbsp; &nbsp; &nbsp; &nbsp; &nbsp; &nbsp; &nbsp; &nbsp; &nbsp; Vous lirez, ci-apr\u00e8s, l&rsquo;int\u00e9gralit\u00e9 de mon intervention<\/u><\/strong><\/p>\n\n\n\n<p>Monsieur le Pr\u00e9sident<\/p>\n\n\n\n<p>Monsieur le Commissaire europ\u00e9en<\/p>\n\n\n\n<p>Mes chers Coll\u00e8gues<\/p>\n\n\n\n<p>Le 14 novembre dernier, notre Parlement a adopt\u00e9 \u00e0 une tr\u00e8s large majorit\u00e9 mon rapport sur le 6<sup>\u00e8me<\/sup>&nbsp;PCRD&nbsp;<em>(Programme-cadre pour la recherche et le d\u00e9veloppement technologique)<\/em><em>.<\/em><\/p>\n\n\n\n<p>Nous avions alors retenu la structure, les principes et la philosophie du projet \u00abBUSQUIN\u00bb tout en le compl\u00e9tant d&rsquo;apports citoyens en provenance du monde de la Recherche pour mieux r\u00e9pondre aux attentes des europ\u00e9ens.<\/p>\n\n\n\n<p>Le 10 d\u00e9cembre 2001, le Conseil Recherche a, de mani\u00e8re tout \u00e0 fait remarquable, r\u00e9pondu \u00e0 beaucoup de nos demandes et propositions.<\/p>\n\n\n\n<p>Depuis cette date, nous avons continu\u00e9 \u00e0 travailler collectivement pour pr\u00e9ciser certains points et am\u00e9liorer encore le programme-cadre en liaison \u00e9troite avec le Commissaire Busquin et ses services ainsi que la Pr\u00e9sidence du Conseil et M. Marimon.<\/p>\n\n\n\n<p>Personne n&rsquo;a m\u00e9nag\u00e9 ses efforts&nbsp;! Chacun a \u00e9cout\u00e9 les autres et&nbsp;avons tous cherch\u00e9 \u00e0 nous comprendre, \u00e0 int\u00e9grer les contraintes des autres et \u00e0 trouver des compromis.<\/p>\n\n\n\n<p>Le 23 avril dernier, notre commission a adopt\u00e9 90 amendements dont 30 \u00e0 ins\u00e9rer dans les programmes sp\u00e9cifiques.<\/p>\n\n\n\n<p>Nous avons insist\u00e9 sur la recherche sur le d\u00e9veloppement durable et la r\u00e9duction des co\u00fbts externes environnementaux.<\/p>\n\n\n\n<p>Nous avons rappel\u00e9 notre attachement \u00e0 la Recherche fondamentale.<\/p>\n\n\n\n<p>Enfin, nous avons redis l&rsquo;importance de la recherche dans les domaines de la sant\u00e9 et la lutte contre les grandes maladies, sans oublier tout ce qui touche \u00e0 la recherche humaine et soci\u00e9tale.<\/p>\n\n\n\n<p>Avant et apr\u00e8s ces votes, plusieurs trilogues informels et formels ont permis de rapprocher les points de vue.<\/p>\n\n\n\n<p>Les \u00e9quipes techniques et administratives des 3 institutions, les \u00e9lus concern\u00e9s et leurs assistants ont travaill\u00e9 d&rsquo;arrache-pied et le 7 mai, au cours d&rsquo;un long trilogue particuli\u00e8rement fructueux, nous avons nou\u00e9 des accords qui se sont traduits par 34 amendements de compromis que la commission ITRE, hier soir, a vot\u00e9 \u00e0 la quasi-unanimit\u00e9 en me donnant le mandat de les substituer aux amendements vot\u00e9s le 23 avril.<\/p>\n\n\n\n<p>Sur la question plus d\u00e9licate de l&rsquo;\u00e9thique un large accord s&rsquo;est d\u00e9gag\u00e9 pour que la Commission europ\u00e9enne confirme bien les limites \u00e0 ne pas d\u00e9passer en la mati\u00e8re, que le Conseil les prenne en compte et que tout se retrouve concr\u00e8tement dans les programmes sp\u00e9cifiques.<\/p>\n\n\n\n<p>Le voudrais terminer mon intervention en remerciant \u00e0 nouveau la Pr\u00e9sidence belge qui avait permis une position commune tr\u00e8s positive d\u00e8s le 10 d\u00e9cembre 2001.<\/p>\n\n\n\n<p>Je remercie \u00e0 nouveau le Commissaire Busquin et ses services qui ont fait preuve d&rsquo;\u00e9coute de compr\u00e9hension, de respect pour le Parlement et d&rsquo;imagination pour proposer des solutions.<\/p>\n\n\n\n<p>Merci aussi au Pr\u00e9sident WESTENDORP et \u00e0 l&rsquo;ensemble du secr\u00e9tariat de la commission ITRE.<\/p>\n\n\n\n<p>Merci aux administrateurs et secr\u00e9tariats des groupes politiques.<\/p>\n\n\n\n<p>Merci \u00e0 mon assistante, Ga\u00eblle LE BOULER.<\/p>\n\n\n\n<p>Un merci tr\u00e8s chaleureux \u00e0 mes coll\u00e8gues qui ont travaill\u00e9 avec moi sur ce dossier pendant un an et demi, les shadows, les coordinateurs et les rapporteurs pour avis.<\/p>\n\n\n\n<p>On me permettra de citer parmi eux M. V. VAN VELZEN, M. PIETRASANTA, M. ALYSSANDRAKIS, Mme PLOOIJ-VAN GORSEL et aussi Mme E. Mac NALLY.<\/p>\n\n\n\n<p>Enfin, un merci plus particulier \u00e0 la Pr\u00e9sidence espagnole et \u00e0 M. MARIMON qui ont fait preuve d&rsquo;une \u00e9coute et d&rsquo;une disponibilit\u00e9 qui m\u00e9ritent d&rsquo;\u00eatre tout particuli\u00e8rement salu\u00e9s et remerci\u00e9s.<\/p>\n\n\n\n<p>Mes Chers Coll\u00e8gues,<\/p>\n\n\n\n<p>J&rsquo;en ai presque termin\u00e9 avec ce qui sera sans doute mon dernier grand rapport europ\u00e9en au bout de 13 ans en cette enceinte.<\/p>\n\n\n\n<p>En rupture d&rsquo;avec le PS fran\u00e7ais depuis 6 mois, je serai candidat aux \u00e9lections l\u00e9gislatives en France comme candidat de la gauche citoyenne contre un candidat de l&rsquo;appareil du PS.<\/p>\n\n\n\n<p>Soit je serai \u00e9lu et alors je vous quitterai,<\/p>\n\n\n\n<p>Soit je serai battu et le PS me fera sans doute exclure du Groupe du Parti Socialiste Europ\u00e9en .<\/p>\n\n\n\n<p>Dans les 2 cas, je voulais dire ma l\u00e9gitime fiert\u00e9, saluer le monde scientifique europ\u00e9en, avec qui j&rsquo;ai \u00e9troitement travaill\u00e9 et remercier \u00e0 nouveau tous mes coll\u00e8gues et leurs collaborateurs qui m&rsquo;ont aid\u00e9 et soutenu.<\/p>\n\n\n\n<p><strong>Avec ce dossier, \u00e0 un moment o\u00f9 beaucoup de citoyens s&rsquo;interrogent sur le sens de la politique, je pens<\/strong><em><strong>e<\/strong><\/em>&nbsp;<strong>pouvoir dire tout simplement que nous avons \u00abfait de la politique autrement\u00bb&nbsp;!<\/strong><\/p>\n\n\n\n<p>Strasbourg, le 14 mai 2022<\/p>\n\n\n\n<p>G\u00e9rard CAUDRON<\/p>\n<\/blockquote>\n","protected":false},"excerpt":{"rendered":"<p>Strasbourg, le 14 Mai 2002&nbsp; &nbsp;\u00ab\u00a06\u00e8me&nbsp;programme cadre&nbsp;de recherche&nbsp;PCRD\u00ab\u00a0 C&rsquo;est pour moi, ce matin, en quelque sorte, \u00ab\u00a0la derni\u00e8re s\u00e9ance\u00a0\u00bb \u2026 et, dans tous les cas, et quoiqu&rsquo;il arrive\u2026 c&rsquo;est mon dernier grand rapport europ\u00e9en. Je suis fier du travail accompli, de ma pr\u00e9sence \u00e0 100 %, de mes rapports pass\u00e9s&nbsp;sur la T\u00e9l\u00e9vision Haute D\u00e9finition, sur &hellip; <\/p>\n<p><a class=\"more-link btn\" href=\"http:\/\/www.gcaudron.com\/?page_id=9058\">Continue reading<\/a><\/p>\n","protected":false},"author":3,"featured_media":0,"parent":8926,"menu_order":-90,"comment_status":"closed","ping_status":"closed","template":"template-onecolumn.php","meta":{"footnotes":""},"class_list":["post-9058","page","type-page","status-publish","hentry","nodate","item-wrap"],"_links":{"self":[{"href":"http:\/\/www.gcaudron.com\/index.php?rest_route=\/wp\/v2\/pages\/9058","targetHints":{"allow":["GET"]}}],"collection":[{"href":"http:\/\/www.gcaudron.com\/index.php?rest_route=\/wp\/v2\/pages"}],"about":[{"href":"http:\/\/www.gcaudron.com\/index.php?rest_route=\/wp\/v2\/types\/page"}],"author":[{"embeddable":true,"href":"http:\/\/www.gcaudron.com\/index.php?rest_route=\/wp\/v2\/users\/3"}],"replies":[{"embeddable":true,"href":"http:\/\/www.gcaudron.com\/index.php?rest_route=%2Fwp%2Fv2%2Fcomments&post=9058"}],"version-history":[{"count":2,"href":"http:\/\/www.gcaudron.com\/index.php?rest_route=\/wp\/v2\/pages\/9058\/revisions"}],"predecessor-version":[{"id":9630,"href":"http:\/\/www.gcaudron.com\/index.php?rest_route=\/wp\/v2\/pages\/9058\/revisions\/9630"}],"up":[{"embeddable":true,"href":"http:\/\/www.gcaudron.com\/index.php?rest_route=\/wp\/v2\/pages\/8926"}],"wp:attachment":[{"href":"http:\/\/www.gcaudron.com\/index.php?rest_route=%2Fwp%2Fv2%2Fmedia&parent=9058"}],"curies":[{"name":"wp","href":"https:\/\/api.w.org\/{rel}","templated":true}]}}