{"id":9056,"date":"2023-02-15T14:03:02","date_gmt":"2023-02-15T13:03:02","guid":{"rendered":"http:\/\/www.gcaudron.com\/?page_id=9056"},"modified":"2024-02-06T19:41:13","modified_gmt":"2024-02-06T18:41:13","slug":"europe-le-2-fevrier-lextreme-droite-au-pouvoir-en-autriche","status":"publish","type":"page","link":"http:\/\/www.gcaudron.com\/?page_id=9056","title":{"rendered":"Europe &#8211; Le 2 F\u00e9vrier 2000 l&rsquo;extr\u00eame droite au pouvoir en Autriche"},"content":{"rendered":"\n<p class=\"has-text-align-center\"><strong>Europe le 2 f\u00e9vrier 2000<\/strong><\/p>\n\n\n\n<p class=\"has-text-align-left\">La d\u00e9mocratie europ\u00e9enne se r\u00e9veille \u00abavec la gueule de bois\u00bb&nbsp;!<\/p>\n\n\n\n<p class=\"has-text-align-left\">Hier soir, \u00e0 Vienne, l\u2019Extr\u00eame-droite a gagn\u00e9&nbsp;! Les conservateurs autrichiens \u00e0 l\u2019image de leurs homologues allemands des ann\u00e9es 30 ont \u00ab\u00a0d\u00e9roul\u00e9 le tapis rouge\u00a0\u00bb aux adeptes de la&nbsp; x\u00e9nophobie, du racisme et de l\u2019antis\u00e9mitisme .<\/p>\n\n\n\n<p><strong>Ce 1<sup>er<\/sup>&nbsp;f\u00e9vrier 2000 sera \u00e0 marquer d\u2019une pierre noire&nbsp;!<\/strong><\/p>\n\n\n\n<p>Aujourd\u2019hui, je remettrai pr\u00e8s de 2000 signatures antifascistes, recueillies en 3 jours, au Pr\u00e9sident de la Commission Europ\u00e9enne.<\/p>\n\n\n\n<p>Fort de ce r\u00e9seau, nous allons nous organiser pour participer \u00e0 l\u2019isolement de l\u2019Autriche et, s\u2019il le faut, lutter pour son exclusion de l\u2019Union Europ\u00e9enne.<\/p>\n\n\n\n<p>Il n\u2019y a pas de place en EUROPE pour des Ministres racistes&nbsp;!<\/p>\n\n\n\n<p>Dans le m\u00eame temps, je lance un appel \u00e0 toutes les organisations d\u00e9mocratiques, antiraciste et de d\u00e9fense des droits de l\u2019Homme pour une rencontre rapide en vue d\u2019actions rapides et puissantes&nbsp;!<\/p>\n\n\n\n<p><strong>\u00ab&nbsp;Le Fascisme ne passera pas&nbsp;!&nbsp;\u00bb.<\/strong><\/p>\n\n\n\n<p><strong>&nbsp; &nbsp; &nbsp; &nbsp; &nbsp; &nbsp; &nbsp; &nbsp; &nbsp; &nbsp; &nbsp; ____________________________________________________________<\/strong><\/p>\n\n\n\n<p><strong>BRUXELLES le 2 f\u00e9vrier 2000<\/strong><\/p>\n\n\n\n<p>Une importante journ\u00e9e commence \u00e0 Bruxelles et en Europe apr\u00e8s la journ\u00e9e noire d\u2019hier.<\/p>\n\n\n\n<p>A 10h15, d\u00e8s mon arriv\u00e9e \u00e0 la gare de Bruxelles-midi, je suis interview\u00e9 par l\u2019\u00e9quipe du \u00ab\u00a0Vrai journal\u00a0\u00bb de Canal Plus sur l\u2019Autriche et le combat que je m\u00e8ne.<\/p>\n\n\n\n<p>A 10h35, en D\u00e9l\u00e9gation Socialiste Fran\u00e7aise, on parle aussi de l\u2019Autriche et je plaide pour une position dure et ferme.<\/p>\n\n\n\n<p>A 11h10, en Groupe Socialiste Europ\u00e9en, c\u2019est bien s\u00fbr le m\u00eame sujet qui nous mobilise&nbsp;:<\/p>\n\n\n\n<p>J\u2019interviens sur une position ferme et dure, ce qui n\u2019est pas du go\u00fbt de certains dans le groupe\u2026\u2026\u2026 beaucoup plus \u00ab\u00a0prudents\u00a0\u00bb.<\/p>\n\n\n\n<p>Il est des \u00abtimidit\u00e9s\u00bb coupables&nbsp;! \u2026\u2026..<\/p>\n\n\n\n<p>Parall\u00e8lement, bien s\u00fbr, je continue la mobilisation antifasciste dans le Nord.<\/p>\n\n\n\n<p>&nbsp; &nbsp; &nbsp; &nbsp; &nbsp; &nbsp; &nbsp; &nbsp; &nbsp; &nbsp; &nbsp; &nbsp; &nbsp; &nbsp; &nbsp; &nbsp; &nbsp; &nbsp; ________________________________________________________<\/p>\n\n\n\n<p><strong><u>Samedi 5 f\u00e9vrier, \u00e0 15 heures, j\u2019appelle \u00e0 une manifestation sur la Grande Place de Lille.<\/u><\/strong><\/p>\n\n\n\n<p>Nous devrons y \u00eatre nombreux&nbsp;!&nbsp;A chacun de mobiliser tous les d\u00e9mocrates&nbsp;!<\/p>\n\n\n\n<p>C\u2019est l\u2019avenir de nos enfants qui est en jeu&nbsp;!<\/p>\n\n\n\n<figure class=\"wp-block-table\"><table><tbody><tr><td class=\"has-text-align-left\" data-align=\"left\">&nbsp;<strong>NON A UN PARTI RACISTE DANS UN GOUVERNEMENT DE L\u2019UNION EUROP\u00c9ENNE&nbsp;<\/strong><br><br>P\u00e9tition r\u00e9gionale lanc\u00e9e par le d\u00e9put\u00e9 europ\u00e9en G\u00e9rard CAUDRON&nbsp;&nbsp;Dans quelques jours, un des pays de l\u2019Union Europ\u00e9enne, l\u2019Autriche&nbsp;; risque d\u2019\u00eatre gouvern\u00e9 par&nbsp;<strong>un parti x\u00e9nophobe, raciste et antis\u00e9mite. NOUS, CITOYENS EUROP\u00c9ENS D\u00c9MOCRATES, SIGNATAIRES DE CETTE P\u00c9TITION, EXIGEONS<\/strong> <br>Que la Commission Europ\u00e9enne, gardienne des trait\u00e9s, des principes et des valeurs sur lesquels ce construit notre Europe, \u00e9tudie les mesures \u00e0 prendre \u2013&nbsp;<strong>pouvant aller jusqu\u2019\u00e0 l\u2019exclusion de cet \u00c9tat de l\u2019union<\/strong>&nbsp;\u2013 si un tel gouvernement \u00e9tait officiellement constitu\u00e9.&nbsp;<br>Le 29 Janvier 2000&nbsp;&nbsp;<br><br>P\u00e9tition \u00e0 retourner par e-mail \u00e0&nbsp;<a rel=\"noreferrer noopener\" href=\"mailto:gcaudron@europarl.eu.int\" target=\"_blank\">gcaudron@europarl.eu.int<\/a>&nbsp;ou \u00e0 faxer \u00e0 la maison du Citoyen d\u2019Europe \u00e0 Villeneuve d\u2019Ascq au (33) 03.20.61.19.29&nbsp;<\/td><\/tr><\/tbody><\/table><\/figure>\n","protected":false},"excerpt":{"rendered":"<p>Europe le 2 f\u00e9vrier 2000 La d\u00e9mocratie europ\u00e9enne se r\u00e9veille \u00abavec la gueule de bois\u00bb&nbsp;! Hier soir, \u00e0 Vienne, l\u2019Extr\u00eame-droite a gagn\u00e9&nbsp;! Les conservateurs autrichiens \u00e0 l\u2019image de leurs homologues allemands des ann\u00e9es 30 ont \u00ab\u00a0d\u00e9roul\u00e9 le tapis rouge\u00a0\u00bb aux adeptes de la&nbsp; x\u00e9nophobie, du racisme et de l\u2019antis\u00e9mitisme . Ce 1er&nbsp;f\u00e9vrier 2000 sera \u00e0 &hellip; <\/p>\n<p><a class=\"more-link btn\" href=\"http:\/\/www.gcaudron.com\/?page_id=9056\">Continue reading<\/a><\/p>\n","protected":false},"author":3,"featured_media":0,"parent":8926,"menu_order":-85,"comment_status":"closed","ping_status":"closed","template":"template-onecolumn.php","meta":{"footnotes":""},"class_list":["post-9056","page","type-page","status-publish","hentry","nodate","item-wrap"],"_links":{"self":[{"href":"http:\/\/www.gcaudron.com\/index.php?rest_route=\/wp\/v2\/pages\/9056","targetHints":{"allow":["GET"]}}],"collection":[{"href":"http:\/\/www.gcaudron.com\/index.php?rest_route=\/wp\/v2\/pages"}],"about":[{"href":"http:\/\/www.gcaudron.com\/index.php?rest_route=\/wp\/v2\/types\/page"}],"author":[{"embeddable":true,"href":"http:\/\/www.gcaudron.com\/index.php?rest_route=\/wp\/v2\/users\/3"}],"replies":[{"embeddable":true,"href":"http:\/\/www.gcaudron.com\/index.php?rest_route=%2Fwp%2Fv2%2Fcomments&post=9056"}],"version-history":[{"count":4,"href":"http:\/\/www.gcaudron.com\/index.php?rest_route=\/wp\/v2\/pages\/9056\/revisions"}],"predecessor-version":[{"id":9633,"href":"http:\/\/www.gcaudron.com\/index.php?rest_route=\/wp\/v2\/pages\/9056\/revisions\/9633"}],"up":[{"embeddable":true,"href":"http:\/\/www.gcaudron.com\/index.php?rest_route=\/wp\/v2\/pages\/8926"}],"wp:attachment":[{"href":"http:\/\/www.gcaudron.com\/index.php?rest_route=%2Fwp%2Fv2%2Fmedia&parent=9056"}],"curies":[{"name":"wp","href":"https:\/\/api.w.org\/{rel}","templated":true}]}}