{"id":9054,"date":"2023-02-14T23:06:59","date_gmt":"2023-02-14T22:06:59","guid":{"rendered":"http:\/\/www.gcaudron.com\/?page_id=9054"},"modified":"2024-02-06T19:45:58","modified_gmt":"2024-02-06T18:45:58","slug":"mission-israel-1996","status":"publish","type":"page","link":"http:\/\/www.gcaudron.com\/?page_id=9054","title":{"rendered":"Mission Isra\u00ebl &#8211; 1996"},"content":{"rendered":"\n<p class=\"has-text-align-center\"><strong><u>Mission Isra\u00ebl &#8211; 17 Novembre &#8211; 20 Novembre 1996<\/u><\/strong><\/p>\n\n\n\n<p class=\"has-text-align-center\"><u style=\"font-weight: bold;\">En compagnie de K.&nbsp;HANSCH<\/u> &#8211; <strong><u>Pr\u00e9sident du Parlement Europ\u00e9en<\/u><\/strong>&nbsp;<\/p>\n\n\n\n<p><strong><u>Dimanche 17 novembre<\/u><\/strong><\/p>\n\n\n\n<p><strong>11h00<\/strong>&nbsp;\u2013 D\u00e9collage de Bruxelles&nbsp;<\/p>\n\n\n\n<p>&nbsp;\u2013 On survole les Alpes\u2026 certainement autrichiennes. Elles sont enneig\u00e9es\u2026&nbsp;C\u2019est toujours aussi beau, ces montagnes sombres, z\u00e9br\u00e9es de blanc\u2026On devrait apprendre la g\u00e9ographie du haut du ciel\u2026<\/p>\n\n\n\n<p><strong>14h00&nbsp;<\/strong>\u2013 Une mer de nuages parfois perc\u00e9e de montagnes noires.<\/p>\n\n\n\n<p>Yougoslavie\u2026 Gr\u00e8ce\u2026 vues de haut, les nationalismes sont difficilement identifiables\u2026<\/p>\n\n\n\n<p><strong>14h02<\/strong>&nbsp;\u2013 C\u2019\u00e9tait s\u00fbrement la Gr\u00e8ce puisqu\u2019\u00e0 l\u2019instant nous entrons en M\u00e9diterran\u00e9e, une M\u00e9diterran\u00e9e \u00e9gren\u00e9e d\u2019\u00eeles et d\u2019\u00eelots et envelopp\u00e9e de nuages.<\/p>\n\n\n\n<p>On n\u2019est plus en \u00e9t\u00e9\u2026 les nuages sont l\u00e0 qui masquent \u00ab\u00a0notre mer int\u00e9rieure\u00a0\u00bb qu&rsquo;est la M\u00e9diterran\u00e9e et qui secouent notre 767.<\/p>\n\n\n\n<p><strong>Il est 15 heures\u2026 heure fran\u00e7aise\u2026 16 heures en Isra\u00ebl.<\/strong><\/p>\n\n\n\n<p>Nous amor\u00e7ons notre descente sur Ben Gourion Airport.&nbsp;Et c\u2019est , pour moi , la premi\u00e8re fois que je n\u2019arrive pas par temps clair.<\/p>\n\n\n\n<p><strong>16h20&nbsp;<\/strong>\u2013 On atterrit.<\/p>\n\n\n\n<p>\u00ab\u00a0Accueil officiel, voiture \u00e0 rideaux noirs, police et s\u00e9curit\u00e9.\u00a0\u00bb On va de suite au Salon VIP.<\/p>\n\n\n\n<p>On attend le Pr\u00e9sident Klaus Hansch qui, venu d&rsquo;Allemagne ,arrivera deux heures plus tard.<\/p>\n\n\n\n<p>Nous discutons avec les Ambassadeurs\u2026 avec toujours cette question&nbsp;: Quid la visite \u00e0 l\u2019Orient House ?\u2026 (si\u00e8ge officieux des palestiniens \u00e0 J\u00e9rusalem-Est) \u2026&nbsp; En ce qui me concerne, j\u2019esp\u00e8re que nous n\u2019irons pas.<\/p>\n\n\n\n<p>Les enjeux sont d\u2019une autre nature et on peut essayer de jouer un r\u00f4le important durant ces trois jours. Il est donc inutile&nbsp; d\u2019\u00eatre provocateurs.<\/p>\n\n\n\n<p><strong>20h00<\/strong>&nbsp;\u2013 On se retrouve \u00e0 l\u2019Ambassade de l\u2019Union Europ\u00e9enne \u00e0 Tel Aviv et autour d\u2019un repas, des fonctionnaires, des d\u00e9put\u00e9s, anciens ou futurs ministres travaillistes ou du Likoud vont \u00e9changer et discuter avec nous.<\/p>\n\n\n\n<p>Les perspectives de paix sont l\u00e0. Les pistes existent, les bonnes volont\u00e9s aussi\u2026<\/p>\n\n\n\n<p>Ce soir, j\u2019ose y croire\u2026<\/p>\n\n\n\n<p><strong>23h00<\/strong>&nbsp;\u2013&nbsp;<strong>D\u00e9part pour J\u00e9rusalem&nbsp;<\/strong>au King David H\u00f4tel, avec une vue \u00ab\u00a0magique\u00a0\u00bb sur les remparts de la vieille ville\u2026 Une belle nuit et&nbsp; toujours pour moi \u00a0\u00bb le m\u00eame choc\u00a0\u00bb, J\u00e9rusalem\u2026, la ville de la Paix, la ville de toutes les religions, la ville de toutes les Histoires et de tous les r\u00eaves\u2026<\/p>\n\n\n\n<p><strong><u>LUNDI 18 NOVEMBRE 1996 \u2013 6h30<\/u><\/strong><\/p>\n\n\n\n<p>J\u2019esp\u00e9rais un lever de soleil sur la vieille ville. Il pleut.<\/p>\n\n\n\n<p><strong>7h30&nbsp;<\/strong>\u2013 D\u00e9part pour la visite \u00ab\u00a0des lieux saints\u00a0\u00bb de J\u00e9rusalem&nbsp;: d\u2019abord les Catholiques avec le Saint S\u00e9pulture,&nbsp; ensuite les Musulmans avec le D\u00f4me du Rocher et la Mosqu\u00e9e Al-Aqsa.<\/p>\n\n\n\n<p>Je&nbsp;d\u00e9couvre ces derniers pour la premi\u00e8re fois\u2026<\/p>\n\n\n\n<p>Enfin, \u00ab\u00a0le Mur des Lamentations\u00a0\u00bb\u2026 le tout en deux heures au pas de course\u2026<\/p>\n\n\n\n<p><strong>10h30 \u2013 Rencontre avec le Pr\u00e9sident de l\u2019\u00c9tat, Monsieur Weizman.<\/strong><\/p>\n\n\n\n<p>\u00abPour que la Paix continue, il faut certes des efforts isra\u00e9liens mais il faut aussi que les palestiniens \u00e9claircissent leurs objectifs r\u00e9els\u00bb car en effet les discours de Monsieur ARAFAT \u00e0 la TV dans son vieil uniforme ne rassurent pas\u2026<\/p>\n\n\n\n<p><strong>11h30<\/strong>&nbsp;\u2013 Retour au King David H\u00f4tel.<\/p>\n\n\n\n<p>Le temps s\u2019est d\u00e9gag\u00e9. Il y a des rayons de soleil sur les remparts de J\u00e9rusalem.<\/p>\n\n\n\n<p><strong>13h00 \u2013 Rencontre avec les responsables de l\u2019Universit\u00e9 H\u00e9bra\u00efque de J\u00e9rusalem.<\/strong><\/p>\n\n\n\n<p>Discussion sur l\u2019Europe, sur nos universit\u00e9s, sur la vie politique, sur les accords entre l\u2019Europe et Isra\u00ebl et bien s\u00fbr, sur le processus de Paix.<\/p>\n\n\n\n<p>Des pistes sont trac\u00e9es de coop\u00e9ration entre nos Universit\u00e9s.<\/p>\n\n\n\n<p><strong>15h00&nbsp;<\/strong>\u2013 Retour \u00e0 l\u2019h\u00f4tel pour se pr\u00e9parer \u00e0 rejoindre la KNESSET.<\/p>\n\n\n\n<p><strong>15h30 \u2013 On nous accueille \u00e0 la KNESSET&nbsp;: \u00ab\u00a0<\/strong>revue officielle, d\u00e9p\u00f4t de gerbe, bienvenue du speaker.\u00a0\u00bb<\/p>\n\n\n\n<p>K. Hansch&nbsp; prononce un bon discours, bien \u00e9quilibr\u00e9, sans concession mais sans provocation.<\/p>\n\n\n\n<p>Il sera tr\u00e8s largement applaudi et compliment\u00e9 ensuite sur tous les bancs.<\/p>\n\n\n\n<p>Nous avons r\u00e9ussi \u00e0 organiser une rencontre avec le Premier Ministre\u2026 tout \u00e0 fait \u00e0 l\u2019image de l\u2019image qu\u2019il donne \u00e0 ses interlocuteurs \u00e9trangers\u2026<\/p>\n\n\n\n<p>\u00ab\u00a0Il veut la Paix\u00a0\u00bb dit-il\u2026 \u00ab\u00a0il la fera \u00e0 son rythme\u00a0\u00bb&nbsp; rajoute-t-il&#8230;<\/p>\n\n\n\n<p>Pour lui, l\u2019accord sur H\u00e9bron peut \u00eatre sign\u00e9 \u00e0 tout moment\u2026 \u00ab\u00a0si Arafat&nbsp; le veut\u00a0\u00bb.<\/p>\n\n\n\n<p>Nous rencontrons ensuite des d\u00e9put\u00e9s du Labour et du Likoud.<\/p>\n\n\n\n<p>Le d\u00e9bat est ouvert\u2026 Il n\u2019y a pas la tension que j\u2019ai pu conna\u00eetre \u00e0 d\u2019autres \u00e9poques.<\/p>\n\n\n\n<p>C\u2019est une curieuse atmosph\u00e8re et des discours qui contrastent avec ce que l\u2019on en dit \u00e0 l\u2019ext\u00e9rieur.<\/p>\n\n\n\n<p>L\u2019avenir nous dira vite ce qu\u2019il en est r\u00e9ellement.<\/p>\n\n\n\n<p><strong>18h30 \u2013 Retour \u00e0 l\u2019h\u00f4tel pour une r\u00e9ception avec des D\u00e9put\u00e9s, des Ministres et des Ambassadeurs.<\/strong><\/p>\n\n\n\n<p>En chemin, nous avons rencontr\u00e9 le Maire de J\u00e9rusalem, un membre du \u00ab\u00a0Likoud dur\u00a0\u00bb.<\/p>\n\n\n\n<p>J\u2019ai une tr\u00e8s bonne image \u00e0 J\u00e9rusalem, mais aussi aupr\u00e8s des Ambassadeurs dont celui de France et je semble avoir \u00ab\u00a0impressionn\u00e9\u00a0\u00bb le Ministre repr\u00e9sentant l\u2019Union Europ\u00e9enne au Moyen Orient.<\/p>\n\n\n\n<p>C\u2019est un espagnol et socialiste. Il veut me revoir.&nbsp;On a bien travaill\u00e9&nbsp;!<\/p>\n\n\n\n<p>Le soir, autour d\u2019un repas, sous pr\u00e9sidence irlandaise, un bon d\u00e9bat en anglais avec mon anglais \u00ab\u00a0si bien teint\u00e9 d\u2019accent fran\u00e7ais\u00a0\u00bb (me dira-t-on du cot\u00e9 des interpr\u00e8tes \u2026).<\/p>\n\n\n\n<p>Je pense aujourd\u2019hui (sans fausse modestie) avoir modestement pes\u00e9 \u00ab\u00a0sur le cours des choses\u00a0\u00bb.<\/p>\n\n\n\n<p>Demain matin, \u00e0 nous irons Yad Vashem, sur la Tombe de Rabin, et ce , avant une rencontre minist\u00e9rielle.<\/p>\n\n\n\n<p>Demain apr\u00e8s-midi, nous partirons du c\u00f4t\u00e9 palestinien.<\/p>\n\n\n\n<p><strong>\u00c0 22h00, je m\u2019offre une promenade dans les rues&nbsp;<\/strong><strong>peu anim\u00e9es de J\u00e9rusalem<\/strong>&nbsp;m\u00eame si le temps permet des terrasses ouvertes.<\/p>\n\n\n\n<p><strong><u>Mardi 19 novembre<\/u><\/strong><\/p>\n\n\n\n<p><strong>8h30 \u2013 D\u00e9part pour Yad Vashem&nbsp;<\/strong>avec toujours une m\u00eame \u00e9motion. Visite du Mus\u00e9e, visite du M\u00e9morial des enfants juifs \u2013 d\u00e9p\u00f4ts de gerbes \u2013 longues explications au Pr\u00e9sident Hansch visiblement tr\u00e8s \u00e9mu.<\/p>\n\n\n\n<p>On comprend toujours mieux la d\u00e9termination des Isra\u00e9liens, voire leur obstination sur trois points&nbsp;: s\u00e9curit\u00e9 \u2013 existence \u2013 dignit\u00e9.<\/p>\n\n\n\n<p>Visite aussi de la Tombe d\u2019YITZHAK RABIN o\u00f9 il y a beaucoup de visiteurs . Nous d\u00e9posons des gerbes.<\/p>\n\n\n\n<p><strong>11h15 \u2013 Rendez-vous avec le Ministre des Affaires \u00c9trang\u00e8res, David Levy,&nbsp;<\/strong>que j\u2019avais rencontr\u00e9 au m\u00eame endroit en 1991 en compagnie de L. Fabius.<\/p>\n\n\n\n<p>Il parle beaucoup. Il explique\u2026 sans vraiment dire grand-chose.<\/p>\n\n\n\n<p>On ne saura pas si l\u2019accord d\u2019H\u00e9bron sera rapidement sign\u00e9.<\/p>\n\n\n\n<p>Par contre, on a appris par une nouvelle d\u00e9p\u00eache un nouveau projet de colonisation.<\/p>\n\n\n\n<p>12h30 \u2013 Rencontre avec la presse<\/p>\n\n\n\n<p><strong>15h00 \u2013 On part \u00e0 \u00ab\u00a0J\u00e9rusalem Est\u00a0\u00bb&nbsp;<\/strong>pour \u00ab\u00a0l\u2019American Colony H\u00f4tel\u00a0\u00bb , un h\u00f4tel colonial dans un quartier \u00ab\u00a0tr\u00e8s ,tr\u00e8s calme\u00a0\u00bb \u2026<\/p>\n\n\n\n<p><strong>15h30 \u2013 D\u00e9part pour BETHLEEM&nbsp;<\/strong>dans des voitures de la Commission Europ\u00e9enne.<\/p>\n\n\n\n<p>Depuis le King David H\u00f4tel, nous n\u2019avons plus d\u2019escorte isra\u00e9lienne.<\/p>\n\n\n\n<p>Apr\u00e8s la sortie de J\u00e9rusalem, 15 minutes plus tard, c\u2019est le \u00a0\u00bb Checkpoint \u00a0\u00bb et \u00a0\u00bb on change de monde \u00ab\u00a0. En quelques m\u00e8tres, on passe d\u2019un monde occidentalis\u00e9 \u00e0 un monde&nbsp; sous d\u00e9velopp\u00e9.<\/p>\n\n\n\n<p>Un peu plus loin, une d\u00e9l\u00e9gation palestinienne et une escorte nous attendent.<\/p>\n\n\n\n<p>Direction&nbsp;: la mairie de Bethleem o\u00f9 l\u2019accueil est chaleureux bien s\u00fbr assorti des revendications de base des palestiniens exprim\u00e9es de mani\u00e8re plus ou moins \u00a0\u00bb hard&nbsp;\u00bb\u00a0\u00bb ,- caf\u00e9\u2026 ,biscuits\u2026 ,\u00e9changes de cadeaux et on part visiter longuement l\u2019Eglise de la Nativit\u00e9\u2026. dans toutes ses profondeurs .. (&nbsp;un gout d&rsquo;\u00e9ternit\u00e9 )<\/p>\n\n\n\n<p>Entretemps, nous avons appris que l\u2019annulation d\u2019Orient House a provoqu\u00e9 une crise cot\u00e9 palestinien et que toutes les autres rencontres pr\u00e9vues de la soir\u00e9e avaient \u00e9t\u00e9 annul\u00e9es.<\/p>\n\n\n\n<p><strong><u>Mercredi 20 novembre 1996 \u2013<\/u><\/strong>&nbsp;Dernier jour pour moi<\/p>\n\n\n\n<p>L\u2019h\u00f4tel \u00ab\u00a0American Colony\u00a0\u00bb , tout en \u00e9tant plus cher que \u00ab\u00a0le King David H\u00f4tel, est peut-\u00eatre plus typique mais d\u00e9cid\u00e9ment beaucoup moins agr\u00e9able.<\/p>\n\n\n\n<p>En plus, \u00e0 4h30, une Mosqu\u00e9e nous a diffus\u00e9 l\u2019appel \u00e0 la pri\u00e8re du lever du soleil&nbsp;!&#8230;<\/p>\n\n\n\n<p><strong>\u00c0 9 heures, nous nous retrouvons en r\u00e9union avec les Consuls G\u00e9n\u00e9raux des 15 \u00c9tats de l\u2019Union Europ\u00e9enne&nbsp;<\/strong><strong>\u2026<\/strong><strong>&nbsp;\u00e0 J\u00e9rusalem-Est.<\/strong><\/p>\n\n\n\n<p>C&rsquo;est une bonne et tr\u00e8s instructive r\u00e9union de travail d\u2019une heure pour nous informer des questions qui nous attendent \u00e0 Ramallah.<\/p>\n\n\n\n<p><strong>10h00 \u2013 D\u00e9part pour Ramallah<\/strong><\/p>\n\n\n\n<p>Tr\u00e8s vite \u00ab\u00a0nous tombons\u00a0\u00bb sur&nbsp; un Checkpoint, les distances sont tellement courtes en Isra\u00ebl.<\/p>\n\n\n\n<p>Un comit\u00e9 d\u2019accueil est l\u00e0 avec des policiers, des gyrophares, des drapeaux et quelques curieux qui nous regardent passer\u2026<\/p>\n\n\n\n<p>Comme \u00e0 Bethlehem , c\u2019est un autre monde, mais qui semble moins pauvre\u2026<\/p>\n\n\n\n<p>Arriv\u00e9e au si\u00e8ge du Conseil L\u00e9gislatif, une haie d\u2019honneur de soldats en armes palestiniens nous attend\u2026<\/p>\n\n\n\n<p>\u00ab\u00a0Toutes les armes\u00a0\u00bb sont repr\u00e9sent\u00e9es&nbsp;: terre, mer, air, s\u00e9curit\u00e9, police, police des fronti\u00e8res etc. sans oublier les services secrets (en civil), ni \u00ab\u00a0un bon nombre\u00a0\u00bb de d\u00e9corations sur les uniformes.<\/p>\n\n\n\n<p>Cet ensemble de militaires repr\u00e9sente s\u00fbrement le plus gros employeur palestinien et il est sans doute compos\u00e9 largement de gamins de l\u2019INTIFADA\u2026<\/p>\n\n\n\n<p>Ils ont d\u2019ailleurs une certaine allure et de \u00a0\u00bb l\u2019exp\u00e9rience \u00ab\u00a0.<\/p>\n\n\n\n<p>Autre remarque, au moment de gravir les marches, \u00a0\u00bb les marques d\u2019honneur \u00a0\u00bb \u00e0 mon \u00e9gard\u2026 voire m\u00eame de reconnaissance de mon statut \u2026 sont \u00ab\u00a0r\u00e9duites au strict, tr\u00e8s strict minimum\u00a0\u00bb.<\/p>\n\n\n\n<p>J\u2019ai d\u2019ailleurs quelques difficult\u00e9s \u00e0 me trouver \u00a0\u00bb un strapontin \u00a0\u00bb lors du premier entretien avec le speaker du Conseil L\u00e9gislatif.<\/p>\n\n\n\n<p><strong>20 minutes plus tard, nous entrons en Conseil.<\/strong><\/p>\n\n\n\n<p>Le Pr\u00e9sident Palestinien y fait un discours sans concession, assez juste dans le ton \u00e0 la r\u00e9serve pr\u00e8s \u00ab\u00a0d\u2019une d\u00e9rive\u00a0\u00bb (rajout\u00e9e au discours \u00e9crit) sur les droits de tous les r\u00e9fugi\u00e9s \u00ab\u00a0\u00e0 retourner sur leur terre d\u2019origine\u2026\u00a0\u00bb.<\/p>\n\n\n\n<p>Je pense qu\u2019on n\u2019a pas fini d\u2019en reparler d\u2019autant plus qu\u2019un journaliste du Nouvel Observateur, une heure plus tard au point presse, a demand\u00e9 des pr\u00e9cisions \u00ab\u00a0et s\u2019est fait renvoyer dans ses buts\u00a0\u00bb sans m\u00e9nagement\u2026<\/p>\n\n\n\n<p>Au moment des applaudissements, une grosse moiti\u00e9 des \u00e9lus palestiniens se l\u00e8vera, deux tiers applaudiront\u2026 et les autres, certainement insensibles aux appels \u00e0 la Paix et contre le terrorisme ne bougeront pas ( je les avais d\u00e9j\u00e0 quelque peu rep\u00e9r\u00e9s d\u00e8s le d\u00e9but ).<\/p>\n\n\n\n<p>\u00bd heure de point presse devant une arm\u00e9e de journalistes et de cam\u00e9ras TV, avec en premi\u00e8re question&nbsp;:&nbsp; \u00ab\u00a0Why did you Cancelled the visit and the meeting to Orient House&nbsp;?\u00a0\u00bb<\/p>\n\n\n\n<p>R\u00e9ponse du Pr\u00e9sident Hansch&nbsp; : \u00a0\u00bb I did not Cancelled, because I did not decided to go\u2026\u00a0\u00bb<\/p>\n\n\n\n<p>13h45 \u2013 Un repas oriental o\u00f9 je suis bien s\u00fbr \u00e9cart\u00e9 de la table d\u2019honneur\u2026 et oui \u2026je n&rsquo;en dirai pas davantage puisque ,de l\u00e0 o\u00f9 j&rsquo;\u00e9tais , je ne pouvais rien voir\u2026<\/p>\n\n\n\n<p>14h30 \u2013 D\u00e9part pour J\u00e9rusalem\u2026 Checkpoint\u2026 embouteillages.<\/p>\n\n\n\n<p>Il tombe une pluie d\u2019orage\u2026<\/p>\n\n\n\n<p><strong>15h15 \u2013 Je regagne \u00ab\u00a0Ben Gourion Airport\u00a0\u00bb&nbsp;<\/strong>pendant que le reste de la d\u00e9l\u00e9gation va \u00e0 H\u00e9bron avant d\u2019aller \u00e0 Gaza. (clairement me concernant \u00ab\u00a0Courageux mais pas t\u00e9m\u00e9raire\u00a0\u00bb ).<\/p>\n\n\n\n<p>Il pleut toujours\u2026 les embouteillages sont comme \u00e0 Paris ou \u00e0 Bruxelles.<\/p>\n\n\n\n<p><strong>16h30 \u00e0 l\u2019a\u00e9roport,<\/strong>&nbsp;un agent isra\u00e9lien m\u2019y attend pour me faciliter les d\u00e9marches, les contr\u00f4les sont all\u00e9g\u00e9s\u2026<\/p>\n\n\n\n<p><strong>\u00c0 17 heures,<\/strong>&nbsp;je monte dans l\u2019avion pour un vol qui s\u2019annonce \u00a0\u00bb peu calme \u00ab\u00a0en raison des vents violents.<\/p>\n\n\n\n<p><strong>\u00c0 19h20,&nbsp;<\/strong>on a une vue magnifique sur Ath\u00e8nes.&nbsp;Nous filons sur l\u2019Italie avant de passer au-dessus de Gen\u00e8ve et de plonger sur Charles de Gaulle.<\/p>\n\n\n\n<p>\u00c0 Tel Aviv, il faisait plus de 20\u00b0<\/p>\n\n\n\n<p>\u00c0 Paris, il doit faire 4\u00b0&nbsp;; la pluie et le vent nous attendent avec, en plus, des barrages de camions\u2026<\/p>\n","protected":false},"excerpt":{"rendered":"<p>Mission Isra\u00ebl &#8211; 17 Novembre &#8211; 20 Novembre 1996 En compagnie de K.&nbsp;HANSCH &#8211; Pr\u00e9sident du Parlement Europ\u00e9en&nbsp; Dimanche 17 novembre 11h00&nbsp;\u2013 D\u00e9collage de Bruxelles&nbsp; &nbsp;\u2013 On survole les Alpes\u2026 certainement autrichiennes. Elles sont enneig\u00e9es\u2026&nbsp;C\u2019est toujours aussi beau, ces montagnes sombres, z\u00e9br\u00e9es de blanc\u2026On devrait apprendre la g\u00e9ographie du haut du ciel\u2026 14h00&nbsp;\u2013 Une mer &hellip; <\/p>\n<p><a class=\"more-link btn\" href=\"http:\/\/www.gcaudron.com\/?page_id=9054\">Continue reading<\/a><\/p>\n","protected":false},"author":3,"featured_media":0,"parent":8926,"menu_order":-82,"comment_status":"closed","ping_status":"closed","template":"template-onecolumn.php","meta":{"footnotes":""},"class_list":["post-9054","page","type-page","status-publish","hentry","nodate","item-wrap"],"_links":{"self":[{"href":"http:\/\/www.gcaudron.com\/index.php?rest_route=\/wp\/v2\/pages\/9054","targetHints":{"allow":["GET"]}}],"collection":[{"href":"http:\/\/www.gcaudron.com\/index.php?rest_route=\/wp\/v2\/pages"}],"about":[{"href":"http:\/\/www.gcaudron.com\/index.php?rest_route=\/wp\/v2\/types\/page"}],"author":[{"embeddable":true,"href":"http:\/\/www.gcaudron.com\/index.php?rest_route=\/wp\/v2\/users\/3"}],"replies":[{"embeddable":true,"href":"http:\/\/www.gcaudron.com\/index.php?rest_route=%2Fwp%2Fv2%2Fcomments&post=9054"}],"version-history":[{"count":2,"href":"http:\/\/www.gcaudron.com\/index.php?rest_route=\/wp\/v2\/pages\/9054\/revisions"}],"predecessor-version":[{"id":9635,"href":"http:\/\/www.gcaudron.com\/index.php?rest_route=\/wp\/v2\/pages\/9054\/revisions\/9635"}],"up":[{"embeddable":true,"href":"http:\/\/www.gcaudron.com\/index.php?rest_route=\/wp\/v2\/pages\/8926"}],"wp:attachment":[{"href":"http:\/\/www.gcaudron.com\/index.php?rest_route=%2Fwp%2Fv2%2Fmedia&parent=9054"}],"curies":[{"name":"wp","href":"https:\/\/api.w.org\/{rel}","templated":true}]}}