{"id":9048,"date":"2023-02-14T19:28:38","date_gmt":"2023-02-14T18:28:38","guid":{"rendered":"http:\/\/www.gcaudron.com\/?page_id=9048"},"modified":"2024-02-06T19:51:52","modified_gmt":"2024-02-06T18:51:52","slug":"istanbul-le-18-juillet-1991","status":"publish","type":"page","link":"http:\/\/www.gcaudron.com\/?page_id=9048","title":{"rendered":"Istanbul, le 18 Juillet 1991"},"content":{"rendered":"\n<p class=\"has-text-align-center\"><strong>Commission mixte Europe \/ Turquie<\/strong><\/p>\n\n\n\n<p><strong>9 heures<\/strong><\/p>\n\n\n\n<p>Pour commencer la matin\u00e9e, on discute de la situation politique du Moyen Orient apr\u00e8s la guerre du Golf, avec, bien s\u00fbr en introduction, une longue tirade sur les cons\u00e9quences \u00e9conomiques de la guerre sur la Turquie (entre 6 et 9 milliards de dollars\u2026 nous dit elle..)<\/p>\n\n\n\n<p>En fait, le rapport ne portera pas que sur cela et la discussion non plus ..<\/p>\n\n\n\n<p>On peut certes comprendre nos \u00ab\u00a0amis\u00a0\u00bb turcs, pour autant, je leur redirai que dans tout choix strat\u00e9gique et guerrier majeur, on assume toutes les cons\u00e9quences positives et celles qui le sont moins.<\/p>\n\n\n\n<p>La Turquie tire en effet une grande partie de sa force de son appartenance \u00e0 l&rsquo;OTAN et son ancrage \u00e0 l&rsquo;Europe.&nbsp;Un choix diff\u00e9rent au moment de la guerre aurait rompu ces liens.<\/p>\n\n\n\n<p><strong>Il est 10h15 quand on aborde officiellement la question chypriote<\/strong>.<\/p>\n\n\n\n<p>\u00ab\u00a0Le combat commence\u00a0\u00bb et les adversaires sont \u00ab\u00a0t\u00e9nus\u00a0\u00bb\u2026<\/p>\n\n\n\n<p>La parole d&rsquo;abord aux turcs qui \u00ab\u00a0attaqueront\u00a0\u00bb tr\u00e8s durement.<\/p>\n\n\n\n<p>L&rsquo;Europe est repr\u00e9sent\u00e9e par un conservateur britannique qui, plus mod\u00e9r\u00e9 dans le ton, rappelle l&rsquo;historique 17 ans de rupture. Une occupation de la partie nord de l&rsquo;\u00eele par l&rsquo;arm\u00e9e turque avec une d\u00e9claration unilat\u00e9rale d&rsquo;ind\u00e9pendance de la partie turque.<\/p>\n\n\n\n<p>Alors comment en sortir&nbsp;? en cr\u00e9ant un \u00c9tat conf\u00e9d\u00e9ral ou deux \u00c9tats ?&nbsp;<\/p>\n\n\n\n<p>Le nord est occup\u00e9, mais il est vrai que les populations occup\u00e9es au nord veulent cette occupation, puisqu&rsquo;il y a qu&rsquo;il y a des colons turcs au nord en grand nombre (50 \u00e0 80&nbsp;000) et que les chypriotes grecs au nombre de 200000 ont \u00e9t\u00e9 chass\u00e9s.<\/p>\n\n\n\n<p>Dans le d\u00e9bat, une fois n&rsquo;est pas coutume, les grecs sont plus sereins et les turcs plus agressifs.<\/p>\n\n\n\n<p>Il faut dire que les grecs ont \u00ab\u00a0le droit pour eux\u00a0\u00bb et la majorit\u00e9 du Parlement Europ\u00e9en avec eux.<\/p>\n\n\n\n<p>Le Pr\u00e9sident de notre commission se voudra optimiste dans sa conclusion. Le Pr\u00e9sident des \u00c9tats-Unis est actuellement \u00e0 Ath\u00e8nes. Il sera dimanche \u00e0 Ankara.<\/p>\n\n\n\n<p>Point suivant de la discussion&nbsp;: la question \u00abdes irakiens qui ont fui leurs pays en direction de la Turquie\u00bb \u2026. autrement dit \u00ables Kurdes\u00bb \u2026. mais le mot est encore tabou.&nbsp;<\/p>\n\n\n\n<p>Pour la Turquie, \u00ab\u00a0puisqu&rsquo;ils n&rsquo;existent pas en Turquie, ils n&rsquo;existent pas bien sur non plus en Irak\u00a0\u00bb CQFD\u2026<\/p>\n\n\n\n<p>On reparlera beaucoup du co\u00fbt de la guerre et de ses cons\u00e9quences.<\/p>\n\n\n\n<p>Rien de bien nouveau sinon que, dans nos d\u00e9bats, les plus durs sont les opposants turcs\u2026 et donc les socio-d\u00e9mocrates turcs\u2026 \u00ab\u00a0qui ne nous font&nbsp; aucun cadeau\u00a0\u00bb !<\/p>\n\n\n\n<p>On dit que les sondages les placent en alternative au pouvoir actuel en cas d&rsquo;\u00e9lection\u2026<\/p>\n\n\n\n<p>A m\u00e9diter en cette fin de matin\u00e9e, cette contradiction dans l&rsquo;attitude turque&nbsp;: ils demandent la partition de Chypre en deux Etats, car, pour eux, grecs et turcs ne peuvent cohabiter\u2026 et pourtant ils demandent leur adh\u00e9sion \u00e0 la CEE et donc \u00e0 terme leur participation \u00e0 un \u00c9tat f\u00e9d\u00e9ral puis conf\u00e9d\u00e9ral\u2026 avec les grecs\u2026<\/p>\n\n\n\n<p>Comprenne qui pourra \u2026 !<\/p>\n\n\n\n<p><strong>ISTANBUL \u2013 jeudi 18 Juillet \u2013 15h<\/strong><\/p>\n\n\n\n<p>Apr\u00e8s quelques pas sous le chaud soleil d&rsquo;Istanbul et un repas vite pris dans un petit resto,&nbsp;<\/p>\n\n\n\n<p>le travail reprend avec l&rsquo;examen de l&rsquo;\u00e9volution du code p\u00e9nal turc.<\/p>\n\n\n\n<p>Ainsi, depuis quelque mois, la propagande communiste n&rsquo;est plus un d\u00e9lit ni un crime, et le droit d&rsquo;association est \u00ab\u00a0tout \u00e0 fait libre\u00a0\u00bb.&nbsp;On peut aussi imprimer dans une autre langue que le turc.<\/p>\n\n\n\n<p>Enfin la libert\u00e9 d&rsquo;opinion est \u00ab\u00a0compl\u00e8tement\u00a0\u00bb reconnue.<\/p>\n\n\n\n<p>Mais on est loin du compte et gr\u00e2ce \u00e0 une nouvelle loi sur le terrorisme certaines dispositions supprim\u00e9es sont d\u00e9j\u00e0 r\u00e9introduites.<\/p>\n\n\n\n<p>Et donc pour certains d&rsquo;entre nous ,dont moi ,les r\u00e9gressions l&#8217;emportent peut-\u00eatre sur les progr\u00e8s.<\/p>\n\n\n\n<p>Les divers intervenants europ\u00e9ens le diront tandis que les repr\u00e9sentants turcs insisteront sur les \u00e9volutions intervenues et sur l&rsquo;imp\u00e9rieuse n\u00e9cessit\u00e9 de lutter contre le terrorisme.<\/p>\n\n\n\n<p>Point int\u00e9ressant, les socio-d\u00e9mocrates vont se dissocier des autres en demandant une nouvelle constitution pour remplacer celle de 1982 \u00ab\u00a0pour une Turquie r\u00e9ellement d\u00e9mocratique et r\u00e9ellement respectueuse des droits de l&rsquo;Homme \u00a0\u00bb \u2026<\/p>\n\n\n\n<p>Pour eux, la d\u00e9fense de l&rsquo;\u00c9tat doit c\u00e9der la place \u00e0 la d\u00e9fense des individus et de leurs droits.<\/p>\n\n\n\n<p>Une tr\u00e8s int\u00e9ressante contribution \u00e0 notre r\u00e9flexion collective\u2026 \u00ab\u00a0un bon point\u00a0\u00bb pour nos cousins \u00ab\u00a0socialistes\u00a0\u00bb turcs.<\/p>\n\n\n\n<p>En cl\u00f4ture de notre r\u00e9union je devais demander que lors de la prochaine r\u00e9union le point soit fait de l&rsquo;\u00e9tat et de l&rsquo;\u00e9volution de nos relations \u00e9conomiques.<\/p>\n\n\n\n<p>Il doit aussi y avoir des signaux clairs \u00e9conomiques de la volont\u00e9 turque de se rapprocher de l&rsquo;Europe.<\/p>\n\n\n\n<p>Prochaine r\u00e9union \u00e0 Bruxelles les 4, 5 et 6 Novembre.<\/p>\n\n\n\n<p><strong>19 Juillet 1991<\/strong><\/p>\n\n\n\n<p>Quelques r\u00e9flexions\u2026<\/p>\n\n\n\n<p>A-t-on avanc\u00e9 depuis notre derni\u00e8re r\u00e9union&nbsp;? Difficile \u00e0 dire \u2026 mais le contact est maintenu, le droit p\u00e9nal semble \u00e9voluer en Turquie, les forces favorables \u00e0 davantage de d\u00e9mocratie se renforcent.<\/p>\n\n\n\n<p>Restent le blocage chypriote, la crispation turque sur sa demande pure et simple d&rsquo;adh\u00e9sion \u00e0 la CEE, les risques toujours pr\u00e9sents de durcissement, la question \u00abKurdes\u00bb et la litanie des r\u00e9criminations sur le co\u00fbt de la guerre.<\/p>\n\n\n\n<p>Au niveau ambiance, nos h\u00f4tes sont moins chaleureux&nbsp;; la ville d&rsquo;Istanbul est belle sous le soleil de Juillet m\u00eame si on nous parle de pluies noires li\u00e9es aux puits en feu du Kowe\u00eft.<\/p>\n\n\n\n<p>De touristes\u2026 point&nbsp;! \u2026<\/p>\n\n\n\n<p>Mais c&rsquo;est une ville en r\u00e9novation et en expansion malgr\u00e9 ses (d\u00e9j\u00e0) 12 millions d&rsquo;habitants et son taux d&rsquo;inflation \u00e0 pr\u00e8s de 70%<\/p>\n\n\n\n<p>Peu de touristes japonais&nbsp;! La guerre est pass\u00e9e\u2026&nbsp;Eux qui, ici comme ailleurs, ont compris qu&rsquo;il leur \u00e9tait moins co\u00fbteux d&rsquo;acheter le monde que le conqu\u00e9rir, se sont fait tr\u00e8s discrets depuis la guerre du Golf.<\/p>\n\n\n\n<p>De cette guerre, on parlera peu, moins que de Chypre.<\/p>\n\n\n\n<p>Et c&rsquo;est une ville d&rsquo;Istanbul sous haute surveillance que je quitte juste avant l&rsquo;arriv\u00e9e du Pr\u00e9sident Bush qui vient \u00e0 Istanbul apr\u00e8s un arr\u00eat \u00e0 Ath\u00e8nes pour , dit-on, r\u00e9concilier grecs et turcs.<\/p>\n\n\n\n<p>La presse a titr\u00e9 ce matin sur les menaces de terroriste d&rsquo;assassiner George Bush, moyen sans doute de justifier, s&rsquo;il lui fallait, sa nouvelle loi anti-terroriste.<\/p>\n","protected":false},"excerpt":{"rendered":"<p>Commission mixte Europe \/ Turquie 9 heures Pour commencer la matin\u00e9e, on discute de la situation politique du Moyen Orient apr\u00e8s la guerre du Golf, avec, bien s\u00fbr en introduction, une longue tirade sur les cons\u00e9quences \u00e9conomiques de la guerre sur la Turquie (entre 6 et 9 milliards de dollars\u2026 nous dit elle..) En fait, &hellip; <\/p>\n<p><a class=\"more-link btn\" href=\"http:\/\/www.gcaudron.com\/?page_id=9048\">Continue reading<\/a><\/p>\n","protected":false},"author":3,"featured_media":0,"parent":8926,"menu_order":-71,"comment_status":"closed","ping_status":"closed","template":"template-onecolumn.php","meta":{"footnotes":""},"class_list":["post-9048","page","type-page","status-publish","hentry","nodate","item-wrap"],"_links":{"self":[{"href":"http:\/\/www.gcaudron.com\/index.php?rest_route=\/wp\/v2\/pages\/9048","targetHints":{"allow":["GET"]}}],"collection":[{"href":"http:\/\/www.gcaudron.com\/index.php?rest_route=\/wp\/v2\/pages"}],"about":[{"href":"http:\/\/www.gcaudron.com\/index.php?rest_route=\/wp\/v2\/types\/page"}],"author":[{"embeddable":true,"href":"http:\/\/www.gcaudron.com\/index.php?rest_route=\/wp\/v2\/users\/3"}],"replies":[{"embeddable":true,"href":"http:\/\/www.gcaudron.com\/index.php?rest_route=%2Fwp%2Fv2%2Fcomments&post=9048"}],"version-history":[{"count":2,"href":"http:\/\/www.gcaudron.com\/index.php?rest_route=\/wp\/v2\/pages\/9048\/revisions"}],"predecessor-version":[{"id":9638,"href":"http:\/\/www.gcaudron.com\/index.php?rest_route=\/wp\/v2\/pages\/9048\/revisions\/9638"}],"up":[{"embeddable":true,"href":"http:\/\/www.gcaudron.com\/index.php?rest_route=\/wp\/v2\/pages\/8926"}],"wp:attachment":[{"href":"http:\/\/www.gcaudron.com\/index.php?rest_route=%2Fwp%2Fv2%2Fmedia&parent=9048"}],"curies":[{"name":"wp","href":"https:\/\/api.w.org\/{rel}","templated":true}]}}