{"id":9045,"date":"2023-02-14T12:24:53","date_gmt":"2023-02-14T11:24:53","guid":{"rendered":"http:\/\/www.gcaudron.com\/?page_id=9045"},"modified":"2024-02-06T19:39:11","modified_gmt":"2024-02-06T18:39:11","slug":"bruxelles-paris-le-28-juin-2000","status":"publish","type":"page","link":"http:\/\/www.gcaudron.com\/?page_id=9045","title":{"rendered":"Bruxelles &#8211; Paris le 28 Juin 2000"},"content":{"rendered":"\n<p>Apr\u00e8s le Conseil Municipal villeneuvois d&rsquo;hier soir, \u00ab\u00a0un Conseil sans vague, ni douleur et sans grande saveur non plus\u00a0\u00bb (on sentait l&rsquo;approche des vacances et chacun \u00ab\u00a0avait sans doute la t\u00eate ailleurs\u00a0\u00bb\u2026),<\/p>\n\n\n\n<p><strong>ce mercredi matin<\/strong>&nbsp;sera occup\u00e9 par une longue C.E.M (Commission Ex\u00e9cutive du maire) et aussi par les signatures importantes du&nbsp; \u00ab\u00a0Protocole d&rsquo;accord sur les 35 heures\u00a0\u00bb avec toutes les organisations syndicales de la Mairie.<\/p>\n\n\n\n<p>Cette signature marque la fin d&rsquo;un processus o\u00f9 Claude VANDEPUTTE, mon premier adjoint, a montr\u00e9 tout son talent.<\/p>\n\n\n\n<p><strong>A 14 heures<\/strong>, \u00e0 Bruxelles , en D\u00e9l\u00e9gation Socialiste Fran\u00e7aise, on pr\u00e9pare la semaine de Strasbourg&nbsp; :<\/p>\n\n\n\n<ul class=\"wp-block-list\">\n<li>Lancement de la Pr\u00e9sidence fran\u00e7aise avec un discours de J. Chirac<\/li>\n\n\n\n<li>Rapport important sur \u00ab\u00a0le ciel unique europ\u00e9en\u00a0\u00bb \u2026 et donc le statut des aiguilleurs du ciel&nbsp;<\/li>\n\n\n\n<li>Autres importants rapports sur les ferroviaire, o\u00f9 manifestement, on va tout droit au blocage\u2026 pour ne pas dire dans le mur&nbsp;!<\/li>\n<\/ul>\n\n\n\n<p>Qui peut imaginer ce qui se passerait en France si on lib\u00e9ralisait la totalit\u00e9 du transport ferroviaire&nbsp;?&nbsp;<\/p>\n\n\n\n<p><strong>A 15 heures&nbsp;:<\/strong>&nbsp;En groupe du PSE, on y pr\u00e9pare aussi la semaine de Strasbourg avec les autres d\u00e9put\u00e9s socialistes europ\u00e9ens.<\/p>\n\n\n\n<p><strong>A 16H40&nbsp;:&nbsp;<\/strong>Gare de Bruxelles-midi pour y prendre un Thalys vers Paris afin de participer \u00e0 une r\u00e9ception \u00e0 Matignon avec Lionel JOSPIN, r\u00e9ception suivie d&rsquo;un d\u00eener de travail avec Martine AUBRY,<\/p>\n\n\n\n<p>avant de regagner Villeneuve d&rsquo;Ascq o\u00f9 de nombreux courrier m&rsquo;attendent..<\/p>\n","protected":false},"excerpt":{"rendered":"<p>Apr\u00e8s le Conseil Municipal villeneuvois d&rsquo;hier soir, \u00ab\u00a0un Conseil sans vague, ni douleur et sans grande saveur non plus\u00a0\u00bb (on sentait l&rsquo;approche des vacances et chacun \u00ab\u00a0avait sans doute la t\u00eate ailleurs\u00a0\u00bb\u2026), ce mercredi matin&nbsp;sera occup\u00e9 par une longue C.E.M (Commission Ex\u00e9cutive du maire) et aussi par les signatures importantes du&nbsp; \u00ab\u00a0Protocole d&rsquo;accord sur les &hellip; <\/p>\n<p><a class=\"more-link btn\" href=\"http:\/\/www.gcaudron.com\/?page_id=9045\">Continue reading<\/a><\/p>\n","protected":false},"author":3,"featured_media":0,"parent":8926,"menu_order":-87,"comment_status":"closed","ping_status":"closed","template":"template-onecolumn.php","meta":{"footnotes":""},"class_list":["post-9045","page","type-page","status-publish","hentry","nodate","item-wrap"],"_links":{"self":[{"href":"http:\/\/www.gcaudron.com\/index.php?rest_route=\/wp\/v2\/pages\/9045","targetHints":{"allow":["GET"]}}],"collection":[{"href":"http:\/\/www.gcaudron.com\/index.php?rest_route=\/wp\/v2\/pages"}],"about":[{"href":"http:\/\/www.gcaudron.com\/index.php?rest_route=\/wp\/v2\/types\/page"}],"author":[{"embeddable":true,"href":"http:\/\/www.gcaudron.com\/index.php?rest_route=\/wp\/v2\/users\/3"}],"replies":[{"embeddable":true,"href":"http:\/\/www.gcaudron.com\/index.php?rest_route=%2Fwp%2Fv2%2Fcomments&post=9045"}],"version-history":[{"count":2,"href":"http:\/\/www.gcaudron.com\/index.php?rest_route=\/wp\/v2\/pages\/9045\/revisions"}],"predecessor-version":[{"id":9632,"href":"http:\/\/www.gcaudron.com\/index.php?rest_route=\/wp\/v2\/pages\/9045\/revisions\/9632"}],"up":[{"embeddable":true,"href":"http:\/\/www.gcaudron.com\/index.php?rest_route=\/wp\/v2\/pages\/8926"}],"wp:attachment":[{"href":"http:\/\/www.gcaudron.com\/index.php?rest_route=%2Fwp%2Fv2%2Fmedia&parent=9045"}],"curies":[{"name":"wp","href":"https:\/\/api.w.org\/{rel}","templated":true}]}}