{"id":9039,"date":"2023-02-13T19:22:33","date_gmt":"2023-02-13T18:22:33","guid":{"rendered":"http:\/\/www.gcaudron.com\/?page_id=9039"},"modified":"2024-02-06T20:02:51","modified_gmt":"2024-02-06T19:02:51","slug":"mercredi-25-avril-1990-dublin","status":"publish","type":"page","link":"http:\/\/www.gcaudron.com\/?page_id=9039","title":{"rendered":"Mercredi 25 Avril 1990 &#8211; Dublin"},"content":{"rendered":"\n<p>En fait, c&rsquo;est mon premier d\u00e9placement en tant que D\u00e9put\u00e9 Europ\u00e9en et l&rsquo;occasion m&rsquo;en est donn\u00e9e par une r\u00e9union de la commission Energie-Recherche \u00e0 Dublin.<\/p>\n\n\n\n<p>Pas si simple d&rsquo;acc\u00e9der en Irlande&nbsp;: il faut quitter Villeneuve d&rsquo;Ascq vers 8 heures, prendre l&rsquo;avion \u00e0 Bruxelles, faire une escale de pr\u00e8s de deux heures \u00e0 Londres, pour arriver vers 15 heures \u00e0 Dublin (soit 16 heures fran\u00e7aise) \u2026<\/p>\n\n\n\n<p>Dublin m&rsquo;apparait triste malgr\u00e9 un timide soleil et une bruyante animation autour d&rsquo;un match de football \u00ab\u00a0tr\u00e8s important\u00a0\u00bb nous dit on. On sent une Irlande dont le d\u00e9veloppement visible et le niveau de vie sont assez \u00e9loign\u00e9s des n\u00f4tres.<\/p>\n\n\n\n<p>C&rsquo;est Monsieur Robert Molloy, Ministre de l&rsquo;\u00c9nergie, qui nous accueille au nom de la Pr\u00e9sidence Irlandaise.<\/p>\n\n\n\n<p>Apr\u00e8s avoir pr\u00e9sent\u00e9 son pays et sa politique \u00e9nerg\u00e9tique, il insiste sur les gros dossiers europ\u00e9ens en cours de discussion au Parlement et au Conseil&nbsp;: le transit du gaz et la transparence des co\u00fbts et le prix de l&rsquo;\u00e9nergie.<\/p>\n\n\n\n<p>Rien de bien nouveau, ni de bien pr\u00e9cis dans le discours du Ministre et dans les d\u00e9bat qui suivront..<\/p>\n\n\n\n<p>Pour chacun, comme souvent sinon comme toujours, l&rsquo;important est davantage dans la question qu&rsquo;il pose que dans la r\u00e9ponse qu&rsquo;il attend.<\/p>\n\n\n\n<p>Cela dit, des communications plus techniques et chiffr\u00e9es nous seront faites\u2026 qui, elles, seront tr\u00e8s int\u00e9ressantes.<\/p>\n\n\n\n<p>La consommation \u00e9nerg\u00e9tique de l&rsquo;Irlande par habitant prouve le faible d\u00e9veloppement du pays avec une forte d\u00e9pendance par rapport \u00e0 l&rsquo;ext\u00e9rieur (+ de 70%).<\/p>\n\n\n\n<p>L&rsquo;Irlande est le 2<sup>e&nbsp;<\/sup>Pays producteur de tourbes derri\u00e8re l&rsquo;URSS.<\/p>\n\n\n\n<p>Elle vient de construire une grande centrale au charbon.<\/p>\n\n\n\n<p>Elle ne poss\u00e8de aucune installation nucl\u00e9aire mais semble redouter tr\u00e8s fort le voisinage d&rsquo;une centrale nucl\u00e9aire britannique.&nbsp;<\/p>\n\n\n\n<p>En terme d&rsquo;\u00e9volution, la d\u00e9pendance \u00e9nerg\u00e9tique de l&rsquo;Irlande s&rsquo;accro\u00eet et sa r\u00e9ponse se traduit uniquement en terme de \u00ab\u00a0diversification\u00a0\u00bb&#8230; ce qui reste bien vague.<\/p>\n\n\n\n<p>Pour des raisons budg\u00e9taires, les aides aux \u00e9conomies d&rsquo;\u00e9nergie ont m\u00eame \u00e9t\u00e9 r\u00e9duites comme un peu partout.<\/p>\n\n\n\n<p><\/p>\n\n\n\n<p class=\"has-text-align-center\"><strong>Jeudi 26 Avril 1990 &#8211; Dublin &#8211; Commission Energie Recherche Technologie<\/strong><\/p>\n\n\n\n<p>En d\u00e9but de journ\u00e9e, le retard du Ministre charg\u00e9 de la Science et de la Technologie qui nous accueille, va r\u00e9duire notre s\u00e9ance de travail.<\/p>\n\n\n\n<p>Sa pr\u00e9sentation de la recherche et de la technologie en Irlande fait ressortir le constat qu&rsquo;en Irlande comme dans le reste de l&rsquo;Europe, les petits pays consacrent peu de cr\u00e9dit \u00e0 la recherche.&nbsp;La raison est simple&nbsp;:&nbsp;C&rsquo;est le probl\u00e8me du seuil minimum. Il faut d\u00e9j\u00e0 avoir une grande surface financi\u00e8re pour avoir une chance d&rsquo;obtenir des effets positifs de ses efforts de recherche.<\/p>\n\n\n\n<p>Il faut donc, pour un petit pays, choisir des cr\u00e9neaux tr\u00e8s \u00ab\u00a0pointus\u00a0\u00bb avec des d\u00e9veloppements \u00e9conomiques rapides possibles.<\/p>\n\n\n\n<p>Il existe un d\u00e9calage certain, au niveau du discours, entre un pays qui a un retard technologique et qui voit \u00ab\u00a0l&rsquo;avenir en rose\u00a0\u00bb \u00e0 travers un d\u00e9veloppement quantitatif et des repr\u00e9sentants des pays plus riches et plus d\u00e9velopp\u00e9s port\u00e9s sur le quantitatif.<\/p>\n\n\n\n<p>C&rsquo;est souvent le m\u00eame d\u00e9bat que celui que nous avons avec les pays d&rsquo;Europe de l&rsquo;Est et les pays du Tiers Monde.<\/p>\n\n\n\n<p>On a trop souvent tendance \u00e0 voir l&rsquo;Europe \u00e0 travers la France, le B\u00e9n\u00e9lux et l&rsquo;Allemagne.<\/p>\n\n\n\n<p>Les d\u00e9placements dans les autres pays nous le font comprendre et font comprendre les \u00ab\u00a0limites\u00a0\u00bb de ce type de raisonnement.<\/p>\n\n\n\n<p class=\"has-text-align-center\"><strong>Jeudi 26 Avril &#8211; Dublin  &#8211; Apr\u00e8s midi<\/strong><\/p>\n\n\n\n<p>Apr\u00e8s les r\u00e9unions du matin, l&rsquo;apr\u00e8s-midi est consacr\u00e9e \u00e0 des visites.<\/p>\n\n\n\n<p>En ce qui me concerne, j&rsquo;ai choisi une mine de Zinc et de Plomb \u00e0 40kms de Dublin&nbsp;: les installations sont r\u00e9centes, \u00e0 peine 10 ans, peu polluantes \u00e0 l&rsquo;ext\u00e9rieur mais tr\u00e8s fatigantes \u00e0 l&rsquo;int\u00e9rieur pour des ouvriers qui travaillent en \u00e9quipe durant 12 heures.<\/p>\n\n\n\n<p>Ces mines font de l&rsquo;Irlande un des principaux pays producteurs de zinc et de plomb en Europe.<\/p>\n\n\n\n<p>Apr\u00e8s cette visite et \u00ab\u00a0celle\u00a0\u00bb d&rsquo;un pub traditionnel tenu par un d\u00e9put\u00e9 europ\u00e9en irlandais, nous avons droit, en soir\u00e9e, \u00e0 un repas dans un vieux ch\u00e2teau irlandais&nbsp; qui cl\u00f4ture une journ\u00e9e bien dense.<\/p>\n\n\n\n<p class=\"has-text-align-center\"><strong>Vendredi 27 Avril &#8211; Dernier jour \u00e0 Dublin et retour<\/strong><\/p>\n\n\n\n<p>Les parlementaires que nous sommes \u00ab\u00a0croisent les entourages des Ministres\u00a0\u00bb qui vont se r\u00e9unir en Conseil Europ\u00e9en samedi et dimanche.<\/p>\n\n\n\n<p>La s\u00e9curit\u00e9 est partout renforc\u00e9e.<\/p>\n\n\n\n<p>Au menu avant de prendre l&rsquo;avion&nbsp;: la visite de Universit\u00e9 de Dublin, de petites unit\u00e9s universitaires&nbsp;en nombre d&rsquo;\u00e9tudiants qui posent \u00e0 nouveau le probl\u00e8me de la recherche dans les petits pays p\u00e9riph\u00e9riques.<\/p>\n\n\n\n<p>Il y a l\u00e0 pour l&rsquo;Europe des atouts r\u00e9els \u00e0 utiliser intelligemment.<\/p>\n\n\n\n<p>Le soleil luit Dublin tandis que nous regagnons la France, puis moi Villeneuve d&rsquo;Ascq.<\/p>\n","protected":false},"excerpt":{"rendered":"<p>En fait, c&rsquo;est mon premier d\u00e9placement en tant que D\u00e9put\u00e9 Europ\u00e9en et l&rsquo;occasion m&rsquo;en est donn\u00e9e par une r\u00e9union de la commission Energie-Recherche \u00e0 Dublin. Pas si simple d&rsquo;acc\u00e9der en Irlande&nbsp;: il faut quitter Villeneuve d&rsquo;Ascq vers 8 heures, prendre l&rsquo;avion \u00e0 Bruxelles, faire une escale de pr\u00e8s de deux heures \u00e0 Londres, pour arriver &hellip; <\/p>\n<p><a class=\"more-link btn\" href=\"http:\/\/www.gcaudron.com\/?page_id=9039\">Continue reading<\/a><\/p>\n","protected":false},"author":3,"featured_media":0,"parent":8926,"menu_order":-65,"comment_status":"closed","ping_status":"closed","template":"template-onecolumn.php","meta":{"footnotes":""},"class_list":["post-9039","page","type-page","status-publish","hentry","nodate","item-wrap"],"_links":{"self":[{"href":"http:\/\/www.gcaudron.com\/index.php?rest_route=\/wp\/v2\/pages\/9039","targetHints":{"allow":["GET"]}}],"collection":[{"href":"http:\/\/www.gcaudron.com\/index.php?rest_route=\/wp\/v2\/pages"}],"about":[{"href":"http:\/\/www.gcaudron.com\/index.php?rest_route=\/wp\/v2\/types\/page"}],"author":[{"embeddable":true,"href":"http:\/\/www.gcaudron.com\/index.php?rest_route=\/wp\/v2\/users\/3"}],"replies":[{"embeddable":true,"href":"http:\/\/www.gcaudron.com\/index.php?rest_route=%2Fwp%2Fv2%2Fcomments&post=9039"}],"version-history":[{"count":2,"href":"http:\/\/www.gcaudron.com\/index.php?rest_route=\/wp\/v2\/pages\/9039\/revisions"}],"predecessor-version":[{"id":9640,"href":"http:\/\/www.gcaudron.com\/index.php?rest_route=\/wp\/v2\/pages\/9039\/revisions\/9640"}],"up":[{"embeddable":true,"href":"http:\/\/www.gcaudron.com\/index.php?rest_route=\/wp\/v2\/pages\/8926"}],"wp:attachment":[{"href":"http:\/\/www.gcaudron.com\/index.php?rest_route=%2Fwp%2Fv2%2Fmedia&parent=9039"}],"curies":[{"name":"wp","href":"https:\/\/api.w.org\/{rel}","templated":true}]}}