{"id":9037,"date":"2023-02-13T12:42:39","date_gmt":"2023-02-13T11:42:39","guid":{"rendered":"http:\/\/www.gcaudron.com\/?page_id=9037"},"modified":"2024-02-06T19:49:26","modified_gmt":"2024-02-06T18:49:26","slug":"bruxelles-le-8-decembre-1993","status":"publish","type":"page","link":"http:\/\/www.gcaudron.com\/?page_id=9037","title":{"rendered":"Bruxelles le 8 D\u00e9cembre 1993"},"content":{"rendered":"\n<p class=\"has-text-align-center\"><strong>Bruxelles le 8 D\u00e9cembre 1993 &#8211; 17h30<\/strong><\/p>\n\n\n\n<p><strong>Intense et profonde \u00e9motion au PSE, groupe du Parti Socialiste Europ\u00e9en, avec l\u2019invitation de l\u2019\u00e9crivain Salman RUSHDIE<\/strong>,&#8230;&nbsp; un de ces moments qui montrent l\u2019importance du Parlement Europ\u00e9en et la chance rare qui est la mienne d\u2019\u00eatre d\u00e9put\u00e9 europ\u00e9en.<\/p>\n\n\n\n<p>JP. Cot l\u2019accueille au nom des socialistes et des verts, en pr\u00e9sence de repr\u00e9sentants des autres groupes d\u00e9mocratiques du Parlement.<\/p>\n\n\n\n<p>&nbsp;Une nouvelle fois, l\u2019Europe est fi\u00e8re d\u2019elle-m\u00eame \u2026 et elle peut l&rsquo;\u00eatre, m\u00eame si, on s\u2019en doute, cette r\u00e9union est \u00absous haute surveillance\u00bb<\/p>\n\n\n\n<p>S. RUSHDIE est heureux de notre soutien et de notre accueil\u2026 cela se voit.<\/p>\n\n\n\n<p>Il plaide pour la Libert\u00e9, mais il dit aussi son inqui\u00e9tude pour elle quand , m\u00eame en Europe , \u00ab\u00a0on\u00a0\u00bb (il) ne peut pas se d\u00e9placer sans avoir autour de lui&nbsp; des dizaines d\u2019agents de s\u00e9curit\u00e9.<\/p>\n\n\n\n<p>Il plaide pour une Europe intellectuelle, artistique, ouverte, heureuse, riche de son Histoire.&nbsp;<\/p>\n\n\n\n<p>\u00ab\u00a0L\u2019Europe,&nbsp; (rappelle -t -il ) a appris ch\u00e8rement ce qu\u2019est la Libert\u00e9 et ce qu\u2019elle n\u00e9cessite\u00a0\u00bb<\/p>\n\n\n\n<p>Il rappelle qu\u2019en Europe m\u00eame , il y a eu des conflits tr\u00e8s anciens entre&nbsp; \u00ab\u00a0l\u2019\u00e9crivain et l\u2019inquisition\u00a0\u00bb\u2026 elle en est sortie aujourd\u2019hui\u2026 mais qui sait pour demain ? \u2026<\/p>\n\n\n\n<p>Une nouvelle inquisition est n\u00e9e ailleurs\u2026 une inquisition qui torture et qui assassine.<\/p>\n\n\n\n<p>Il explique qu\u2019il a \u00e9t\u00e9 condamn\u00e9 \u00e0 mort parce qu\u2019il s\u2019est \u00e9loign\u00e9 de l\u2019orthodoxie islamique, lui l\u2019indien de culture musulmane.<\/p>\n\n\n\n<p>Il \u00e9graine tous les assassinats dans le monde.&nbsp;<\/p>\n\n\n\n<p>C\u2019est une guerre entre les progressistes de cette culture et ceux qui veulent la ramener au Moyen Age.<\/p>\n\n\n\n<p>La \u00ab\u00a0r\u00e9volution Iranienne\u00a0\u00bb est une tentative de remonter l\u2019Histoire et ce serait, pour lui, une erreur que d\u2019essayer \u00ab\u00a0d\u2019apaiser\u00a0\u00bb l\u2019Iran\u2026<\/p>\n\n\n\n<p>Pour lui, il est important de montrer que nos soci\u00e9t\u00e9s croient encore en elles et qu\u2019elles savent se battre contre l\u2019intol\u00e9rance et l\u2019obscurantisme.<\/p>\n\n\n\n<p>Il nous appelle \u00e0 des actions concr\u00e8tes de boycottes et de blocus contre l&rsquo;Iran pour la contraindre \u00e0 cesser ses crimes\u2026<\/p>\n\n\n\n<p>Pour lui, il faut plus que jamais nous battre envers et contre les l\u00e2chet\u00e9s individuelles et quotidiennes, si faciles \u00e0 court terme mais tellement co\u00fbteuses ensuite.<\/p>\n\n\n\n<p>Je le disais en d\u00e9but de mon \u00e9criture, bien pauvre pour transcrire en direct cette \u00e9motion\u2026<\/p>\n\n\n\n<p>J\u2019ai v\u00e9cu aujourd\u2019hui une des raisons de mon engagement de socialiste, de d\u00e9mocrate et d\u2019Europ\u00e9en.<\/p>\n\n\n\n<p>Puissions-nous demain faire davantage pour mettre en harmonie nos d\u00e9clarations et nos actions&nbsp;!&nbsp;<\/p>\n\n\n\n<p>(On peut r\u00eaver\u2026 mais j\u2019ai du mal \u00e0 y croire)<\/p>\n","protected":false},"excerpt":{"rendered":"<p>Bruxelles le 8 D\u00e9cembre 1993 &#8211; 17h30 Intense et profonde \u00e9motion au PSE, groupe du Parti Socialiste Europ\u00e9en, avec l\u2019invitation de l\u2019\u00e9crivain Salman RUSHDIE,&#8230;&nbsp; un de ces moments qui montrent l\u2019importance du Parlement Europ\u00e9en et la chance rare qui est la mienne d\u2019\u00eatre d\u00e9put\u00e9 europ\u00e9en. JP. Cot l\u2019accueille au nom des socialistes et des verts, &hellip; <\/p>\n<p><a class=\"more-link btn\" href=\"http:\/\/www.gcaudron.com\/?page_id=9037\">Continue reading<\/a><\/p>\n","protected":false},"author":3,"featured_media":0,"parent":8926,"menu_order":-75,"comment_status":"closed","ping_status":"closed","template":"template-onecolumn.php","meta":{"footnotes":""},"class_list":["post-9037","page","type-page","status-publish","hentry","nodate","item-wrap"],"_links":{"self":[{"href":"http:\/\/www.gcaudron.com\/index.php?rest_route=\/wp\/v2\/pages\/9037","targetHints":{"allow":["GET"]}}],"collection":[{"href":"http:\/\/www.gcaudron.com\/index.php?rest_route=\/wp\/v2\/pages"}],"about":[{"href":"http:\/\/www.gcaudron.com\/index.php?rest_route=\/wp\/v2\/types\/page"}],"author":[{"embeddable":true,"href":"http:\/\/www.gcaudron.com\/index.php?rest_route=\/wp\/v2\/users\/3"}],"replies":[{"embeddable":true,"href":"http:\/\/www.gcaudron.com\/index.php?rest_route=%2Fwp%2Fv2%2Fcomments&post=9037"}],"version-history":[{"count":2,"href":"http:\/\/www.gcaudron.com\/index.php?rest_route=\/wp\/v2\/pages\/9037\/revisions"}],"predecessor-version":[{"id":9637,"href":"http:\/\/www.gcaudron.com\/index.php?rest_route=\/wp\/v2\/pages\/9037\/revisions\/9637"}],"up":[{"embeddable":true,"href":"http:\/\/www.gcaudron.com\/index.php?rest_route=\/wp\/v2\/pages\/8926"}],"wp:attachment":[{"href":"http:\/\/www.gcaudron.com\/index.php?rest_route=%2Fwp%2Fv2%2Fmedia&parent=9037"}],"curies":[{"name":"wp","href":"https:\/\/api.w.org\/{rel}","templated":true}]}}