{"id":9030,"date":"2023-02-11T12:56:17","date_gmt":"2023-02-11T11:56:17","guid":{"rendered":"http:\/\/www.gcaudron.com\/?page_id=9030"},"modified":"2024-02-06T19:37:36","modified_gmt":"2024-02-06T18:37:36","slug":"villeneuve-athenes-haidiri-les-14-15-et-16-juillet-2000","status":"publish","type":"page","link":"http:\/\/www.gcaudron.com\/?page_id=9030","title":{"rendered":"Villeneuve &#8211; Ath\u00e8nes &#8211; Ha\u00efdari les 14 &#8211; 15 et 16 Juillet 2000"},"content":{"rendered":"\n<p>Notre feu d&rsquo;artifice Villeneuvois de l&rsquo;an 2000 avait lieu, comme d&rsquo;habitude, le 13 juillet au soir \u00e0 23 heures, un grand spectacle pyrotechnique pr\u00e9c\u00e9d\u00e9 et suivi d&rsquo;un grand concert de Rythm&rsquo;n Blues.<\/p>\n\n\n\n<p>Et c&rsquo;est ainsi que plus de 20&nbsp;000 spectateurs ont pu regarder, \u00e9merveill\u00e9s,&nbsp;un spectacle sans pr\u00e9c\u00e9dent. J&rsquo;\u00e9tais au milieu d&rsquo;eux.<\/p>\n\n\n\n<p>Le 14 juillet&nbsp;au matin, devant l&rsquo;Arbre de la Libert\u00e9, nous sommes, bien s\u00fbr, beaucoup moins nombreux mais, l\u00e0 encore, la pluie s&rsquo;est arr\u00eat\u00e9e et , 1 heure avant , \u00a0\u00bbla course de la cervoise\u00a0\u00bb s&rsquo;est bien pass\u00e9e\u2026 et la bi\u00e8re a coul\u00e9\u2026<\/p>\n\n\n\n<p>Dans mon discours, je parle de la R\u00e9publique fran\u00e7aise et de ses valeurs. Je parle de citoyennet\u00e9 europ\u00e9enne. Je lance un appel pour qu&rsquo;une France, fi\u00e8re d&rsquo;elle-m\u00eame, sache faire partager son enthousiasme et ses valeurs \u00e0 l&rsquo;Europe toute enti\u00e8re qui en a tant besoin.<\/p>\n\n\n\n<p>C&rsquo;est, je le r\u00e9p\u00e8te , parce que je suis attach\u00e9 \u00e0 la R\u00e9publique, \u00e0 mon pays et \u00e0 ma patrie que je suis un militant infatigable d&rsquo;une Europe pacifique, politique, sociale et citoyenne, unie sans sa diversit\u00e9.<\/p>\n\n\n\n<p>Le pari d&rsquo;une grande F\u00eate r\u00e9publicaine pour l&rsquo;an 2000 \u00e9tait gagn\u00e9&nbsp;!<\/p>\n\n\n\n<p class=\"has-text-align-center\">&nbsp; &nbsp; &nbsp; &nbsp; &nbsp; &nbsp; &nbsp; &nbsp; &nbsp; &nbsp; &nbsp;________________________________________________________<\/p>\n\n\n\n<p>\u00c0 16H15 en ce 14 juillet 2000, je quitte Lille pour Roissy. Mon avion pour Ath\u00e8nes ayant une heure de retard, j&rsquo;arrive vers 23 H 15, dans un pays o\u00f9 la temp\u00e9rature avoisine les 30 degr\u00e9s.<\/p>\n\n\n\n<p>36 heures sont au programme de visites, de r\u00e9unions, de rencontres, de d\u00e9bats, de d\u00e9couvertes, de r\u00e9flexions et de manifestations officielles qui m&rsquo;attendent. (Voil\u00e0 des journ\u00e9es comme je les aime&nbsp;!)&nbsp;<\/p>\n\n\n\n<p>L&rsquo;ambiance est chaleureuse. L&rsquo;amiti\u00e9 franco-grecque est profonde.<\/p>\n\n\n\n<p>Constantin Tournakis , Pr\u00e9sident de la Communaut\u00e9 grecque du Nord, s&rsquo;est mobilis\u00e9 \u00e0 150%<\/p>\n\n\n\n<p>Le Maire d&rsquo;HAIDARI, M.Kyriakos Diniakos&nbsp; est un \u00e9lu d\u00e9bordant d&rsquo;activit\u00e9s.<\/p>\n\n\n\n<p>Son obsession&nbsp;: cr\u00e9er des espaces verts.<\/p>\n\n\n\n<p>Sa m\u00e9thode&nbsp;: un travail de terrain.<\/p>\n\n\n\n<p>Le r\u00e9sultat&nbsp;: HA\u00cfDARI est une ville int\u00e9ressante, encore en devenir, mais agr\u00e9able et finalement assez ressemblante et compl\u00e9mentaire \u00e0 Villeneuve d&rsquo;Ascq .<\/p>\n\n\n\n<p>On peut faire du bon travail ensemble et les villeneuvois y seront les bienvenus.<\/p>\n\n\n\n<p>On en reparlera lors de la visite du Maire en octobre dans la perspective d&rsquo;une charte d&rsquo;amiti\u00e9, de partenariat et d&rsquo;\u00e9changes sign\u00e9e en janvier 2001&#8230; sans oublier la mise en place d&rsquo;un comit\u00e9 de jumelage citoyen.<\/p>\n\n\n\n<p>Rappelons aussi qu&rsquo;HA\u00cfDARI a beaucoup souffert du tremblement de terre de septembre 1999 quand 120 maisons ont \u00e9t\u00e9 d\u00e9truites et 2000 logements ab\u00eem\u00e9s. Elle s&rsquo;en remet courageusement.<\/p>\n\n\n\n<p>Durant ces 36 heures, j&rsquo;ai rencontr\u00e9 beaucoup de responsables \u00e0 qui j&rsquo;ai dit mon attachement personnel \u00e0 la Gr\u00e8ce, mon combat euro-m\u00e9diterran\u00e9en sans oublier, bien s\u00fbr, de parler de ma ville, Villeneuve d&rsquo;Ascq.<\/p>\n\n\n\n<p>Je ne pense pas avoir perdu mon temps et avoir bien \u0153uvr\u00e9 pour l&rsquo;Europe et pour Villeneuve d&rsquo;Ascq .<\/p>\n\n\n\n<p class=\"has-text-align-center\">_________________________________________________<\/p>\n\n\n\n<p>&nbsp;<strong><u>HA\u00cfDARI<\/u><\/strong><\/p>\n\n\n\n<p>La ville de HA\u00cfDARI est situ\u00e9e \u00e0 7 km \u00e0 l&rsquo;ouest d&rsquo;Ath\u00e8nes. Elle est sur\u00e9lev\u00e9e par rapport \u00e0 Ath\u00e8nes avec quelques collines sur le territoire m\u00eame de la commune et donc une tr\u00e8s belle vue sur Ath\u00e8nes et l&rsquo;Acropole.<\/p>\n\n\n\n<p>La superficie totale de la commune est de 22&nbsp;655 km\u00b2. C&rsquo;est une mairie depuis 1935. La ville a \u00e9t\u00e9 peupl\u00e9e surtout depuis la fin de la 2<sup>\u00e8me<\/sup>&nbsp;guerre mondiale. La population a augment\u00e9 de 70 % ces 25 derni\u00e8res ann\u00e9es. Elle compte aujourd&rsquo;hui un peu plus de 60&nbsp;000 habitants.<\/p>\n\n\n\n<p>On trouve dans la ville de nombreux monuments historiques et culturels qui attirent les touristes. Les plus importants sont&nbsp;:&nbsp;<\/p>\n\n\n\n<p>&#8211;&nbsp;&nbsp;&nbsp;&nbsp;&nbsp;&nbsp;&nbsp;&nbsp;&nbsp;L&rsquo;ancienne Voie sacr\u00e9e qui allait d&rsquo;Ath\u00e8nes \u00e0 Eleusis jusqu&rsquo;au sanctuaire de D\u00e9m\u00e9ter.<\/p>\n\n\n\n<p>&#8211;&nbsp;&nbsp;&nbsp;&nbsp;&nbsp;&nbsp;&nbsp;&nbsp;&nbsp;Le temple d&rsquo;Aphrodite Aphaia<\/p>\n\n\n\n<p>&#8211;&nbsp;&nbsp;&nbsp;&nbsp;&nbsp;&nbsp;&nbsp;&nbsp;&nbsp;La caverne de Panos, au nord de la ville, de grande importance arch\u00e9ologique puisque datant 5<sup>\u00e8me<\/sup>&nbsp;si\u00e8cle av. J.C.<\/p>\n\n\n\n<p>&#8211;&nbsp;&nbsp;&nbsp;&nbsp;&nbsp;&nbsp;&nbsp;&nbsp;&nbsp;Le monast\u00e8re de Daphni, un des monuments les plus importants de l&rsquo;\u00e9poque byzantine et qui contient des fresques magnifiques. Il a \u00e9t\u00e9 b\u00e2ti aux environs de 1100.<\/p>\n\n\n\n<p>&#8211;&nbsp;&nbsp;&nbsp;&nbsp;&nbsp;&nbsp;&nbsp;&nbsp;&nbsp;Le Petit Palais qui a \u00e9t\u00e9 la r\u00e9sidence du Premier&nbsp;Roi de Gr\u00e8ce, Othon et de la reine Am\u00e9lie, aujourd&rsquo;hui transform\u00e9 en Centre Culturel par la ville.<\/p>\n\n\n\n<p>&#8211;&nbsp;&nbsp;&nbsp;&nbsp;&nbsp;&nbsp;&nbsp;&nbsp;&nbsp;La caserne n\u00b015 o\u00f9 avaient lieu les ex\u00e9cutions des r\u00e9sistants pendant l&rsquo;occupation nazie est aujourd&rsquo;hui un monument \u00e0 la gloire de la R\u00e9sistance.<\/p>\n\n\n\n<p>&#8211;&nbsp;&nbsp;&nbsp;&nbsp;&nbsp;&nbsp;&nbsp;&nbsp;&nbsp;Le jardin botanique de Diom\u00e8de qui est le plus grand jardin botanique du Sud-est de la M\u00e9diterran\u00e9e. Il s&rsquo;\u00e9tend sur 1&nbsp;800 km\u00b2 avec 3 000 esp\u00e8ces diff\u00e9rentes. Il a \u00e9t\u00e9 con\u00e7u en 1952 et a \u00e9t\u00e9 ouvert au public en 1975.<\/p>\n\n\n\n<p>HA\u00cfDARI est dot\u00e9e d&rsquo;espace verts ce qui la privil\u00e9gie par rapport aux autres communes qui entourent Ath\u00e8nes. Son handicap principal vient du passage de l&rsquo;autoroute de Corinthe sur son territoire, comme un peu la voie rapide au c\u0153ur de Villeneuve d&rsquo;Ascq.<\/p>\n\n\n\n<p>En ce qui concerne le maire, Kyriakos KINIAKOS, 63 ans, avocat de profession, il a \u00e9t\u00e9 \u00e9lu pour la 1<sup>er<\/sup>&nbsp;fois maire de HA\u00cfDARI en 1981 o\u00f9 il conduisait la liste du PASOK (PS grec) et une de ces premi\u00e8res mesures a \u00e9t\u00e9 de mobiliser tous les terrains disponibles pour les transformer en espaces verts et d&#8217;emp\u00eacher ainsi la construction de nouveaux immeubles.<\/p>\n\n\n\n<p>Consid\u00e9r\u00e9 comme un des meilleurs maires de l&rsquo;attique, il a \u00e9t\u00e9 \u00e9lu durant plusieurs ann\u00e9es Pr\u00e9sident de l&rsquo;Association des Maires de l&rsquo;Agglom\u00e9ration d&rsquo;Ath\u00e8nes.<\/p>\n\n\n\n<p>En 1993, port\u00e9 par sa popularit\u00e9, il d\u00e9missionne de la mairie pour poser sa candidature aux \u00e9lections l\u00e9gislative (c&rsquo;est obligatoire dans la l\u00e9gislation grecque). Mais il n&rsquo;a pas \u00e9t\u00e9 \u00e9lu. Il lui a manqu\u00e9 un millier de voix pour \u00eatre \u00e9lu sur toute la banlieue est d&rsquo;Ath\u00e8nes.<\/p>\n\n\n\n<p>Il a accept\u00e9 le poste de Secr\u00e9taire G\u00e9n\u00e9ral au Minist\u00e8re de l&rsquo;Industrie dirig\u00e9 par Vasso PAPANDREOU, ex commissaire au Parlement europ\u00e9en charg\u00e9e de l&#8217;emploi et de la solidarit\u00e9. Il a \u00e9t\u00e9 \u00e9galement nomm\u00e9 Directeur du D\u00e9veloppement de la R\u00e9gion Ouest o\u00f9 il a beaucoup \u0153uvr\u00e9 pour prot\u00e9ger l&rsquo;environnement.<\/p>\n\n\n\n<p>En 1998, il d\u00e9cide de pr\u00e9senter sa candidature pour devenu, de nouveau, Maire de HA\u00cfDARI.<\/p>\n\n\n\n<p>Il obtient une majorit\u00e9 confortable lors du 1<sup>er<\/sup>&nbsp;tour des \u00e9lections. Au 2<sup>\u00e8me<\/sup>&nbsp;tour, Kiriakos obtient 76% des voix face au candidat de droite.<\/p>\n\n\n\n<p>C&rsquo;est un homme infatigable. Il consacre toute son \u00e9nergie \u00e0 l&rsquo;am\u00e9lioration de sa ville.<\/p>\n\n\n\n<p>On a donc \u00ab\u00a0quelques ressemblances\u00a0\u00bb \u2026<\/p>\n","protected":false},"excerpt":{"rendered":"<p>Notre feu d&rsquo;artifice Villeneuvois de l&rsquo;an 2000 avait lieu, comme d&rsquo;habitude, le 13 juillet au soir \u00e0 23 heures, un grand spectacle pyrotechnique pr\u00e9c\u00e9d\u00e9 et suivi d&rsquo;un grand concert de Rythm&rsquo;n Blues. Et c&rsquo;est ainsi que plus de 20&nbsp;000 spectateurs ont pu regarder, \u00e9merveill\u00e9s,&nbsp;un spectacle sans pr\u00e9c\u00e9dent. J&rsquo;\u00e9tais au milieu d&rsquo;eux. Le 14 juillet&nbsp;au matin, &hellip; <\/p>\n<p><a class=\"more-link btn\" href=\"http:\/\/www.gcaudron.com\/?page_id=9030\">Continue reading<\/a><\/p>\n","protected":false},"author":3,"featured_media":0,"parent":8926,"menu_order":-89,"comment_status":"closed","ping_status":"closed","template":"template-onecolumn.php","meta":{"footnotes":""},"class_list":["post-9030","page","type-page","status-publish","hentry","nodate","item-wrap"],"_links":{"self":[{"href":"http:\/\/www.gcaudron.com\/index.php?rest_route=\/wp\/v2\/pages\/9030","targetHints":{"allow":["GET"]}}],"collection":[{"href":"http:\/\/www.gcaudron.com\/index.php?rest_route=\/wp\/v2\/pages"}],"about":[{"href":"http:\/\/www.gcaudron.com\/index.php?rest_route=\/wp\/v2\/types\/page"}],"author":[{"embeddable":true,"href":"http:\/\/www.gcaudron.com\/index.php?rest_route=\/wp\/v2\/users\/3"}],"replies":[{"embeddable":true,"href":"http:\/\/www.gcaudron.com\/index.php?rest_route=%2Fwp%2Fv2%2Fcomments&post=9030"}],"version-history":[{"count":3,"href":"http:\/\/www.gcaudron.com\/index.php?rest_route=\/wp\/v2\/pages\/9030\/revisions"}],"predecessor-version":[{"id":9036,"href":"http:\/\/www.gcaudron.com\/index.php?rest_route=\/wp\/v2\/pages\/9030\/revisions\/9036"}],"up":[{"embeddable":true,"href":"http:\/\/www.gcaudron.com\/index.php?rest_route=\/wp\/v2\/pages\/8926"}],"wp:attachment":[{"href":"http:\/\/www.gcaudron.com\/index.php?rest_route=%2Fwp%2Fv2%2Fmedia&parent=9030"}],"curies":[{"name":"wp","href":"https:\/\/api.w.org\/{rel}","templated":true}]}}