{"id":9028,"date":"2023-02-11T12:52:45","date_gmt":"2023-02-11T11:52:45","guid":{"rendered":"http:\/\/www.gcaudron.com\/?page_id=9028"},"modified":"2024-02-06T19:50:52","modified_gmt":"2024-02-06T18:50:52","slug":"en-guyane-francaise-cayenne-et-kourou","status":"publish","type":"page","link":"http:\/\/www.gcaudron.com\/?page_id=9028","title":{"rendered":"En Guyane Fran\u00e7aise, Cayenne et Kourou les 15 et 16 avril 1992"},"content":{"rendered":"\n<p>J&rsquo;ai longtemps h\u00e9sit\u00e9\u2026 et ce, jusqu&rsquo;au dernier moment, avant d&rsquo;accepter d&rsquo;aller \u00e0 Kourou pour assister au 50<sup>\u00e8me<\/sup>&nbsp;tir d&rsquo;ARIANE IV qui devait placer en orbite le satellite TELECOM 2, en raison d&rsquo;un emploi du temps tr\u00e8s charg\u00e9 sur Villeneuve d&rsquo;Ascq et Bruxelles, de probl\u00e8mes petits et gros de toutes natures , sans oublier la perspective de 2 fois 9 heures d&rsquo;avion suivies de multiples heures de bus,&#8230;. mais finalement, je suis parti\u2026<\/p>\n\n\n\n<p>Un d\u00e9part \u00e0 15 heures de Paris, une arriv\u00e9e \u00e0 19 heures \u00e0 Cayenne, compte-tenu du d\u00e9calage horaire avec une chaleur chaude et terriblement humide \u00e0 l&rsquo;arriv\u00e9e. C&rsquo;est Cayenne et ses 29 \u00b0&#8230;<\/p>\n\n\n\n<p>Un h\u00f4tel en ville, une nuit sans sommeil et \u00e0 7 heures du matin, on d\u00e9marre pour une s\u00e9rie de visites et de conf\u00e9rences.<\/p>\n\n\n\n<p>Je savais d\u00e9j\u00e0 beaucoup de choses sur les satellites gr\u00e2ce \u00e0 mon rapport T.V.H.D. (T\u00e9l\u00e9vision haute d\u00e9finition). Maintenant\u2026 je sais tout ou presque\u2026<\/p>\n\n\n\n<p>ARIANE IV envoie aujourd&rsquo;hui deux satellites, un britannique IMMARSAT, l&rsquo;autre fran\u00e7ais&nbsp; TELECOM 2B pour France T\u00e9l\u00e9com et pour la Direction G\u00e9n\u00e9rale des Arm\u00e9es.<\/p>\n\n\n\n<p>Les sites sont visit\u00e9s. Ceux d&rsquo;ARIANE IV et aussi ceux d&rsquo;ARIANE V dont le 1<sup>er<\/sup>&nbsp;tir est pr\u00e9vu en 1995 avec, plus tard, en perspective ,&nbsp; \u00ab\u00a0la navette HEMES\u00a0\u00bb.<\/p>\n\n\n\n<p>Des travaux titanesques sont en cours au c\u0153ur de la for\u00eat amazonienne\u2026, d&rsquo;\u00e9normes espaces possibles et donc un emplacement id\u00e9al au regard de l&rsquo;\u00e9quateur pour notre aventure spatiale.<\/p>\n\n\n\n<p>En somme, Cayenne est un morceau d&rsquo;Europe et de France sur le continent Sud-Am\u00e9ricain \u00e0 7&nbsp;300 kms de Paris c&rsquo;est aussi&nbsp; un symbole de la haute technologie et de la performance europ\u00e9enne avec ARIANESPACE.<\/p>\n\n\n\n<p>L&rsquo;occasion pour moi de regarder, d&rsquo;\u00e9couter, d&rsquo;apprendre et de rencontrer une multitude de personnages importants du monde de l&rsquo;espace, de la communication des arm\u00e9es et de l&rsquo;\u00e9conomie.<\/p>\n\n\n\n<p>\u00c0 19 heures, nous sommes en plein air \u00e0 3 kms de la fus\u00e9e toute \u00e9clair\u00e9e, masque \u00e0 gaz \u00e0 port\u00e9e de main en cas d&rsquo;accident sur la fus\u00e9e .&nbsp;<\/p>\n\n\n\n<p>Tout le monde retient son souffle et le d\u00e9compte commence, puis s&rsquo;arr\u00eate, puis recommence.<\/p>\n\n\n\n<p>Vers 20h25, c&rsquo;est le d\u00e9collage&nbsp;: une v\u00e9ritable splendeur, rien \u00e0 voir avec une image t\u00e9l\u00e9vis\u00e9e.<\/p>\n\n\n\n<p>On suit d&rsquo;abord la fus\u00e9e visuellement, puis sur des \u00e9crans de la salle de contr\u00f4le.<\/p>\n\n\n\n<p>20 \u00e0 25 minutes apr\u00e8s, ce sont les hourras traditionnels quand les satellites sont plac\u00e9s&nbsp;:&nbsp;<\/p>\n\n\n\n<p>la 50<sup>\u00e8me<\/sup>&nbsp;mission est r\u00e9ussie&nbsp; et 50 autres contrats sont d\u00e9j\u00e0 sign\u00e9s.<\/p>\n\n\n\n<p>L&rsquo;Europe \u00ab\u00a0tient la drag\u00e9e haute\u00a0\u00bb aux \u00c9tats-Unis.<\/p>\n\n\n\n<p>Puisse-t-elle continuer et accro\u00eetre encore son effort m\u00eame si c&rsquo;est co\u00fbteux.<\/p>\n\n\n\n<p>Notons quand m\u00eame qu&rsquo;ARIANESPACE est une soci\u00e9t\u00e9 qui fait des b\u00e9n\u00e9fices.<\/p>\n\n\n\n<p class=\"has-text-align-center\">_____________________________________________________________________<\/p>\n\n\n\n<p>Ensuite, c&rsquo;est le retour et la f\u00eate au bord d&rsquo;une piscine.<\/p>\n\n\n\n<p>avant le retour aux h\u00f4tels \u00e0 1 heure du matin (6 heures de Paris).<\/p>\n\n\n\n<p class=\"has-text-align-center\">_____________________________________________________________________<\/p>\n\n\n\n<p>Le jeudi sera consacr\u00e9 \u00e0 la d\u00e9couverte du pays. Un pays&nbsp; plus riche que ses voisins, ce qui provoque une immigration sauvage importante&nbsp; , une d\u00e9couverte avec une visite tr\u00e8s passionnante de l&rsquo;ancien bagne de Cayenne .<\/p>\n\n\n\n<p class=\"has-text-align-center\">____________________________________________________________________<\/p>\n\n\n\n<p>Somme toute, un voyage d&rsquo;\u00e9tude important pour moi avant d&rsquo;aborder les aspects financiers de la T.V.H.D., mais je l&rsquo;esp\u00e8re bient\u00f4t des dossiers \u00abespace\u00bb o\u00f9 l&rsquo;Europe en tant que telle s&rsquo;investit peu\u2026<\/p>\n\n\n\n<p>L&rsquo;Europe, si elle le veut et si les pays ne se recroquevillent pas sur eux-m\u00eames pour des raisons de politique int\u00e9rieure, a vraiment un grand Avenir dans le domaine industriel et spatial\u2026&nbsp;<\/p>\n\n\n\n<p>Fran\u00e7ois MITTERAND en a une juste vision. Puisse-t-il&nbsp; r\u00e9ussir \u00e0 la faire partager \u00e0 nos concitoyens\u2026<\/p>\n\n\n\n<p>L&rsquo;int\u00e9r\u00eat et l&rsquo;avenir de nos enfants sont en jeu.&nbsp;&nbsp;<\/p>\n\n\n\n<p>Le pari est fantastique&nbsp;et nous devons le gagner&nbsp; !<\/p>\n","protected":false},"excerpt":{"rendered":"<p>J&rsquo;ai longtemps h\u00e9sit\u00e9\u2026 et ce, jusqu&rsquo;au dernier moment, avant d&rsquo;accepter d&rsquo;aller \u00e0 Kourou pour assister au 50\u00e8me&nbsp;tir d&rsquo;ARIANE IV qui devait placer en orbite le satellite TELECOM 2, en raison d&rsquo;un emploi du temps tr\u00e8s charg\u00e9 sur Villeneuve d&rsquo;Ascq et Bruxelles, de probl\u00e8mes petits et gros de toutes natures , sans oublier la perspective de &hellip; <\/p>\n<p><a class=\"more-link btn\" href=\"http:\/\/www.gcaudron.com\/?page_id=9028\">Continue reading<\/a><\/p>\n","protected":false},"author":3,"featured_media":0,"parent":8926,"menu_order":-73,"comment_status":"closed","ping_status":"closed","template":"template-onecolumn.php","meta":{"footnotes":""},"class_list":["post-9028","page","type-page","status-publish","hentry","nodate","item-wrap"],"_links":{"self":[{"href":"http:\/\/www.gcaudron.com\/index.php?rest_route=\/wp\/v2\/pages\/9028","targetHints":{"allow":["GET"]}}],"collection":[{"href":"http:\/\/www.gcaudron.com\/index.php?rest_route=\/wp\/v2\/pages"}],"about":[{"href":"http:\/\/www.gcaudron.com\/index.php?rest_route=\/wp\/v2\/types\/page"}],"author":[{"embeddable":true,"href":"http:\/\/www.gcaudron.com\/index.php?rest_route=\/wp\/v2\/users\/3"}],"replies":[{"embeddable":true,"href":"http:\/\/www.gcaudron.com\/index.php?rest_route=%2Fwp%2Fv2%2Fcomments&post=9028"}],"version-history":[{"count":2,"href":"http:\/\/www.gcaudron.com\/index.php?rest_route=\/wp\/v2\/pages\/9028\/revisions"}],"predecessor-version":[{"id":9032,"href":"http:\/\/www.gcaudron.com\/index.php?rest_route=\/wp\/v2\/pages\/9028\/revisions\/9032"}],"up":[{"embeddable":true,"href":"http:\/\/www.gcaudron.com\/index.php?rest_route=\/wp\/v2\/pages\/8926"}],"wp:attachment":[{"href":"http:\/\/www.gcaudron.com\/index.php?rest_route=%2Fwp%2Fv2%2Fmedia&parent=9028"}],"curies":[{"name":"wp","href":"https:\/\/api.w.org\/{rel}","templated":true}]}}