{"id":9026,"date":"2023-02-11T12:47:44","date_gmt":"2023-02-11T11:47:44","guid":{"rendered":"http:\/\/www.gcaudron.com\/?page_id=9026"},"modified":"2024-02-06T19:48:54","modified_gmt":"2024-02-06T18:48:54","slug":"strasbourg-le-13-decembre-1993","status":"publish","type":"page","link":"http:\/\/www.gcaudron.com\/?page_id=9026","title":{"rendered":"Strasbourg le 13 d\u00e9cembre 1993 &#8211; 17h15"},"content":{"rendered":"\n<p class=\"has-text-align-center\"><strong><u>SEANCE SOLENELLE \u2013 invit\u00e9&nbsp; : Yasser ARAFAT<\/u><\/strong><\/p>\n\n\n\n<p>Il y avait une petite foule dans le hall du Parlement Europ\u00e9en pour voir passer le leader de l\u2019OLP\u2026(Organisation de lib\u00e9ration de la Palestine)<\/p>\n\n\n\n<p>Il n\u2019y aura cependant que quelques tr\u00e8s timides applaudissements du fait sans doute que beaucoup sont venus par \u00ab\u00a0curiosit\u00e9\u00a0\u00bb&#8230; tout simplement .<\/p>\n\n\n\n<p>Il en sera d&rsquo;ailleurs de m\u00eame dans l\u2019h\u00e9micycle du PE au moment de son entr\u00e9e.<\/p>\n\n\n\n<p>On le d\u00e9couvre \u00ab\u00a0en vrai\u00a0\u00bb :&nbsp;L\u2019homme est petit et, comme \u00e0 la t\u00e9l\u00e9, v\u00eatu de son uniforme\u2026 mais sans son pistolet.<\/p>\n\n\n\n<p>Il s\u2019exprime en arabe et il nous salue au nom du peuple palestinien.<\/p>\n\n\n\n<p>Il commence d\u2019entr\u00e9e en ce 13 d\u00e9cembre par l&rsquo;annonce du&nbsp; report de la premi\u00e8re \u00e9tape du processus de paix dans 10 jours.&nbsp;Il dit aussi que ce ne sera qu\u2019une \u00e9tape\u2026 et il appelle l\u2019Europe, qu&rsquo;il remercie, \u00e0 \u00eatre un pilier dans le processus de Paix (SADAM)\u2026<\/p>\n\n\n\n<p>Pour lui \u2018\u2019l\u2019avenir de la Paix\u2019\u2019&nbsp;a d\u00e9coll\u00e9. Il lui reste \u00e0 atterrir (NLDR \u2013 Puisse t-il ne pas s&rsquo;\u00e9craser\u2026)<\/p>\n\n\n\n<p>Le discours est plut\u00f4t \u00ab\u00a0terne\u00a0\u00bb et il faut \u00ab\u00a0dresser l\u2019oreille\u00a0\u00bb pour d\u00e9crypter les calendriers, les esp\u00e9rances et les craintes\u2026<\/p>\n\n\n\n<p>Il faut lui reconna\u00eetre que \u00ab\u00a0l\u2019exercice est difficile\u00a0\u00bb quand on sait la situation, les tensions et les affrontements sur le terrain\u2026<\/p>\n\n\n\n<p>Et pourtant, je le pense, il faut donner toute sa chance au processus de paix .<\/p>\n\n\n\n<p>L\u2019atmosph\u00e8re de l\u2019h\u00e9micycle est plut\u00f4t \u00ab\u00a0curieuse\u00a0\u00bb, peu attentive\u2026 j&rsquo;ai vu plusieurs parlementaires qui dorment ou qui font semblant &#8230;<\/p>\n\n\n\n<p>Et Yasser Arafat \u00e9graine des exigences\u2026 au moment o\u00f9 on ne l\u2019attendait plus\u2026<\/p>\n\n\n\n<p>Il repartira dans une m\u00eame atmosph\u00e8re d\u2019indiff\u00e9rence avant \u00ab\u00a0qu\u2019on passe \u00e0 autre chose\u00a0\u00bb\u2026<\/p>\n","protected":false},"excerpt":{"rendered":"<p>SEANCE SOLENELLE \u2013 invit\u00e9&nbsp; : Yasser ARAFAT Il y avait une petite foule dans le hall du Parlement Europ\u00e9en pour voir passer le leader de l\u2019OLP\u2026(Organisation de lib\u00e9ration de la Palestine) Il n\u2019y aura cependant que quelques tr\u00e8s timides applaudissements du fait sans doute que beaucoup sont venus par \u00ab\u00a0curiosit\u00e9\u00a0\u00bb&#8230; tout simplement . Il en &hellip; <\/p>\n<p><a class=\"more-link btn\" href=\"http:\/\/www.gcaudron.com\/?page_id=9026\">Continue reading<\/a><\/p>\n","protected":false},"author":3,"featured_media":0,"parent":8926,"menu_order":-76,"comment_status":"closed","ping_status":"closed","template":"template-onecolumn.php","meta":{"footnotes":""},"class_list":["post-9026","page","type-page","status-publish","hentry","nodate","item-wrap"],"_links":{"self":[{"href":"http:\/\/www.gcaudron.com\/index.php?rest_route=\/wp\/v2\/pages\/9026","targetHints":{"allow":["GET"]}}],"collection":[{"href":"http:\/\/www.gcaudron.com\/index.php?rest_route=\/wp\/v2\/pages"}],"about":[{"href":"http:\/\/www.gcaudron.com\/index.php?rest_route=\/wp\/v2\/types\/page"}],"author":[{"embeddable":true,"href":"http:\/\/www.gcaudron.com\/index.php?rest_route=\/wp\/v2\/users\/3"}],"replies":[{"embeddable":true,"href":"http:\/\/www.gcaudron.com\/index.php?rest_route=%2Fwp%2Fv2%2Fcomments&post=9026"}],"version-history":[{"count":2,"href":"http:\/\/www.gcaudron.com\/index.php?rest_route=\/wp\/v2\/pages\/9026\/revisions"}],"predecessor-version":[{"id":9033,"href":"http:\/\/www.gcaudron.com\/index.php?rest_route=\/wp\/v2\/pages\/9026\/revisions\/9033"}],"up":[{"embeddable":true,"href":"http:\/\/www.gcaudron.com\/index.php?rest_route=\/wp\/v2\/pages\/8926"}],"wp:attachment":[{"href":"http:\/\/www.gcaudron.com\/index.php?rest_route=%2Fwp%2Fv2%2Fmedia&parent=9026"}],"curies":[{"name":"wp","href":"https:\/\/api.w.org\/{rel}","templated":true}]}}