{"id":9024,"date":"2023-02-10T19:44:58","date_gmt":"2023-02-10T18:44:58","guid":{"rendered":"http:\/\/www.gcaudron.com\/?page_id=9024"},"modified":"2024-02-06T20:02:02","modified_gmt":"2024-02-06T19:02:02","slug":"strasbourg-mercredi-13-juin-1990-12h00","status":"publish","type":"page","link":"http:\/\/www.gcaudron.com\/?page_id=9024","title":{"rendered":"Strasbourg &#8211; Mercredi 13 juin 1990 &#8211; 12H00"},"content":{"rendered":"\n<p>Grand moment d\u2019\u00e9motion et grand moment politique :&nbsp;la venue de Nelson MENDELA et son intervention devant le Parlement Europ\u00e9en.<\/p>\n\n\n\n<p>Les bancs de la Gauche sont pleins, ceux des chr\u00e9tiens D\u00e9mocrates presque pleins, ceux des Lib\u00e9raux clairsem\u00e9s, ceux de l\u2019extr\u00eame-droite quasiment vides\u2026(heureusement).&nbsp;<\/p>\n\n\n\n<p>Val\u00e9ry Giscard d\u2019Estaing n\u2019est pas l\u00e0\u2026 pourtant il parait \u00ab\u00a0qu&rsquo;il&nbsp; aimait l\u2019Afrique\u00a0\u00bb quand il \u00e9tait Pr\u00e9sident,&nbsp; non ?&nbsp;<\/p>\n\n\n\n<p>Nelson MENDELA, rend un vibrant hommage au r\u00f4le du Parlement Europ\u00e9en dans la d\u00e9fense des Droits de l\u2019Homme et la promotion partout de la D\u00e9mocratie.<\/p>\n\n\n\n<p>Il parle longuement du racisme et de ses cons\u00e9quences en terme de conflits, de guerres et de g\u00e9nocides .&nbsp;<\/p>\n\n\n\n<p>&nbsp; \u00abIl parle aussi avec courage de son refus de la haine et son refus de la vengeance ce qui, pour lui, est n\u00e9cessaire pour que les victimes de l&rsquo;apartheid&nbsp; ne risquent pas de devenir demain de nouveaux bourreaux\u00bb.&nbsp;<\/p>\n\n\n\n<p>&nbsp;Il se d\u00e9clare d&rsquo;ailleurs pr\u00eat \u00e0 n\u00e9gocier avec les dirigeants actuels de l\u2019Afrique du Sud qu\u2019il qualifie \u00ab\u00a0d\u2019int\u00e8gres\u00a0\u00bb et de \u00ab\u00a0sinc\u00e8res\u00a0\u00bb.<\/p>\n\n\n\n<p>Mais beaucoup, oui beaucoup, reste \u00e0 faire. L\u2019apartheid restant encore en place, la lutte continue.<\/p>\n\n\n\n<p>Les sanctions \u00e9conomiques doivent donc \u00eatre maintenues !<\/p>\n\n\n\n<p><strong>C\u2019est sous les acclamations d\u2019un Parlement&nbsp;<\/strong><strong>Europ\u00e9en<\/strong><strong>&nbsp;debout que \u00ab\u00a0ce grand vieux jeune homme fatigu\u00e9\u00a0\u00bb devait terminer ce que je qualifierai de \u00ab\u00a0grand discours de Chef d\u2019Etat\u00a0\u00bb .<\/strong><\/p>\n","protected":false},"excerpt":{"rendered":"<p>Grand moment d\u2019\u00e9motion et grand moment politique :&nbsp;la venue de Nelson MENDELA et son intervention devant le Parlement Europ\u00e9en. Les bancs de la Gauche sont pleins, ceux des chr\u00e9tiens D\u00e9mocrates presque pleins, ceux des Lib\u00e9raux clairsem\u00e9s, ceux de l\u2019extr\u00eame-droite quasiment vides\u2026(heureusement).&nbsp; Val\u00e9ry Giscard d\u2019Estaing n\u2019est pas l\u00e0\u2026 pourtant il parait \u00ab\u00a0qu&rsquo;il&nbsp; aimait l\u2019Afrique\u00a0\u00bb quand il &hellip; <\/p>\n<p><a class=\"more-link btn\" href=\"http:\/\/www.gcaudron.com\/?page_id=9024\">Continue reading<\/a><\/p>\n","protected":false},"author":3,"featured_media":0,"parent":8926,"menu_order":-66,"comment_status":"closed","ping_status":"closed","template":"template-onecolumn.php","meta":{"footnotes":""},"class_list":["post-9024","page","type-page","status-publish","hentry","nodate","item-wrap"],"_links":{"self":[{"href":"http:\/\/www.gcaudron.com\/index.php?rest_route=\/wp\/v2\/pages\/9024","targetHints":{"allow":["GET"]}}],"collection":[{"href":"http:\/\/www.gcaudron.com\/index.php?rest_route=\/wp\/v2\/pages"}],"about":[{"href":"http:\/\/www.gcaudron.com\/index.php?rest_route=\/wp\/v2\/types\/page"}],"author":[{"embeddable":true,"href":"http:\/\/www.gcaudron.com\/index.php?rest_route=\/wp\/v2\/users\/3"}],"replies":[{"embeddable":true,"href":"http:\/\/www.gcaudron.com\/index.php?rest_route=%2Fwp%2Fv2%2Fcomments&post=9024"}],"version-history":[{"count":2,"href":"http:\/\/www.gcaudron.com\/index.php?rest_route=\/wp\/v2\/pages\/9024\/revisions"}],"predecessor-version":[{"id":9641,"href":"http:\/\/www.gcaudron.com\/index.php?rest_route=\/wp\/v2\/pages\/9024\/revisions\/9641"}],"up":[{"embeddable":true,"href":"http:\/\/www.gcaudron.com\/index.php?rest_route=\/wp\/v2\/pages\/8926"}],"wp:attachment":[{"href":"http:\/\/www.gcaudron.com\/index.php?rest_route=%2Fwp%2Fv2%2Fmedia&parent=9024"}],"curies":[{"name":"wp","href":"https:\/\/api.w.org\/{rel}","templated":true}]}}