{"id":9021,"date":"2023-02-10T19:42:03","date_gmt":"2023-02-10T18:42:03","guid":{"rendered":"http:\/\/www.gcaudron.com\/?page_id=9021"},"modified":"2024-02-06T19:50:16","modified_gmt":"2024-02-06T18:50:16","slug":"strasbourg-le-12-mai-1992-12h15","status":"publish","type":"page","link":"http:\/\/www.gcaudron.com\/?page_id=9021","title":{"rendered":"Strasbourg &#8211; le 12 mai 1992 &#8211; 12h15"},"content":{"rendered":"\n<p>S\u00e9ance solennelle avec la r\u00e9ception de la Reine ELISABETH 2 (et son mari), toute de bleu v\u00eatue avec un chapeau \u00e0 l&rsquo;avenant\u2026&nbsp;<\/p>\n\n\n\n<p>Devant un h\u00e9micycle bien rempli, elle commence son intervention en \u00e9voquant Sir Winston Churchill&nbsp; comme \u2026&nbsp; \u00able fondateur de l&rsquo;Europe\u00bb \u2026<\/p>\n\n\n\n<p>Elle parle de Strasbourg , symbole de la r\u00e9conciliation franco-allemande et de la \u00ab\u00a0diversit\u00e9\u00a0\u00bb de la famille europ\u00e9enne .<\/p>\n\n\n\n<p>Elle cite Jean MONNET, un des P\u00e8res Fondateurs de l&rsquo;Union de l&rsquo;Europe\u2026 et elle le cite en fran\u00e7ais\u2026 (merci majest\u00e9 !)<\/p>\n\n\n\n<p>Elle \u00e9voque \u00ab\u00a0Maastricht\u00a0\u00bb&nbsp; comme le meilleur \u00e9quilibre possible pour l&rsquo;Europe.<\/p>\n\n\n\n<p>Elle rend Hommage au Parlement Europ\u00e9en comme un atout pour la D\u00e9mocratie.&nbsp;<\/p>\n\n\n\n<p>Pour elle, la communaut\u00e9 doit s&rsquo;ouvrir encore et \u00ab\u00a0ouvrir vite ses portes\u00a0\u00bb \u00e0 ceux qui y frappent.<\/p>\n\n\n\n<p>Pour elle, la C.E.E. a le poids et les institutions n\u00e9cessaires pour r\u00e9tablir la Paix \u00e0 l&rsquo;Est de l&rsquo;Europe \u2026 et de nous rappeler que, comme en Europe de l&rsquo;Ouest il y a 45 ans, la coop\u00e9ration doit, \u00e0 l&rsquo;Est, remplacer le conflit \u2026.&nbsp;<\/p>\n\n\n\n<p>La Reine devait enfin conclure en affirmant une foi europ\u00e9enne dont on a bien senti qu&rsquo;elle \u00e9tait sinc\u00e8re ce qui est particuli\u00e8rement \u00e9mouvant, un message par ailleurs&nbsp; encourageant \u00e0 la veille de la pr\u00e9sidence britannique de la C.E.E. pour le deuxi\u00e8me semestre 1992.<\/p>\n","protected":false},"excerpt":{"rendered":"<p>S\u00e9ance solennelle avec la r\u00e9ception de la Reine ELISABETH 2 (et son mari), toute de bleu v\u00eatue avec un chapeau \u00e0 l&rsquo;avenant\u2026&nbsp; Devant un h\u00e9micycle bien rempli, elle commence son intervention en \u00e9voquant Sir Winston Churchill&nbsp; comme \u2026&nbsp; \u00able fondateur de l&rsquo;Europe\u00bb \u2026 Elle parle de Strasbourg , symbole de la r\u00e9conciliation franco-allemande et de &hellip; <\/p>\n<p><a class=\"more-link btn\" href=\"http:\/\/www.gcaudron.com\/?page_id=9021\">Continue reading<\/a><\/p>\n","protected":false},"author":3,"featured_media":0,"parent":8926,"menu_order":-74,"comment_status":"closed","ping_status":"closed","template":"template-onecolumn.php","meta":{"footnotes":""},"class_list":["post-9021","page","type-page","status-publish","hentry","nodate","item-wrap"],"_links":{"self":[{"href":"http:\/\/www.gcaudron.com\/index.php?rest_route=\/wp\/v2\/pages\/9021","targetHints":{"allow":["GET"]}}],"collection":[{"href":"http:\/\/www.gcaudron.com\/index.php?rest_route=\/wp\/v2\/pages"}],"about":[{"href":"http:\/\/www.gcaudron.com\/index.php?rest_route=\/wp\/v2\/types\/page"}],"author":[{"embeddable":true,"href":"http:\/\/www.gcaudron.com\/index.php?rest_route=\/wp\/v2\/users\/3"}],"replies":[{"embeddable":true,"href":"http:\/\/www.gcaudron.com\/index.php?rest_route=%2Fwp%2Fv2%2Fcomments&post=9021"}],"version-history":[{"count":2,"href":"http:\/\/www.gcaudron.com\/index.php?rest_route=\/wp\/v2\/pages\/9021\/revisions"}],"predecessor-version":[{"id":9023,"href":"http:\/\/www.gcaudron.com\/index.php?rest_route=\/wp\/v2\/pages\/9021\/revisions\/9023"}],"up":[{"embeddable":true,"href":"http:\/\/www.gcaudron.com\/index.php?rest_route=\/wp\/v2\/pages\/8926"}],"wp:attachment":[{"href":"http:\/\/www.gcaudron.com\/index.php?rest_route=%2Fwp%2Fv2%2Fmedia&parent=9021"}],"curies":[{"name":"wp","href":"https:\/\/api.w.org\/{rel}","templated":true}]}}