{"id":9011,"date":"2023-02-09T18:34:26","date_gmt":"2023-02-09T17:34:26","guid":{"rendered":"http:\/\/www.gcaudron.com\/?page_id=9011"},"modified":"2024-02-06T20:06:22","modified_gmt":"2024-02-06T19:06:22","slug":"21-mai-1981-francois-mitterrand-a-lelysee","status":"publish","type":"page","link":"http:\/\/www.gcaudron.com\/?page_id=9011","title":{"rendered":"21 mai 1981 &#8211; Fran\u00e7ois Mitterrand \u00e0 l\u2019\u00c9lys\u00e9e"},"content":{"rendered":"\n<p>Avec l\u2019investiture de Fran\u00e7ois Mitterrand, ce jeudi 21 mai 1981 \u00e0 l\u2019\u00c9lys\u00e9e, la gauche est entr\u00e9e&nbsp; dans l\u2019Histoire de la 5<sup>\u00e8me<\/sup>&nbsp;R\u00e9publique\u2026<\/p>\n\n\n\n<p>Ce sera toujours pour moi, qui peut en douter ? , un moment inoubliable de ma vie quand pour la premi\u00e8re fois, \u00e0 l\u2019\u00e2ge de 36 ans ,&nbsp;<\/p>\n\n\n\n<p><strong>j\u2019<\/strong><strong>ai franchi le portail de l\u2019\u00c9lys\u00e9e, travers\u00e9 sa cour et mont\u00e9 le&nbsp;<\/strong><strong>perron<\/strong><strong>&nbsp;pour atteindre la Salle des F\u00eates du Palais au milieu pr\u00e8s de 200 repr\u00e9sentants de tous les Grands Corps de la R\u00e9publique et de<\/strong><strong>&nbsp;quelques dizaines \u00ab&nbsp;d\u2019invit\u00e9s personnels du nouveau Pr\u00e9sident &nbsp;\u00bb dont j\u2019\u00e9tais<\/strong>&nbsp;<strong>avec Dinah Derycke,&nbsp;<\/strong><\/p>\n\n\n\n<p>Ainsi, 11 jours apr\u00e8s son \u00e9lection, Fran\u00e7ois Mitterrand arrivera&nbsp; dans la cour de l\u2019Elys\u00e9e vers 9 heures o\u00f9 il sera accueilli par Valery Giscard d\u2019Estaing avec lequel il s\u2019entretiendra en t\u00eate \u00e0 t\u00eate durant pr\u00e8s d\u2019une heure .<\/p>\n\n\n\n<p><strong>Apr\u00e8s le d\u00e9part de l\u2019ancien Pr\u00e9sident, vient d\u2019abord le temps de la passation de pouvoir dans le domaine militaire&nbsp; puis&nbsp; celui de \u00ab&nbsp;l\u2019investiture&nbsp;\u00bb proprement dite, \u00e0 laquelle j\u2019ai l\u2019honneur d\u2019assister, non loin de toutes celles et de tous ceux \u00ab&nbsp;qui vont compter&nbsp;\u00bb dans les ann\u00e9es qui suivront<\/strong><strong>\u2026<\/strong><\/p>\n\n\n\n<p>C\u2019est le Pr\u00e9sident du Conseil Constitutionnel qui, de par la Constitution, proclamera l\u2019\u00e9lection du Pr\u00e9sident Mitterrand.<\/p>\n\n\n\n<p><strong>Il est 10h36 quand le nouveau Pr\u00e9sident commencera \u00e0 prononcer un discours que je n\u2019ai jamais oubli\u00e9&nbsp;avant, une fois termin\u00e9, de venir saluer tous ses invit\u00e9s dont Pierre Mendes France<\/strong><strong>&nbsp;qui n\u2019es<\/strong>t&nbsp;<strong>alors qu\u2019\u00e0 quelques pas de moi<\/strong>\u2026<\/p>\n\n\n\n<p><strong>Viendra ensuite<\/strong>&nbsp;<strong>le moment du D<\/strong><strong>\u00e9p\u00f4t<\/strong><strong>&nbsp;de Gerbe sous l\u2019Arc de Triomphe<\/strong>&nbsp;o\u00f9 je me suis rendu par ses couloirs souterrains tandis que le cort\u00e8ge pr\u00e9sidentiel remontait les champs&nbsp;\u00c9lys\u00e9es, un moment lui aussi tr\u00e8s \u00e9mouvant,&nbsp;<strong>suivi d\u2019un d\u00e9jeuner officiel&nbsp; aux cot\u00e9s de plusieurs futurs<\/strong>&nbsp;<strong>Ministres.<\/strong><\/p>\n\n\n\n<p><strong>La journ\u00e9e s\u2019ach\u00e8vera pour moi et pour Dinah Derycke rue Soufflot<\/strong>&nbsp;<strong>dans sa remont\u00e9e<\/strong>&nbsp;<strong>jusqu\u2019au Panth\u00e9on<\/strong>&nbsp;o\u00f9, nous dit-on, le Pr\u00e9sident rendra plus particuli\u00e8rement hommage \u00e0 Jean Moulin,Victor Sch\u0153lcher et Jean Jaur\u00e8s\u2026<\/p>\n\n\n\n<p><strong>Une derni\u00e8re c\u00e9r\u00e9monie et une journ\u00e9e qui se terminera ainsi pour nous&nbsp; au son de la Marseillaise<\/strong>&nbsp;avant d\u2019aller retrouver ma voiture, porte de la Chapelle o\u00f9 je l\u2019avais gar\u00e9e avant de prendre le m\u00e9tro pour l\u2019Elys\u00e9e&nbsp; et ,bien s\u00fbr , de regagner Villeneuve d\u2019Ascq,&nbsp;<strong>\u00able c\u0153ur plein d\u2019\u00e9motion\u00bb\u2026 et d\u2019espoirs.<\/strong><\/p>\n","protected":false},"excerpt":{"rendered":"<p>Avec l\u2019investiture de Fran\u00e7ois Mitterrand, ce jeudi 21 mai 1981 \u00e0 l\u2019\u00c9lys\u00e9e, la gauche est entr\u00e9e&nbsp; dans l\u2019Histoire de la 5\u00e8me&nbsp;R\u00e9publique\u2026 Ce sera toujours pour moi, qui peut en douter ? , un moment inoubliable de ma vie quand pour la premi\u00e8re fois, \u00e0 l\u2019\u00e2ge de 36 ans ,&nbsp; j\u2019ai franchi le portail de l\u2019\u00c9lys\u00e9e, &hellip; <\/p>\n<p><a class=\"more-link btn\" href=\"http:\/\/www.gcaudron.com\/?page_id=9011\">Continue reading<\/a><\/p>\n","protected":false},"author":3,"featured_media":0,"parent":8926,"menu_order":-60,"comment_status":"closed","ping_status":"closed","template":"template-onecolumn.php","meta":{"footnotes":""},"class_list":["post-9011","page","type-page","status-publish","hentry","nodate","item-wrap"],"_links":{"self":[{"href":"http:\/\/www.gcaudron.com\/index.php?rest_route=\/wp\/v2\/pages\/9011","targetHints":{"allow":["GET"]}}],"collection":[{"href":"http:\/\/www.gcaudron.com\/index.php?rest_route=\/wp\/v2\/pages"}],"about":[{"href":"http:\/\/www.gcaudron.com\/index.php?rest_route=\/wp\/v2\/types\/page"}],"author":[{"embeddable":true,"href":"http:\/\/www.gcaudron.com\/index.php?rest_route=\/wp\/v2\/users\/3"}],"replies":[{"embeddable":true,"href":"http:\/\/www.gcaudron.com\/index.php?rest_route=%2Fwp%2Fv2%2Fcomments&post=9011"}],"version-history":[{"count":2,"href":"http:\/\/www.gcaudron.com\/index.php?rest_route=\/wp\/v2\/pages\/9011\/revisions"}],"predecessor-version":[{"id":9017,"href":"http:\/\/www.gcaudron.com\/index.php?rest_route=\/wp\/v2\/pages\/9011\/revisions\/9017"}],"up":[{"embeddable":true,"href":"http:\/\/www.gcaudron.com\/index.php?rest_route=\/wp\/v2\/pages\/8926"}],"wp:attachment":[{"href":"http:\/\/www.gcaudron.com\/index.php?rest_route=%2Fwp%2Fv2%2Fmedia&parent=9011"}],"curies":[{"name":"wp","href":"https:\/\/api.w.org\/{rel}","templated":true}]}}