{"id":9009,"date":"2023-02-09T18:32:32","date_gmt":"2023-02-09T17:32:32","guid":{"rendered":"http:\/\/www.gcaudron.com\/?page_id=9009"},"modified":"2024-02-06T20:08:58","modified_gmt":"2024-02-06T19:08:58","slug":"mon-premier-carnet-du-14-fevrier-1960-un-moment-de-lhistoire-de-france-a-reggane-1er-essai-de-la-bombe-a-francaise-2","status":"publish","type":"page","link":"http:\/\/www.gcaudron.com\/?page_id=9009","title":{"rendered":"Mon premier carnet du 14 f\u00e9vrier 1960 : \u00ab\u00a0Un moment de l\u2019Histoire de France \u00e0 R\u00e9ggane 1er essai de la bombe A fran\u00e7aise\u00a0\u00bb"},"content":{"rendered":"\n<p>C\u2019est la d\u00e9cision du G\u00e9n\u00e9ral de Gaulle, Pr\u00e9sident de la R\u00e9publique,&nbsp;de doter la France de l\u2019arme atomique \u00ab&nbsp;en tant qu\u2019arme de dissuasion&nbsp;\u00bb qui devait conduire \u00e0 un premier essai en ce 13 f\u00e9vrier 1960 \u00e0 7 heures \u00e0 R\u00e9ggane, que&nbsp;j\u2019ai voulu,&nbsp;en ce m\u00eame jour sur un modeste carnet \u00ab&nbsp;La caravelle&nbsp;\u00bb, inscrire \u00ab&nbsp;dans mon histoire&nbsp;\u00bb&nbsp;en reprenant des informations tir\u00e9es de la presse .<\/p>\n\n\n\n<p><strong>Des rappels d\u2019abord&nbsp;pour situer l\u2019\u00e9v\u00e8nement dans le calendrier mondial<\/strong><\/p>\n\n\n\n<p><strong>16 juillet 1945<\/strong>&nbsp;: Explosion \u00e0 Alamogordo, dans le nouveau Mexique de la premi\u00e8re Bombe \u00ab&nbsp;A&nbsp;\u00bb am\u00e9ricaine<\/p>\n\n\n\n<p><strong>6 et 9 ao\u00fbt 1945&nbsp;:&nbsp;<\/strong>Bombardement de Hiroshima et Nagasaki au Japon (500 000 morts)<\/p>\n\n\n\n<p><strong>14 juillet 1949<\/strong>&nbsp;: Explosion de la premi\u00e8re bombe \u00abA\u00bb sovi\u00e9tique \u00e0 Semipalatinsk pr\u00e8s du lac Ba\u00efkal<\/p>\n\n\n\n<p><strong>3 octobre 19<\/strong><strong>5<\/strong><strong>2<\/strong>&nbsp;: \u00e0 Montebello Island, Oc\u00e9anie, premi\u00e8re Bombe \u00abA\u00bb Anglaise.<\/p>\n\n\n\n<p><strong>1<sup>er<\/sup>&nbsp;novembre 1952<\/strong>&nbsp;: Premi\u00e8re Bombe \u00abH\u00bb am\u00e9ricaine<\/p>\n\n\n\n<p><strong>16 ao\u00fbt 1953<\/strong>&nbsp;: Explosion de la premi\u00e8re Bombe \u00abH\u00bb sovi\u00e9tique<\/p>\n\n\n\n<p><strong>17 mai 1955&nbsp;:&nbsp;<\/strong>Premi\u00e8re Bombe Essai U.S. d\u2019une Bombe \u00abA\u00bb sous-marine<\/p>\n\n\n\n<p><strong>18 novembre 1955<\/strong>&nbsp;: Premi\u00e8re Bombe \u00abA\u00bb lanc\u00e9e par avion (U.R.S.S)<\/p>\n\n\n\n<p><strong>21 mai 1956<\/strong>&nbsp;: Premi\u00e8re Bombe \u00abH\u00bb lanc\u00e9e par avion (U.S)<\/p>\n\n\n\n<p><strong>19 mai 1957<\/strong>&nbsp;: Premi\u00e8re Bombe \u00abH\u00bb anglaise<\/p>\n\n\n\n<p><strong>3 octobre 1958<\/strong>&nbsp;: Essai US Bombe de Poche<\/p>\n\n\n\n<p><strong>31 octobre et 3 novembre 1958<\/strong>&nbsp;: Arr\u00eat des essais occidentaux et Russes<\/p>\n\n\n\n<p><strong>13 f\u00e9vrier 1960<\/strong>&nbsp;: Explosion de la Bombe \u00abA\u00bb fran\u00e7aise<\/p>\n","protected":false},"excerpt":{"rendered":"<p>C\u2019est la d\u00e9cision du G\u00e9n\u00e9ral de Gaulle, Pr\u00e9sident de la R\u00e9publique,&nbsp;de doter la France de l\u2019arme atomique \u00ab&nbsp;en tant qu\u2019arme de dissuasion&nbsp;\u00bb qui devait conduire \u00e0 un premier essai en ce 13 f\u00e9vrier 1960 \u00e0 7 heures \u00e0 R\u00e9ggane, que&nbsp;j\u2019ai voulu,&nbsp;en ce m\u00eame jour sur un modeste carnet \u00ab&nbsp;La caravelle&nbsp;\u00bb, inscrire \u00ab&nbsp;dans mon histoire&nbsp;\u00bb&nbsp;en reprenant &hellip; <\/p>\n<p><a class=\"more-link btn\" href=\"http:\/\/www.gcaudron.com\/?page_id=9009\">Continue reading<\/a><\/p>\n","protected":false},"author":3,"featured_media":0,"parent":8926,"menu_order":-53,"comment_status":"closed","ping_status":"closed","template":"template-onecolumn.php","meta":{"footnotes":""},"class_list":["post-9009","page","type-page","status-publish","hentry","nodate","item-wrap"],"_links":{"self":[{"href":"http:\/\/www.gcaudron.com\/index.php?rest_route=\/wp\/v2\/pages\/9009","targetHints":{"allow":["GET"]}}],"collection":[{"href":"http:\/\/www.gcaudron.com\/index.php?rest_route=\/wp\/v2\/pages"}],"about":[{"href":"http:\/\/www.gcaudron.com\/index.php?rest_route=\/wp\/v2\/types\/page"}],"author":[{"embeddable":true,"href":"http:\/\/www.gcaudron.com\/index.php?rest_route=\/wp\/v2\/users\/3"}],"replies":[{"embeddable":true,"href":"http:\/\/www.gcaudron.com\/index.php?rest_route=%2Fwp%2Fv2%2Fcomments&post=9009"}],"version-history":[{"count":1,"href":"http:\/\/www.gcaudron.com\/index.php?rest_route=\/wp\/v2\/pages\/9009\/revisions"}],"predecessor-version":[{"id":9010,"href":"http:\/\/www.gcaudron.com\/index.php?rest_route=\/wp\/v2\/pages\/9009\/revisions\/9010"}],"up":[{"embeddable":true,"href":"http:\/\/www.gcaudron.com\/index.php?rest_route=\/wp\/v2\/pages\/8926"}],"wp:attachment":[{"href":"http:\/\/www.gcaudron.com\/index.php?rest_route=%2Fwp%2Fv2%2Fmedia&parent=9009"}],"curies":[{"name":"wp","href":"https:\/\/api.w.org\/{rel}","templated":true}]}}