{"id":9002,"date":"2023-02-09T09:06:53","date_gmt":"2023-02-09T08:06:53","guid":{"rendered":"http:\/\/www.gcaudron.com\/?page_id=9002"},"modified":"2024-02-06T19:46:34","modified_gmt":"2024-02-06T18:46:34","slug":"parlement-europeen-le-17-juillet-1996-explication-de-vote-sur-la-crise-de-la-vache-folle","status":"publish","type":"page","link":"http:\/\/www.gcaudron.com\/?page_id=9002","title":{"rendered":"Parlement Europ\u00e9en le 17 juillet 1996 &#8211; Explication de vote sur la crise de la vache folle"},"content":{"rendered":"\n<p><strong>Notre soci\u00e9t\u00e9 d\u00e9couvre depuis plusieurs ann\u00e9es avec horreur les cons\u00e9quences de<\/strong>&nbsp;<strong>ses folies.<\/strong><\/p>\n\n\n\n<p>Hier,&nbsp; le commerce du Sang, aujourd\u2019hui, les cons\u00e9quences des farines animales contamin\u00e9es\u2026 pour ne citer que deux des parties les plus visible de ces terribles d\u00e9sordres\u2026<\/p>\n\n\n\n<p><strong>La raison de fond est, elle aussi, d\u2019une terrible simplicit\u00e9.<\/strong><\/p>\n\n\n\n<p>C\u2019est le r\u00e9sultat d&rsquo;un productivisme \u00e9chevel\u00e9 sinon \u00e9cervel\u00e9, d\u2019une recherche du profit \u00e0 tous prix par des gains de temps \u00e0 n\u2019importe quel prix.<\/p>\n\n\n\n<p>Et je suis scandalis\u00e9 d\u2019entendre des diatribes de ceux qui, par ailleurs, sont des chantres de cette soci\u00e9t\u00e9 bas\u00e9e sur l\u2019agent, la comp\u00e9tition, la r\u00e9ussite individuelle au d\u00e9triment d\u2019une conception plus collective et plus qualitative de son organisation.<\/p>\n\n\n\n<p><strong>Cela dit, rien ne justifie les erreurs et les fautes commises ici ou l\u00e0 au niveau Europ\u00e9en et \u00e0 celui des \u00c9tats.<\/strong><\/p>\n\n\n\n<p>Nous avons le droit de savoir d\u2019abord pour limiter les cons\u00e9quences des erreurs pass\u00e9es mais surtout \u00e9viter qu\u2019elles recommencent sous une forme ou sous une autre.<\/p>\n\n\n\n<p>C\u2019est pourquoi je m\u2019associe \u00e0 la demande d\u2019une commission d\u2019enqu\u00eate dont les travaux devront nous aider \u00e0 savoir la v\u00e9rit\u00e9.<\/p>\n\n\n\n<p><strong>Si il y\u2019a eu des fautes, voire des crimes ou des d\u00e9lits, leurs responsables, \u00e0 quelque niveau que ce soit, devront \u00eatre punis&nbsp;!<\/strong><\/p>\n\n\n\n<p>G\u00e9rard Caudron<\/p>\n\n\n\n<p>en s\u00e9ance&nbsp; du Parlement Europ\u00e9en<\/p>\n","protected":false},"excerpt":{"rendered":"<p>Notre soci\u00e9t\u00e9 d\u00e9couvre depuis plusieurs ann\u00e9es avec horreur les cons\u00e9quences de&nbsp;ses folies. Hier,&nbsp; le commerce du Sang, aujourd\u2019hui, les cons\u00e9quences des farines animales contamin\u00e9es\u2026 pour ne citer que deux des parties les plus visible de ces terribles d\u00e9sordres\u2026 La raison de fond est, elle aussi, d\u2019une terrible simplicit\u00e9. C\u2019est le r\u00e9sultat d&rsquo;un productivisme \u00e9chevel\u00e9 sinon &hellip; <\/p>\n<p><a class=\"more-link btn\" href=\"http:\/\/www.gcaudron.com\/?page_id=9002\">Continue reading<\/a><\/p>\n","protected":false},"author":3,"featured_media":0,"parent":8926,"menu_order":-81,"comment_status":"closed","ping_status":"closed","template":"template-onecolumn.php","meta":{"footnotes":""},"class_list":["post-9002","page","type-page","status-publish","hentry","nodate","item-wrap"],"_links":{"self":[{"href":"http:\/\/www.gcaudron.com\/index.php?rest_route=\/wp\/v2\/pages\/9002","targetHints":{"allow":["GET"]}}],"collection":[{"href":"http:\/\/www.gcaudron.com\/index.php?rest_route=\/wp\/v2\/pages"}],"about":[{"href":"http:\/\/www.gcaudron.com\/index.php?rest_route=\/wp\/v2\/types\/page"}],"author":[{"embeddable":true,"href":"http:\/\/www.gcaudron.com\/index.php?rest_route=\/wp\/v2\/users\/3"}],"replies":[{"embeddable":true,"href":"http:\/\/www.gcaudron.com\/index.php?rest_route=%2Fwp%2Fv2%2Fcomments&post=9002"}],"version-history":[{"count":2,"href":"http:\/\/www.gcaudron.com\/index.php?rest_route=\/wp\/v2\/pages\/9002\/revisions"}],"predecessor-version":[{"id":9004,"href":"http:\/\/www.gcaudron.com\/index.php?rest_route=\/wp\/v2\/pages\/9002\/revisions\/9004"}],"up":[{"embeddable":true,"href":"http:\/\/www.gcaudron.com\/index.php?rest_route=\/wp\/v2\/pages\/8926"}],"wp:attachment":[{"href":"http:\/\/www.gcaudron.com\/index.php?rest_route=%2Fwp%2Fv2%2Fmedia&parent=9002"}],"curies":[{"name":"wp","href":"https:\/\/api.w.org\/{rel}","templated":true}]}}