{"id":8999,"date":"2023-02-08T23:25:26","date_gmt":"2023-02-08T22:25:26","guid":{"rendered":"http:\/\/www.gcaudron.com\/?page_id=8999"},"modified":"2024-02-06T19:42:10","modified_gmt":"2024-02-06T18:42:10","slug":"paris-rabat-casablanca-les-17-et-18-decembre-1997","status":"publish","type":"page","link":"http:\/\/www.gcaudron.com\/?page_id=8999","title":{"rendered":"Paris &#8211; Rabat &#8211; Casablanca les 17 et 18 D\u00e9cembre 1997"},"content":{"rendered":"\n<p>Un voyage officiel a toujours ses rites, il y a surtout un rythme et le rythme est d\u2019enfer, le voyage officiel au Maroc de Lionel Jospin (qui m&rsquo;y a convi\u00e9) n\u2019y d\u00e9rogera pas.<\/p>\n\n\n\n<p>Partis de Paris le 17 d\u00e9cembre vers 13 heures sous une neige fondue et un froid glacial qui paralysent tout le nord du pays, apr\u00e8s une nuit pass\u00e9 en voiture depuis Strasbourg o\u00f9 j&rsquo;\u00e9tais en session du Parlement Europ\u00e9en, nous arrivons \u00e0 16 heures \u00e0 Rabat (15 heures, heure locale) o\u00f9 la temp\u00e9rature est de 20 degr\u00e9s.<\/p>\n\n\n\n<p>C&rsquo;est le Premier Ministre Marocain qui accueille notre d\u00e9l\u00e9gation forte d\u2019une quarantaine de personnes dont quatre ministres, le d\u00e9put\u00e9 Michel Cr\u00e9peau, le s\u00e9nateur Jean Luc M\u00e9lenchon. Martine Aubry et S\u00e9gol\u00e8ne Royal sont aussi du voyage tout comme onze chefs d\u2019entreprises.&nbsp;<\/p>\n\n\n\n<p>Apr\u00e8s \u00a0\u00bb les gestes protocolaires d\u2019usage\u00a0\u00bb nous visitons le Mausol\u00e9e de Mohamed V, p\u00e8re d\u2019Hassan II.<\/p>\n\n\n\n<p>16h30 &#8211; Le ciel est couvert et pendant que les deux Premiers Ministres s\u2019entretiennent, je visite la vieille ville de Rabat, ses petites rues et ses \u00e9choppes en compagnie de l\u2019attach\u00e9 culturel de notre Ambassade de France.<\/p>\n\n\n\n<p>Un pays attachant et contrast\u00e9, le Maroc, le sentiment d\u2019une francophonie cultiv\u00e9e, une d\u00e9contraction certaine, un environnement correct, une pr\u00e9sence polici\u00e8re certaine.&nbsp;<\/p>\n\n\n\n<p>Quant aux Droits de l\u2019Homme et \u00e0 la D\u00e9mocratie, on nous dit que les progr\u00e8s sont r\u00e9els mais que les efforts encore&nbsp; \u00e0 faire \u2026sont tout aussi r\u00e9els\u2026 (Le tout dit&nbsp; en \u00a0\u00bb langage diplomatique \u00a0\u00bb \u2026sinon en \u00ab\u00a0langue de bois\u00a0\u00bb\u2026)<\/p>\n\n\n\n<p>20 h 30 &#8211; Premier d\u00eener officiel par Monsieur Abdelatif FILLALI, Premier Ministre et Ministre des Affaires Etrang\u00e8res dans l\u2019ambiance chaleureuse d\u2019un Campement typique tout en lourdes tentures.&nbsp;<\/p>\n\n\n\n<p>On nous fait d\u00e9guster toute une s\u00e9rie de plats typiques.&nbsp;<\/p>\n\n\n\n<p>A ma table, un ancien Premier Ministre, deux Ministres en exercice, un G\u00e9n\u00e9ral, tous trois marocains.<\/p>\n\n\n\n<p>La conversation tourne bien s\u00fbr autour des relations Europe-Maroc et des regrets marocains de ne pas les voir se d\u00e9velopper davantage, ce que je partage .&nbsp;<\/p>\n\n\n\n<p>On parle aussi du Moyen Orient et d\u2019Isra\u00ebl en des termes particuli\u00e8rement mod\u00e9r\u00e9s.&nbsp;<\/p>\n\n\n\n<p>Le Maroc nous rappelle sa demande d\u2019adh\u00e9sion \u00e0 l\u2019Union Europ\u00e9enne&nbsp; \u2026 pas si \u00ab\u00a0curieuse\u00a0\u00bb que cela pourrait para\u00eetre quand on voit sa position g\u00e9ographique \u00e0 quelques&nbsp; encablures&nbsp; de Gibraltar et de l\u2019Espagne.<\/p>\n\n\n\n<p>&nbsp;(Restent sans doute la question de l&rsquo;adh\u00e9sion \u00e0 nos \u00ab\u00a0crit\u00e8res d\u00e9mocratiques \u00a0\u00bb&nbsp; et \u00e0 nos normes \u00e9conomiques, industrielles et environnementales \u00ab\u00a0qui ne sont pas exactement les m\u00e8mes\u00a0\u00bb ).<\/p>\n\n\n\n<p>Au moment des toasts, le Premier Ministre Marocain rappellera ses insatisfactions, dira un mot sur le processus de Paix au Moyen Orient, se f\u00e9licitera de l\u2019amiti\u00e9 Franco-Marocaine et l\u00e8vera son verre \u00e0 la sant\u00e9 de Jacques CHIRAC suivi en cela\u2026 par Lionel JOSPIN.<\/p>\n\n\n\n<p>Je peux d\u00e9j\u00e0 en t\u00e9moigner, Lionel JOSPIN, durant toute cette journ\u00e9e, se montrera parfaitement conforme \u00e0 son image, direct, s\u00e9rieux.<\/p>\n\n\n\n<p><strong><u>RABAT &#8211; CASABLANCA 18 DECEMBRE 1997<\/u><\/strong><\/p>\n\n\n\n<p>8 h 30 &#8211; D\u00e9part pour Casablanca avec, apr\u00e8s une heure en cort\u00e8ge bien encadr\u00e9, l\u2019inauguration du Lyc\u00e9e Fran\u00e7ais Louis Massignon.<\/p>\n\n\n\n<p>Le temps toujours tr\u00e8s doux voit alterner soleil et bourrasques de pluie\u2026<\/p>\n\n\n\n<p>Tout le monde suit \u00ab\u00a0au pas de course\u00a0\u00bb avec une Martine AUBRY tr\u00e8s en forme et pleine d\u2019humour.<\/p>\n\n\n\n<p>10 h 15, en bordure d\u2019oc\u00e9an sur une grande esplanade dans le vent et le bruit des vagues, on d\u00e9couvre la grande Mosqu\u00e9e HASSAN II&nbsp;dans sa \u00ab\u00a0toute beaut\u00e9 \u00a0\u00bb \u2026&nbsp;<\/p>\n\n\n\n<p>Nous nous pressons \u00e0 l&rsquo;int\u00e9rieur et en chaussettes pour admirer ses proportions, son art, les peintures et ferronneries\u2026. dans un chatoiement de couleurs\u2026 c&rsquo;est magnifique !<\/p>\n\n\n\n<p>Tout \u00e0 coup, le toit de la Grande Mosqu\u00e9e glisse et s\u2019ouvre en silence. On retient son souffle \u2026<\/p>\n\n\n\n<p>Apr\u00e8s avoir retrouv\u00e9 (difficilement) nos chaussures d\u00e9plac\u00e9es\u2026 nous nous rendons \u00e0 la cl\u00f4ture de la rencontre entre les op\u00e9rateurs \u00e9conomiques Fran\u00e7ais et Marocains.<\/p>\n\n\n\n<p>C\u2019est l\u2019occasion d\u2019un discours tr\u00e8s fort du Premier Ministre et l\u2019occasion pour moi de discuter avec Martin BOUYGUES et Michel BON de France T\u00e9l\u00e9com. L\u2019occasion aussi d\u2019autres discussions informelles avec des patrons.&nbsp;<\/p>\n\n\n\n<p>12 h 30 &#8211; Martine AUBRY m\u2019a convi\u00e9 \u00e0 participer \u00e0 rencontre \u00e0 la R\u00e9sidence de Monsieur CHERIF, Ministre, avec des repr\u00e9sentants de la Soci\u00e9t\u00e9 Civile et des ONG.<\/p>\n\n\n\n<p>c&rsquo;est l&rsquo;occasion d&rsquo;un dialogue tr\u00e8s direct avec beaucoup de responsables femmes . Des contacts sont nou\u00e9s en particulier avec une association marocaine de lutte contre le Sida.<\/p>\n\n\n\n<p>Une question revient plusieurs fois : Pourquoi la France n\u2019abandonne-t\u2019-elle pas pour les immigr\u00e9s le principe de la double peine (sanction p\u00e9nale + expulsion)&nbsp;?&nbsp;<\/p>\n\n\n\n<p>Martine AUBRY, \u00ab\u00a0expliquera l\u2019\u00e9volution en cours\u00a0\u00bb sous l\u2019oreille attentive du Conseiller technique de Jean Pierre CHEVENEMENT.<\/p>\n\n\n\n<p>Nous quittons Casablanca \u00e0 14 h 30 pour rejoindre, au nord de Rabat, la Ville Nouvelle de Sala Al Jadida\u2026 (\u00e0 150 km\/heure\u2026 un v\u00e9ritable rod\u00e9o entre les voitures sur l\u2019autoroute).<\/p>\n\n\n\n<p>En projet, 20&nbsp;000 logements sur 200 hectares, c\u2019est dense, c\u2019est Bouygues&nbsp;! Co\u00fbt&nbsp;: 1.200 francs le m\u00b2 b\u00e2ti, des logements entre 30.000 et 80.000 francs \u2026 des \u00e9coles d\u00e9j\u00e0 ouvertes et des enfants&nbsp;qui nous acclament&nbsp; \u2026 \u00ab\u00a0comme au temps de la coloniale\u00a0\u00bb<\/p>\n\n\n\n<p>Lionel JOSPIN marquera m\u00eame un panier de basket sur un terrain avec quelques-uns d\u2019entre eux\u2026<\/p>\n\n\n\n<p>Dans la foul\u00e9e, je travaille avec le D\u00e9put\u00e9, Pr\u00e9sident de la Ville Nouvelle, Monsieur Driss SENTISSI.<\/p>\n\n\n\n<p>Nous convenons de nouer quelques relations.<\/p>\n\n\n\n<p>Il me fait visiter sa maison, un v\u00e9ritable petit palais\u2026<\/p>\n\n\n\n<p>\u00ab\u00a0Il est proche du Roi\u00a0\u00bb (et il n\u2019est pas de Gauche)<\/p>\n\n\n\n<p>17 h 30 &#8211; Au Palais du Premier Ministre Marocain, se tient une conf\u00e9rence de presse commune.<\/p>\n\n\n\n<p>Il y a beaucoup de journalistes avec des questions directes et des r\u00e9ponses qui le seront moins\u2026<\/p>\n\n\n\n<p>On peut n\u00e9anmoins mesurer l\u2019int\u00e9r\u00eat de la rencontre et le s\u00e9rieux des discussions.<\/p>\n\n\n\n<p>19 h 00 &#8211; Rencontre avec la Communaut\u00e9&nbsp;Fran\u00e7aise au Lyc\u00e9e Descartes\u2026 o\u00f9 j&rsquo;y retrouve une ancienne employ\u00e9e municipale villeneuvoise alors charg\u00e9e&nbsp;du tourisme villeneuvois.<\/p>\n\n\n\n<p>Il y a beaucoup de monde et les Fran\u00e7ais sont heureux de se retrouver car les occasions, nous dit on, ne sont pas nombreuses\u2026<\/p>\n\n\n\n<p>21 h 00 &#8211; Dernier repas de gala \u00e0 l\u2019Ambassade de France. A la table d\u2019honneur, mes discussions reprennent avec les Ministres Fran\u00e7ais et Marocains. Le monde \u00e9conomique est l\u00e0 aussi.&nbsp;<\/p>\n\n\n\n<p>On \u00e9change nos cartes de visite, on se donne des rendez-vous\u2026 des contacts sont nou\u00e9s\u2026 on verra ce qu\u2019il en restera\u2026<\/p>\n\n\n\n<p>********************<\/p>\n\n\n\n<p>19 d\u00e9cembre &#8211; C\u2019est le d\u00e9part pour Paris.<\/p>\n\n\n\n<p>Je devais rentrer par Villacoublay, Dominique Strauss Khan (DSK pour les intimes) m\u2019a invit\u00e9 dans son avion\u2026<\/p>\n\n\n\n<p>A bord, \u00e0 mes c\u00f4t\u00e9s Michel CREPEAU, D\u00e9put\u00e9 Maire de La Rochelle, un radical tr\u00e8s chaleureux.<\/p>\n\n\n\n<p>En face de nous DSK\u2026 conforme \u00e0 son image<\/p>\n\n\n\n<p>Apr\u00e8s 3 heures de vol, nous arrivons au Bourget\u2026 dans la grisaille.<\/p>\n\n\n\n<p>Voil\u00e0 le voyage est termin\u00e9, court, dense, qui met des images la t\u00eate, qui remplit votre carnet d\u2019adresses\u2026 et qui surtout vous sensibilise aux dossiers\u2026<\/p>\n\n\n\n<p>Un voyage de travail comme je les aime \u00ab\u00a0qui distend le temps\u00a0\u00bb en lui donnant une ampleur in\u00e9gal\u00e9e.&nbsp;<\/p>\n\n\n\n<p>Et maintenant, place aux&nbsp;dossiers Villeneuvois qui m\u2019attendent dans la voiture. Ensuite mon bureau \u00e0 l&rsquo;H\u00f4tel de Ville pour quelques jours encore avant les f\u00eates\u2026 sans oublier ce soir l\u2019Arbre de No\u00ebl de ma Fille Myl\u00e8ne au Jardin d\u2019enfants VALENTIN.<\/p>\n\n\n\n<p>Important ce dernier moment ? C\u2019est plus qu&rsquo;\u00e9vident, c&rsquo;est sans doute d\u2019ailleurs\u2026 le plus important\u2026<\/p>\n","protected":false},"excerpt":{"rendered":"<p>Un voyage officiel a toujours ses rites, il y a surtout un rythme et le rythme est d\u2019enfer, le voyage officiel au Maroc de Lionel Jospin (qui m&rsquo;y a convi\u00e9) n\u2019y d\u00e9rogera pas. Partis de Paris le 17 d\u00e9cembre vers 13 heures sous une neige fondue et un froid glacial qui paralysent tout le nord &hellip; <\/p>\n<p><a class=\"more-link btn\" href=\"http:\/\/www.gcaudron.com\/?page_id=8999\">Continue reading<\/a><\/p>\n","protected":false},"author":3,"featured_media":0,"parent":8926,"menu_order":-83,"comment_status":"closed","ping_status":"closed","template":"template-onecolumn.php","meta":{"footnotes":""},"class_list":["post-8999","page","type-page","status-publish","hentry","nodate","item-wrap"],"_links":{"self":[{"href":"http:\/\/www.gcaudron.com\/index.php?rest_route=\/wp\/v2\/pages\/8999","targetHints":{"allow":["GET"]}}],"collection":[{"href":"http:\/\/www.gcaudron.com\/index.php?rest_route=\/wp\/v2\/pages"}],"about":[{"href":"http:\/\/www.gcaudron.com\/index.php?rest_route=\/wp\/v2\/types\/page"}],"author":[{"embeddable":true,"href":"http:\/\/www.gcaudron.com\/index.php?rest_route=\/wp\/v2\/users\/3"}],"replies":[{"embeddable":true,"href":"http:\/\/www.gcaudron.com\/index.php?rest_route=%2Fwp%2Fv2%2Fcomments&post=8999"}],"version-history":[{"count":3,"href":"http:\/\/www.gcaudron.com\/index.php?rest_route=\/wp\/v2\/pages\/8999\/revisions"}],"predecessor-version":[{"id":9005,"href":"http:\/\/www.gcaudron.com\/index.php?rest_route=\/wp\/v2\/pages\/8999\/revisions\/9005"}],"up":[{"embeddable":true,"href":"http:\/\/www.gcaudron.com\/index.php?rest_route=\/wp\/v2\/pages\/8926"}],"wp:attachment":[{"href":"http:\/\/www.gcaudron.com\/index.php?rest_route=%2Fwp%2Fv2%2Fmedia&parent=8999"}],"curies":[{"name":"wp","href":"https:\/\/api.w.org\/{rel}","templated":true}]}}