{"id":8997,"date":"2023-02-08T15:51:25","date_gmt":"2023-02-08T14:51:25","guid":{"rendered":"http:\/\/www.gcaudron.com\/?page_id=8997"},"modified":"2024-02-06T19:47:50","modified_gmt":"2024-02-06T18:47:50","slug":"vendredi-10-novembre-paris-1995","status":"publish","type":"page","link":"http:\/\/www.gcaudron.com\/?page_id=8997","title":{"rendered":"Vendredi 10 novembre \u2013 Paris 1995"},"content":{"rendered":"\n<blockquote class=\"wp-block-quote is-layout-flow wp-block-quote-is-layout-flow\">\n<p>J&rsquo;ai rencontr\u00e9 Fran\u00e7ois MITTERRAND chez lui pendant une heure \u00e0 Paris, en son appartement de l&rsquo;avenue Fr\u00e9deric Le-Play apr\u00e8s sa promenade sur le Champ de Mars&nbsp;<\/p>\n\n\n\n<p>L&rsquo;\u0153il est toujours aussi pointu et l&rsquo;esprit toujours aussi vif et curieux de tout \u00e0 la fois \u2026 m\u00eame si on sent l&rsquo;homme fatigu\u00e9 par la maladie qu&rsquo;il combat avec un courage extraordinaire<\/p>\n\n\n\n<p>Nous avons parl\u00e9&nbsp; de nos trente ans de vie parall\u00e8le, de Villeneuve d&rsquo;Ascq, du Nord de Pierre MAUROY, de Martine AUBRY, de B.ROMAN&#8230; Il me demande mon avis sur \u00ab\u00a0la solidit\u00e9 au PS de L.JOSPIN \u00a0\u00bb \u2026 et ne fait pas de commentaires\u2026<\/p>\n\n\n\n<p>Il se passionne avec chaleur, me parle de sa vie future\u2026 de son amour de la nature rurale , de sa passion pour les \u00e9glises et les monast\u00e8res , tout en me faisant parler longuement de ma vie et de mes enfants&nbsp; dont Myl\u00e8ne dont je lui ai montr\u00e9 la photo .<\/p>\n\n\n\n<p>Son chien est \u00e0 ses pieds. Dani\u00e8le MITTERRAND nous a rejoint.<\/p>\n\n\n\n<p>Je le quitte heureux de cette heure qui restera dans mon c\u0153ur et triste \u00e0 la fois pour une raison que je pr\u00e9f\u00e8re ne pas dire\u2026mais qui me blesse au plus profond de moi&#8230;<\/p>\n\n\n\n<p>Dans le train qui me ram\u00e8ne \u00e0 Lille je me redis la chance que j&rsquo;aurai eu dans ma vie d&rsquo;\u00eatre de \u00ab\u00a0la G\u00e9n\u00e9ration Mitterrand\u00a0\u00bb \u2026<\/p>\n<\/blockquote>\n","protected":false},"excerpt":{"rendered":"<p>J&rsquo;ai rencontr\u00e9 Fran\u00e7ois MITTERRAND chez lui pendant une heure \u00e0 Paris, en son appartement de l&rsquo;avenue Fr\u00e9deric Le-Play apr\u00e8s sa promenade sur le Champ de Mars&nbsp; L&rsquo;\u0153il est toujours aussi pointu et l&rsquo;esprit toujours aussi vif et curieux de tout \u00e0 la fois \u2026 m\u00eame si on sent l&rsquo;homme fatigu\u00e9 par la maladie qu&rsquo;il combat &hellip; <\/p>\n<p><a class=\"more-link btn\" href=\"http:\/\/www.gcaudron.com\/?page_id=8997\">Continue reading<\/a><\/p>\n","protected":false},"author":3,"featured_media":0,"parent":8926,"menu_order":-78,"comment_status":"closed","ping_status":"closed","template":"template-onecolumn.php","meta":{"footnotes":""},"class_list":["post-8997","page","type-page","status-publish","hentry","nodate","item-wrap"],"_links":{"self":[{"href":"http:\/\/www.gcaudron.com\/index.php?rest_route=\/wp\/v2\/pages\/8997","targetHints":{"allow":["GET"]}}],"collection":[{"href":"http:\/\/www.gcaudron.com\/index.php?rest_route=\/wp\/v2\/pages"}],"about":[{"href":"http:\/\/www.gcaudron.com\/index.php?rest_route=\/wp\/v2\/types\/page"}],"author":[{"embeddable":true,"href":"http:\/\/www.gcaudron.com\/index.php?rest_route=\/wp\/v2\/users\/3"}],"replies":[{"embeddable":true,"href":"http:\/\/www.gcaudron.com\/index.php?rest_route=%2Fwp%2Fv2%2Fcomments&post=8997"}],"version-history":[{"count":1,"href":"http:\/\/www.gcaudron.com\/index.php?rest_route=\/wp\/v2\/pages\/8997\/revisions"}],"predecessor-version":[{"id":8998,"href":"http:\/\/www.gcaudron.com\/index.php?rest_route=\/wp\/v2\/pages\/8997\/revisions\/8998"}],"up":[{"embeddable":true,"href":"http:\/\/www.gcaudron.com\/index.php?rest_route=\/wp\/v2\/pages\/8926"}],"wp:attachment":[{"href":"http:\/\/www.gcaudron.com\/index.php?rest_route=%2Fwp%2Fv2%2Fmedia&parent=8997"}],"curies":[{"name":"wp","href":"https:\/\/api.w.org\/{rel}","templated":true}]}}