{"id":8994,"date":"2023-02-08T15:40:34","date_gmt":"2023-02-08T14:40:34","guid":{"rendered":"http:\/\/www.gcaudron.com\/?page_id=8994"},"modified":"2024-02-06T19:47:07","modified_gmt":"2024-02-06T18:47:07","slug":"lundi-1er-et-mardi-2-juillet-1996-bergen-statjurd-norvege","status":"publish","type":"page","link":"http:\/\/www.gcaudron.com\/?page_id=8994","title":{"rendered":"Lundi 1er et mardi 2 juillet 1996 Bergen &#8211; Statjurd (Norv\u00e8ge)"},"content":{"rendered":"\n<blockquote class=\"wp-block-quote is-layout-flow wp-block-quote-is-layout-flow\">\n<p>Il y a longtemps que l\u2019exp\u00e9rience me tentait. La Fondation Europ\u00e9enne de l\u2019\u00e9nergie nous en a offert la possibilit\u00e9 avec la visite , \u00e0 partir de Bergen en Norv\u00e8ge, de la plate-forme gaz\u00e9ifi\u00e9e et p\u00e9troli\u00e8re de STATFJORD \u00e0 200 kms en mer de Norv\u00e8ge(Un voyage d\u2019\u00e9tude comme je les aime&nbsp;: court, dense et instructif.)<\/p>\n\n\n\n<p><strong>Quelques mots pour commencer sur la Norv\u00e8ge.<\/strong>&nbsp;Un peu plus de 4 millions d\u2019habitants sur 350&nbsp;000 km2, un pays tr\u00e8s vert, plut\u00f4t riche, avec moins de 5% de ch\u00f4mage\u2026 et son refus (de justesse) d\u2019entrer dans l\u2019Union Europ\u00e9enne.<\/p>\n\n\n\n<p>C\u2019est le plus grand exportateur apr\u00e8s le pays de l\u2019OPEP de gaz et de p\u00e9trole dans le monde, un gaz qu\u2019elle exporte en totalit\u00e9 avec des r\u00e9serves de 2 500 milliards de m3 de gaz et 2 200 milliards de m3 de p\u00e9trole .<\/p>\n\n\n\n<p>Plusieurs conf\u00e9rences seront organis\u00e9es au cours du s\u00e9jour qui, d\u00e8s l\u2019arriv\u00e9e pr\u00e8s de l\u2019a\u00e9roport, puis \u00e0 l\u2019h\u00f4tel et enfin en mer, nous donneront une multitude d\u2019informations sur tous ces points.<\/p>\n\n\n\n<p>C\u2019est peu dire, \u00e0 propos de la plate-forme en elle m\u00eame&nbsp;que nous rejoignons par h\u00e9licopt\u00e8re habill\u00e9s que nous sommes de combinaisons \u00e9carlates, que c\u2019est une v\u00e9ritable usine qui a \u00e9t\u00e9&nbsp; construite \u00e0 terre avant d&rsquo;\u00eatre&nbsp;remorqu\u00e9e&nbsp;jusqu&rsquo;au gisement en mer o\u00f9 elle repose \u00e0 150 m du fond .<\/p>\n\n\n\n<p>Tout est plac\u00e9 sous le signe de \u00ab\u00a0la s\u00e9curit\u00e9 absolue\u00a0\u00bb&nbsp; et travail y est tr\u00e8s fatiguant et aust\u00e8re (pas d&rsquo;alcool ni tabac ) pour les 220 salari\u00e9s qui s\u2019y succ\u00e8dent&nbsp; \u00e0 raison de 12 heures par jour durant 15 jours suivis de 3 ou 4 semaines de repos et ce , pour un salaire sup\u00e9rieur de 40% au salaire \u00e0 terre.<\/p>\n\n\n\n<p>Cette plate-forme nous allons la parcourir de long en large durant plusieurs heures en montant et en descendant des marches d&rsquo;escaliers par milliers .<\/p>\n\n\n\n<p>Enfin \u00ab\u00a0le clou\u00a0\u00bb de la visite ,&#8230; la descente par l\u2019un des pieds jusqu\u2019au au fond de la mer \u00e0 moins 150 m avant une derni\u00e8re conf\u00e9rence de synth\u00e8se et le retour \u00e0 Bergen , des images plein la t\u00e8te\u2026<\/p>\n\n\n\n<p><strong>Quelques mots maintenant sur la France<\/strong>&nbsp;dont le gaz consomm\u00e9 repr\u00e9sente un peu moins de 15% de son \u00e9nergie.&nbsp;Elle l\u2019ach\u00e8te \u00e0&nbsp;la Russie, \u00e0&nbsp;l\u2019Alg\u00e9rie,&nbsp;&nbsp;\u00e0&nbsp;la Norv\u00e8ge, et aux&nbsp;Pays Bas\u2026<\/p>\n\n\n\n<p>plus \u00e0 quelques autres dont 10% en France m\u00eame.<\/p>\n\n\n\n<p><strong>En filigrane, dans toutes les discussions, la s\u00e9curit\u00e9 des approvisionnements<\/strong>&nbsp;vue \u00e0 travers les discussions d\u2019une future directive \u00a0\u00bb gaz \u00a0\u00bb qui devrait succ\u00e9der \u00e0 l\u2019accord de Luxembourg sur l\u2019\u00e9lectricit\u00e9 qui inqui\u00e8te tous les tenants du service public dont je fais partie, sans oublier les salari\u00e9s qui s&rsquo;interrogent ..&nbsp; .<\/p>\n\n\n\n<p><strong>Un mot sur Bergen, ville de 200&nbsp;000 habitants<\/strong>&nbsp;\u00e0 peu pr\u00e8s aussi gaie qu\u2019une station alpine d\u00e9but novembre\u2026<\/p>\n\n\n\n<p class=\"has-text-align-center\">&#8212;&#8212;&#8212;&#8212;&#8212;&#8212;&#8212;&#8212;&#8212;&#8212;&#8212;&#8212;&#8212;&#8212;&#8212;&#8212;&#8212;&#8212;&#8212;&#8212;&#8212;&#8212;&#8212;&#8212;&#8212;&#8212;&#8212;&#8212;&#8212;&#8212;&#8212;&#8212;&#8212;&#8212;&#8212;&#8212;&#8212;&#8212;-<\/p>\n\n\n\n<p>C&rsquo;est l&rsquo;heure du retour \u00e0 Bruxelles avant demain&nbsp; mercredi d\u00e8s 9 heures \u00e0 l\u2019H\u00f4tel de Ville de Villeneuve d&rsquo;Ascq ma permanence \u00e0 la population ,le retour&nbsp;<\/p>\n\n\n\n<p>\u00e0 Bruxelles l&rsquo;apr\u00e8s midi pour une s\u00e9ance pl\u00e9ni\u00e8re du PE suivie&nbsp; jeudi midi par les votes et \u00e0 18 heures \u00e0 Paris pour la commission Europe du PS&nbsp; &nbsp; &nbsp; (la course du d\u00e9put\u00e9 europ\u00e9en continue\u2026)<\/p>\n<\/blockquote>\n","protected":false},"excerpt":{"rendered":"<p>Il y a longtemps que l\u2019exp\u00e9rience me tentait. La Fondation Europ\u00e9enne de l\u2019\u00e9nergie nous en a offert la possibilit\u00e9 avec la visite , \u00e0 partir de Bergen en Norv\u00e8ge, de la plate-forme gaz\u00e9ifi\u00e9e et p\u00e9troli\u00e8re de STATFJORD \u00e0 200 kms en mer de Norv\u00e8ge(Un voyage d\u2019\u00e9tude comme je les aime&nbsp;: court, dense et instructif.) Quelques &hellip; <\/p>\n<p><a class=\"more-link btn\" href=\"http:\/\/www.gcaudron.com\/?page_id=8994\">Continue reading<\/a><\/p>\n","protected":false},"author":3,"featured_media":0,"parent":8926,"menu_order":-80,"comment_status":"closed","ping_status":"closed","template":"template-onecolumn.php","meta":{"footnotes":""},"class_list":["post-8994","page","type-page","status-publish","hentry","nodate","item-wrap"],"_links":{"self":[{"href":"http:\/\/www.gcaudron.com\/index.php?rest_route=\/wp\/v2\/pages\/8994","targetHints":{"allow":["GET"]}}],"collection":[{"href":"http:\/\/www.gcaudron.com\/index.php?rest_route=\/wp\/v2\/pages"}],"about":[{"href":"http:\/\/www.gcaudron.com\/index.php?rest_route=\/wp\/v2\/types\/page"}],"author":[{"embeddable":true,"href":"http:\/\/www.gcaudron.com\/index.php?rest_route=\/wp\/v2\/users\/3"}],"replies":[{"embeddable":true,"href":"http:\/\/www.gcaudron.com\/index.php?rest_route=%2Fwp%2Fv2%2Fcomments&post=8994"}],"version-history":[{"count":3,"href":"http:\/\/www.gcaudron.com\/index.php?rest_route=\/wp\/v2\/pages\/8994\/revisions"}],"predecessor-version":[{"id":9006,"href":"http:\/\/www.gcaudron.com\/index.php?rest_route=\/wp\/v2\/pages\/8994\/revisions\/9006"}],"up":[{"embeddable":true,"href":"http:\/\/www.gcaudron.com\/index.php?rest_route=\/wp\/v2\/pages\/8926"}],"wp:attachment":[{"href":"http:\/\/www.gcaudron.com\/index.php?rest_route=%2Fwp%2Fv2%2Fmedia&parent=8994"}],"curies":[{"name":"wp","href":"https:\/\/api.w.org\/{rel}","templated":true}]}}