{"id":8941,"date":"2023-01-28T15:56:59","date_gmt":"2023-01-28T14:56:59","guid":{"rendered":"http:\/\/www.gcaudron.com\/?page_id=8941"},"modified":"2024-02-06T20:06:43","modified_gmt":"2024-02-06T19:06:43","slug":"1981-ca-sest-passe-un-dimanche-un-dimanche-du-mois-de-mai","status":"publish","type":"page","link":"http:\/\/www.gcaudron.com\/?page_id=8941","title":{"rendered":"1981\u2026 \u00c7a s&rsquo;est pass\u00e9 un dimanche &#8230;, un dimanche du mois de Mai !"},"content":{"rendered":"\n<p><strong>Si les citoyen(ne)s de ma g\u00e9n\u00e9ration ainsi que, bien s\u00fbr, d\u2019autres de g\u00e9n\u00e9rations pr\u00e9c\u00e9dentes et de g\u00e9n\u00e9rations suivantes, n\u2019ont pas oubli\u00e9 cette date du 10 mai 1981 et ce qui s\u2019y est pass\u00e9, l\u2019\u00e9lection de Fran\u00e7ois Mitterrand, premier Pr\u00e9sident socialiste de la V\u00e8me R\u00e9publique&nbsp;<\/strong>avec, en m\u00e9moire, chez certain(e)s des moments extraordinaires de joie et d\u2019espoirs, \u00ab\u00a0en m\u00eame temps\u00a0\u00bb que chez d\u2019autres&nbsp;d&rsquo;angoisses pour \u00ab\u00a0leurs privil\u00e8ges\u00a0\u00bb voire pour leurs libert\u00e9s (on se souvient de celles et de&nbsp;ceux qui \u00ab\u00a0pr\u00e9disaient\u00a0\u00bb alors l\u2019arriv\u00e9e de chars sovi\u00e9tiques \u00e0 Paris pendant que d\u2019autres remplissaient leurs valises de bijoux et de billets),<\/p>\n\n\n\n<p><strong>avant de revenir sur cette journ\u00e9e du 10 mai 1981 que j\u2019ai personnellement v\u00e9cu&nbsp; comme un des meilleurs et des&nbsp;plus grands moments de ma vie,<\/strong><\/p>\n\n\n\n<p><strong>je voudrais aussi&nbsp;rappeler aux amateurs d\u2019Histoire que<\/strong><strong>&nbsp;cette date du 10 mai a marqu\u00e9 de nombreuses fois&nbsp;<\/strong><strong>l\u2019Histoire de la France, voire&nbsp;de l\u2019Europe et du<\/strong>&nbsp;<strong>Monde et ce,&nbsp;en en donnant quelques exemples&nbsp;<\/strong>&nbsp;:<\/p>\n\n\n\n<p>le 10 mai 1774,la mort de Louis XV,&nbsp;<\/p>\n\n\n\n<p>le 10 mai 1806,la fondation par Napol\u00e9on I de l\u2019Universit\u00e9,<\/p>\n\n\n\n<p>le 10 mai 1871, la fin de la guerre Franco-Prussienne engag\u00e9e et perdue par Napol\u00e9on III,<\/p>\n\n\n\n<p>le 10 mai 1933, \u00e0 Berlin o\u00f9 les Nazis montrent d\u00e9j\u00e0 leurs vrais visages en br\u00fblant 25&nbsp;000 livres consid\u00e9r\u00e9s comme contraires \u00e0 la &nbsp;\u00abpuret\u00e9 de leur race\u00bb,<\/p>\n\n\n\n<p>le 10 mai 1940 quand les arm\u00e9es allemandes envahissent les Pays-Bas, le Luxembourg, la Belgique et la France pour les soumettre en moins de 6 semaines juste avant, depuis Londres, l\u2019Appel du 18 juin du G\u00e9n\u00e9ral de Gaulle,<\/p>\n\n\n\n<p>le 10 mai 1968 et les premi\u00e8res barricades d\u2019un \u00abmois de mai 68\u00bb dans le quartier latin de Paris juste avant les grandes manifestations populaires du 13 mai et 3 semaines avant le&nbsp; \u00ab\u00a0coups d\u2019arr\u00eat gaulliste\u00a0\u00bb du 30 mai marqu\u00e9 par une manifestation monstre sur les Champs \u00c9lys\u00e9es de pr\u00e8s d\u2019un million de participants,<\/p>\n\n\n\n<p>le 10 mai 1994 et l\u2019\u00e9lection de Nelson Mandela Pr\u00e9sident de l\u2019Afrique du Sud apr\u00e8s ses 27 ans d\u2019emprisonnement dans les ge\u00f4les de l\u2019apartheid,<\/p>\n\n\n\n<p>le 10 mai 2001&nbsp;et la loi Taubira sur l\u2019esclavage,<\/p>\n\n\n\n<p>sans oublier non plus&nbsp;mai 1958et un premier \u00ab\u00a0putsch des G\u00e9n\u00e9raux\u00a0\u00bb \u00e0 Alger qui conduira \u00abau retour aux affaires\u00bb de Charles de Gaulle nomm\u00e9 Pr\u00e9sident du Conseil de la France le 3 juin 1958&nbsp; \u00ab\u00a0un petit peu gr\u00e2ce \u00e0 cela\u00a0\u00bb&nbsp; ni une deuxi\u00e8me tentative de putsch, \u00e0 Alger encore,&nbsp;en avril 1961 de 4 g\u00e9n\u00e9raux \u00ab\u00a0f\u00e9lons\u00a0\u00bb<strong>,<\/strong>&nbsp;un putsch contr\u00e9&nbsp;cette fois-ci par le Pr\u00e9sident de Gaulle\u2026 avec&nbsp; l\u2019aide des soldats du&nbsp;contingent en&nbsp;Alg\u00e9rie\u2026<\/p>\n\n\n\n<p>et bien d\u2019autres \u00e9v\u00e9nements\u2026 qu\u2019ils seraient trop long de citer en ces \u00ab\u00a0jolis mois de mai\u00a0\u00bb comme on les appelle\u2026<\/p>\n\n\n\n<p><strong>Le 10 mai 1981&nbsp; et&nbsp;l\u2019\u00e9lection du Premier Pr\u00e9sident socialiste de la R\u00e9publique,&nbsp;<\/strong><strong>quatri\u00e8me&nbsp;Pr\u00e9sident de la&nbsp;<\/strong><strong>Cinqui\u00e8me <\/strong><strong>R\u00e9publique<\/strong>&nbsp;\u00e0 l\u2019issu d&rsquo;une&nbsp;\u00e9lection pr\u00e9sidentielle au suffrage universel instaur\u00e9 par un&nbsp;r\u00e9f\u00e9rendum voulu par Charles de Gaulle et&nbsp;adopt\u00e9&nbsp;par 82 % de oui et 18 % de non&nbsp;en 1962.<\/p>\n\n\n\n<p><strong>Ce fameux&nbsp;dimanche 10 mai 1981,&nbsp;<\/strong>apr\u00e8s deux tentatives infructueuses o\u00f9 il avait n\u00e9anmoins mis le G\u00e9n\u00e9ral de Gaulle en ballotage en 1965&nbsp;et o\u00f9 il avait \u00e9t\u00e9 battu d\u2019extr\u00eame justesse par 50,81 % contre 49,18 % par Val\u00e9rie Giscard d\u2019Estaing en 1974,<\/p>\n\n\n\n<p>\u00e0 20 heures, quand son image num\u00e9rique&nbsp;qui se d\u00e9roulait sur l\u2019\u00e9cran t\u00e9l\u00e9, apr\u00e8s des secondes de doute vu la ressemblance des deux visages des finalistes dans leurs parties hautes,<\/p>\n\n\n\n<p><strong>Fran\u00e7ois Mitterrand&nbsp;apparut dans sa totalit\u00e9 et ce furent des explosions de joie \u00e0 Paris, \u00e0 Lille et partout en France, suivies de manifestations d\u2019ampleurs jamais&nbsp; connues auparavant pour une telle&nbsp;<\/strong><strong>circonstance, ni<\/strong><strong>&nbsp;d&rsquo;ailleurs depuis<\/strong><strong>\u2026<\/strong><\/p>\n\n\n\n<p>tandis qu\u2019\u00e0 Ch\u00e2teau-Chinon dans \u00abl\u2019H\u00f4tel du Vieux Morvan\u00bb o\u00f9 il venait r\u00e9guli\u00e8rement, en particulier lors de toutes les journ\u00e9es \u00e9lectorales, avant de reprendre la route pour Paris,&nbsp;<strong>il avait \u00ab\u00a0<\/strong><strong>laiss\u00e9 tomber\u00a0\u00bb \u00e0 Jean Glavany qui, d\u00e8s 18H25,&nbsp;<\/strong>l\u2019informait que les sondages le donnait \u00e9lu\u2026<strong>&nbsp;\u00abAh bon&nbsp;!\u00bb<\/strong><\/p>\n\n\n\n<p>Depuis mon bureau de l\u2019H\u00f4tel de Ville de Villeneuve d&rsquo;Ascq&nbsp;,<strong>&nbsp;\u00able mod\u00e8le\u00bb que&nbsp; j\u2019avais pr\u00e9par\u00e9 sur quelques centaines de bulletins d\u00e9pouill\u00e9s me donnait aussi sa victoire d\u00e8s 18H35, une victoire que j\u2019annon\u00e7ais alors \u00e0 mes proches\u2026<\/strong><\/p>\n\n\n\n<p>De toutes ses d\u00e9clarations dans les heures qui suivirent, je retiendrai aujourd\u2019hui ses premiers mots depuis Ch\u00e2teau-Chinon&nbsp;:<strong>&nbsp;\u00ab<\/strong>je mesure le poids de l\u2019histoire, sa rigueur et sa grandeur\u00bb<strong>.<\/strong><\/p>\n\n\n\n<p>J\u2019aurai sans doute l\u2019occasion de revenir r\u00e9guli\u00e8rement&nbsp;sur ses 110 propositions, dont une petite centaine, rappelons-le, furent mises en \u0153uvre, sur les grands bouleversements qu\u2019il a op\u00e9r\u00e9, sur son r\u00f4le europ\u00e9en majeur, sur les tensions qui s\u2019op\u00e8rent toujours quand on est dirigeant entre les r\u00eaves suscit\u00e9s et les r\u00e9alit\u00e9s avec lesquelles \u00abil faut faire\u00bb, sur certaines d\u00e9ceptions donc, et des&nbsp;d\u00e9ceptions certaines, m\u00eame&nbsp;si \u00e9lu en 1981 par 51,76 %, il sera r\u00e9\u00e9lu en 1988 par 54,02 %<strong>,&nbsp;<\/strong>un cas finalement unique de 14 ans cons\u00e9cutifs<\/p>\n\n\n\n<p><strong>Puisse, de l\u00e0 \u00ab\u00a0o\u00f9 il est aujourd\u2019hui\u00a0\u00bb, Fran\u00e7ois Mitterrand ne pas voir les dirigeants socialistes&nbsp;s\u2019agiter depuis,&nbsp;eux qui auront amen\u00e9 le socialisme fran\u00e7ais&nbsp;au niveau o\u00f9 Fran\u00e7ois Mitterrand avait r\u00e9duit un communisme alors&nbsp;encore \u00ab\u00a0aux couleurs sovi\u00e9tiques\u00a0\u00bb.<\/strong><\/p>\n\n\n\n<p><strong>Quand je repense \u00e0 mes&nbsp; ann\u00e9es de militantisme \u00e0 la SFIO, \u00e0 la FGDS, au PS et&nbsp;\u00e0 Rassemblement Citoyen, \u00e0 mes&nbsp;ann\u00e9es d\u2019\u00e9lu de Villeneuve d\u2019Ascq dont celles comme Maire, mes 6 ans au conseil g\u00e9n\u00e9ral, mes 15 ans au Parlement europ\u00e9en et mes ann\u00e9es&nbsp; \u00e0 la CUDL, je me dis parfois&nbsp;: tout \u00e7a pour \u00e7a&nbsp;?\u2026&nbsp;<\/strong>&nbsp;<\/p>\n\n\n\n<p><strong>Avec, me concernant, de nouvelles \u00abimages\u00bb en vrac&nbsp;qui s\u2019ajouteront dans mes&nbsp; multiples \u00ab\u00a0carnets retrouv\u00e9s\u00a0\u00bb&nbsp;:<\/strong><\/p>\n\n\n\n<p><strong>\u2013 Le r\u00e9f\u00e9rendum de 1962 sur l&rsquo;\u00e9lection du Pr\u00e9sident de la R\u00e9publique au suffrage universel quand<\/strong>&nbsp;presque tous dans le monde politique de l\u2019\u00e9poque militaient pour le NON, un NON qui finalement&nbsp;ne fit que 18% \u2026 (une belle premi\u00e8re pour le jeune de 17 ans que j\u2019\u00e9tais\u2026et qui avait milit\u00e9 pour lui)<\/p>\n\n\n\n<p><strong>\u2013 Sarajevo et \u00abLa nuit\u00bb organis\u00e9e en 1994 \u00e0 la Rose des Vents&nbsp;pour cette ville martyre&nbsp;en lien et avec \u00abM\u00e8res pour la Paix\u00bb<\/strong><\/p>\n\n\n\n<p><strong>\u2013 Mes n\u00e9gociations sur la Ville Nouvelle avec le Ministre Comte d\u2019Ornano&nbsp;<\/strong>qui voulait nous imposer 2&nbsp;500 logements nouveaux par an durant 3 ans en contrepartie d\u2019une subvention budg\u00e9taire pour boucler notre budget communal de 1977, un nombre de&nbsp;logements que heureusement je n\u2019ai pas construits car qui auraient fait de nous sans doute une ville avec des probl\u00e8mes comparables \u00e0 ceux des banlieues parisienne, lyonnaise, grenobloise , marseillaise&nbsp;ou strasbourgeoise\u2026 en obtenant quand m\u00eame malgr\u00e9 tout&nbsp;par ailleurs du Ministre&nbsp;le financement d\u2019un mur antibruit au c\u0153ur de la ville le long de la RN 227 (boulevard du Breucq)<\/p>\n\n\n\n<p><strong>\u2013 La cr\u00e9ation d\u2019une technopole&nbsp;<\/strong>apr\u00e8s le congr\u00e8s des Sciences Citys \u00e0 Kyoto, la seule au nord de Paris durant 15 ans<\/p>\n\n\n\n<p><strong>\u2013 Mes rencontres avec le Haut Commissaire du&nbsp;commissariat \u00e0 l\u2019\u00e9nergie atomique (CEA)&nbsp;<\/strong>que j\u2019ai failli int\u00e9grer&nbsp;si&nbsp;\u00ab\u00a0l\u2019Elys\u00e9e&nbsp;de Jacques Chirac\u00a0\u00bb&nbsp;l\u2019avait accept\u00e9<\/p>\n\n\n\n<p><strong>\u2013 Mes multiples et riches contacts&nbsp;<\/strong>avec Laurent Fabius et Jacques Delors, deux \u00abgrands\u00bb\u2026 \u00e0 Paris, \u00e0 Bruxelles, \u00e0 Strasbourg et J\u00e9rusalem<\/p>\n\n\n\n<p><strong>\u2013 Une r\u00e9union au Vatican&nbsp;<\/strong>o\u00f9 \u00abon\u00bb a voulu nous imposer d\u2019int\u00e9grer&nbsp;dans la Constitution Europ\u00e9enne une r\u00e9f\u00e9rence \u00e0 ses racines chr\u00e9tiennes, cette constitution ayant d\u2019ailleurs \u00e9t\u00e9&nbsp;refus\u00e9e en mai 2005 par r\u00e9f\u00e9rendum en France<\/p>\n\n\n\n<p><strong>\u2013 La visite en Mer du Nord d\u2019une plateforme gazi\u00e8re&nbsp;<\/strong><strong>norv\u00e9gienne<\/strong><\/p>\n\n\n\n<p><strong>\u2013 Une rencontre avec le \u00abSinn F\u00e9in\u00bb&nbsp;<\/strong>en Irlande du Nord&nbsp;\u2026&nbsp;\u00abtous feux \u00e9teints\u00bb dans la campagne ..<\/p>\n\n\n\n<p><strong>\u2013 Une visite pourtant&nbsp;\u00abinterdite\u00bb du \u00abplateau du Golan\u00bb&nbsp;<\/strong>depuis lequel, avant sa&nbsp;conqu\u00eate&nbsp;partielle par les Isra\u00e9liens, les Syriens&nbsp;bombardaient&nbsp;&nbsp;Isra\u00eb<strong>l<\/strong><\/p>\n\n\n\n<p><strong>\u2013<\/strong>&nbsp;Pierre Mend\u00e8s France \u00e0 l\u2019\u00c9lys\u00e9e le 24 mai 1981 au cot\u00e9s duquel j&rsquo;ai assist\u00e9 \u00e0 l&rsquo;intronisation du Pr\u00e9sident Mitterrand&nbsp;&nbsp;<\/p>\n\n\n\n<p><strong>\u2013 La d\u00e9couverte de Kyoto, de ses temples&nbsp;bouddhistes&nbsp;et de ses lieux mythiques&nbsp;<\/strong>qui ont largement&nbsp;\u00ab\u00a0valu\u00a0\u00bb&nbsp;en 1945&nbsp;\u00e0 Hiroshima d\u2019\u00eatre choisie pour la premi\u00e8re bombe atomique<\/p>\n\n\n\n<p><strong>\u2013 L\u2019aventure du projet \u00abSoleil\u00bb<\/strong>, un Synchrotron que les Parisiens ont finalement r\u00e9ussi \u00e0 conserver<\/p>\n\n\n\n<p><strong>\u2013 le 6<sup>\u00e8me PCRD (<\/sup>programme cadre de recherche europ\u00e9enne) o\u00f9 en tant que rapporteur je ne vis les conseillers de Jospin, alors Premier Ministre,&nbsp;<\/strong>qu\u2019\u00e0 la veille du 2<sup>\u00e8me<\/sup>&nbsp;tour de vote au Parlement europ\u00e9en pour m\u2019entendre menac\u00e9 de ne pas voir la France l\u2019accepter si le nucl\u00e9aire y \u00e9tait \u00ab\u00e9corn\u00e9\u00bb\u2026 (exit tout le reste\u2026)<\/p>\n\n\n\n<p>\u2013 La d\u00e9couverte d\u2019Anchorage en Alaska en escale \u00e0 4 heures du matin apr\u00e8s un survol du P\u00f4le Nord quand ,pour aller au Japon, il fallait ne pas survoler&nbsp;l\u2019URSS<\/p>\n\n\n\n<p><strong>\u2013 Un spectacle \u00e0 l\u2019Ile de Gor\u00e9e au S\u00e9n\u00e9gal \u00abqui finit en panique\u00bb&nbsp;<\/strong>pour les \u00abinvit\u00e9s blancs\u00bb dont j\u2019\u00e9tais alors qu\u2019il s\u2019agissait de journ\u00e9es mondiales contre l\u2019Apartheid\u2026<\/p>\n\n\n\n<p><strong>\u2013 Un \u00absaut de puce\u00bb chez F\u00e9lix Houphou\u00ebt-Boigny \u00e0&nbsp;<\/strong><a rel=\"noreferrer noopener\" href=\"https:\/\/www.google.com\/search?safe=active&amp;client=firefox-b-e&amp;q=Yamoussoukro&amp;stick=H4sIAAAAAAAAAOPgE-LUz9U3MDIzSMpW4gAxLSwKTLTEspOt9AtS8wtyUoFUUXF-nlVSflHeIlaeyMTc_NLi4vzS7KL8HayMAPQ0DqRBAAAA&amp;sa=X&amp;ved=2ahUKEwiixa2ozr7wAhVi_rsIHbdaBU8QmxMoATApegQIKxAD\" target=\"_blank\"><strong>Yamoussoukro<\/strong><\/a>&nbsp;son village natal qu\u2019il a fit capitale politique\u2026 son palais, ses crocodiles et \u00abune belle mani\u00e8re\u00bb de nous montrer son m\u00e9pris<\/p>\n\n\n\n<p><strong>J\u2019arr\u00eate l\u00e0 pour aujourd\u2019hui une liste tr\u00e8s incompl\u00e8te&nbsp;\u2026 tant elle est longue vus mes nombreuses&nbsp;ann\u00e9es&nbsp;d\u2019\u00e9lu,&nbsp;de vie professionnelle et \u00e9lective et mes&nbsp;<\/strong><strong>d\u00e9cennies <\/strong><strong>de militantisme\u2026 toujours dans le Camp du Progr\u00e8s\u2026 sans oublier mes rencontres r\u00e9guli\u00e8res avec&nbsp;<\/strong><strong>Fran\u00e7ois<\/strong><strong>&nbsp; Mitterrand tout au long de ses deux&nbsp;<\/strong><strong>septennats, <\/strong><strong>avant d&rsquo;ailleurs, pendant bien&nbsp;<\/strong><strong>s\u00fbr<\/strong><strong>&nbsp;&nbsp;et&nbsp;<\/strong><strong>m\u00eame <\/strong><strong>apr\u00e8s jusqu&rsquo;au 10 novembre 1995 pour un&nbsp; dernier entretien&nbsp;rue Frederic Leplay<\/strong><\/p>\n\n\n\n<p>Tout cela pour dire quand m\u00eame&nbsp;:<strong>&nbsp;que d\u2019\u00e9toiles filantes politiques ai-je&nbsp;vu dans un sombre ciel\u2026&nbsp;!<\/strong>&nbsp;<\/p>\n\n\n\n<p>Les affrontements dans \u00abl\u2019ancien monde\u00bb&nbsp;y \u00e9taient parfois brutaux, directs, rarement pervers comme&nbsp; avec les r\u00e9seaux internet et les tweets qui sont \u00e0 l\u2019image de la pens\u00e9e de bon nombre de nos dirigeants\u2026<\/p>\n\n\n\n<p><strong>Au demeurant mon&nbsp; travail \u00e0 Villeneuve d\u2019Ascq, \u00e0 la M\u00e9tropole de Lille, en France et en Europe ne sont pas encore termin\u00e9.<\/strong><\/p>\n\n\n\n<p>je n&rsquo;ai jamais&nbsp;cess\u00e9&nbsp;de le dire et le rappeler&#8230;<\/p>\n\n\n\n<p><strong>Je le dis aujourd\u2019hui en rappelant Fran\u00e7ois Mitterrand, le Grand Pr\u00e9sident qu\u2019il a \u00e9t\u00e9.<\/strong><\/p>\n\n\n\n<p>Je ne cesse, en le citant, de redire la pens\u00e9e profonde, l\u2019humanit\u00e9 et parfois les d\u00e9sarrois ,<strong>&nbsp;\u00abUn homme pour l\u2019\u00c9ternit\u00e9\u00bb.<\/strong><\/p>\n\n\n\n<p>J\u2019ai tant encore \u00e0 \u00e9crire que je suis loin d\u2019\u00eatre&nbsp;s\u00fbr d\u2019en avoir le temps\u2026 ni m\u00eame d\u2019avoir finalement tant de citoyen(ne)s&nbsp;que cela int\u00e9resse.<\/p>\n\n\n\n<p>Je terminerai donc&nbsp; mon&nbsp;carnet d&rsquo;aujourd&rsquo;hui \u00ab\u00a0presqu&rsquo;intemporel\u00a0\u00bb avec Albert&nbsp;Camus et un extrait du \u00abMythe de Sisyphe\u00bb&nbsp;:<\/p>\n\n\n\n<p><strong>\u00abLa lassitude est \u00e0 la fin des actes d\u2019une vie machinale. Mais elle augure en m\u00eame temps le mouvement de la conscience. Elle \u00e9veille et elle provoque la suite.\u00bb<\/strong><\/p>\n\n\n\n<p>Et pour conclure&nbsp;la parole \u00e0&nbsp;Fran\u00e7ois Mitterrand,<\/p>\n\n\n\n<p><strong>\u00ab&nbsp;La Terre, notre amie, prodigue ses merveilles , j<\/strong><strong>e la contemple depuis l\u2019enfance sans \u00e9puiser jamais cette facult\u00e9 d\u2019\u00e9tonnement qui na\u00eet de la beaut\u00e9 et qui donne l\u2019obscure envie de remercier quelqu\u2019un\u2026&nbsp;\u00bb<\/strong><\/p>\n\n\n\n<p>Une Terre et des Hommes\u2026 dont nous sommes comptables en cette p\u00e9riode de violences mortif\u00e8res, de guerre,&nbsp;d\u2019\u00e9pid\u00e9mie, d\u2019\u00e9go\u00efsmes en tout genre, de solitude, cette solitude dont Camus confessait\u00ab&nbsp;qu\u2019il y a dans chaque c\u0153ur un coin de solitude que personne ne peut atteindre&nbsp;\u00bb,<\/p>\n\n\n\n<p><strong>un coin de solitude que Fran\u00e7ois Mitterrand connaissait bien\u2026.&nbsp; et il n\u2019est pas le seul\u2026<\/strong><\/p>\n","protected":false},"excerpt":{"rendered":"<p>Si les citoyen(ne)s de ma g\u00e9n\u00e9ration ainsi que, bien s\u00fbr, d\u2019autres de g\u00e9n\u00e9rations pr\u00e9c\u00e9dentes et de g\u00e9n\u00e9rations suivantes, n\u2019ont pas oubli\u00e9 cette date du 10 mai 1981 et ce qui s\u2019y est pass\u00e9, l\u2019\u00e9lection de Fran\u00e7ois Mitterrand, premier Pr\u00e9sident socialiste de la V\u00e8me R\u00e9publique&nbsp;avec, en m\u00e9moire, chez certain(e)s des moments extraordinaires de joie et d\u2019espoirs, &hellip; <\/p>\n<p><a class=\"more-link btn\" href=\"http:\/\/www.gcaudron.com\/?page_id=8941\">Continue reading<\/a><\/p>\n","protected":false},"author":3,"featured_media":0,"parent":8926,"menu_order":-59,"comment_status":"closed","ping_status":"closed","template":"template-onecolumn.php","meta":{"footnotes":""},"class_list":["post-8941","page","type-page","status-publish","hentry","nodate","item-wrap"],"_links":{"self":[{"href":"http:\/\/www.gcaudron.com\/index.php?rest_route=\/wp\/v2\/pages\/8941","targetHints":{"allow":["GET"]}}],"collection":[{"href":"http:\/\/www.gcaudron.com\/index.php?rest_route=\/wp\/v2\/pages"}],"about":[{"href":"http:\/\/www.gcaudron.com\/index.php?rest_route=\/wp\/v2\/types\/page"}],"author":[{"embeddable":true,"href":"http:\/\/www.gcaudron.com\/index.php?rest_route=\/wp\/v2\/users\/3"}],"replies":[{"embeddable":true,"href":"http:\/\/www.gcaudron.com\/index.php?rest_route=%2Fwp%2Fv2%2Fcomments&post=8941"}],"version-history":[{"count":3,"href":"http:\/\/www.gcaudron.com\/index.php?rest_route=\/wp\/v2\/pages\/8941\/revisions"}],"predecessor-version":[{"id":8953,"href":"http:\/\/www.gcaudron.com\/index.php?rest_route=\/wp\/v2\/pages\/8941\/revisions\/8953"}],"up":[{"embeddable":true,"href":"http:\/\/www.gcaudron.com\/index.php?rest_route=\/wp\/v2\/pages\/8926"}],"wp:attachment":[{"href":"http:\/\/www.gcaudron.com\/index.php?rest_route=%2Fwp%2Fv2%2Fmedia&parent=8941"}],"curies":[{"name":"wp","href":"https:\/\/api.w.org\/{rel}","templated":true}]}}