{"id":8926,"date":"2023-01-26T23:22:31","date_gmt":"2023-01-26T22:22:31","guid":{"rendered":"http:\/\/www.gcaudron.com\/?page_id=8926"},"modified":"2024-03-31T19:22:52","modified_gmt":"2024-03-31T17:22:52","slug":"carnets-retrouves","status":"publish","type":"page","link":"http:\/\/www.gcaudron.com\/?page_id=8926","title":{"rendered":"Carnets retrouv\u00e9s"},"content":{"rendered":"\n<p>Tout au long de ma vie, j&rsquo;ai aim\u00e9 \u00e9crire et ce, depuis 1960.<br>J&rsquo;ai donc, arriv\u00e9 \u00e0 ce stade de ma vie, d\u00e9cid\u00e9 d&rsquo;en ressortir \u00ab\u00a0quelques uns\u00a0\u00bb et de les publier dans cette nouvelle rubrique \u00ab\u00a0en vrac\u00a0\u00bb, au gr\u00e9 du temps, sans chronologie, \u00e0 l&rsquo;image d&rsquo;un univers visible ou cach\u00e9 o\u00f9 \u00ab\u00a0le temps humain n&rsquo;a pas de sens\u00a0\u00bb une sorte de patchwork\u2026 sans doute plus pr\u00e8s des r\u00e9alit\u00e9s imagin\u00e9es qu&rsquo;on ne le pense.<\/p>\n\n\n\n<p><\/p>\n\n\n\n<p class=\"has-text-align-center\"><strong>Cliquer sur un des liens ci-dessous pour lire l&rsquo;ensemble de la page<\/strong><\/p>\n\n\n\n<p><\/p>\n\n\n\n<hr class=\"wp-block-separator has-text-color has-vivid-red-color has-alpha-channel-opacity has-vivid-red-background-color has-background is-style-wide\"\/>\n\n\n\n<p><\/p>\n","protected":false},"excerpt":{"rendered":"<p>Tout au long de ma vie, j&rsquo;ai aim\u00e9 \u00e9crire et ce, depuis 1960.J&rsquo;ai donc, arriv\u00e9 \u00e0 ce stade de ma vie, d\u00e9cid\u00e9 d&rsquo;en ressortir \u00ab\u00a0quelques uns\u00a0\u00bb et de les publier dans cette nouvelle rubrique \u00ab\u00a0en vrac\u00a0\u00bb, au gr\u00e9 du temps, sans chronologie, \u00e0 l&rsquo;image d&rsquo;un univers visible ou cach\u00e9 o\u00f9 \u00ab\u00a0le temps humain n&rsquo;a pas &hellip; <\/p>\n<p><a class=\"more-link btn\" href=\"http:\/\/www.gcaudron.com\/?page_id=8926\">Continue reading<\/a><\/p>\n","protected":false},"author":3,"featured_media":0,"parent":0,"menu_order":0,"comment_status":"closed","ping_status":"closed","template":"","meta":{"footnotes":""},"class_list":["post-8926","page","type-page","status-publish","hentry","nodate","item-wrap"],"_links":{"self":[{"href":"http:\/\/www.gcaudron.com\/index.php?rest_route=\/wp\/v2\/pages\/8926","targetHints":{"allow":["GET"]}}],"collection":[{"href":"http:\/\/www.gcaudron.com\/index.php?rest_route=\/wp\/v2\/pages"}],"about":[{"href":"http:\/\/www.gcaudron.com\/index.php?rest_route=\/wp\/v2\/types\/page"}],"author":[{"embeddable":true,"href":"http:\/\/www.gcaudron.com\/index.php?rest_route=\/wp\/v2\/users\/3"}],"replies":[{"embeddable":true,"href":"http:\/\/www.gcaudron.com\/index.php?rest_route=%2Fwp%2Fv2%2Fcomments&post=8926"}],"version-history":[{"count":11,"href":"http:\/\/www.gcaudron.com\/index.php?rest_route=\/wp\/v2\/pages\/8926\/revisions"}],"predecessor-version":[{"id":8969,"href":"http:\/\/www.gcaudron.com\/index.php?rest_route=\/wp\/v2\/pages\/8926\/revisions\/8969"}],"wp:attachment":[{"href":"http:\/\/www.gcaudron.com\/index.php?rest_route=%2Fwp%2Fv2%2Fmedia&parent=8926"}],"curies":[{"name":"wp","href":"https:\/\/api.w.org\/{rel}","templated":true}]}}