{"id":8924,"date":"2023-01-26T23:15:24","date_gmt":"2023-01-26T22:15:24","guid":{"rendered":"http:\/\/www.gcaudron.com\/?page_id=8924"},"modified":"2024-02-06T19:52:32","modified_gmt":"2024-02-06T18:52:32","slug":"mission-avec-laurent-fabius-en-israel-et-en-jordanie-les-26-et-27-mars-1991","status":"publish","type":"page","link":"http:\/\/www.gcaudron.com\/?page_id=8924","title":{"rendered":"Mission avec Laurent Fabius en Isra\u00ebl et en Jordanie les 26 et 27 mars 1991"},"content":{"rendered":"\n<blockquote class=\"wp-block-quote is-layout-flow wp-block-quote-is-layout-flow\">\n<p>L\u2019histoire commence le 18 mars 1991 quand Laurent Fabius m\u2019appelle pour me proposer de l\u2019accompagner dans un d\u00e9placement qui est&nbsp;<strong>le premier \u00e0 ce niveau d\u2019un responsable fran\u00e7ais&nbsp;<\/strong>depuis la guerre du Golfe.<\/p>\n\n\n\n<p>(l\u2019offensive alli\u00e9e dite \u00ab&nbsp;des 100 heures&nbsp;\u00bb avait eu lieu fin f\u00e9vrier 1991)<\/p>\n\n\n\n<p>&nbsp;<strong>L\u2019objectif de cette mission est triple :<\/strong><\/p>\n\n\n\n<p>&nbsp;\u2013&nbsp;&nbsp;&nbsp; S\u2019informer de la situation sur place<\/p>\n\n\n\n<p>\u2013&nbsp;&nbsp;&nbsp; Informer des positions fran\u00e7aises souvent mal comprises sinon mal connues<\/p>\n\n\n\n<p>\u2013&nbsp;&nbsp;&nbsp; Dialoguer avec les partenaires.<\/p>\n\n\n\n<p>Il me faudra une heure \u00e0 peine de r\u00e9flexion pour peser les avantages et les inconv\u00e9nients d\u2019une acceptation de cette offre s\u00e9duisante pour moi que cette r\u00e9gion passionne.<\/p>\n\n\n\n<p>C\u2019est Jeudi, \u00e0 Paris, que j\u2019obtiens mon visa pour la Jordanie et un premier programme de la mission.<\/p>\n\n\n\n<p>&nbsp;Lundi 25 mars au soir, je re\u00e7ois par fax le programme d\u00e9finitif avec un d\u00e9collage pr\u00e9vu \u00e0 Villacoublay par avion du GLAM ce mardi 26 mars \u00e0 7h45.<\/p>\n\n\n\n<p>&nbsp;Notre arriv\u00e9e est pr\u00e9vue \u00e0 Tel Aviv quatre heures plus tard.<\/p>\n\n\n\n<p>&nbsp;Il sera donc un peu plus de 14h00 quand nous arriverons compte tenu du d\u00e9calage horaire.<\/p>\n\n\n\n<p>&nbsp;Je passe rapidement sur le voyage, Villeneuve \u2013 Villacoublay avec un d\u00e9part \u00e0 4h15 \u2026<\/p>\n\n\n\n<p>&nbsp;Arriv\u00e9s Porte de Saint Cloud vers 6h30, nous sommes largement en avance, m\u00eame si, ensuite, il faudra une heure de plus pour trouver la base de Villacoublay, son entr\u00e9e, l\u2019avion\u2026<\/p>\n\n\n\n<p>&nbsp;Je passe sur \u00ab&nbsp;l\u2019humeur&nbsp;\u00bb\u2026 mais enfin, je suis l\u00e0 et m\u00eame quelques minutes avant Laurent Fabius, et juste le temps de faire connaissance avec Arlette Chabot<\/p>\n\n\n\n<p>&nbsp;Nous sommes peu nombreux dans l\u2019avion. Laurent Fabius, Arlette Chabot, 1 cam\u00e9raman, 2 officiers de s\u00e9curit\u00e9 et moi.<\/p>\n\n\n\n<p>&nbsp;L\u2019avion, \u00ab&nbsp;un Myst\u00e8re&nbsp;\u00bb, est petit et confortable, le d\u00e9collage tout en souplesse, le vol assez rapidement stable une fois atteinte l\u2019altitude et la vitesse de croisi\u00e8re.<\/p>\n\n\n\n<p>&nbsp;Le petit-d\u00e9jeuner est bon \u00e0 prendre et apr\u00e8s une revue de presse, nous prenons connaissance d\u2019un dossier tr\u00e8s complet destin\u00e9 \u00e0 nous informer sur les situations, les pays, les politiques et les personnalit\u00e9s que nous allons rencontrer.<\/p>\n\n\n\n<p>&nbsp;On en discute les termes avec Laurent Fabius et Arlette Chabot pour mieux d\u00e9finir le cadre de nos rencontres.<\/p>\n\n\n\n<p>&nbsp;Deux questions sont r\u00e9currentes :<\/p>\n\n\n\n<p>&nbsp;\u2013&nbsp;&nbsp;&nbsp; Que peut-on apporter ?<\/p>\n\n\n\n<p>\u2013&nbsp;&nbsp;&nbsp; Que va-t-on rapporter ?<\/p>\n\n\n\n<p>&nbsp;Les prochaines heures nous le diront.<\/p>\n\n\n\n<p>&nbsp;Le vol se poursuit (et vue du ciel, la botte italienne est toujours aussi superbe).<\/p>\n\n\n\n<p>&nbsp;\u00c0 10h30, on change nos montres pour les r\u00e9gler \u00e0 12h30 et on d\u00e9jeunera dans l\u2019avion vers 13h00 pour se mettre au rythme d\u2019Isra\u00ebl.<\/p>\n\n\n\n<p>&nbsp;Le voyage s\u2019annonce magnifique et passionnant.<\/p>\n\n\n\n<p>&nbsp;Il est 14h30 quand nous atterrissons sous le soleil de Ben Gourion Airport. Une r\u00e9ception nous attend sur la piste par le Pr\u00e9sident Knesset.<\/p>\n\n\n\n<p>&nbsp;Apr\u00e8s quelques paroles d\u2019accueil de pure forme, nous partons en voiture vers J\u00e9rusalem.<\/p>\n\n\n\n<p>&nbsp;Il fait tr\u00e8s beau. La route est belle et l\u2019arriv\u00e9e sur J\u00e9rusalem toujours aussi \u00e9mouvante. Le pays semble en pleine construction, immigration oblige\u2026<\/p>\n\n\n\n<p>&nbsp;Quelques minutes \u00e0 l\u2019h\u00f4tel du Roi David, le temps de poser ses bagages et la course des entretiens et discussions va commencer avec Yitzak Shamir, Chaim Herzog et Shimon Peres, avant de rencontrer par la suite des responsables palestiniens, des intellectuels isra\u00e9liens, des ministres isra\u00e9liens et jordaniens et le Roi de Jordanie en personne<\/p>\n\n\n\n<p>(voir les notes d\u2019entretiens en annexe)<\/p>\n\n\n\n<p>&nbsp;\u00c0 19h00, c\u2019est l\u2019heure du premier repas officiel dans les salon de l\u2019H\u00f4tel.<\/p>\n\n\n\n<p>&nbsp;\u00c0 ma table, des journalistes et des d\u00e9put\u00e9s du Likoud.<\/p>\n\n\n\n<p>&nbsp;\u00ab&nbsp;Ils ont une dent contre la France mais nous aiment bien quand m\u00eame&nbsp;\u00bb.<\/p>\n\n\n\n<p>&nbsp;La dent sera plus dure encore dans le discours du Pr\u00e9sident de la Knesset m\u00eame s\u2019il l\u2019accompagnera ensuite de paroles plus aimables.<\/p>\n\n\n\n<p>&nbsp;Laurent Fabius r\u00e9pondra sans concession non plus avec la m\u00eame fermet\u00e9 amicale.<\/p>\n\n\n\n<p>&nbsp;\u00c0 21h15, le repas est fini.<\/p>\n\n\n\n<p>&nbsp;Nous partons \u00e0 quelques-uns en voiture pour une visite de la Ville et de ses environs avant de terminer \u00e0 pied dans les rues pi\u00e9tonnes du centre de Jerusalem ouest.<\/p>\n\n\n\n<p>&nbsp;Nous ne verrons la Vieille Ville que de loin\u2026 (s\u00e9curit\u00e9 oblige).<\/p>\n\n\n\n<p>&nbsp;Dans les rues pi\u00e9tonnes on croise beaucoup de jeunes militaires et de civils en armes.<\/p>\n\n\n\n<p>&nbsp;La guerre n\u2019est jamais tr\u00e8s loin mais on ne sent pas de tension particuli\u00e8re.<\/p>\n\n\n\n<p>&nbsp;23h30 \u2013 retour \u00e0 l\u2019h\u00f4tel.<\/p>\n\n\n\n<p>&nbsp;\u00c0 la t\u00e9l\u00e9vision, un seul programme\u2026 en H\u00e9breu.<\/p>\n\n\n\n<p>Aux informations, notre voyage est comment\u00e9 en H\u00e9breu bien s\u00fbr\u2026<\/p>\n\n\n\n<p>&nbsp;Il est 6h45 quand mon r\u00e9veil me tire d\u2019un sommeil profond.<\/p>\n\n\n\n<p>&nbsp;Dehors le soleil \u00e9claire J\u00e9rusalem.<\/p>\n\n\n\n<p>&nbsp;De ma fen\u00eatre, je vois toute la Ville, les remparts et la Vieille Ville, une image pacifi\u00e9e\u2026<\/p>\n\n\n\n<p>&nbsp;7h45 \u2013 Petit d\u00e9jeuner de travail en anglais avec des \u00ab&nbsp;intellectuels&nbsp;\u00bb isra\u00e9liens que l\u2019on sent \u00e9cartel\u00e9s entre leurs id\u00e9es lib\u00e9rales et leur attachement ind\u00e9fectible \u00e0 Isra\u00ebl.<\/p>\n\n\n\n<p>&nbsp;9h00 \u2013 D\u00e9part sous le soleil vers le Consulat Fran\u00e7ais. Sous les cr\u00e9pitements de photographes, nous rencontrons 12 palestiniens qui se r\u00e9clamant de l\u2019OLP (Organisation de la Lib\u00e9ration de la Palestine).<\/p>\n\n\n\n<p>&nbsp;Douze discours tr\u00e8s semblables et sans beaucoup d\u2019ouverture mais tous emprunts de sensibilit\u00e9 sinon d\u2019une r\u00e9elle d\u00e9tresse.<\/p>\n\n\n\n<p>&nbsp;La discussion va s\u2019allonger et ce n\u2019est qu\u2019\u00e0 10h45 que nous rencontrerons rapidement la presse internationale.<\/p>\n\n\n\n<p>&nbsp;11h15 \u2013 Il fait beau, il fait chaud. Nous allons chez David Levy, vice-premier ministre, un homme tr\u00e8s chaleureux, tr\u00e8s direct, mais aussi tr\u00e8s ferme. C\u2019est un des ministres&nbsp; venus d\u2019Afrique du Nord.<\/p>\n\n\n\n<p>&nbsp;Il est 12h15 et c\u2019est l\u2019heure du d\u00e9part pour l\u2019a\u00e9roport Ben Gourion. Toujours les m\u00eames paysages, le m\u00eame beau temps.<\/p>\n\n\n\n<p>&nbsp;12h35, nous sommes dans l\u2019avion.<\/p>\n\n\n\n<p>&nbsp;Nous avons obtenu, et c\u2019est une premi\u00e8re, de faire le trajet direct Tel Aviv \u2013 Amman.<\/p>\n\n\n\n<p>&nbsp;(Habituellement, il faut passer par le sud d\u2019Israel et l\u2019Arabie Saoudite).<\/p>\n\n\n\n<p>&nbsp;Il faudra n\u00e9anmoins attendre pr\u00e8s d\u2019une demi-heure dans l\u2019avion pour que se finissent les derni\u00e8res premi\u00e8res discussions isra\u00e9lo-jordaniennes pour ces 100 kms et 20 minutes de vol.<\/p>\n\n\n\n<p>&nbsp;Nous d\u00e9collons accompagn\u00e9s de 2 chasseurs isra\u00e9liens qui vont nous \u00ab&nbsp;encadrer&nbsp;\u00bb jusqu\u2019au Jourdain avant d\u2019y \u00eatre remplac\u00e9s par 2 chasseurs jordaniens.<\/p>\n\n\n\n<p>&nbsp;La vision est fantastique avec, sur notre droite,&nbsp; la Mer Morte sous le soleil, une mer dont le niveau est de 600 m au dessous du niveau de la mer rouge (avec un taux de salinit\u00e9 de 25%).<\/p>\n\n\n\n<p>&nbsp;Tout autour de nous, des d\u00e9serts, des montagnes et la Jordanie avec les m\u00eames paysages qu\u2019en Isra\u00ebl en un peu plus d\u00e9sertique peut \u00eatre, des bases militaires, des sites de missiles, des camps palestiniens\u2026<\/p>\n\n\n\n<p>&nbsp;13h15 \u2013 l\u2019ancien a\u00e9roport d\u2019Amman nous attend.<\/p>\n\n\n\n<p>&nbsp;Un accueil protocolaire nous est propos\u00e9 sans chaleur particuli\u00e8re.<\/p>\n\n\n\n<p>&nbsp;13h45 \u2013 D\u00e9part chez le Pr\u00e9sident du Parlement Jordanien qui nous re\u00e7oit entour\u00e9 de 2 d\u00e9put\u00e9s et du Ministre des Relations avec le Parlement\u2026, un religieux s\u00e9v\u00e8re\u2026 qui sera silencieux et glacial\u2026 jusqu\u2019\u00e0 ce qu\u2019il prenne la parole et l\u00e0\u2026, pour l\u2019arr\u00eater\u2026, c\u2019est \u00ab&nbsp;mission impossible&nbsp;\u00bb.<\/p>\n\n\n\n<p>&nbsp;Un bien dur moment, presqu\u2019une gal\u00e8re\u2026 :<\/p>\n\n\n\n<p>&nbsp;1h15 de monologues, d\u2019agressivit\u00e9 contre la France, de \u00ab&nbsp;d\u00e9fense et illustration&nbsp;\u00bb de Sadam Hussein.<\/p>\n\n\n\n<p>&nbsp;Le plus difficile est de garder son calme et sa s\u00e9r\u00e9nit\u00e9 surtout quand on a le sentiment que cela pourrait durer des heures.<\/p>\n\n\n\n<p>&nbsp;Je sors pessimiste sur le r\u00f4le futur de la Jordanie dans les discussions de paix.<\/p>\n\n\n\n<p>&nbsp;Nous partons pour l\u2019Ambassade de France, avec, d\u00e9j\u00e0, un gros retard.&nbsp;<\/p>\n\n\n\n<p>On roule \u00e0 vive allure, klaxons \u00e0 fond, dans des rues propres et des villas agr\u00e9ables qui ne sont pas sans ressemblance avec les banlieues de J\u00e9rusalem.<\/p>\n\n\n\n<p>&nbsp;Il y a beaucoup de militaires dans les rues. La Jordanie en compte 120 000 mais aux dires de l\u2019attach\u00e9 militaire de l\u2019Ambassade, c\u2019est une arm\u00e9e, tr\u00e8s d\u00e9pass\u00e9es en mati\u00e8re d\u2019armement.<\/p>\n\n\n\n<p>&nbsp;En cas de guerre avec Isra\u00ebl tout porte \u00e0 croire qu\u2019elle aurait \u00e9t\u00e9 balay\u00e9e.<\/p>\n\n\n\n<p>&nbsp;\u00c0 l\u2019Ambassade, un repas nous attend dans un cadre magnifique et un parc ensoleill\u00e9.<\/p>\n\n\n\n<p>&nbsp;On discute de la guerre irakienne et de l\u2019image de la France et des Fran\u00e7ais qui reste bonne\u2026<\/p>\n\n\n\n<p>&nbsp;Il est maintenant temps d\u2019aller saluer le ministre des affaires \u00e9trang\u00e8res pour quelques minutes d\u2019un entretien tr\u00e8s cordial qui tranche avec celui du d\u00e9but d\u2019apr\u00e8s-midi.<\/p>\n\n\n\n<p>&nbsp;\u00c0 16h45 \u2013 Rencontre avec le Roi en son Palais. Un homme conforme \u00e0 son image t\u00e9l\u00e9vis\u00e9e, charmant, charmeur, l\u2019\u0153il p\u00e9tillant\u2026 dans son bureau o\u00f9 tr\u00f4ne encore devant de multiples photos une o\u00f9 il serre chaleureusement la main de Sadam Hussein.<\/p>\n\n\n\n<p>&nbsp;Il parle beaucoup de la crise, de la France, des probl\u00e8mes de la r\u00e9gion.<\/p>\n\n\n\n<p>&nbsp;Il est pr\u00eat \u00ab&nbsp;\u00e0 faire sa part&nbsp;\u00bb. Il va d\u2019ailleurs rencontrer F Mitterrand ce vendredi pour en discuter.<\/p>\n\n\n\n<p>&nbsp;Chez lui, pas de ranc\u0153ur mais une volont\u00e9 d\u2019aller de l\u2019avant avec son \u00e9ternelle \u00e9nergie.<\/p>\n\n\n\n<p>&nbsp;Il ne cache pas une certaine angoisse devant la mont\u00e9e du \u00ab&nbsp;fondamentalisme&nbsp;\u00bb autrement dit de l\u2019int\u00e9grisme religieux.<\/p>\n\n\n\n<p>&nbsp;Apr\u00e8s une nouvelle course dans les rues d\u2019Amman en voiture blind\u00e9e, nous sommes \u00e0 l\u2019a\u00e9roport et apr\u00e8s une courte conf\u00e9rence de presse, nous d\u00e9collons en direction de Paris que nous devrions atteindre dans 5h30, c\u2019est le moment de faire le point avec Laurent Fabius et de travailler sur le compte rendu de notre mission.&nbsp;<\/p>\n\n\n\n<p><strong>En 36 heures, nous avons rencontr\u00e9 tous les interlocuteurs possibles :<\/strong><\/p>\n\n\n\n<p>\u2013&nbsp;&nbsp;&nbsp; chacun est bien conscient que nous sommes \u00e0 un moment o\u00f9 la Paix peut s\u2019enclencher.<\/p>\n\n\n\n<p>\u2013&nbsp;&nbsp;&nbsp; Les positions de chacun ne semblent pas irr\u00e9ductibles,<\/p>\n\n\n\n<p>\u2013&nbsp;&nbsp;&nbsp; Somme toute, nous revenons plut\u00f4t optimistes\u2026 mais\u2026.<\/p>\n\n\n\n<p>&nbsp;<strong>Un sch\u00e9ma semble possible :<\/strong><\/p>\n\n\n\n<p>\u2013&nbsp;&nbsp;&nbsp; Une d\u00e9marche parall\u00e8le semble acceptable et accept\u00e9e :<\/p>\n\n\n\n<p>\u2013 paix avec les pays Arabes et solution du probl\u00e8me palestinien<\/p>\n\n\n\n<p>\u2013 calendrier n\u00e9cessaire avec des \u00e9tapes pr\u00e9cises \u00e0 d\u00e9finir<\/p>\n\n\n\n<p>\u2013 n\u00e9cessit\u00e9 de Paix<\/p>\n\n\n\n<p>\u2013 r\u00f4le que dit vouloir et pouvoir jouer la Jordanie<\/p>\n\n\n\n<p>\u2013 n\u00e9cessit\u00e9 en terme d\u2019impulsion et de garanties internationales les grandes nations pour donner une chance \u00e0 la Paix.<\/p>\n\n\n\n<p>Reste que ce sch\u00e9ma peut aussi bien se bloquer ou s\u2019enliser que d\u2019\u00e9voluer vers un v\u00e9ritable processus de Paix.&nbsp;<strong>L\u2019avenir nous le dira !<\/strong>&nbsp;\u2026<\/p>\n\n\n\n<p>Un dernier point : aupr\u00e8s des divers responsables que nous avons rencontr\u00e9, le capital de confiance de la France ne semble pas avoir \u00e9t\u00e9 entam\u00e9. C\u2019est s\u00fbrement diff\u00e9rent au niveau des opinions mais chacun sait que les opinions sont fluctuantes.<\/p>\n\n\n\n<p>En ce qui concerne Laurent Fabius j\u2019ai v\u00e9cu \u00e0 ses c\u00f4t\u00e9s un parcours men\u00e9 avec rythme et s\u00e9rieux.<\/p>\n\n\n\n<p>Une mission utile et tr\u00e8s professionnelle.<\/p>\n\n\n\n<p>48 heures, voyage compris, voil\u00e0 le type de mission que j\u2019aime.<\/p>\n\n\n\n<p>G Caudron<\/p>\n\n\n\n<p>Le 28 mars 1991<\/p>\n\n\n\n<p><strong>Entretien avec Yitzhak Shamir : 16h30<\/strong><\/p>\n\n\n\n<p>\u00ab&nbsp;Apr\u00e8s la guerre, l\u2019espoir ?&nbsp;\u00bb<\/p>\n\n\n\n<p>Peut-\u00eatre la conscience se fait-elle jour que la violence ne m\u00e8ne \u00e0 rien mais, on s\u2019en doute,&nbsp; \u00ab&nbsp;la bonne volont\u00e9 ne suffit pas&nbsp;\u00bb.<\/p>\n\n\n\n<p>Isra\u00ebl est pr\u00eat \u00e0 partager et \u00e0 faire un effort \u00ab&nbsp;consid\u00e9rable&nbsp;\u00bb si du c\u00f4t\u00e9 arabe il y a la m\u00eame volont\u00e9. (tel est le message&nbsp; qu\u2019il veut nous faire passer).&nbsp;<\/p>\n\n\n\n<p>Comment enclencher la m\u00e9canique de Paix pour d\u00e9bloquer cette p\u00e9riode o\u00f9 tout est possible ?<\/p>\n\n\n\n<p>Pour Yitzak Shamir : la France est une grande amie d\u2019Isra\u00ebl et elle est en m\u00eame temps amie des pays arabes et nous dit-il\u2026 \u00ab&nbsp;c\u2019est un atout&nbsp;\u00bb<\/p>\n\n\n\n<p>Pour Yitzak Shamir, fid\u00e8le \u00e0 son image, le probl\u00e8me est \u00ab&nbsp;tr\u00e8s compliqu\u00e9&nbsp;\u00bb. Il faut \u00e0 la fois r\u00e9gler la Paix avec pays arabes et r\u00e9gler probl\u00e8me palestinien, et ce, en m\u00eame temps.<\/p>\n\n\n\n<p>Israel voudrait bien travailler avec le Roi Hussein.<\/p>\n\n\n\n<p>Ce sera, pour Yitzak Shamir, plus difficile avec les palestiniens. Il n\u2019est pour lui pas possible d\u2019envisager avec eux une solution permanente d\u00e8s maintenant mais une solution temporaire sous forme d\u2019une autonomie pour une p\u00e9riode fix\u00e9e et limit\u00e9e.<\/p>\n\n\n\n<p>Faut-il aller plus loin ? C\u2019est la n\u00e9gociation qui le dira. Encore fait-il faire le premier pas.<\/p>\n\n\n\n<p>C\u2019est lors de la premi\u00e8re n\u00e9gociation avec les Etats arabes que seront d\u00e9termin\u00e9s les interlocuteurs.<\/p>\n\n\n\n<p>Ce n\u2019est pas Israel qui choisira l\u2019autre partie mais les Etats arabes.<\/p>\n\n\n\n<p>Rien de possible tant qu\u2019ils n\u2019accepteront pas l\u2019id\u00e9e d\u2019un phasage.<\/p>\n\n\n\n<p>Pour Shamir la grosse difficult\u00e9 est du c\u00f4t\u00e9 palestinien mais, pour lui, il n\u2019y a pas d\u2019autre voie.<\/p>\n\n\n\n<p>La France, l\u2019Europe et les Etats Unis doivent avoir une influence mod\u00e9ratrice et Fran\u00e7ois Mitterrand, un r\u00f4le important \u00e0 jouer.<\/p>\n\n\n\n<p>Pour Shamir les choses vont bouger\u2026 positivement.<\/p>\n\n\n\n<p>\u00ab&nbsp;Un jour on va f\u00eater ensemble la PAIX&nbsp;\u00bb : Yitzhak Shamir. On voudrait le croire<\/p>\n\n\n\n<p><strong>Entretien avec Chaim Herzog Pr\u00e9sident de l\u2019Etat : 17h30<\/strong><\/p>\n\n\n\n<p>Il sort de maladie. Il \u00e9tait \u00e0 l\u2019h\u00f4pital de Tel Aviv quand il tombait des SCUD irakiens sur la ville.<\/p>\n\n\n\n<p>Pour lui, le danger dans la r\u00e9gion, c\u2019est le fondamentalisme islamique avec un pourcentage croissant chez les palestiniens de Gaza 50% et en Cisjordanie 30%.<\/p>\n\n\n\n<p>Pour Mr Herzog beaucoup d\u2019arabes isra\u00e9liens et palestiniens commenceraient \u00e0 s\u2019en rendre compte.<\/p>\n\n\n\n<p>Il y a des pr\u00e9mices d\u2019une v\u00e9ritable guerre civile interne aux palestiniens.<\/p>\n\n\n\n<p>D\u2019une mani\u00e8re g\u00e9n\u00e9rale, pour Chaim Herzog le probl\u00e8me israelo arabe est \u00e0 90% psycologique et c\u2019est cela le plus difficile\u2026<\/p>\n\n\n\n<p><strong>Entretien avec Shimon Perez Parti travailliste \u2013 18h15<\/strong><\/p>\n\n\n\n<p>Il dit vouloir aller vite et, pour cela, il affirme qu\u2019Isra\u00ebl doit \u00eatre pr\u00eat \u00e0 faire de grosses concessions et le dire clairement. Il est pr\u00eat \u00e0 n\u00e9gocier avec une d\u00e9l\u00e9gation Jordanienne-palestinienne.<\/p>\n\n\n\n<p>Il est press\u00e9 car pour lui dans un an il sera trop tard.<\/p>\n\n\n\n<p>Il rappelle que la Cisjordanie c\u2019est 4 000 km2 et Gaza, 350 km2 et que c\u2019est donc insuffisant pour faire un Etat Palestinien.<\/p>\n\n\n\n<p>Il faut donc d\u00e9militariser cette zone dans un accord Isra\u00ebl Jordanie. Le Roi Hussein est-il pr\u00eat \u00e0 cela ? Ce n\u2019est pas impossible.<\/p>\n\n\n\n<p>Manifestement les dirigeants isra\u00e9liens font confiance au Roi Hussein et ne lui tiennent pas rigueur de son attitude pendant la guerre contre l\u2019Irak de S Hussein.<\/p>\n\n\n\n<p>Shimon Perez attend des d\u00e9clarations claires du Roi pour ouvrir des n\u00e9gociations profitables.<\/p>\n\n\n\n<p>Les immigr\u00e9s russes arrivent en Isra\u00ebl \u00e0 raison de 1000\/jours (pr\u00e8s de 350 000 en 90, et 300 000 en 91).<\/p>\n\n\n\n<p>(A titre de comparaison, c\u2019est comme si en France il y avait entre 5 et 6 millions d\u2019\u00e9migrants par an).<\/p>\n\n\n\n<p>Cela pose un vrai probl\u00e8me aux travaillistes car ces nouveaux isra\u00e9liens n\u2019acceptent plus aucune r\u00e9f\u00e9rence au socialisme.<\/p>\n\n\n\n<p>Pour Shimon Perez il faut que la France privil\u00e9gie la solution jordanienne sur la solution \u00ab&nbsp;Arafat&nbsp;\u00bb qui restera longtemps inacceptable en Isra\u00ebl.<\/p>\n\n\n\n<p>Seul le Roi de Jordanie peut gouverner une conf\u00e9d\u00e9ration comprenant la Jordanie, la Cisjordanie et Gaza.<\/p>\n\n\n\n<p>Pour Shimon Perez il est \u00e9vident que c\u2019est une erreur de conserver Gaza : 700 000 palestiniens sur 350 km2. Israel ne poss\u00e8de pas ce territoire, \u00ab&nbsp;il en fait la police&nbsp;\u00bb.<\/p>\n\n\n\n<p><strong>Mercredi 7h45 : petit d\u00e9jeuner avec des \u00ab&nbsp;intellectuels&nbsp;\u00bb isra\u00e9liens&nbsp;<\/strong><\/p>\n\n\n\n<p>Un tour de table sur l\u2019\u00e9tat de la soci\u00e9t\u00e9 isra\u00e9lienne, l\u2019\u00e9tat des probl\u00e8mes et les possibilit\u00e9s de trouver rapidement des solutions.<\/p>\n\n\n\n<p>Un constat : il n\u2019y a pas, \u00e0 priori aujourd\u2019hui, davantage de signe de Paix qu\u2019hier.<\/p>\n\n\n\n<p>L\u2019ambiance est pessimiste :<\/p>\n\n\n\n<p>Shamir est un nationaliste et les travaillistes \u00ab&nbsp;c\u2019est la SFIO&nbsp;\u00bb\u2026(ce qui, dans leur bouche, n\u2019est pas un compliment).<\/p>\n\n\n\n<p>Mais la guerre a montr\u00e9 les limites de la force. Alors\u2026 toujours la m\u00eame question : comment faire pour d\u00e9marrer le processus de Paix ?<\/p>\n\n\n\n<p>Les intellectuels nous le disent : \u00ab&nbsp;Vous n\u2019habitez pas Israel. C\u2019est plus facile pour vous\u2026&nbsp;\u00bb<\/p>\n\n\n\n<p>Parmi la d\u00e9l\u00e9gation isra\u00e9lienne, un arabe isra\u00e9lien.<\/p>\n\n\n\n<p>Pour lui, il serait et il sera plus facile de trouver l\u2019accord avec les palestiniens qu\u2019avec les autres pays arabes.<\/p>\n\n\n\n<p>Et c\u2019est la seule r\u00e9union o\u00f9 malgr\u00e9 l\u2019heure matinale l\u2019atmosph\u00e8re sera enfum\u00e9e.<\/p>\n\n\n\n<p>Il m\u2019ont donn\u00e9 l\u2019impression d\u2019\u00eatre d\u00e9chir\u00e9s entre leurs id\u00e9es de justice et la volont\u00e9 farouche d\u2019\u00eatre Isra\u00e9lien et de d\u00e9fendre leur pays.<\/p>\n\n\n\n<p><strong>Mercredi 9h05 : au tour de l\u2019OLP et du PCP<\/strong><\/p>\n\n\n\n<p>Apr\u00e8s quelques minutes \u00e0 pied nous nous retrouvons sous un fort soleil au consulat de France pour y retrouver des Palestiniens.<\/p>\n\n\n\n<p>Ils sont 12 repr\u00e9sentants de toutes les sensibilit\u00e9s de l\u2019OLP (oragnisation de lib\u00e9ration de la Palestine) et du PCP (parti communiste palestinien).<\/p>\n\n\n\n<p>Faissal Al Husseini, le chef de la d\u00e9l\u00e9gation, va dire trois choses<\/p>\n\n\n\n<p>\u2013&nbsp;&nbsp;&nbsp; On veut la Paix et on n\u2019en est pas tr\u00e8s loin<\/p>\n\n\n\n<p>\u2013&nbsp;&nbsp;&nbsp; Israel doit respecter les r\u00e9solutions de l\u2019ONU<\/p>\n\n\n\n<p>\u2013&nbsp;&nbsp;&nbsp; l\u2019OLP est le seul repr\u00e9sentant des palestiniens.<\/p>\n\n\n\n<p>Chaque intervenant va insister sur la repr\u00e9sentativit\u00e9 de l\u2019OLP.<\/p>\n\n\n\n<p>Le Maire de Bethl\u00e9em va plus durement d\u00e9noncer l\u2019absence de volont\u00e9 de Paix de Mr Shamir en \u00e9grenant la litanie des mesures prises contre les palestiniens.<\/p>\n\n\n\n<p>Chacun ira ensuite de sa d\u00e9nonciation \u00ab&nbsp;des multiples atteintes au Droit&nbsp;\u00bb.<\/p>\n\n\n\n<p><strong>Il est 10h45 pour une courte conf\u00e9rence de presse d\u2019un quart d\u2019heure dans les salons du King David H\u00f4tel.<\/strong><\/p>\n\n\n\n<p>Et on se rend chez David Levy, ministre des Affaires Etrang\u00e8res. Le contact est chaleureux mais l\u2019homme est tr\u00e8s conservateur. C\u2019est la branche dure du Likoud.<\/p>\n\n\n\n<p>\u00c0 son tour, il introduit la Jordanie dans le jeu diplomatique mais aussi la Syrie qui lui semble avoir chang\u00e9 de position.<\/p>\n\n\n\n<p>Tr\u00e8s fermement Mr Levy refusera l\u2019id\u00e9e d\u2019un Etat palestinien en Cysjordanie que David Levy appelle : \u00ab&nbsp;la Jud\u00e9e et la Samarie&nbsp;\u00bb.<\/p>\n\n\n\n<p>En r\u00e9ponse \u00e0 ma question sur l\u2019annexion des territoires occup\u00e9s, la r\u00e9ponse de David Levy sera claire : il n\u2019y aura pas d\u2019annexion\u2026<\/p>\n\n\n\n<p>question de langage sans doute\u2026<\/p>\n<\/blockquote>\n\n\n\n<p><\/p>\n\n\n\n<p><\/p>\n","protected":false},"excerpt":{"rendered":"<p>L\u2019histoire commence le 18 mars 1991 quand Laurent Fabius m\u2019appelle pour me proposer de l\u2019accompagner dans un d\u00e9placement qui est&nbsp;le premier \u00e0 ce niveau d\u2019un responsable fran\u00e7ais&nbsp;depuis la guerre du Golfe. (l\u2019offensive alli\u00e9e dite \u00ab&nbsp;des 100 heures&nbsp;\u00bb avait eu lieu fin f\u00e9vrier 1991) &nbsp;L\u2019objectif de cette mission est triple : &nbsp;\u2013&nbsp;&nbsp;&nbsp; S\u2019informer de la situation &hellip; <\/p>\n<p><a class=\"more-link btn\" href=\"http:\/\/www.gcaudron.com\/?page_id=8924\">Continue reading<\/a><\/p>\n","protected":false},"author":3,"featured_media":0,"parent":8926,"menu_order":-70,"comment_status":"closed","ping_status":"closed","template":"template-onecolumn.php","meta":{"footnotes":""},"class_list":["post-8924","page","type-page","status-publish","hentry","nodate","item-wrap"],"_links":{"self":[{"href":"http:\/\/www.gcaudron.com\/index.php?rest_route=\/wp\/v2\/pages\/8924","targetHints":{"allow":["GET"]}}],"collection":[{"href":"http:\/\/www.gcaudron.com\/index.php?rest_route=\/wp\/v2\/pages"}],"about":[{"href":"http:\/\/www.gcaudron.com\/index.php?rest_route=\/wp\/v2\/types\/page"}],"author":[{"embeddable":true,"href":"http:\/\/www.gcaudron.com\/index.php?rest_route=\/wp\/v2\/users\/3"}],"replies":[{"embeddable":true,"href":"http:\/\/www.gcaudron.com\/index.php?rest_route=%2Fwp%2Fv2%2Fcomments&post=8924"}],"version-history":[{"count":6,"href":"http:\/\/www.gcaudron.com\/index.php?rest_route=\/wp\/v2\/pages\/8924\/revisions"}],"predecessor-version":[{"id":8968,"href":"http:\/\/www.gcaudron.com\/index.php?rest_route=\/wp\/v2\/pages\/8924\/revisions\/8968"}],"up":[{"embeddable":true,"href":"http:\/\/www.gcaudron.com\/index.php?rest_route=\/wp\/v2\/pages\/8926"}],"wp:attachment":[{"href":"http:\/\/www.gcaudron.com\/index.php?rest_route=%2Fwp%2Fv2%2Fmedia&parent=8924"}],"curies":[{"name":"wp","href":"https:\/\/api.w.org\/{rel}","templated":true}]}}