{"id":5939,"date":"2017-10-31T11:56:42","date_gmt":"2017-10-31T10:56:42","guid":{"rendered":"http:\/\/www.gcaudron.com\/?page_id=5939"},"modified":"2017-10-31T11:56:42","modified_gmt":"2017-10-31T10:56:42","slug":"epilogue","status":"publish","type":"page","link":"http:\/\/www.gcaudron.com\/?page_id=5939","title":{"rendered":"\u00c9pilogue"},"content":{"rendered":"<p>Ceux qui savaient me l\u2019ont d\u00e9j\u00e0 demand\u00e9, ceux qui me lisent et me liront, me le demanderont sans doute :<\/p>\n<p>&nbsp;<\/p>\n<p><strong>Pourquoi ce petit ouvrage, pourquoi ces p\u2019tits coquelicots ?<\/strong><\/p>\n<p><strong>\u00a0<\/strong><\/p>\n<p>Des m\u00e9moires fruits de 30 ans de vie \u00e9lective ?<\/p>\n<p>&nbsp;<\/p>\n<p>S\u00fbrement pas ! La formule n\u2019est pas de moi, mais je la fait mienne : \u201cles m\u00e9moires des politiques sont \u00e0 l\u2019Histoire ce que Viollet-le-Duc est \u00e0 l\u2019architecture\u2026\u201d<\/p>\n<p>&nbsp;<\/p>\n<p>Des biographies de personnages c\u00e9l\u00e8bres ?<\/p>\n<p>&nbsp;<\/p>\n<p>Encore moins. Je n\u2019ai pas cette pr\u00e9tention.<\/p>\n<p>&nbsp;<\/p>\n<p>Des le\u00e7ons donn\u00e9es aux autres ? Je ne me le permettrais pas.<\/p>\n<p>&nbsp;<\/p>\n<p><strong>Alors tout simplement des souvenirs et des images dans ce qu\u2019ils et elles peuvent avoir de furtif et d\u2019\u00e9ph\u00e9m\u00e8re.<\/strong><\/p>\n<p><strong>\u00a0<\/strong><\/p>\n<p>Somme toute, peut-\u00eatre une petite le\u00e7on de modestie que je me donne sur la relativit\u00e9 des choses,\u2026 une trace dans le sable qu\u2019un brin de vent efface,\u2026 un bouquet de coquelicots qui ne conna\u00eetra m\u00eame pas l\u2019heure d\u2019apr\u00e8s,\u2026 avec, je l\u2019esp\u00e8re, quand m\u00eame au d\u00e9tour de cette le\u00e7on quelques id\u00e9es que j\u2019ai l\u2019immodestie de croire utiles pour demain \u00e0 ceux qui, avec ou sans moi, auront la lourde charge de g\u00e9rer les affaires publiques communales, nationales ou europ\u00e9ennes.<\/p>\n<p>&nbsp;<\/p>\n<p>Arriv\u00e9 au terme d\u2019une certaine vie politique, je l\u2019ai souvent dit et r\u00e9p\u00e9t\u00e9 : Ma seule envie, c\u2019est d\u2019\u00eatre utile, utile \u00e0 mes concitoyens et utile \u00e0 mes et \u00e0 nos enfants.<\/p>\n<p>&nbsp;<\/p>\n<p>En tirant de mon pass\u00e9 et de mes exp\u00e9riences quelques cl\u00e9s de lectures des faits pr\u00e9sents et quelques id\u00e9es et projets pour l\u2019avenir, j\u2019ai pens\u00e9 r\u00e9pondre \u00e0 cette ardente obligation d\u2019utilit\u00e9 que je me suis impos\u00e9.<\/p>\n<p>&nbsp;<\/p>\n<p>A chacun maintenant de me dire si j\u2019ai atteint ce dernier objectif d\u2019une vie qui n\u2019en n\u2019a pas manqu\u00e9 et qui, je l\u2019esp\u00e8re, n\u2019a pas fini encore d\u2019en manquer.<\/p>\n<p><a href=\"http:\/\/www.gcaudron.com\/wp-content\/uploads\/2017\/10\/Gerard00006.jpg\"><img loading=\"lazy\" decoding=\"async\" class=\"aligncenter wp-image-5623 size-medium\" src=\"http:\/\/www.gcaudron.com\/wp-content\/uploads\/2017\/10\/Gerard00006-200x300.jpg\" alt=\"\" width=\"200\" height=\"300\" srcset=\"http:\/\/www.gcaudron.com\/wp-content\/uploads\/2017\/10\/Gerard00006-200x300.jpg 200w, http:\/\/www.gcaudron.com\/wp-content\/uploads\/2017\/10\/Gerard00006.jpg 591w\" sizes=\"auto, (max-width: 200px) 100vw, 200px\" \/><\/a><\/p>\n","protected":false},"excerpt":{"rendered":"<p>Ceux qui savaient me l\u2019ont d\u00e9j\u00e0 demand\u00e9, ceux qui me lisent et me liront, me le demanderont sans doute : &nbsp; Pourquoi ce petit ouvrage, pourquoi ces p\u2019tits coquelicots ? \u00a0 Des m\u00e9moires fruits de 30 ans de vie \u00e9lective ? &nbsp; S\u00fbrement pas ! La formule n\u2019est pas de moi, mais je la fait &hellip; <\/p>\n<p><a class=\"more-link btn\" href=\"http:\/\/www.gcaudron.com\/?page_id=5939\">Continue reading<\/a><\/p>\n","protected":false},"author":3,"featured_media":0,"parent":1021,"menu_order":138,"comment_status":"closed","ping_status":"closed","template":"","meta":{"footnotes":""},"class_list":["post-5939","page","type-page","status-publish","hentry","nodate","item-wrap"],"_links":{"self":[{"href":"http:\/\/www.gcaudron.com\/index.php?rest_route=\/wp\/v2\/pages\/5939","targetHints":{"allow":["GET"]}}],"collection":[{"href":"http:\/\/www.gcaudron.com\/index.php?rest_route=\/wp\/v2\/pages"}],"about":[{"href":"http:\/\/www.gcaudron.com\/index.php?rest_route=\/wp\/v2\/types\/page"}],"author":[{"embeddable":true,"href":"http:\/\/www.gcaudron.com\/index.php?rest_route=\/wp\/v2\/users\/3"}],"replies":[{"embeddable":true,"href":"http:\/\/www.gcaudron.com\/index.php?rest_route=%2Fwp%2Fv2%2Fcomments&post=5939"}],"version-history":[{"count":2,"href":"http:\/\/www.gcaudron.com\/index.php?rest_route=\/wp\/v2\/pages\/5939\/revisions"}],"predecessor-version":[{"id":8009,"href":"http:\/\/www.gcaudron.com\/index.php?rest_route=\/wp\/v2\/pages\/5939\/revisions\/8009"}],"up":[{"embeddable":true,"href":"http:\/\/www.gcaudron.com\/index.php?rest_route=\/wp\/v2\/pages\/1021"}],"wp:attachment":[{"href":"http:\/\/www.gcaudron.com\/index.php?rest_route=%2Fwp%2Fv2%2Fmedia&parent=5939"}],"curies":[{"name":"wp","href":"https:\/\/api.w.org\/{rel}","templated":true}]}}