{"id":5935,"date":"2017-10-31T11:54:38","date_gmt":"2017-10-31T10:54:38","guid":{"rendered":"http:\/\/www.gcaudron.com\/?page_id=5935"},"modified":"2017-10-31T11:54:38","modified_gmt":"2017-10-31T10:54:38","slug":"zuccarelli-emile","status":"publish","type":"page","link":"http:\/\/www.gcaudron.com\/?page_id=5935","title":{"rendered":"ZUCCARELLI \u00c9MILE"},"content":{"rendered":"<p>On me dira peut \u00eatre qu\u2019une des raisons de sa pr\u00e9sence dans mon ab\u00e9c\u00e9daire tient dans la premi\u00e8re lettre de son nom.<\/p>\n<p>&nbsp;<\/p>\n<p>Ce serait injuste.<\/p>\n<p>&nbsp;<\/p>\n<p>En lui, j\u2019ai en effet reconnu un vrai r\u00e9publicain courageux qui malgr\u00e9 des menaces de toutes sortes n\u2019a jamais craint d\u2019afficher ses id\u00e9es :<\/p>\n<p>&nbsp;<\/p>\n<p>&#8211; pour l\u2019appartenance \u00e0 la R\u00e9publique fran\u00e7aise, il a fait battre Nicolas Sarkozy.<\/p>\n<p>&#8211; contre une Europe ultra-lib\u00e9rale, il a fait voter NON le 29 mai dernier.<\/p>\n<p>&#8211; pour une gauche fi\u00e8re d\u2019elle-m\u00eame, il sera, j\u2019en suis s\u00fbr du bon cot\u00e9 en 2007.<\/p>\n<p>&nbsp;<\/p>\n<p>Il m\u2019a r\u00e9concili\u00e9, je l\u2019avoue, avec le concept de \u00ab\u00a0<strong>Radical de gauche\u00a0<\/strong>\u00bb.<\/p>\n","protected":false},"excerpt":{"rendered":"<p>On me dira peut \u00eatre qu\u2019une des raisons de sa pr\u00e9sence dans mon ab\u00e9c\u00e9daire tient dans la premi\u00e8re lettre de son nom. &nbsp; Ce serait injuste. &nbsp; En lui, j\u2019ai en effet reconnu un vrai r\u00e9publicain courageux qui malgr\u00e9 des menaces de toutes sortes n\u2019a jamais craint d\u2019afficher ses id\u00e9es : &nbsp; &#8211; pour l\u2019appartenance &hellip; <\/p>\n<p><a class=\"more-link btn\" href=\"http:\/\/www.gcaudron.com\/?page_id=5935\">Continue reading<\/a><\/p>\n","protected":false},"author":3,"featured_media":0,"parent":1021,"menu_order":136,"comment_status":"closed","ping_status":"closed","template":"","meta":{"footnotes":""},"class_list":["post-5935","page","type-page","status-publish","hentry","nodate","item-wrap"],"_links":{"self":[{"href":"http:\/\/www.gcaudron.com\/index.php?rest_route=\/wp\/v2\/pages\/5935","targetHints":{"allow":["GET"]}}],"collection":[{"href":"http:\/\/www.gcaudron.com\/index.php?rest_route=\/wp\/v2\/pages"}],"about":[{"href":"http:\/\/www.gcaudron.com\/index.php?rest_route=\/wp\/v2\/types\/page"}],"author":[{"embeddable":true,"href":"http:\/\/www.gcaudron.com\/index.php?rest_route=\/wp\/v2\/users\/3"}],"replies":[{"embeddable":true,"href":"http:\/\/www.gcaudron.com\/index.php?rest_route=%2Fwp%2Fv2%2Fcomments&post=5935"}],"version-history":[{"count":1,"href":"http:\/\/www.gcaudron.com\/index.php?rest_route=\/wp\/v2\/pages\/5935\/revisions"}],"predecessor-version":[{"id":5936,"href":"http:\/\/www.gcaudron.com\/index.php?rest_route=\/wp\/v2\/pages\/5935\/revisions\/5936"}],"up":[{"embeddable":true,"href":"http:\/\/www.gcaudron.com\/index.php?rest_route=\/wp\/v2\/pages\/1021"}],"wp:attachment":[{"href":"http:\/\/www.gcaudron.com\/index.php?rest_route=%2Fwp%2Fv2%2Fmedia&parent=5935"}],"curies":[{"name":"wp","href":"https:\/\/api.w.org\/{rel}","templated":true}]}}