{"id":5933,"date":"2017-10-31T11:53:31","date_gmt":"2017-10-31T10:53:31","guid":{"rendered":"http:\/\/www.gcaudron.com\/?page_id=5933"},"modified":"2017-10-31T11:53:31","modified_gmt":"2017-10-31T10:53:31","slug":"zola-emile","status":"publish","type":"page","link":"http:\/\/www.gcaudron.com\/?page_id=5933","title":{"rendered":"ZOLA \u00c9MILE"},"content":{"rendered":"<p>Qui n\u2019a jamais pens\u00e9, en lisant Zola \u00e0 l\u2019heure du lyc\u00e9e, que la mis\u00e8re qu\u2019il d\u00e9crivait dans les livres appartenait \u00e0 un pass\u00e9 \u00e0 jamais r\u00e9volu ?<\/p>\n<p>&nbsp;<\/p>\n<p>Et pourtant en 2005, on meurt encore en famille dans l\u2019incendie d\u2019immeubles v\u00e9tustes, on se presse par millions dans les Restos du Coeur, cr\u00e9\u00e9s par Coluche, ou dans les banques alimentaires des associations caritatives, on croule sous les dettes, on est jet\u00e9 \u00e0 la rue, priv\u00e9 d\u2019\u00e9lectricit\u00e9 et de chauffage, on meurt de froid le long d\u2019un trottoir ou au fond d\u2019une cave.<\/p>\n<p>&nbsp;<\/p>\n<p>Les adultes sont humili\u00e9s et leurs enfants sont meurtris \u00e0 jamais !<\/p>\n<p>&nbsp;<\/p>\n<p>Notre soci\u00e9t\u00e9 n\u2019a jamais \u00e9t\u00e9 aussi riche et il n\u2019y a jamais eu autant de pauvres.<\/p>\n<p>&nbsp;<\/p>\n<p>Le monde n\u2019a jamais \u00e9t\u00e9 aussi opulent et il n\u2019y a jamais eu autant d\u2019humains priv\u00e9s de tout y compris du minimum pour survivre.<\/p>\n<p>&nbsp;<\/p>\n<p>Qui peut croire que cela pourra durer ?<\/p>\n<p>&nbsp;<\/p>\n<p>Et que les riches pourront rester impun\u00e9ment, eux aussi, dans leurs \u201cghettos de luxe\u201d ?<\/p>\n","protected":false},"excerpt":{"rendered":"<p>Qui n\u2019a jamais pens\u00e9, en lisant Zola \u00e0 l\u2019heure du lyc\u00e9e, que la mis\u00e8re qu\u2019il d\u00e9crivait dans les livres appartenait \u00e0 un pass\u00e9 \u00e0 jamais r\u00e9volu ? &nbsp; Et pourtant en 2005, on meurt encore en famille dans l\u2019incendie d\u2019immeubles v\u00e9tustes, on se presse par millions dans les Restos du Coeur, cr\u00e9\u00e9s par Coluche, ou &hellip; <\/p>\n<p><a class=\"more-link btn\" href=\"http:\/\/www.gcaudron.com\/?page_id=5933\">Continue reading<\/a><\/p>\n","protected":false},"author":3,"featured_media":0,"parent":1021,"menu_order":135,"comment_status":"closed","ping_status":"closed","template":"","meta":{"footnotes":""},"class_list":["post-5933","page","type-page","status-publish","hentry","nodate","item-wrap"],"_links":{"self":[{"href":"http:\/\/www.gcaudron.com\/index.php?rest_route=\/wp\/v2\/pages\/5933","targetHints":{"allow":["GET"]}}],"collection":[{"href":"http:\/\/www.gcaudron.com\/index.php?rest_route=\/wp\/v2\/pages"}],"about":[{"href":"http:\/\/www.gcaudron.com\/index.php?rest_route=\/wp\/v2\/types\/page"}],"author":[{"embeddable":true,"href":"http:\/\/www.gcaudron.com\/index.php?rest_route=\/wp\/v2\/users\/3"}],"replies":[{"embeddable":true,"href":"http:\/\/www.gcaudron.com\/index.php?rest_route=%2Fwp%2Fv2%2Fcomments&post=5933"}],"version-history":[{"count":1,"href":"http:\/\/www.gcaudron.com\/index.php?rest_route=\/wp\/v2\/pages\/5933\/revisions"}],"predecessor-version":[{"id":5934,"href":"http:\/\/www.gcaudron.com\/index.php?rest_route=\/wp\/v2\/pages\/5933\/revisions\/5934"}],"up":[{"embeddable":true,"href":"http:\/\/www.gcaudron.com\/index.php?rest_route=\/wp\/v2\/pages\/1021"}],"wp:attachment":[{"href":"http:\/\/www.gcaudron.com\/index.php?rest_route=%2Fwp%2Fv2%2Fmedia&parent=5933"}],"curies":[{"name":"wp","href":"https:\/\/api.w.org\/{rel}","templated":true}]}}