{"id":5929,"date":"2017-10-31T11:52:25","date_gmt":"2017-10-31T10:52:25","guid":{"rendered":"http:\/\/www.gcaudron.com\/?page_id=5929"},"modified":"2017-10-31T11:52:25","modified_gmt":"2017-10-31T10:52:25","slug":"wurtz-francis","status":"publish","type":"page","link":"http:\/\/www.gcaudron.com\/?page_id=5929","title":{"rendered":"WURTZ FRANCIS"},"content":{"rendered":"<p>Je n\u2019aurai s\u00fbrement pas aim\u00e9 l\u2019homme d\u2019appareil communiste fran\u00e7ais qu\u2019il a longtemps \u00e9t\u00e9\u2026 en particulier aupr\u00e8s de Georges Marchais.<\/p>\n<p>&nbsp;<\/p>\n<p>Mais au Parlement europ\u00e9en, puis au sein de son groupe, la GUE\/NGL (Gauche unitaire europ\u00e9enne, Gauche verte nordique), j\u2019ai r\u00e9alis\u00e9 et je peux t\u00e9moigner qu\u2019il est un des rares porteurs d\u2019une pens\u00e9e europ\u00e9enne et d\u2019un discours europ\u00e9en de gauche, une pens\u00e9e forte, humaine et diff\u00e9rente de l\u2019id\u00e9ologie dominante.<\/p>\n<p>&nbsp;<\/p>\n<p>C\u2019est vraiment un \u201cgrand\u201d.<\/p>\n<p>&nbsp;<\/p>\n<p>La gauche europ\u00e9enne dans son ensemble devrait s\u2019en inspirer d\u2019avantage.<\/p>\n<p>&nbsp;<\/p>\n<p>La gauche fran\u00e7aise devrait mieux l\u2019utiliser.<\/p>\n","protected":false},"excerpt":{"rendered":"<p>Je n\u2019aurai s\u00fbrement pas aim\u00e9 l\u2019homme d\u2019appareil communiste fran\u00e7ais qu\u2019il a longtemps \u00e9t\u00e9\u2026 en particulier aupr\u00e8s de Georges Marchais. &nbsp; Mais au Parlement europ\u00e9en, puis au sein de son groupe, la GUE\/NGL (Gauche unitaire europ\u00e9enne, Gauche verte nordique), j\u2019ai r\u00e9alis\u00e9 et je peux t\u00e9moigner qu\u2019il est un des rares porteurs d\u2019une pens\u00e9e europ\u00e9enne et d\u2019un &hellip; <\/p>\n<p><a class=\"more-link btn\" href=\"http:\/\/www.gcaudron.com\/?page_id=5929\">Continue reading<\/a><\/p>\n","protected":false},"author":3,"featured_media":0,"parent":1021,"menu_order":133,"comment_status":"closed","ping_status":"closed","template":"","meta":{"footnotes":""},"class_list":["post-5929","page","type-page","status-publish","hentry","nodate","item-wrap"],"_links":{"self":[{"href":"http:\/\/www.gcaudron.com\/index.php?rest_route=\/wp\/v2\/pages\/5929","targetHints":{"allow":["GET"]}}],"collection":[{"href":"http:\/\/www.gcaudron.com\/index.php?rest_route=\/wp\/v2\/pages"}],"about":[{"href":"http:\/\/www.gcaudron.com\/index.php?rest_route=\/wp\/v2\/types\/page"}],"author":[{"embeddable":true,"href":"http:\/\/www.gcaudron.com\/index.php?rest_route=\/wp\/v2\/users\/3"}],"replies":[{"embeddable":true,"href":"http:\/\/www.gcaudron.com\/index.php?rest_route=%2Fwp%2Fv2%2Fcomments&post=5929"}],"version-history":[{"count":1,"href":"http:\/\/www.gcaudron.com\/index.php?rest_route=\/wp\/v2\/pages\/5929\/revisions"}],"predecessor-version":[{"id":5930,"href":"http:\/\/www.gcaudron.com\/index.php?rest_route=\/wp\/v2\/pages\/5929\/revisions\/5930"}],"up":[{"embeddable":true,"href":"http:\/\/www.gcaudron.com\/index.php?rest_route=\/wp\/v2\/pages\/1021"}],"wp:attachment":[{"href":"http:\/\/www.gcaudron.com\/index.php?rest_route=%2Fwp%2Fv2%2Fmedia&parent=5929"}],"curies":[{"name":"wp","href":"https:\/\/api.w.org\/{rel}","templated":true}]}}