{"id":5927,"date":"2017-10-31T11:51:50","date_gmt":"2017-10-31T10:51:50","guid":{"rendered":"http:\/\/www.gcaudron.com\/?page_id=5927"},"modified":"2017-10-31T11:51:50","modified_gmt":"2017-10-31T10:51:50","slug":"vingt-sept-fevrier-1976","status":"publish","type":"page","link":"http:\/\/www.gcaudron.com\/?page_id=5927","title":{"rendered":"VINGT SEPT F\u00c9VRIER 1976"},"content":{"rendered":"<p><strong>J\u2019ai 31 ans ce jour l\u00e0 et je si\u00e8ge pour la premi\u00e8re fois au Conseil Municipal\u00a0<\/strong>de Villeneuve d\u2019Ascq comme leader de l\u2019opposition de gauche apr\u00e8s avoir emport\u00e9 les \u00e9lections municipales partielles.<\/p>\n<p>&nbsp;<\/p>\n<p>C\u2019est l\u2019\u00e9pilogue d\u2019une longue crise au sein du Conseil de droite entre le Maire Jean DESMARETS et son premier adjoint, Pierre DEFIVES.<\/p>\n<p>&nbsp;<\/p>\n<p>Un an plus tard, en mars 77, je serai le candidat naturel de la gauche et je serai \u00e9lu Maire avant d\u2019\u00eatre r\u00e9\u00e9lu en 1983, en 1989, et en 1995 (avec 67%) et de me retirer en 2001\u2026<\/p>\n<p>&nbsp;<\/p>\n<p>Et si apr\u00e8s 2001 j\u2019ai connu la m\u00e9chancet\u00e9, l\u2019ingratitude voire la cruaut\u00e9, 25 ans avant, j\u2019avais go\u00fbt\u00e9 en ce 27 f\u00e9vrier 1976 un moment d\u2019\u00e9motion sans pareille que je ne suis pas pr\u00eat d\u2019oublier.<\/p>\n<p>&nbsp;<\/p>\n<p>C\u2019est aussi ce jour l\u00e0 que je me suis d\u2019ailleurs fix\u00e9 un challenge, \u00eatre \u00e9lu sans \u00eatre notable et que je me suis promis une chose, ne pas faire 5 mandats cons\u00e9cutifs de maire.<\/p>\n<p>&nbsp;<\/p>\n<p><strong>Ce 27 f\u00e9vrier est depuis rest\u00e9 pour moi une date symbolique :<\/strong><\/p>\n<p><strong>\u00a0<\/strong><\/p>\n<p><strong>Le 27 f\u00e9vrier 2000,\u00a0<\/strong>j\u2019ai annonc\u00e9 par Lettre ouverte aux Villeneuvois que je ne serai plus candidat au poste de Maire en 2001.<\/p>\n<p>&nbsp;<\/p>\n<p><strong>Le 27 f\u00e9vrier 2002,\u00a0<\/strong>j\u2019ai cr\u00e9\u00e9 \u00abRassemblement Citoyen\u00bb.<\/p>\n<p>&nbsp;<\/p>\n<p><strong>Le 27 f\u00e9vrier 2006,\u00a0<\/strong>j\u2019ai lanc\u00e9 un grand appel au \u00abRassemblement citoyen pour le changement\u00bb, pour une v\u00e9ritable alternance politique \u00e0 gauche en France en 2007 aux \u00e9lections pr\u00e9sidentielles et l\u00e9gislatives.<\/p>\n","protected":false},"excerpt":{"rendered":"<p>J\u2019ai 31 ans ce jour l\u00e0 et je si\u00e8ge pour la premi\u00e8re fois au Conseil Municipal\u00a0de Villeneuve d\u2019Ascq comme leader de l\u2019opposition de gauche apr\u00e8s avoir emport\u00e9 les \u00e9lections municipales partielles. &nbsp; C\u2019est l\u2019\u00e9pilogue d\u2019une longue crise au sein du Conseil de droite entre le Maire Jean DESMARETS et son premier adjoint, Pierre DEFIVES. &nbsp; &hellip; <\/p>\n<p><a class=\"more-link btn\" href=\"http:\/\/www.gcaudron.com\/?page_id=5927\">Continue reading<\/a><\/p>\n","protected":false},"author":3,"featured_media":0,"parent":1021,"menu_order":132,"comment_status":"closed","ping_status":"closed","template":"","meta":{"footnotes":""},"class_list":["post-5927","page","type-page","status-publish","hentry","nodate","item-wrap"],"_links":{"self":[{"href":"http:\/\/www.gcaudron.com\/index.php?rest_route=\/wp\/v2\/pages\/5927","targetHints":{"allow":["GET"]}}],"collection":[{"href":"http:\/\/www.gcaudron.com\/index.php?rest_route=\/wp\/v2\/pages"}],"about":[{"href":"http:\/\/www.gcaudron.com\/index.php?rest_route=\/wp\/v2\/types\/page"}],"author":[{"embeddable":true,"href":"http:\/\/www.gcaudron.com\/index.php?rest_route=\/wp\/v2\/users\/3"}],"replies":[{"embeddable":true,"href":"http:\/\/www.gcaudron.com\/index.php?rest_route=%2Fwp%2Fv2%2Fcomments&post=5927"}],"version-history":[{"count":1,"href":"http:\/\/www.gcaudron.com\/index.php?rest_route=\/wp\/v2\/pages\/5927\/revisions"}],"predecessor-version":[{"id":5928,"href":"http:\/\/www.gcaudron.com\/index.php?rest_route=\/wp\/v2\/pages\/5927\/revisions\/5928"}],"up":[{"embeddable":true,"href":"http:\/\/www.gcaudron.com\/index.php?rest_route=\/wp\/v2\/pages\/1021"}],"wp:attachment":[{"href":"http:\/\/www.gcaudron.com\/index.php?rest_route=%2Fwp%2Fv2%2Fmedia&parent=5927"}],"curies":[{"name":"wp","href":"https:\/\/api.w.org\/{rel}","templated":true}]}}