{"id":5925,"date":"2017-10-31T11:51:14","date_gmt":"2017-10-31T10:51:14","guid":{"rendered":"http:\/\/www.gcaudron.com\/?page_id=5925"},"modified":"2017-10-31T11:51:14","modified_gmt":"2017-10-31T10:51:14","slug":"vingt-et-un-avril-2002","status":"publish","type":"page","link":"http:\/\/www.gcaudron.com\/?page_id=5925","title":{"rendered":"VINGT ET UN AVRIL 2002"},"content":{"rendered":"<p><strong>Il est 20 heures. La nouvelle tombe telle un couperet\u2026\u00a0<\/strong>Lionel Jospin est \u00e9limin\u00e9 du deuxi\u00e8me tour des pr\u00e9sidentielles qui verra donc s\u2019affronter Jacques Chirac et Jean Marie Le Pen.<\/p>\n<p>&nbsp;<\/p>\n<p>Certes, il y avait plusieurs candidatures \u00e0 gauche\u2026 mais ce n\u2019\u00e9tait pas la premi\u00e8re fois.<\/p>\n<p>&nbsp;<\/p>\n<p>Ce qui \u00e9tait une premi\u00e8re c\u2019est le score particuli\u00e8rement m\u00e9diocre du candidat socialiste qui venait d\u2019\u00eatre Premier Ministre pendant 5 ans.<\/p>\n<p>&nbsp;<\/p>\n<p>La gauche socialiste, forte de sa majorit\u00e9 parlementaire depuis 1997, aurait pu \u00e0 cette occasion faire son autocritique\u2026<\/p>\n<p>&nbsp;<\/p>\n<p>Elle s\u2019est content\u00e9e d\u2019enregistrer l\u2019annonce de la retraite politique de son candidat battu, tout en culpabilisant les autres candidats \u00e0 qui on a fait porter la responsabilit\u00e9 du mauvais r\u00e9sultat du PS.<\/p>\n<p>&nbsp;<\/p>\n<p><strong>Au jour du 2\u00e8me\u00a0tour<\/strong>, le PS fera r\u00e9\u00e9lire plus que confortablement le candidat Chirac.<\/p>\n<p>&nbsp;<\/p>\n<p>Dans les l\u00e9gislatives qui suivront, le \u201csyndrome du 21 avril\u201d va faire battre les petites formations de gauche au profit du noyau dur du PS pourtant largement responsable de l\u2019insatisfaction profonde de ses \u00e9lecteurs.<\/p>\n<p>&nbsp;<\/p>\n<p><strong>Au soir du 21 avril<\/strong>, pour essayer de changer cette situation,\u00a0<strong>j\u2019ai annonc\u00e9 ma candidature aux l\u00e9gislatives.<\/strong><\/p>\n<p><strong>\u00a0<\/strong><\/p>\n<p>Quelques semaines plus tard, \u00e0 l\u2019issue d\u2019une campagne inqualifiable men\u00e9e contre moi, si j\u2019arrive largement en t\u00eate \u00e0 Villeneuve d\u2019Ascq, je dois pour le 2\u00e8me\u00a0tour me retirer pour faire \u00e9lire le d\u00e9put\u00e9 sortant PS, un d\u00e9put\u00e9 particuli\u00e8rement repr\u00e9sentatif de cette majorit\u00e9 parlementaire fautive.<\/p>\n<p>&nbsp;<\/p>\n<p><strong>Le pi\u00e8ge s\u2019\u00e9tait referm\u00e9\u00a0<\/strong>: \u00ab Le PS, le 21 avril, avait \u00e9t\u00e9 \u201cvictime de la division\u201d. En juin il fallait donc \u00e9liminer les diviseurs ! \u00bb\u2026 CQFD\u2026<\/p>\n<p>&nbsp;<\/p>\n<p>Le PS n\u2019a donc rien fait depuis pour changer d\u2019attitude et de comportement.<\/p>\n<p>&nbsp;<\/p>\n<p>Le 29 mai 2005, il s\u2019est retrouv\u00e9 une fois encore en complet d\u00e9calage avec son \u00e9lectorat.<\/p>\n<p>&nbsp;<\/p>\n<p>Qu\u2019on se le dise : si rien ne change d\u2019ici l\u00e0, de nouvelles d\u00e9sillusions seront aux divers rendez-vous de 2007 et 2008.<\/p>\n","protected":false},"excerpt":{"rendered":"<p>Il est 20 heures. La nouvelle tombe telle un couperet\u2026\u00a0Lionel Jospin est \u00e9limin\u00e9 du deuxi\u00e8me tour des pr\u00e9sidentielles qui verra donc s\u2019affronter Jacques Chirac et Jean Marie Le Pen. &nbsp; Certes, il y avait plusieurs candidatures \u00e0 gauche\u2026 mais ce n\u2019\u00e9tait pas la premi\u00e8re fois. &nbsp; Ce qui \u00e9tait une premi\u00e8re c\u2019est le score particuli\u00e8rement &hellip; <\/p>\n<p><a class=\"more-link btn\" href=\"http:\/\/www.gcaudron.com\/?page_id=5925\">Continue reading<\/a><\/p>\n","protected":false},"author":3,"featured_media":0,"parent":1021,"menu_order":131,"comment_status":"closed","ping_status":"closed","template":"","meta":{"footnotes":""},"class_list":["post-5925","page","type-page","status-publish","hentry","nodate","item-wrap"],"_links":{"self":[{"href":"http:\/\/www.gcaudron.com\/index.php?rest_route=\/wp\/v2\/pages\/5925","targetHints":{"allow":["GET"]}}],"collection":[{"href":"http:\/\/www.gcaudron.com\/index.php?rest_route=\/wp\/v2\/pages"}],"about":[{"href":"http:\/\/www.gcaudron.com\/index.php?rest_route=\/wp\/v2\/types\/page"}],"author":[{"embeddable":true,"href":"http:\/\/www.gcaudron.com\/index.php?rest_route=\/wp\/v2\/users\/3"}],"replies":[{"embeddable":true,"href":"http:\/\/www.gcaudron.com\/index.php?rest_route=%2Fwp%2Fv2%2Fcomments&post=5925"}],"version-history":[{"count":1,"href":"http:\/\/www.gcaudron.com\/index.php?rest_route=\/wp\/v2\/pages\/5925\/revisions"}],"predecessor-version":[{"id":5926,"href":"http:\/\/www.gcaudron.com\/index.php?rest_route=\/wp\/v2\/pages\/5925\/revisions\/5926"}],"up":[{"embeddable":true,"href":"http:\/\/www.gcaudron.com\/index.php?rest_route=\/wp\/v2\/pages\/1021"}],"wp:attachment":[{"href":"http:\/\/www.gcaudron.com\/index.php?rest_route=%2Fwp%2Fv2%2Fmedia&parent=5925"}],"curies":[{"name":"wp","href":"https:\/\/api.w.org\/{rel}","templated":true}]}}