{"id":5923,"date":"2017-10-31T11:50:40","date_gmt":"2017-10-31T10:50:40","guid":{"rendered":"http:\/\/www.gcaudron.com\/?page_id=5923"},"modified":"2017-10-31T11:50:40","modified_gmt":"2017-10-31T10:50:40","slug":"villeneuve-dascq","status":"publish","type":"page","link":"http:\/\/www.gcaudron.com\/?page_id=5923","title":{"rendered":"VILLENEUVE D\u2019ASCQ"},"content":{"rendered":"<p><strong>Villeneuve d\u2019Ascq a 36 ans<\/strong>. N\u00e9e en f\u00e9vrier 1970 de la fusion de 3 communes, Flers, Annappes et Ascq tr\u00e8s largement encore rurales, elle comptait alors 25 000 habitants.<\/p>\n<p>&nbsp;<\/p>\n<p>Certains, au gouvernement de l\u2019\u00e9poque, l\u2019imaginaient \u00e0 plus de 100 000 habitants. Pilot\u00e9e de Paris et aussi de Lille, elle aurait pu ainsi devenir une sorte de ZUP verdoyante et verticale \u00e0 la fois.<\/p>\n<p>&nbsp;<\/p>\n<p>Elle aurait pu, apr\u00e8s 1977, devenir un quartier de Lille.<\/p>\n<p>&nbsp;<\/p>\n<p>Elle sera aux c\u00f4t\u00e9s de Lille, Roubaix et Tourcoing le quatri\u00e8me p\u00f4le de la m\u00e9tropole lilloise, un p\u00f4le tr\u00e8s attach\u00e9 \u00e0 sa diff\u00e9rence.<\/p>\n<p>&nbsp;<\/p>\n<p>Son premier Maire l\u2019a lanc\u00e9e entre 1970 et 1977, il s\u2019appelait Jean Desmarets. Son deuxi\u00e8me maire, moi-m\u00eame, lui a donn\u00e9 son image actuelle en pr\u00e8s d\u2019un quart de si\u00e8cle.<\/p>\n<p>&nbsp;<\/p>\n<p>Son troisi\u00e8me maire, Jean Michel Stievenard, assure la maintenance tout en commen\u00e7ant \u00e0 mettre en oeuvre ses r\u00eaves d\u2019urbanisations nouvelles.<\/p>\n<p>&nbsp;<\/p>\n<p><strong>Tout au long de ces 36 ans\u00a0<\/strong>il est deux choses qui ont perdur\u00e9 tout en \u00e9voluant :<\/p>\n<p>&#8211; la riche vie associative des quartiers<\/p>\n<p>&#8211; le dynamisme de ses habitants.<\/p>\n<p><strong>Toutes les formes de concertation\u00a0<\/strong>pour les associer \u00e0 la vie et au devenir de la cit\u00e9 ont \u00e9t\u00e9 exp\u00e9riment\u00e9es.<\/p>\n<p>&nbsp;<\/p>\n<p>On en est aujourd\u2019hui aux Conseils de Quartier.<\/p>\n<p>&nbsp;<\/p>\n<p>On peut imaginer qu\u2019\u00e0 Villeneuve d\u2019Ascq on pourra, un jour, et pourquoi pas d\u00e8s 2008 \u00e9lire les Conseils de quartier en m\u00eame temps que le Conseil Municipal.<\/p>\n<p>&nbsp;<\/p>\n<p>En 2008, enfin, se posera avec une acuit\u00e9 particuli\u00e8re la question de la place de Villeneuve d\u2019Ascq dans une M\u00e9tropole de plus en plus int\u00e9gr\u00e9e sous la houlette de sa \u201cville-centre\u201d au sein d\u2019une communaut\u00e9 urbaine disposant de l\u2019essentiel des ressources.<\/p>\n","protected":false},"excerpt":{"rendered":"<p>Villeneuve d\u2019Ascq a 36 ans. N\u00e9e en f\u00e9vrier 1970 de la fusion de 3 communes, Flers, Annappes et Ascq tr\u00e8s largement encore rurales, elle comptait alors 25 000 habitants. &nbsp; Certains, au gouvernement de l\u2019\u00e9poque, l\u2019imaginaient \u00e0 plus de 100 000 habitants. Pilot\u00e9e de Paris et aussi de Lille, elle aurait pu ainsi devenir une &hellip; <\/p>\n<p><a class=\"more-link btn\" href=\"http:\/\/www.gcaudron.com\/?page_id=5923\">Continue reading<\/a><\/p>\n","protected":false},"author":3,"featured_media":0,"parent":1021,"menu_order":130,"comment_status":"closed","ping_status":"closed","template":"","meta":{"footnotes":""},"class_list":["post-5923","page","type-page","status-publish","hentry","nodate","item-wrap"],"_links":{"self":[{"href":"http:\/\/www.gcaudron.com\/index.php?rest_route=\/wp\/v2\/pages\/5923","targetHints":{"allow":["GET"]}}],"collection":[{"href":"http:\/\/www.gcaudron.com\/index.php?rest_route=\/wp\/v2\/pages"}],"about":[{"href":"http:\/\/www.gcaudron.com\/index.php?rest_route=\/wp\/v2\/types\/page"}],"author":[{"embeddable":true,"href":"http:\/\/www.gcaudron.com\/index.php?rest_route=\/wp\/v2\/users\/3"}],"replies":[{"embeddable":true,"href":"http:\/\/www.gcaudron.com\/index.php?rest_route=%2Fwp%2Fv2%2Fcomments&post=5923"}],"version-history":[{"count":1,"href":"http:\/\/www.gcaudron.com\/index.php?rest_route=\/wp\/v2\/pages\/5923\/revisions"}],"predecessor-version":[{"id":5924,"href":"http:\/\/www.gcaudron.com\/index.php?rest_route=\/wp\/v2\/pages\/5923\/revisions\/5924"}],"up":[{"embeddable":true,"href":"http:\/\/www.gcaudron.com\/index.php?rest_route=\/wp\/v2\/pages\/1021"}],"wp:attachment":[{"href":"http:\/\/www.gcaudron.com\/index.php?rest_route=%2Fwp%2Fv2%2Fmedia&parent=5923"}],"curies":[{"name":"wp","href":"https:\/\/api.w.org\/{rel}","templated":true}]}}