{"id":5921,"date":"2017-10-31T11:49:43","date_gmt":"2017-10-31T10:49:43","guid":{"rendered":"http:\/\/www.gcaudron.com\/?page_id=5921"},"modified":"2017-10-31T11:49:43","modified_gmt":"2017-10-31T10:49:43","slug":"ville-nouvelle-renouvelee","status":"publish","type":"page","link":"http:\/\/www.gcaudron.com\/?page_id=5921","title":{"rendered":"VILLE NOUVELLE RENOUVELEE"},"content":{"rendered":"<p>C\u2019est en f\u00e9vrier 2000, \u00e0 la veille de l\u2019annonce de ma non-candidature, quand Villeneuve d\u2019Ascq a f\u00eat\u00e9 ses 30 ans \u00e0 la Rose des Vents (Sc\u00e8ne Nationale) que j\u2019ai lanc\u00e9 un appel \u00e0 un vaste programme communautaire que j\u2019ai d\u00e9nomm\u00e9 \u201cVille Nouvelle Renouvel\u00e9e\u201d.<\/p>\n<p>&nbsp;<\/p>\n<p>Depuis son ach\u00e8vement vers 1985, la \u201cVille nouvelle\u201d de Villeneuve d\u2019Ascq avait contribu\u00e9 \u00e0 rendre possible le renouveau des anciennes villes et de leurs centres.<\/p>\n<p>&nbsp;<\/p>\n<p>15 ans apr\u00e8s, l\u2019heure \u00e9tait venue de r\u00e9nover la ville, qui n\u2019\u00e9tait plus si \u201cnouvelle\u201d que cel\u00e0, sous peine de la voir tr\u00e8s vite passer de l\u2019atout qu\u2019elle \u00e9tait pour la m\u00e9tropole \u00e0 l\u2019\u00e9tat de handicap.<\/p>\n<p>&nbsp;<\/p>\n<p>Depuis des actions ont \u00e9t\u00e9 lanc\u00e9es.<\/p>\n<p>&nbsp;<\/p>\n<p>Sont-elles suffisantes et suffisamment rapides ?<\/p>\n<p>&nbsp;<\/p>\n<p>On a certes le droit d\u2019avoir des doutes mais le probl\u00e8me en 2006 n\u2019est pas l\u00e0 :<\/p>\n<p>Le constat a \u00e9t\u00e9 fait de la n\u00e9cessit\u00e9 de ces programmes.<\/p>\n<p>&nbsp;<\/p>\n<p>La volont\u00e9 politique de les mettre en oeuvre a \u00e9t\u00e9 clairement affich\u00e9e.<\/p>\n<p>&nbsp;<\/p>\n<p>Il faut maintenant les amplifier, comme on a su le faire en son temps pour Roubaix et Euralille (2 exemples pris parmi bien d\u2019autres).<\/p>\n","protected":false},"excerpt":{"rendered":"<p>C\u2019est en f\u00e9vrier 2000, \u00e0 la veille de l\u2019annonce de ma non-candidature, quand Villeneuve d\u2019Ascq a f\u00eat\u00e9 ses 30 ans \u00e0 la Rose des Vents (Sc\u00e8ne Nationale) que j\u2019ai lanc\u00e9 un appel \u00e0 un vaste programme communautaire que j\u2019ai d\u00e9nomm\u00e9 \u201cVille Nouvelle Renouvel\u00e9e\u201d. &nbsp; Depuis son ach\u00e8vement vers 1985, la \u201cVille nouvelle\u201d de Villeneuve d\u2019Ascq &hellip; <\/p>\n<p><a class=\"more-link btn\" href=\"http:\/\/www.gcaudron.com\/?page_id=5921\">Continue reading<\/a><\/p>\n","protected":false},"author":3,"featured_media":0,"parent":1021,"menu_order":129,"comment_status":"closed","ping_status":"closed","template":"","meta":{"footnotes":""},"class_list":["post-5921","page","type-page","status-publish","hentry","nodate","item-wrap"],"_links":{"self":[{"href":"http:\/\/www.gcaudron.com\/index.php?rest_route=\/wp\/v2\/pages\/5921","targetHints":{"allow":["GET"]}}],"collection":[{"href":"http:\/\/www.gcaudron.com\/index.php?rest_route=\/wp\/v2\/pages"}],"about":[{"href":"http:\/\/www.gcaudron.com\/index.php?rest_route=\/wp\/v2\/types\/page"}],"author":[{"embeddable":true,"href":"http:\/\/www.gcaudron.com\/index.php?rest_route=\/wp\/v2\/users\/3"}],"replies":[{"embeddable":true,"href":"http:\/\/www.gcaudron.com\/index.php?rest_route=%2Fwp%2Fv2%2Fcomments&post=5921"}],"version-history":[{"count":1,"href":"http:\/\/www.gcaudron.com\/index.php?rest_route=\/wp\/v2\/pages\/5921\/revisions"}],"predecessor-version":[{"id":5922,"href":"http:\/\/www.gcaudron.com\/index.php?rest_route=\/wp\/v2\/pages\/5921\/revisions\/5922"}],"up":[{"embeddable":true,"href":"http:\/\/www.gcaudron.com\/index.php?rest_route=\/wp\/v2\/pages\/1021"}],"wp:attachment":[{"href":"http:\/\/www.gcaudron.com\/index.php?rest_route=%2Fwp%2Fv2%2Fmedia&parent=5921"}],"curies":[{"name":"wp","href":"https:\/\/api.w.org\/{rel}","templated":true}]}}