{"id":5919,"date":"2017-10-31T11:49:08","date_gmt":"2017-10-31T10:49:08","guid":{"rendered":"http:\/\/www.gcaudron.com\/?page_id=5919"},"modified":"2017-10-31T11:49:08","modified_gmt":"2017-10-31T10:49:08","slug":"le-vieillissement-un-handicap-ou-un-atout","status":"publish","type":"page","link":"http:\/\/www.gcaudron.com\/?page_id=5919","title":{"rendered":"LE VIEILLISSEMENT : (UN HANDICAP OU UN ATOUT ?)"},"content":{"rendered":"<p><strong>Les soci\u00e9t\u00e9s occidentales vieillissent<\/strong>\u00a0sous le double effet de la baisse de la natalit\u00e9 et de l\u2019allongement de la Vie.<\/p>\n<p>&nbsp;<\/p>\n<p>Dans le m\u00eame temps le syst\u00e8me dit de \u00ab\u00a0l\u2019efficacit\u00e9 \u00e9conomique par la jeunesse\u00a0\u00bb ne cesse de prosp\u00e9rer et d\u2019\u00e9liminer tous ceux qui sortent de ce cadre.<\/p>\n<p>&nbsp;<\/p>\n<p>C\u2019est donc la quadrature du cercle\u00a0:<\/p>\n<p>&nbsp;<\/p>\n<p>On nous dit qu\u2019il faut allonger la dur\u00e9 de vie professionnelle et dans le m\u00eame temps chacun sait que le passage de la quarantaine est un handicap lors de toute recherche d\u2019emploi et que celui de la cinquantaine, une barri\u00e8re quasiment infranchissable.<\/p>\n<p>&nbsp;<\/p>\n<p><strong>Sauf \u00e0 accepter de courir \u00e0 une catastrophe<\/strong>\u00a0qui conduit aujourd\u2019hui les britanniques \u00e0 reculer l\u2019\u00e2ge de la retraite \u00e0 68 ans,\u00a0<strong>il faut repenser l\u2019activit\u00e9<\/strong>, en g\u00e9n\u00e9ral et l\u2019activit\u00e9 professionnelle en particulier,\u00a0<strong>sur l\u2019ensemble de la Vie<\/strong>\u00a0et ce, en consid\u00e9rant qu\u2019on a des qualit\u00e9s diff\u00e9rentes \u00e0 chaque \u00e2ge et que l\u2019exp\u00e9rience li\u00e9e au vieillissement peut \u00eatre un atout en particulier dans le domaine de la formation des plus jeunes dans et hors de l\u2019entreprise.<\/p>\n<p>&nbsp;<\/p>\n<p>Il n\u2019y aura pas d\u2019autre solution sauf \u00e0 prendre des mesures qui ne feront qu\u2019accro\u00eetre encore plus les in\u00e9galit\u00e9s\u00a0:<\/p>\n<p>&nbsp;<\/p>\n<p>&#8211;\u00a0\u00a0\u00a0\u00a0\u00a0\u00a0\u00a0\u00a0\u00a0\u00a0In\u00e9galit\u00e9s devant l\u2019emploi<\/p>\n<p>&#8211;\u00a0\u00a0\u00a0\u00a0\u00a0\u00a0\u00a0\u00a0\u00a0\u00a0In\u00e9galit\u00e9 en terme de moyens de vie.<\/p>\n<p>&#8211;\u00a0\u00a0\u00a0\u00a0\u00a0\u00a0\u00a0\u00a0\u00a0\u00a0In\u00e9galit\u00e9s devant la sant\u00e9 et la mort.<\/p>\n<p>&nbsp;<\/p>\n<p>Les soci\u00e9t\u00e9 traditionnelles, dans des conditions certes fondamentalement diff\u00e9rentes, l\u2019avaient compris.<\/p>\n<p>&nbsp;<\/p>\n<p>Nos soci\u00e9t\u00e9s \u00ab\u00a0dites modernes\u00a0\u00bb devraient \u00eatre capable, dans ce domaine aussi, de se remettre en cause.<\/p>\n","protected":false},"excerpt":{"rendered":"<p>Les soci\u00e9t\u00e9s occidentales vieillissent\u00a0sous le double effet de la baisse de la natalit\u00e9 et de l\u2019allongement de la Vie. &nbsp; Dans le m\u00eame temps le syst\u00e8me dit de \u00ab\u00a0l\u2019efficacit\u00e9 \u00e9conomique par la jeunesse\u00a0\u00bb ne cesse de prosp\u00e9rer et d\u2019\u00e9liminer tous ceux qui sortent de ce cadre. &nbsp; C\u2019est donc la quadrature du cercle\u00a0: &nbsp; On &hellip; <\/p>\n<p><a class=\"more-link btn\" href=\"http:\/\/www.gcaudron.com\/?page_id=5919\">Continue reading<\/a><\/p>\n","protected":false},"author":3,"featured_media":0,"parent":1021,"menu_order":128,"comment_status":"closed","ping_status":"closed","template":"","meta":{"footnotes":""},"class_list":["post-5919","page","type-page","status-publish","hentry","nodate","item-wrap"],"_links":{"self":[{"href":"http:\/\/www.gcaudron.com\/index.php?rest_route=\/wp\/v2\/pages\/5919","targetHints":{"allow":["GET"]}}],"collection":[{"href":"http:\/\/www.gcaudron.com\/index.php?rest_route=\/wp\/v2\/pages"}],"about":[{"href":"http:\/\/www.gcaudron.com\/index.php?rest_route=\/wp\/v2\/types\/page"}],"author":[{"embeddable":true,"href":"http:\/\/www.gcaudron.com\/index.php?rest_route=\/wp\/v2\/users\/3"}],"replies":[{"embeddable":true,"href":"http:\/\/www.gcaudron.com\/index.php?rest_route=%2Fwp%2Fv2%2Fcomments&post=5919"}],"version-history":[{"count":1,"href":"http:\/\/www.gcaudron.com\/index.php?rest_route=\/wp\/v2\/pages\/5919\/revisions"}],"predecessor-version":[{"id":5920,"href":"http:\/\/www.gcaudron.com\/index.php?rest_route=\/wp\/v2\/pages\/5919\/revisions\/5920"}],"up":[{"embeddable":true,"href":"http:\/\/www.gcaudron.com\/index.php?rest_route=\/wp\/v2\/pages\/1021"}],"wp:attachment":[{"href":"http:\/\/www.gcaudron.com\/index.php?rest_route=%2Fwp%2Fv2%2Fmedia&parent=5919"}],"curies":[{"name":"wp","href":"https:\/\/api.w.org\/{rel}","templated":true}]}}