{"id":5917,"date":"2017-10-31T11:48:30","date_gmt":"2017-10-31T10:48:30","guid":{"rendered":"http:\/\/www.gcaudron.com\/?page_id=5917"},"modified":"2017-10-31T11:48:30","modified_gmt":"2017-10-31T10:48:30","slug":"le-vatican","status":"publish","type":"page","link":"http:\/\/www.gcaudron.com\/?page_id=5917","title":{"rendered":"(LE) VATICAN"},"content":{"rendered":"<p>Le Saint-P\u00e8re avait fait inviter une d\u00e9l\u00e9gation du Parlement europ\u00e9en par son ministre des affaires \u00e9trang\u00e8res pour nous demander avec force d\u2019int\u00e9grer dans le pr\u00e9ambule du \u201cprojet de constitution\u201d les r\u00e9f\u00e9rences chr\u00e9tiennes auxquelles il tenait beaucoup.<\/p>\n<p>&nbsp;<\/p>\n<p>S\u2019agissait-il pour Jean Paul II d\u2019un simple rappel historique ou d\u2019une trame id\u00e9ologique pour l\u2019avenir ?<\/p>\n<p>&nbsp;<\/p>\n<p>A l\u2019issue de la r\u00e9union tenue au Vatican,\u00a0<strong>il n\u2019y avait plus aucun doute pour moi\u00a0<\/strong>quant \u00e0 la r\u00e9ponse donn\u00e9e \u00e0 la question que j\u2019avais pos\u00e9e : ce n\u2019\u00e9tait pas un probl\u00e8me d\u2019histoire.<\/p>\n<p>&nbsp;<\/p>\n<p>Au nom de la la\u00efcit\u00e9, le bon sens allait finalement l\u2019emporter tr\u00e8s majoritairement.<\/p>\n<p>&nbsp;<\/p>\n<p>Les \u201cr\u00e9f\u00e9rences chr\u00e9tiennes\u201d n\u2019orienteraient pas d\u2019avantage le projet de constitution, une constitution, par ailleurs id\u00e9ologiquement ultra-lib\u00e9rale, ce qui ne l\u2019emp\u00eachera pas d\u2019\u00eatre rejet\u00e9e par les peuples fran\u00e7ais et n\u00e9erlandais.<\/p>\n","protected":false},"excerpt":{"rendered":"<p>Le Saint-P\u00e8re avait fait inviter une d\u00e9l\u00e9gation du Parlement europ\u00e9en par son ministre des affaires \u00e9trang\u00e8res pour nous demander avec force d\u2019int\u00e9grer dans le pr\u00e9ambule du \u201cprojet de constitution\u201d les r\u00e9f\u00e9rences chr\u00e9tiennes auxquelles il tenait beaucoup. &nbsp; S\u2019agissait-il pour Jean Paul II d\u2019un simple rappel historique ou d\u2019une trame id\u00e9ologique pour l\u2019avenir ? &nbsp; A &hellip; <\/p>\n<p><a class=\"more-link btn\" href=\"http:\/\/www.gcaudron.com\/?page_id=5917\">Continue reading<\/a><\/p>\n","protected":false},"author":3,"featured_media":0,"parent":1021,"menu_order":127,"comment_status":"closed","ping_status":"closed","template":"","meta":{"footnotes":""},"class_list":["post-5917","page","type-page","status-publish","hentry","nodate","item-wrap"],"_links":{"self":[{"href":"http:\/\/www.gcaudron.com\/index.php?rest_route=\/wp\/v2\/pages\/5917","targetHints":{"allow":["GET"]}}],"collection":[{"href":"http:\/\/www.gcaudron.com\/index.php?rest_route=\/wp\/v2\/pages"}],"about":[{"href":"http:\/\/www.gcaudron.com\/index.php?rest_route=\/wp\/v2\/types\/page"}],"author":[{"embeddable":true,"href":"http:\/\/www.gcaudron.com\/index.php?rest_route=\/wp\/v2\/users\/3"}],"replies":[{"embeddable":true,"href":"http:\/\/www.gcaudron.com\/index.php?rest_route=%2Fwp%2Fv2%2Fcomments&post=5917"}],"version-history":[{"count":1,"href":"http:\/\/www.gcaudron.com\/index.php?rest_route=\/wp\/v2\/pages\/5917\/revisions"}],"predecessor-version":[{"id":5918,"href":"http:\/\/www.gcaudron.com\/index.php?rest_route=\/wp\/v2\/pages\/5917\/revisions\/5918"}],"up":[{"embeddable":true,"href":"http:\/\/www.gcaudron.com\/index.php?rest_route=\/wp\/v2\/pages\/1021"}],"wp:attachment":[{"href":"http:\/\/www.gcaudron.com\/index.php?rest_route=%2Fwp%2Fv2%2Fmedia&parent=5917"}],"curies":[{"name":"wp","href":"https:\/\/api.w.org\/{rel}","templated":true}]}}