{"id":5915,"date":"2017-10-31T11:47:35","date_gmt":"2017-10-31T10:47:35","guid":{"rendered":"http:\/\/www.gcaudron.com\/?page_id=5915"},"modified":"2017-10-31T11:47:35","modified_gmt":"2017-10-31T10:47:35","slug":"universites-et-grandes-ecoles","status":"publish","type":"page","link":"http:\/\/www.gcaudron.com\/?page_id=5915","title":{"rendered":"UNIVERSIT\u00c9S ET GRANDES \u00c9COLES"},"content":{"rendered":"<p>Pendant longtemps, Villeneuve d\u2019Ascq a \u00e9t\u00e9 \u201cla ville Universitaire\u201d du Nord avec les universit\u00e9s scientifiques, litt\u00e9raires et juridiques de Lille.<\/p>\n<p>&nbsp;<\/p>\n<p>Aujourd\u2019hui, le rapprochement des structures universitaires des territoires et des populations a quelque peu \u201cchang\u00e9 la donne\u201d.<\/p>\n<p>&nbsp;<\/p>\n<p>Mais Villeneuve d\u2019Ascq avec pr\u00e8s de 2800 enseignants chercheurs et 50 000 \u00e9tudiants, 2 universit\u00e9s et plusieurs \u00e9coles,\u00a0<strong>reste le premier p\u00f4le\u00a0<\/strong>universitaire au Nord de Paris.126<\/p>\n","protected":false},"excerpt":{"rendered":"<p>Pendant longtemps, Villeneuve d\u2019Ascq a \u00e9t\u00e9 \u201cla ville Universitaire\u201d du Nord avec les universit\u00e9s scientifiques, litt\u00e9raires et juridiques de Lille. &nbsp; Aujourd\u2019hui, le rapprochement des structures universitaires des territoires et des populations a quelque peu \u201cchang\u00e9 la donne\u201d. &nbsp; Mais Villeneuve d\u2019Ascq avec pr\u00e8s de 2800 enseignants chercheurs et 50 000 \u00e9tudiants, 2 universit\u00e9s et &hellip; <\/p>\n<p><a class=\"more-link btn\" href=\"http:\/\/www.gcaudron.com\/?page_id=5915\">Continue reading<\/a><\/p>\n","protected":false},"author":3,"featured_media":0,"parent":1021,"menu_order":126,"comment_status":"closed","ping_status":"closed","template":"","meta":{"footnotes":""},"class_list":["post-5915","page","type-page","status-publish","hentry","nodate","item-wrap"],"_links":{"self":[{"href":"http:\/\/www.gcaudron.com\/index.php?rest_route=\/wp\/v2\/pages\/5915","targetHints":{"allow":["GET"]}}],"collection":[{"href":"http:\/\/www.gcaudron.com\/index.php?rest_route=\/wp\/v2\/pages"}],"about":[{"href":"http:\/\/www.gcaudron.com\/index.php?rest_route=\/wp\/v2\/types\/page"}],"author":[{"embeddable":true,"href":"http:\/\/www.gcaudron.com\/index.php?rest_route=\/wp\/v2\/users\/3"}],"replies":[{"embeddable":true,"href":"http:\/\/www.gcaudron.com\/index.php?rest_route=%2Fwp%2Fv2%2Fcomments&post=5915"}],"version-history":[{"count":1,"href":"http:\/\/www.gcaudron.com\/index.php?rest_route=\/wp\/v2\/pages\/5915\/revisions"}],"predecessor-version":[{"id":5916,"href":"http:\/\/www.gcaudron.com\/index.php?rest_route=\/wp\/v2\/pages\/5915\/revisions\/5916"}],"up":[{"embeddable":true,"href":"http:\/\/www.gcaudron.com\/index.php?rest_route=\/wp\/v2\/pages\/1021"}],"wp:attachment":[{"href":"http:\/\/www.gcaudron.com\/index.php?rest_route=%2Fwp%2Fv2%2Fmedia&parent=5915"}],"curies":[{"name":"wp","href":"https:\/\/api.w.org\/{rel}","templated":true}]}}