{"id":5913,"date":"2017-10-31T11:46:59","date_gmt":"2017-10-31T10:46:59","guid":{"rendered":"http:\/\/www.gcaudron.com\/?page_id=5913"},"modified":"2017-10-31T11:46:59","modified_gmt":"2017-10-31T10:46:59","slug":"tvhd-television-haute-definition","status":"publish","type":"page","link":"http:\/\/www.gcaudron.com\/?page_id=5913","title":{"rendered":"TVHD (T\u00c9L\u00c9VISION HAUTE D\u00c9FINITION)"},"content":{"rendered":"<p>Ce fut mon premier gros rapport au Parlement Europ\u00e9en dans les ann\u00e9es 1990-91, apr\u00e8s celui \u201cmoins connu\u201d sur les modules de la certification des produits industriels.<\/p>\n<p>&nbsp;<\/p>\n<p>Ce fut une exp\u00e9rience sans pareille avec, en finale, un vote exemplaire.<\/p>\n<p>&nbsp;<\/p>\n<p>Au demeurant, \u00e0 l\u2019\u00e9poque,\u00a0<strong>la quantit\u00e9\u00a0<\/strong>que permettait le num\u00e9rique \u00e9mergeant l\u2019emportant commercialement sur\u00a0<strong>la qualit\u00e9<\/strong>, il ne restera que le format 16\/9 de ces mois de travail.<\/p>\n<p>&nbsp;<\/p>\n<p>Bon joueur, je serai donc, tr\u00e8s vite apr\u00e8s, nomm\u00e9 rapporteur pour solutionner la question des d\u00e9codeurs num\u00e9riques et de leurs compatibilit\u00e9s.<\/p>\n<p>&nbsp;<\/p>\n<p>Quinze ans plus tard, on reparle de la \u00ab Haute d\u00e9finition \u00bb en num\u00e9rique.<\/p>\n<p>&nbsp;<\/p>\n<p>Peut \u00eatre que mon travail d\u2019alors aura encore demain sa petite utilit\u00e9.124<\/p>\n","protected":false},"excerpt":{"rendered":"<p>Ce fut mon premier gros rapport au Parlement Europ\u00e9en dans les ann\u00e9es 1990-91, apr\u00e8s celui \u201cmoins connu\u201d sur les modules de la certification des produits industriels. &nbsp; Ce fut une exp\u00e9rience sans pareille avec, en finale, un vote exemplaire. &nbsp; Au demeurant, \u00e0 l\u2019\u00e9poque,\u00a0la quantit\u00e9\u00a0que permettait le num\u00e9rique \u00e9mergeant l\u2019emportant commercialement sur\u00a0la qualit\u00e9, il ne &hellip; <\/p>\n<p><a class=\"more-link btn\" href=\"http:\/\/www.gcaudron.com\/?page_id=5913\">Continue reading<\/a><\/p>\n","protected":false},"author":3,"featured_media":0,"parent":1021,"menu_order":125,"comment_status":"closed","ping_status":"closed","template":"","meta":{"footnotes":""},"class_list":["post-5913","page","type-page","status-publish","hentry","nodate","item-wrap"],"_links":{"self":[{"href":"http:\/\/www.gcaudron.com\/index.php?rest_route=\/wp\/v2\/pages\/5913","targetHints":{"allow":["GET"]}}],"collection":[{"href":"http:\/\/www.gcaudron.com\/index.php?rest_route=\/wp\/v2\/pages"}],"about":[{"href":"http:\/\/www.gcaudron.com\/index.php?rest_route=\/wp\/v2\/types\/page"}],"author":[{"embeddable":true,"href":"http:\/\/www.gcaudron.com\/index.php?rest_route=\/wp\/v2\/users\/3"}],"replies":[{"embeddable":true,"href":"http:\/\/www.gcaudron.com\/index.php?rest_route=%2Fwp%2Fv2%2Fcomments&post=5913"}],"version-history":[{"count":1,"href":"http:\/\/www.gcaudron.com\/index.php?rest_route=\/wp\/v2\/pages\/5913\/revisions"}],"predecessor-version":[{"id":5914,"href":"http:\/\/www.gcaudron.com\/index.php?rest_route=\/wp\/v2\/pages\/5913\/revisions\/5914"}],"up":[{"embeddable":true,"href":"http:\/\/www.gcaudron.com\/index.php?rest_route=\/wp\/v2\/pages\/1021"}],"wp:attachment":[{"href":"http:\/\/www.gcaudron.com\/index.php?rest_route=%2Fwp%2Fv2%2Fmedia&parent=5913"}],"curies":[{"name":"wp","href":"https:\/\/api.w.org\/{rel}","templated":true}]}}