{"id":5911,"date":"2017-10-31T11:46:24","date_gmt":"2017-10-31T10:46:24","guid":{"rendered":"http:\/\/www.gcaudron.com\/?page_id=5911"},"modified":"2017-10-31T11:46:24","modified_gmt":"2017-10-31T10:46:24","slug":"turquie","status":"publish","type":"page","link":"http:\/\/www.gcaudron.com\/?page_id=5911","title":{"rendered":"TURQUIE"},"content":{"rendered":"<p>Les n\u00e9gociations d\u2019adh\u00e9sion de la Turquie \u00e0 l\u2019Union Europ\u00e9enne qui commencent appellent plusieurs rappels, observations, remarques et mises en garde.<\/p>\n<p>&nbsp;<\/p>\n<p>La Turquie a fait sa premi\u00e8re demande d\u00e8s le d\u00e9but des ann\u00e9es 60 avant m\u00eame que certains pays, qui sont aujourd\u2019hui membres de l\u2019Union Europ\u00e9enne, ne commencent \u00e0 imaginer en faire un jour partie\u2026 (par exemple : les 3 pays Baltes qui jusqu\u2019aux d\u00e9buts des ann\u00e9es 90 faisaient encore partie de l\u2019URSS)<\/p>\n<p>&nbsp;<\/p>\n<p>La Turquie n\u2019a jamais rempli les conditions lui permettant d\u2019\u00eatre membre \u00e0 part enti\u00e8re en particulier au niveau de son fonctionnement et de sa conception du Droit et des libert\u00e9s\u2026 et cela m\u00eame si des progr\u00e8s ind\u00e9niables ont \u00e9t\u00e9 r\u00e9alis\u00e9s.<\/p>\n<p>&nbsp;<\/p>\n<p>Le fait qu\u2019elle occupe militairement une partie du territoire de l\u2019Union en occupant la partie nord de la R\u00e9publique de Chypre aurait m\u00eame du interdire tout d\u00e9but des n\u00e9gociations.<\/p>\n<p>&nbsp;<\/p>\n<p>Les dirigeants europ\u00e9ens en d\u00e9cidant du contraire ont pris une lourde responsabilit\u00e9.<\/p>\n<p>Au-del\u00e0 de ces questions, deux questions de fond se posent : Contrairement \u00e0 ce qui, a \u00e9t\u00e9 dit en France, peut-on imaginer des n\u00e9gociations men\u00e9es \u00e0 terme et une fois ce terme atteint qu\u2019un pays puisse dire NON ?<\/p>\n<p>&nbsp;<\/p>\n<p>C\u2019est inimaginable, immoral et dangereux !<\/p>\n<p>&nbsp;<\/p>\n<p>La d\u00e9cision d\u2019accueil est, de fait, prise au moment du d\u00e9but des n\u00e9gociations. Reste \u00e0 savoir \u00e0 quel moment on consid\u00e8re que les n\u00e9gociations ont abouti.<\/p>\n<p>&nbsp;<\/p>\n<p>La Turquie veut-elle vraiment \u00eatre membre de l\u2019Union ?<\/p>\n<p>&nbsp;<\/p>\n<p>On peut en douter !&#8230; d\u2019autant plus que si l\u2019enjeu majeur pour l\u2019Europe est la stabilit\u00e9 du bassin m\u00e9diterran\u00e9en, la Turquie a peut-\u00eatre un r\u00f4le plus important \u00e0 jouer dans un Moyen-Orient pour le moins instable.<\/p>\n<p>&nbsp;<\/p>\n<p>Nul doute que depuis la dissolution de l\u2019URSS, elle y songe.<\/p>\n","protected":false},"excerpt":{"rendered":"<p>Les n\u00e9gociations d\u2019adh\u00e9sion de la Turquie \u00e0 l\u2019Union Europ\u00e9enne qui commencent appellent plusieurs rappels, observations, remarques et mises en garde. &nbsp; La Turquie a fait sa premi\u00e8re demande d\u00e8s le d\u00e9but des ann\u00e9es 60 avant m\u00eame que certains pays, qui sont aujourd\u2019hui membres de l\u2019Union Europ\u00e9enne, ne commencent \u00e0 imaginer en faire un jour partie\u2026 &hellip; <\/p>\n<p><a class=\"more-link btn\" href=\"http:\/\/www.gcaudron.com\/?page_id=5911\">Continue reading<\/a><\/p>\n","protected":false},"author":3,"featured_media":0,"parent":1021,"menu_order":124,"comment_status":"closed","ping_status":"closed","template":"","meta":{"footnotes":""},"class_list":["post-5911","page","type-page","status-publish","hentry","nodate","item-wrap"],"_links":{"self":[{"href":"http:\/\/www.gcaudron.com\/index.php?rest_route=\/wp\/v2\/pages\/5911","targetHints":{"allow":["GET"]}}],"collection":[{"href":"http:\/\/www.gcaudron.com\/index.php?rest_route=\/wp\/v2\/pages"}],"about":[{"href":"http:\/\/www.gcaudron.com\/index.php?rest_route=\/wp\/v2\/types\/page"}],"author":[{"embeddable":true,"href":"http:\/\/www.gcaudron.com\/index.php?rest_route=\/wp\/v2\/users\/3"}],"replies":[{"embeddable":true,"href":"http:\/\/www.gcaudron.com\/index.php?rest_route=%2Fwp%2Fv2%2Fcomments&post=5911"}],"version-history":[{"count":1,"href":"http:\/\/www.gcaudron.com\/index.php?rest_route=\/wp\/v2\/pages\/5911\/revisions"}],"predecessor-version":[{"id":5912,"href":"http:\/\/www.gcaudron.com\/index.php?rest_route=\/wp\/v2\/pages\/5911\/revisions\/5912"}],"up":[{"embeddable":true,"href":"http:\/\/www.gcaudron.com\/index.php?rest_route=\/wp\/v2\/pages\/1021"}],"wp:attachment":[{"href":"http:\/\/www.gcaudron.com\/index.php?rest_route=%2Fwp%2Fv2%2Fmedia&parent=5911"}],"curies":[{"name":"wp","href":"https:\/\/api.w.org\/{rel}","templated":true}]}}